{"id":2293,"date":"2023-12-07T14:02:18","date_gmt":"2023-12-07T14:02:18","guid":{"rendered":"https:\/\/pos-graduacao.uepb.edu.br\/ppgsp\/?page_id=2293"},"modified":"2024-09-11T14:11:21","modified_gmt":"2024-09-11T14:11:21","slug":"pagina-inicial","status":"publish","type":"page","link":"https:\/\/pos-graduacao.uepb.edu.br\/ppgsp\/","title":{"rendered":"P\u00e1gina Inicial"},"content":{"rendered":"<div class=\"wpb-content-wrapper\"><p>[vc_row][vc_column][vc_single_image image=&#8221;1640&#8243; img_size=&#8221;full&#8221;][\/vc_column][\/vc_row][vc_row css=&#8221;.vc_custom_1719336139566{margin-bottom: 30px !important;}&#8221;][vc_column width=&#8221;2\/3&#8243;][vc_text_separator title=&#8221;\u00daltimas Not\u00edcias&#8221; i_icon_fontawesome=&#8221;fas fa-angle-double-right&#8221; i_color=&#8221;custom&#8221; title_align=&#8221;separator_align_left&#8221; add_icon=&#8221;true&#8221; i_custom_color=&#8221;#cc0000&#8243;]<div class=\"mdl-grid\"><div class=\"mdl-cell mdl-cell--6-col mdl-cell--6-col-tablet mdl-cell--12-col-phone bloco-noticias\"><div class=\"imagem-destaque-noticia\"><a href=\"https:\/\/pos-graduacao.uepb.edu.br\/ppgsp\/resultado-final-apos-os-recursos-processo-seletivo-ppgsp-uepb-turma-2026\/\"><img decoding=\"async\" src=\"https:\/\/pos-graduacao.uepb.edu.br\/ppgsp\/files\/2026\/03\/ChatGPT-Image-16-de-mar.-de-2026-12_59_41.png\" class=\"img-destaque-noticia img-responsive\" alt=\"Resultado final ap\u00f3s os recursos \u2013 Processo Seletivo PPGSP\/UEPB \u2013 Turma 2026\" title=\"\"\/><\/a><\/div><div class=\"titulo-noticia-widget\"><a href=\"https:\/\/pos-graduacao.uepb.edu.br\/ppgsp\/resultado-final-apos-os-recursos-processo-seletivo-ppgsp-uepb-turma-2026\/\" class=\"vc_gitem-link\"><h3 class=\"titulo-destaque-noticia\">Resultado final ap\u00f3s os recursos \u2013 Processo Seletivo PPGSP\/UEPB \u2013 Turma 2026<\/h3><\/a><\/div><\/div><div class=\"mdl-cell mdl-cell--6-col mdl-cell--6-col-tablet mdl-cell--12-col-phone bloco-noticias\"><div class=\"imagem-destaque-noticia\"><a href=\"https:\/\/pos-graduacao.uepb.edu.br\/ppgsp\/resultado-apos-os-recursos-da-2a-etapa-do-processo-seletivo-turma-2026\/\"><img decoding=\"async\" src=\"https:\/\/pos-graduacao.uepb.edu.br\/ppgsp\/files\/2026\/03\/ChatGPT-Image-13-de-mar.-de-2026-11_18_32.png\" class=\"img-destaque-noticia img-responsive\" alt=\"Resultado ap\u00f3s os recursos da 2\u00aa etapa do Processo Seletivo \u2013 Turma 2026\" title=\"\"\/><\/a><\/div><div class=\"titulo-noticia-widget\"><a href=\"https:\/\/pos-graduacao.uepb.edu.br\/ppgsp\/resultado-apos-os-recursos-da-2a-etapa-do-processo-seletivo-turma-2026\/\" class=\"vc_gitem-link\"><h3 class=\"titulo-destaque-noticia\">Resultado ap\u00f3s os recursos da 2\u00aa etapa do Processo Seletivo \u2013 Turma 2026<\/h3><\/a><\/div><\/div><\/div><div class=\"mdl-grid\"><div class=\"mdl-cell--6-col mdl-cell--6-col-tablet mdl-cell--12-col-phone bloco-noticias\"><div class=\"titulo-noticia-widget\"><a href=\"https:\/\/pos-graduacao.uepb.edu.br\/ppgsp\/inscricoes-homologadas-apos-recursos-e-retificacao-da-data-de-divulgacao-das-apresentacoes-e-arguicoes\/\"><h3 class=\"titulo-destaque-noticia\">Inscri\u00e7\u00f5es Homologadas (Ap\u00f3s Recursos) e Retifica\u00e7\u00e3o da Data de Divulga\u00e7\u00e3o das Apresenta\u00e7\u00f5es e Argui\u00e7\u00f5es<\/h3><\/a><\/div><div class=\"titulo-noticia-widget\"><a href=\"https:\/\/pos-graduacao.uepb.edu.br\/ppgsp\/edital-processo-seletivo-ppgsp-turma-2026\/\"><h3 class=\"titulo-destaque-noticia\">EDITAL | Processo Seletivo PPGSP - Turma 2026<\/h3><\/a><\/div><div class=\"titulo-noticia-widget\"><a href=\"https:\/\/pos-graduacao.uepb.edu.br\/ppgsp\/programa-de-pos-graduacao-em-saude-publica-no-forum-de-coordenadores-de-pos-graduacao-em-saude-coletiva-da-abrasco\/\"><h3 class=\"titulo-destaque-noticia\">Programa de P\u00f3s Gradua\u00e7\u00e3o em Sa\u00fade P\u00fablica no F\u00f3rum de Coordenadores de P\u00f3s-gradua\u00e7\u00e3o em Sa\u00fade Coletiva da Abrasco<\/h3><\/a><\/div><div class=\"titulo-noticia-widget\"><a href=\"https:\/\/pos-graduacao.uepb.edu.br\/ppgsp\/participacao-ppgsp-i-congresso-paraibano-de-atencao-primaria-a-saude-i-cpaps\/\"><h3 class=\"titulo-destaque-noticia\">PARTICIPA\u00c7\u00c3O PPGSP - I Congresso Paraibano de Aten\u00e7\u00e3o Prim\u00e1ria \u00e0 Sa\u00fade (I CPAPS)<\/h3><\/a><\/div><\/div><div class=\"mdl-cell--6-col mdl-cell--6-col-tablet mdl-cell--12-col-phone bloco-noticias\"><div class=\"titulo-noticia-widget\"><a href=\"https:\/\/pos-graduacao.uepb.edu.br\/ppgsp\/resultado-final-edital-02-2023-pos-doc-ppgsp\/\"><h3 class=\"titulo-destaque-noticia\">Resultado Final \u2013 Edital 02-2023 P\u00d3S-DOC PPGSP<\/h3><\/a><\/div><div class=\"titulo-noticia-widget\"><a href=\"https:\/\/pos-graduacao.uepb.edu.br\/ppgsp\/resultado-parcial-edital-02-2023-pos-doc-ppgsp\/\"><h3 class=\"titulo-destaque-noticia\">Resultado Parcial - Edital 02-2023 P\u00d3S-DOC PPGSP<\/h3><\/a><\/div><div class=\"titulo-noticia-widget\"><a href=\"https:\/\/pos-graduacao.uepb.edu.br\/ppgsp\/processo-seletivo-simplificado-para-bolsa-de-pos-doutorado-2\/\"><h3 class=\"titulo-destaque-noticia\">PROCESSO SELETIVO SIMPLIFICADO PARA BOLSA DE P\u00d3S-DOUTORADO<\/h3><\/a><\/div><div class=\"titulo-noticia-widget\"><a href=\"https:\/\/pos-graduacao.uepb.edu.br\/ppgsp\/iv-encontro-paraibano-de-estatistica\/\"><h3 class=\"titulo-destaque-noticia\">IV Encontro Paraibano de Estat\u00edstica<\/h3><\/a><\/div><\/div><\/div>[\/vc_column][vc_column width=&#8221;1\/3&#8243;][vc_text_separator title=&#8221;Traduza esta P\u00e1gina&#8221; i_icon_fontawesome=&#8221;fas fa-angle-double-right&#8221; i_color=&#8221;custom&#8221; title_align=&#8221;separator_align_left&#8221; add_icon=&#8221;true&#8221; i_custom_color=&#8221;#cc0000&#8243;][vc_column_text css=&#8221;.vc_custom_1719335780190{margin-left: 15px !important;}&#8221;]<div class=\"gtranslate_wrapper\" id=\"gt-wrapper-81750845\"><\/div>[\/vc_column_text][vc_text_separator title=&#8221;Lista de Links&#8221; i_icon_fontawesome=&#8221;fas fa-angle-double-right&#8221; i_color=&#8221;custom&#8221; title_align=&#8221;separator_align_left&#8221; add_icon=&#8221;true&#8221; i_custom_color=&#8221;#cc0000&#8243;][vc_btn title=&#8221;CNPQ&#8221; shape=&#8221;square&#8221; color=&#8221;green&#8221; size=&#8221;lg&#8221; align=&#8221;left&#8221; css=&#8221;.vc_custom_1719336016947{margin-bottom: 5px !important;}&#8221; button_block=&#8221;true&#8221; link=&#8221;url:http%3A%2F%2Fwww.cnpq.br%2F|target:_blank&#8221;][vc_btn title=&#8221;FAPESQ&#8221; shape=&#8221;square&#8221; color=&#8221;success&#8221; size=&#8221;lg&#8221; align=&#8221;left&#8221; css=&#8221;.vc_custom_1719336068628{margin-bottom: 5px !important;}&#8221; button_block=&#8221;true&#8221; link=&#8221;url:http%3A%2F%2Fwww.fapesq.rpp.br%2F|target:_blank&#8221;][vc_btn title=&#8221;PRPGP&#8221; shape=&#8221;square&#8221; color=&#8221;vista-blue&#8221; size=&#8221;lg&#8221; align=&#8221;left&#8221; css=&#8221;.vc_custom_1719336060736{margin-bottom: 5px !important;}&#8221; button_block=&#8221;true&#8221; link=&#8221;url:http%3A%2F%2Fprpgp.uepb.edu.br%2F|target:_blank&#8221;][vc_btn title=&#8221;PUBMED&#8221; shape=&#8221;square&#8221; color=&#8221;green&#8221; size=&#8221;lg&#8221; align=&#8221;left&#8221; css=&#8221;.vc_custom_1719336095741{margin-bottom: 5px !important;}&#8221; button_block=&#8221;true&#8221; link=&#8221;url:http%3A%2F%2Fwww.ncbi.nlm.nih.gov%2Fpubmed|target:_blank&#8221;][vc_btn title=&#8221;SciELO&#8221; shape=&#8221;square&#8221; color=&#8221;inverse&#8221; size=&#8221;lg&#8221; align=&#8221;left&#8221; css=&#8221;.vc_custom_1719336121650{margin-bottom: 5px !important;}&#8221; button_block=&#8221;true&#8221; link=&#8221;url:http%3A%2F%2Fwww.scielo.org%2Fphp%2Findex.php|target:_blank&#8221;][\/vc_column][\/vc_row]<\/p>\n<\/div>","protected":false},"excerpt":{"rendered":"<p>[vc_row][vc_column][vc_single_image image=&#8221;1640&#8243; img_size=&#8221;full&#8221;][\/vc_column][\/vc_row][vc_row css=&#8221;.vc_custom_1719336139566{margin-bottom: 30px !important;}&#8221;][vc_column width=&#8221;2\/3&#8243;][vc_text_separator title=&#8221;\u00daltimas Not\u00edcias&#8221; i_icon_fontawesome=&#8221;fas fa-angle-double-right&#8221; i_color=&#8221;custom&#8221; title_align=&#8221;separator_align_left&#8221; add_icon=&#8221;true&#8221; i_custom_color=&#8221;#cc0000&#8243;][\/vc_column][vc_column width=&#8221;1\/3&#8243;][vc_text_separator title=&#8221;Traduza esta P\u00e1gina&#8221; i_icon_fontawesome=&#8221;fas fa-angle-double-right&#8221; i_color=&#8221;custom&#8221; title_align=&#8221;separator_align_left&#8221; add_icon=&#8221;true&#8221; i_custom_color=&#8221;#cc0000&#8243;][vc_column_text css=&#8221;.vc_custom_1719335780190{margin-left: 15px !important;}&#8221;][\/vc_column_text][vc_text_separator title=&#8221;Lista de Links&#8221; i_icon_fontawesome=&#8221;fas fa-angle-double-right&#8221; i_color=&#8221;custom&#8221; title_align=&#8221;separator_align_left&#8221; add_icon=&#8221;true&#8221; i_custom_color=&#8221;#cc0000&#8243;][vc_btn title=&#8221;CNPQ&#8221; shape=&#8221;square&#8221; color=&#8221;green&#8221; size=&#8221;lg&#8221; align=&#8221;left&#8221; css=&#8221;.vc_custom_1719336016947{margin-bottom: 5px !important;}&#8221; button_block=&#8221;true&#8221; link=&#8221;url:http%3A%2F%2Fwww.cnpq.br%2F|target:_blank&#8221;][vc_btn title=&#8221;FAPESQ&#8221; shape=&#8221;square&#8221; color=&#8221;success&#8221; size=&#8221;lg&#8221; align=&#8221;left&#8221; css=&#8221;.vc_custom_1719336068628{margin-bottom: 5px !important;}&#8221; <a class=\"leiamais\" href=\"https:\/\/pos-graduacao.uepb.edu.br\/ppgsp\/\">Leia Mais&#8230;<\/a><\/p>\n","protected":false},"author":34,"featured_media":0,"parent":0,"menu_order":0,"comment_status":"closed","ping_status":"closed","template":"page-sem-titulo.php","meta":{"footnotes":""},"class_list":["post-2293","page","type-page","status-publish","hentry"],"_links":{"self":[{"href":"https:\/\/pos-graduacao.uepb.edu.br\/ppgsp\/wp-json\/wp\/v2\/pages\/2293","targetHints":{"allow":["GET"]}}],"collection":[{"href":"https:\/\/pos-graduacao.uepb.edu.br\/ppgsp\/wp-json\/wp\/v2\/pages"}],"about":[{"href":"https:\/\/pos-graduacao.uepb.edu.br\/ppgsp\/wp-json\/wp\/v2\/types\/page"}],"author":[{"embeddable":true,"href":"https:\/\/pos-graduacao.uepb.edu.br\/ppgsp\/wp-json\/wp\/v2\/users\/34"}],"replies":[{"embeddable":true,"href":"https:\/\/pos-graduacao.uepb.edu.br\/ppgsp\/wp-json\/wp\/v2\/comments?post=2293"}],"version-history":[{"count":13,"href":"https:\/\/pos-graduacao.uepb.edu.br\/ppgsp\/wp-json\/wp\/v2\/pages\/2293\/revisions"}],"predecessor-version":[{"id":2464,"href":"https:\/\/pos-graduacao.uepb.edu.br\/ppgsp\/wp-json\/wp\/v2\/pages\/2293\/revisions\/2464"}],"wp:attachment":[{"href":"https:\/\/pos-graduacao.uepb.edu.br\/ppgsp\/wp-json\/wp\/v2\/media?parent=2293"}],"curies":[{"name":"wp","href":"https:\/\/api.w.org\/{rel}","templated":true}]}}