{"id":2046,"date":"2023-07-30T21:50:12","date_gmt":"2023-07-30T21:50:12","guid":{"rendered":"https:\/\/pos-graduacao.uepb.edu.br\/ppgsp\/?page_id=2046"},"modified":"2023-07-30T23:57:14","modified_gmt":"2023-07-30T23:57:14","slug":"biblioteca-de-dissertacoes","status":"publish","type":"page","link":"https:\/\/pos-graduacao.uepb.edu.br\/ppgsp\/o-programa\/biblioteca-de-dissertacoes\/","title":{"rendered":"Biblioteca de Disserta\u00e7\u00f5es"},"content":{"rendered":"<p>As disserta\u00e7\u00f5es dos estudantes titulados podem ser acessadas atrav\u00e9s da Biblioteca Digital de Teses e Disserta\u00e7\u00f5es da UEPB, para acessar clique <a href=\"http:\/\/tede.bc.uepb.edu.br\/jspui\/handle\/tede\/2205\" target=\"_blank\" rel=\"noopener\">aqui.<\/a><\/p>\n<p>&nbsp;<\/p>\n","protected":false},"excerpt":{"rendered":"<p>As disserta\u00e7\u00f5es dos estudantes titulados podem ser acessadas atrav\u00e9s da Biblioteca Digital de Teses e Disserta\u00e7\u00f5es da UEPB, para acessar clique aqui. &nbsp;<\/p>\n","protected":false},"author":72,"featured_media":0,"parent":677,"menu_order":0,"comment_status":"closed","ping_status":"closed","template":"","meta":{"footnotes":""},"class_list":["post-2046","page","type-page","status-publish","hentry"],"_links":{"self":[{"href":"https:\/\/pos-graduacao.uepb.edu.br\/ppgsp\/wp-json\/wp\/v2\/pages\/2046","targetHints":{"allow":["GET"]}}],"collection":[{"href":"https:\/\/pos-graduacao.uepb.edu.br\/ppgsp\/wp-json\/wp\/v2\/pages"}],"about":[{"href":"https:\/\/pos-graduacao.uepb.edu.br\/ppgsp\/wp-json\/wp\/v2\/types\/page"}],"author":[{"embeddable":true,"href":"https:\/\/pos-graduacao.uepb.edu.br\/ppgsp\/wp-json\/wp\/v2\/users\/72"}],"replies":[{"embeddable":true,"href":"https:\/\/pos-graduacao.uepb.edu.br\/ppgsp\/wp-json\/wp\/v2\/comments?post=2046"}],"version-history":[{"count":1,"href":"https:\/\/pos-graduacao.uepb.edu.br\/ppgsp\/wp-json\/wp\/v2\/pages\/2046\/revisions"}],"predecessor-version":[{"id":2047,"href":"https:\/\/pos-graduacao.uepb.edu.br\/ppgsp\/wp-json\/wp\/v2\/pages\/2046\/revisions\/2047"}],"up":[{"embeddable":true,"href":"https:\/\/pos-graduacao.uepb.edu.br\/ppgsp\/wp-json\/wp\/v2\/pages\/677"}],"wp:attachment":[{"href":"https:\/\/pos-graduacao.uepb.edu.br\/ppgsp\/wp-json\/wp\/v2\/media?parent=2046"}],"curies":[{"name":"wp","href":"https:\/\/api.w.org\/{rel}","templated":true}]}}