{"id":1802,"date":"2022-06-07T13:46:11","date_gmt":"2022-06-07T13:46:11","guid":{"rendered":"https:\/\/pos-graduacao.uepb.edu.br\/ppgsp\/?page_id=1802"},"modified":"2022-06-08T19:25:25","modified_gmt":"2022-06-08T19:25:25","slug":"eventos","status":"publish","type":"page","link":"https:\/\/pos-graduacao.uepb.edu.br\/ppgsp\/eventos\/","title":{"rendered":"Eventos"},"content":{"rendered":"<h2 class=\"text-strong\">13\u00ba Congresso Brasileiro de Sa\u00fade Coletiva<\/h2>\n<p>A ABRASCO anuncia a realiza\u00e7\u00e3o do 13\u00ba Congresso Brasileiro de Sa\u00fade Coletiva em Salvador, Bahia, no per\u00edodo de 19 a 24 de novembro de 2022.<\/p>\n<p>O Instituto de Sa\u00fade Coletiva\/UFBA aceitou o desafio e assumiu sediar o trabalho da Comiss\u00e3o Organizadora Local. Composta por membros da Diretoria da ABRASCO, al\u00e9m de representantes dos mais diferentes setores da sociedade Baiana, incluindo as Secretarias do Estado de Sa\u00fade e de Ci\u00eancia, Tecnologia e Inova\u00e7\u00e3o, da Secretaria Municipal de Sa\u00fade de Salvador, COSEMS, Conselho Estadual de Sa\u00fade, Universidades Federais e Estaduais da Bahia, e Fiocruz\/BA. A Comiss\u00e3o Cient\u00edfica foi composta com membros da Diretoria, dos Grupos de Trabalho, Comit\u00eas e F\u00f3runs da ABRASCO. Todos contribuindo para oferecer as melhores condi\u00e7\u00f5es para a realiza\u00e7\u00e3o deste Congresso, com esp\u00edrito de articula\u00e7\u00e3o, integra\u00e7\u00e3o, defesa de direitos e da democracia, traduzidos no tema central:\u00a0<strong>Sa\u00fade \u00e9 democracia: diversidade, equidade e justi\u00e7a social<\/strong>.<\/p>\n<p>O prazo final para submiss\u00e3o de resumos ao 13\u00ba Congresso Brasileiro de Sa\u00fade Coletiva &#8211; Abrasc\u00e3o 2022 &#8211; encerra no pr\u00f3ximo dia 13 de junho de 2022.<\/p>\n<p>FONTE: <a href=\"https:\/\/www.saudecoletiva.org.br\/\">https:\/\/www.saudecoletiva.org.br\/<\/a><\/p>\n<p>&nbsp;<\/p>\n","protected":false},"excerpt":{"rendered":"<p>13\u00ba Congresso Brasileiro de Sa\u00fade Coletiva A ABRASCO anuncia a realiza\u00e7\u00e3o do 13\u00ba Congresso Brasileiro de Sa\u00fade Coletiva em Salvador, Bahia, no per\u00edodo de 19 a 24 de novembro de 2022. O Instituto de Sa\u00fade Coletiva\/UFBA aceitou o desafio e assumiu sediar o trabalho da Comiss\u00e3o Organizadora Local. Composta por membros da Diretoria da ABRASCO, <a class=\"leiamais\" href=\"https:\/\/pos-graduacao.uepb.edu.br\/ppgsp\/eventos\/\">Leia Mais&#8230;<\/a><\/p>\n","protected":false},"author":52,"featured_media":1810,"parent":0,"menu_order":0,"comment_status":"closed","ping_status":"closed","template":"","meta":{"footnotes":""},"class_list":["post-1802","page","type-page","status-publish","has-post-thumbnail","hentry"],"_links":{"self":[{"href":"https:\/\/pos-graduacao.uepb.edu.br\/ppgsp\/wp-json\/wp\/v2\/pages\/1802","targetHints":{"allow":["GET"]}}],"collection":[{"href":"https:\/\/pos-graduacao.uepb.edu.br\/ppgsp\/wp-json\/wp\/v2\/pages"}],"about":[{"href":"https:\/\/pos-graduacao.uepb.edu.br\/ppgsp\/wp-json\/wp\/v2\/types\/page"}],"author":[{"embeddable":true,"href":"https:\/\/pos-graduacao.uepb.edu.br\/ppgsp\/wp-json\/wp\/v2\/users\/52"}],"replies":[{"embeddable":true,"href":"https:\/\/pos-graduacao.uepb.edu.br\/ppgsp\/wp-json\/wp\/v2\/comments?post=1802"}],"version-history":[{"count":3,"href":"https:\/\/pos-graduacao.uepb.edu.br\/ppgsp\/wp-json\/wp\/v2\/pages\/1802\/revisions"}],"predecessor-version":[{"id":1811,"href":"https:\/\/pos-graduacao.uepb.edu.br\/ppgsp\/wp-json\/wp\/v2\/pages\/1802\/revisions\/1811"}],"wp:featuredmedia":[{"embeddable":true,"href":"https:\/\/pos-graduacao.uepb.edu.br\/ppgsp\/wp-json\/wp\/v2\/media\/1810"}],"wp:attachment":[{"href":"https:\/\/pos-graduacao.uepb.edu.br\/ppgsp\/wp-json\/wp\/v2\/media?parent=1802"}],"curies":[{"name":"wp","href":"https:\/\/api.w.org\/{rel}","templated":true}]}}