{"id":1690,"date":"2022-05-13T18:52:18","date_gmt":"2022-05-13T18:52:18","guid":{"rendered":"https:\/\/pos-graduacao.uepb.edu.br\/ppgsp\/?page_id=1690"},"modified":"2026-03-23T00:53:18","modified_gmt":"2026-03-23T03:53:18","slug":"calendario-de-qualificacoes-e-defesas","status":"publish","type":"page","link":"https:\/\/pos-graduacao.uepb.edu.br\/ppgsp\/calendario-de-qualificacoes-e-defesas\/","title":{"rendered":"Calend\u00e1rio de Defesas e Qualifica\u00e7\u00f5es"},"content":{"rendered":"<div class=\"wpb-content-wrapper\"><p>[vc_row][vc_column][vc_column_text css=&#8221;&#8221;]<b>EXAME DE QUALIFICA\u00c7\u00c3O<\/b><\/p>\n<p><b>Data: 23\/03\/26 \u2013 15h00\u00a0 \u00a0 \u00a0 \u00a0 Discente: Laura Yorana Sampaio Farias,\u00a0<\/b><\/p>\n<p><b>T\u00edtulo: &#8220;ALTERA\u00c7\u00d5ES NA COMPOSI\u00c7\u00c3O CORPORAL E NA CAPACIDADE FUNCIONAL DE PACIENTES COM C\u00c2NCER COLORRETAL SUBMETIDOS A QUIMIOTERAPIA: IMPLICA\u00c7\u00d5ES PARA A SA\u00daDE P\u00daBLICA&#8221;<\/b><\/p>\n<p><b>Orientador: <\/b><span style=\"font-weight: 400\">\u00a0Prof. Dr. Mathias Weller<\/span><span style=\"font-weight: 400\"><br \/>\n<\/span><b>Examinadora Interna:<\/b><span style=\"font-weight: 400\"> Profa. Dra. Danielle Franklin de Carvalho<\/span><span style=\"font-weight: 400\"><br \/>\n<\/span><b>Examinadora Externa: <\/b><span style=\"font-weight: 400\">Ilana Marques Gomes da Rocha (USP)<\/span><\/p>\n<p><b>Local: <\/b><span style=\"font-weight: 400\">Sala 304, Central de Laborat\u00f3rios Multiusu\u00e1rios, Campus I da UEPB.<\/span><\/p>\n<p><b>DEFESA DE DISSERTA\u00c7\u00c3O<\/b><\/p>\n<p><b>Data: 26\/02\/26 \u2013 09h00min \u00a0 \u00a0 \u00a0 \u00a0 Discente: Fernanda Dantas Silva<\/b><\/p>\n<p><b>T\u00edtulo:\u00a0 \u201cDISTRIBUI\u00c7\u00c3O ESPACIAL E TEMPORAL DOS CASOS DE HIV EM GESTANTES NO ESTADO DA PARA\u00cdBA\u201d<\/b><\/p>\n<p><b>Orientador: <\/b><span style=\"font-weight: 400\">\u00a0Prof. Dr. Ricardo Alves de Olinda<\/span><span style=\"font-weight: 400\"><br \/>\n<\/span><b>Examinadora Interna:<\/b><span style=\"font-weight: 400\"> Profa. Dra. Sayonara Maria Lia Fook<\/span><span style=\"font-weight: 400\"><br \/>\n<\/span><b>Examinadora Externa: <\/b><span style=\"font-weight: 400\">Let\u00edcia Silveira Goulart (UFR)<\/span><\/p>\n<p><b>Local: <\/b><span style=\"font-weight: 400\">Sala 304, Central de Laborat\u00f3rios Multiusu\u00e1rios, Campus I da UEPB.<\/span><\/p>\n<p>[\/vc_column_text][\/vc_column][\/vc_row]<\/p>\n<\/div>","protected":false},"excerpt":{"rendered":"<p>[vc_row][vc_column][vc_column_text css=&#8221;&#8221;]EXAME DE QUALIFICA\u00c7\u00c3O Data: 23\/03\/26 \u2013 15h00\u00a0 \u00a0 \u00a0 \u00a0 Discente: Laura Yorana Sampaio Farias,\u00a0 T\u00edtulo: &#8220;ALTERA\u00c7\u00d5ES NA COMPOSI\u00c7\u00c3O CORPORAL E NA CAPACIDADE FUNCIONAL DE PACIENTES COM C\u00c2NCER COLORRETAL SUBMETIDOS A QUIMIOTERAPIA: IMPLICA\u00c7\u00d5ES PARA A SA\u00daDE P\u00daBLICA&#8221; Orientador: \u00a0Prof. Dr. Mathias Weller Examinadora Interna: Profa. Dra. Danielle Franklin de Carvalho Examinadora Externa: Ilana Marques <a class=\"leiamais\" href=\"https:\/\/pos-graduacao.uepb.edu.br\/ppgsp\/calendario-de-qualificacoes-e-defesas\/\">Leia Mais&#8230;<\/a><\/p>\n","protected":false},"author":52,"featured_media":0,"parent":0,"menu_order":0,"comment_status":"closed","ping_status":"closed","template":"","meta":{"footnotes":""},"class_list":["post-1690","page","type-page","status-publish","hentry"],"_links":{"self":[{"href":"https:\/\/pos-graduacao.uepb.edu.br\/ppgsp\/wp-json\/wp\/v2\/pages\/1690","targetHints":{"allow":["GET"]}}],"collection":[{"href":"https:\/\/pos-graduacao.uepb.edu.br\/ppgsp\/wp-json\/wp\/v2\/pages"}],"about":[{"href":"https:\/\/pos-graduacao.uepb.edu.br\/ppgsp\/wp-json\/wp\/v2\/types\/page"}],"author":[{"embeddable":true,"href":"https:\/\/pos-graduacao.uepb.edu.br\/ppgsp\/wp-json\/wp\/v2\/users\/52"}],"replies":[{"embeddable":true,"href":"https:\/\/pos-graduacao.uepb.edu.br\/ppgsp\/wp-json\/wp\/v2\/comments?post=1690"}],"version-history":[{"count":45,"href":"https:\/\/pos-graduacao.uepb.edu.br\/ppgsp\/wp-json\/wp\/v2\/pages\/1690\/revisions"}],"predecessor-version":[{"id":2819,"href":"https:\/\/pos-graduacao.uepb.edu.br\/ppgsp\/wp-json\/wp\/v2\/pages\/1690\/revisions\/2819"}],"wp:attachment":[{"href":"https:\/\/pos-graduacao.uepb.edu.br\/ppgsp\/wp-json\/wp\/v2\/media?parent=1690"}],"curies":[{"name":"wp","href":"https:\/\/api.w.org\/{rel}","templated":true}]}}