{"id":8,"date":"2012-01-20T13:31:15","date_gmt":"2012-01-20T13:31:15","guid":{"rendered":"http:\/\/pos-graduacao.ascom.uepb.edu.br\/ppgri\/?page_id=8"},"modified":"2019-04-26T19:28:12","modified_gmt":"2019-04-26T19:28:12","slug":"linhas-de-pesquisa","status":"publish","type":"page","link":"https:\/\/pos-graduacao.uepb.edu.br\/ppgri\/linhas-de-pesquisa\/","title":{"rendered":"Linhas de Pesquisa"},"content":{"rendered":"<p><strong>\u00c1reas de Concentra\u00e7\u00e3o<\/strong>: Pol\u00edtica Internacional<\/p>\n<p><strong>Linhas de Pesquisa<\/strong>:<\/p>\n<ul>\n<li>Coopera\u00e7\u00e3o, Integra\u00e7\u00e3o e Institui\u00e7\u00f5es Internacionais;<\/li>\n<\/ul>\n<p>Numa perspectiva pluralista, possibilita a avalia\u00e7\u00e3o dos diferentes processos de coopera\u00e7\u00e3o e de integra\u00e7\u00e3o, assim como das m\u00faltiplas institui\u00e7\u00f5es internacionais, podendo-se igualmente contemplar o papel dos atores dentro desses processos e institui\u00e7\u00f5es.<\/p>\n<ul>\n<li>Pol\u00edtica Externa e Seguran\u00e7a.<\/li>\n<\/ul>\n<p>Avalia\u00e7\u00e3o dos interesses e estrat\u00e9gias de atores individuais ou regionais. An\u00e1lise sobre a quest\u00e3o da seguran\u00e7a e sua correla\u00e7\u00e3o com a pol\u00edtica externa dos pa\u00edses, assim como an\u00e1lise da seguran\u00e7a regional e internacional.<\/p>\n","protected":false},"excerpt":{"rendered":"<p>\u00c1reas de Concentra\u00e7\u00e3o: Pol\u00edtica Internacional Linhas de Pesquisa: Coopera\u00e7\u00e3o, Integra\u00e7\u00e3o e Institui\u00e7\u00f5es Internacionais; Numa perspectiva pluralista, possibilita a avalia\u00e7\u00e3o dos diferentes processos de coopera\u00e7\u00e3o e de integra\u00e7\u00e3o, assim como das m\u00faltiplas institui\u00e7\u00f5es internacionais, podendo-se igualmente contemplar o papel dos atores dentro desses processos e institui\u00e7\u00f5es. Pol\u00edtica Externa e Seguran\u00e7a. Avalia\u00e7\u00e3o dos interesses e estrat\u00e9gias de <a class=\"leiamais\" href=\"https:\/\/pos-graduacao.uepb.edu.br\/ppgri\/linhas-de-pesquisa\/\">Leia Mais&#8230;<\/a><\/p>\n","protected":false},"author":5,"featured_media":0,"parent":0,"menu_order":0,"comment_status":"open","ping_status":"open","template":"","meta":{"footnotes":""},"class_list":["post-8","page","type-page","status-publish","hentry"],"_links":{"self":[{"href":"https:\/\/pos-graduacao.uepb.edu.br\/ppgri\/wp-json\/wp\/v2\/pages\/8","targetHints":{"allow":["GET"]}}],"collection":[{"href":"https:\/\/pos-graduacao.uepb.edu.br\/ppgri\/wp-json\/wp\/v2\/pages"}],"about":[{"href":"https:\/\/pos-graduacao.uepb.edu.br\/ppgri\/wp-json\/wp\/v2\/types\/page"}],"author":[{"embeddable":true,"href":"https:\/\/pos-graduacao.uepb.edu.br\/ppgri\/wp-json\/wp\/v2\/users\/5"}],"replies":[{"embeddable":true,"href":"https:\/\/pos-graduacao.uepb.edu.br\/ppgri\/wp-json\/wp\/v2\/comments?post=8"}],"version-history":[{"count":8,"href":"https:\/\/pos-graduacao.uepb.edu.br\/ppgri\/wp-json\/wp\/v2\/pages\/8\/revisions"}],"predecessor-version":[{"id":1010,"href":"https:\/\/pos-graduacao.uepb.edu.br\/ppgri\/wp-json\/wp\/v2\/pages\/8\/revisions\/1010"}],"wp:attachment":[{"href":"https:\/\/pos-graduacao.uepb.edu.br\/ppgri\/wp-json\/wp\/v2\/media?parent=8"}],"curies":[{"name":"wp","href":"https:\/\/api.w.org\/{rel}","templated":true}]}}