{"id":50,"date":"2012-01-20T14:30:21","date_gmt":"2012-01-20T14:30:21","guid":{"rendered":"http:\/\/pos-graduacao.ascom.uepb.edu.br\/ppgri\/?page_id=50"},"modified":"2025-08-22T14:34:13","modified_gmt":"2025-08-22T14:34:13","slug":"contatos","status":"publish","type":"page","link":"https:\/\/pos-graduacao.uepb.edu.br\/ppgri\/contatos\/","title":{"rendered":"Contatos"},"content":{"rendered":"<div class=\"wpb-content-wrapper\"><p>[vc_row][vc_column][vc_column_text css=&#8221;&#8221;]<strong>Coordenadora<\/strong>:<br \/>\nProfa. Dra. Giuliana Dias Vieira<\/p>\n<p><strong>Coordenadora Adjunta:<\/strong><\/p>\n<p><strong>Secretaria<\/strong>:<br \/>\nS\u00edria Bandeira Bulc\u00e3o<\/p>\n<p>Paula Giordana Freire Germano<\/p>\n<p>Valentim Heleno Santos Rodrigues<\/p>\n<p><strong>Endere\u00e7o<\/strong>:<\/p>\n<p>Programa de P\u00f3s-Gradua\u00e7\u00e3o em Rela\u00e7\u00f5es Internacionais &#8211; Campus V UEPB<br \/>\nRua Hor\u00e1cio Trajano de Oliveira, S\/N, Cristo Redentor. Jo\u00e3o Pessoa \u2013 PB. CEP:\u00a0\u00a058071-160<\/p>\n<p><strong>Telefone<\/strong>: (83)99444 -6087<\/p>\n<p><strong>Ramal<\/strong>: 212<\/p>\n<p><strong>E-mail<\/strong>:<\/p>\n<p>ppgri.ccbsa@setor.uepb.edu.br<\/p>\n<p>secmestradori@gmail.com<\/p>\n<p>&nbsp;<\/p>\n<p><strong>Hor\u00e1rio de funcionamento<\/strong>: de segunda a sexta-feira, das 7h \u00e0s 17h[\/vc_column_text][\/vc_column][\/vc_row]<\/p>\n<\/div>","protected":false},"excerpt":{"rendered":"<p>[vc_row][vc_column][vc_column_text css=&#8221;&#8221;]Coordenadora: Profa. Dra. Giuliana Dias Vieira Coordenadora Adjunta: Secretaria: S\u00edria Bandeira Bulc\u00e3o Paula Giordana Freire Germano Valentim Heleno Santos Rodrigues Endere\u00e7o: Programa de P\u00f3s-Gradua\u00e7\u00e3o em Rela\u00e7\u00f5es Internacionais &#8211; Campus V UEPB Rua Hor\u00e1cio Trajano de Oliveira, S\/N, Cristo Redentor. Jo\u00e3o Pessoa \u2013 PB. CEP:\u00a0\u00a058071-160 Telefone: (83)99444 -6087 Ramal: 212 E-mail: ppgri.ccbsa@setor.uepb.edu.br secmestradori@gmail.com &nbsp; Hor\u00e1rio <a class=\"leiamais\" href=\"https:\/\/pos-graduacao.uepb.edu.br\/ppgri\/contatos\/\">Leia Mais&#8230;<\/a><\/p>\n","protected":false},"author":5,"featured_media":0,"parent":0,"menu_order":0,"comment_status":"open","ping_status":"open","template":"","meta":{"footnotes":""},"class_list":["post-50","page","type-page","status-publish","hentry"],"_links":{"self":[{"href":"https:\/\/pos-graduacao.uepb.edu.br\/ppgri\/wp-json\/wp\/v2\/pages\/50","targetHints":{"allow":["GET"]}}],"collection":[{"href":"https:\/\/pos-graduacao.uepb.edu.br\/ppgri\/wp-json\/wp\/v2\/pages"}],"about":[{"href":"https:\/\/pos-graduacao.uepb.edu.br\/ppgri\/wp-json\/wp\/v2\/types\/page"}],"author":[{"embeddable":true,"href":"https:\/\/pos-graduacao.uepb.edu.br\/ppgri\/wp-json\/wp\/v2\/users\/5"}],"replies":[{"embeddable":true,"href":"https:\/\/pos-graduacao.uepb.edu.br\/ppgri\/wp-json\/wp\/v2\/comments?post=50"}],"version-history":[{"count":43,"href":"https:\/\/pos-graduacao.uepb.edu.br\/ppgri\/wp-json\/wp\/v2\/pages\/50\/revisions"}],"predecessor-version":[{"id":4314,"href":"https:\/\/pos-graduacao.uepb.edu.br\/ppgri\/wp-json\/wp\/v2\/pages\/50\/revisions\/4314"}],"wp:attachment":[{"href":"https:\/\/pos-graduacao.uepb.edu.br\/ppgri\/wp-json\/wp\/v2\/media?parent=50"}],"curies":[{"name":"wp","href":"https:\/\/api.w.org\/{rel}","templated":true}]}}