{"id":3858,"date":"2024-08-15T13:27:31","date_gmt":"2024-08-15T13:27:31","guid":{"rendered":"https:\/\/pos-graduacao.uepb.edu.br\/ppgri\/?page_id=3858"},"modified":"2024-08-20T18:41:47","modified_gmt":"2024-08-20T18:41:47","slug":"grupos-de-pesquisas","status":"publish","type":"page","link":"https:\/\/pos-graduacao.uepb.edu.br\/ppgri\/grupos-de-pesquisas\/","title":{"rendered":"Grupos de Pesquisas"},"content":{"rendered":"<p><strong>Professores permanentes:<\/strong><\/p>\n<ul>\n<li><strong>Alexandre C\u00e9sar Cunha Leite\u00a0<\/strong><\/li>\n<\/ul>\n<p><u>Grupo de Estudos e Pesquisa em \u00c1sia Pac\u00edfico (GEPAP):<\/u>\u00a0reuni\u00f5es virtuais, sem dia fixo. Interessados contactar diretamente o docente. Website:\u00a0\u00a0<a href=\"https:\/\/gepapuepb.wordpress.com\/\" data-saferedirecturl=\"https:\/\/www.google.com\/url?q=https:\/\/gepapuepb.wordpress.com\/&amp;source=gmail&amp;ust=1724149031161000&amp;usg=AOvVaw29lZG97WB2ays5OM_0jsHQ\">https:\/\/gepapuepb.wordpress.com\/<\/a><\/p>\n<p>&nbsp;<\/p>\n<p><u>Laborat\u00f3rio de Economia Pol\u00edtica da Fome (Saciar Lab)<\/u>: Reuni\u00f5es presenciais ou virtuais (a depender da necessidade), sem dia fixo. Interessados contactar diretamente o docente. Instagram: @_saciar e @saciarlab<\/p>\n<p><strong>\u00a0<\/strong><\/p>\n<ul>\n<li><strong>Andrea Maria Calazans Pacheco Pac\u00edfico <\/strong><\/li>\n<\/ul>\n<p><u>N\u00facleo de Estudo e Pesquisa sobre Deslocados Ambientais\u00a0(NEPDA)<\/u>: Reuni\u00f5es na sala do NEPDA, nas quartas-feiras, quinzenalmente, entre 14h e 16h. Website:\u00a0<a href=\"https:\/\/nucleos.uepb.edu.br\/nepda\/\" data-saferedirecturl=\"https:\/\/www.google.com\/url?q=https:\/\/nucleos.uepb.edu.br\/nepda\/&amp;source=gmail&amp;ust=1724149031161000&amp;usg=AOvVaw2YI9CImObFHHubF7Zk5Ew3\">https:\/\/nucleos.uepb.edu.br\/nepda\/<\/a>\u00a0Instagram: csvm.nepda.uepb<\/p>\n<p>&nbsp;<\/p>\n<ul>\n<li><strong>Cristina Carvalho Pacheco<\/strong><\/li>\n<\/ul>\n<p><u>Grupo de Pesquisa em Pol\u00edtica Externa e Grande Estrat\u00e9gia\u00a0(GEPEX):<\/u> Reuni\u00f5es na UEPB, nas quintas-feiras, quinzenalmente, com processo seletivo no in\u00edcio de cada ano letivo. Instagram: @gepex.uepb<\/p>\n<p><strong>\u00a0<\/strong><\/p>\n<ul>\n<li><strong>F\u00e1bio Rodrigo Ferreira Nobre\u00a0<\/strong><\/li>\n<\/ul>\n<p><u>Grupo de Pesquisa do Centro de Estudos em Pol\u00edtica, Rela\u00e7\u00f5es Internacionais e Religi\u00e3o (CEPRIR\/UEPB)<\/u>: Reuni\u00f5es na UEPB, nas sextas-feiras, quinzenalmente. Website:\u00a0<a href=\"https:\/\/ceprir.org\/ge-ceprir-uepb\/\" data-saferedirecturl=\"https:\/\/www.google.com\/url?q=https:\/\/ceprir.org\/ge-ceprir-uepb\/&amp;source=gmail&amp;ust=1724149031161000&amp;usg=AOvVaw1erPsROA9HYksUEZUJkEFK\">https:\/\/ceprir.org\/ge-ceprir-uepb\/<\/a>\u00a0Instagram: ceprir_edu<\/p>\n<p>&nbsp;<\/p>\n<ul>\n<li style=\"font-weight: 400\"><strong>Lucas Milanez de Lima Almeida<\/strong><\/li>\n<\/ul>\n<p style=\"font-weight: 400\"><u>Projeto Globaliza\u00e7\u00e3o e Crise na Economia Brasileira (PROGEB):<\/u>\u00a0reuni\u00f5es presenciais nas segundas-feiras, das 15hs \u00e0s 17:30hs, no Campus I da UFPB. Interessados contactar diretamente o docente (<a href=\"mailto:lucasmilanez@gmail.com\">lucasmilanez@gmail.com<\/a>). Website:\u00a0\u00a0<a href=\"https:\/\/progeb.blogspot.com\/\" data-saferedirecturl=\"https:\/\/www.google.com\/url?q=https:\/\/progeb.blogspot.com\/&amp;source=gmail&amp;ust=1724155551953000&amp;usg=AOvVaw2JKByjdMYEYUuCZo5Orqoz\">https:\/\/progeb.blogspot.com\/<\/a>; Instagram: @progebufpb<\/p>\n<p>&nbsp;<\/p>\n<ul>\n<li><strong>Paulo Roberto Loyolla Kuhlmann<\/strong><\/li>\n<\/ul>\n<p><u>Grupo de Estudos de Paz e Seguran\u00e7a Mundial,<\/u>\u00a0articulado com o Projeto Universidade em A\u00e7\u00e3o: Reuni\u00f5es na UEPB, nas sextas-feiras \u00e0 tarde.<\/p>\n<p><strong>\u00a0<\/strong><\/p>\n<p>&nbsp;<\/p>\n<p><strong>Professores visitantes:<\/strong><\/p>\n<ul>\n<li><strong>Juma Rasuli<\/strong><\/li>\n<\/ul>\n<p><u>Grupo de Estudo e Pesquisa sobre Afeg\u00e3os no Brasil (GEPAB<\/u>): Reuni\u00f5es na sala do NEPDA, nas segundas-feiras, entre 8.30 e 11.30.<\/p>\n<p>&nbsp;<\/p>\n<p style=\"font-weight: 400\">\n<p>&nbsp;<\/p>\n<p>&nbsp;<\/p>\n","protected":false},"excerpt":{"rendered":"<p>Professores permanentes: Alexandre C\u00e9sar Cunha Leite\u00a0 Grupo de Estudos e Pesquisa em \u00c1sia Pac\u00edfico (GEPAP):\u00a0reuni\u00f5es virtuais, sem dia fixo. Interessados contactar diretamente o docente. Website:\u00a0\u00a0https:\/\/gepapuepb.wordpress.com\/ &nbsp; Laborat\u00f3rio de Economia Pol\u00edtica da Fome (Saciar Lab): Reuni\u00f5es presenciais ou virtuais (a depender da necessidade), sem dia fixo. Interessados contactar diretamente o docente. Instagram: @_saciar e @saciarlab \u00a0 <a class=\"leiamais\" href=\"https:\/\/pos-graduacao.uepb.edu.br\/ppgri\/grupos-de-pesquisas\/\">Leia Mais&#8230;<\/a><\/p>\n","protected":false},"author":33,"featured_media":0,"parent":0,"menu_order":0,"comment_status":"closed","ping_status":"closed","template":"","meta":{"footnotes":""},"class_list":["post-3858","page","type-page","status-publish","hentry"],"_links":{"self":[{"href":"https:\/\/pos-graduacao.uepb.edu.br\/ppgri\/wp-json\/wp\/v2\/pages\/3858","targetHints":{"allow":["GET"]}}],"collection":[{"href":"https:\/\/pos-graduacao.uepb.edu.br\/ppgri\/wp-json\/wp\/v2\/pages"}],"about":[{"href":"https:\/\/pos-graduacao.uepb.edu.br\/ppgri\/wp-json\/wp\/v2\/types\/page"}],"author":[{"embeddable":true,"href":"https:\/\/pos-graduacao.uepb.edu.br\/ppgri\/wp-json\/wp\/v2\/users\/33"}],"replies":[{"embeddable":true,"href":"https:\/\/pos-graduacao.uepb.edu.br\/ppgri\/wp-json\/wp\/v2\/comments?post=3858"}],"version-history":[{"count":5,"href":"https:\/\/pos-graduacao.uepb.edu.br\/ppgri\/wp-json\/wp\/v2\/pages\/3858\/revisions"}],"predecessor-version":[{"id":3862,"href":"https:\/\/pos-graduacao.uepb.edu.br\/ppgri\/wp-json\/wp\/v2\/pages\/3858\/revisions\/3862"}],"wp:attachment":[{"href":"https:\/\/pos-graduacao.uepb.edu.br\/ppgri\/wp-json\/wp\/v2\/media?parent=3858"}],"curies":[{"name":"wp","href":"https:\/\/api.w.org\/{rel}","templated":true}]}}