{"id":34,"date":"2012-01-20T14:21:06","date_gmt":"2012-01-20T14:21:06","guid":{"rendered":"http:\/\/pos-graduacao.ascom.uepb.edu.br\/ppgri\/?page_id=34"},"modified":"2019-10-09T22:46:45","modified_gmt":"2019-10-09T22:46:45","slug":"projetos-de-pesquisa","status":"publish","type":"page","link":"https:\/\/pos-graduacao.uepb.edu.br\/ppgri\/projetos-de-pesquisa\/","title":{"rendered":"Projetos de Pesquisa"},"content":{"rendered":"<ul>\n<li><strong>Efeitos da Aus\u00eancia de Prote\u00e7\u00e3o Internacional Normativa e Institucional dos Deslocados Ambientais: an\u00e1lise de iniciativas regionais e nacionais\u00a0<\/strong>(Prof\u00aa Dr\u00aa Andrea Maria Calazans Pacheco Pac\u00edfico\/Coopera\u00e7\u00e3o, Integra\u00e7\u00e3o e Institui\u00e7\u00f5es\u00a0Internacionais)<\/li>\n<li><strong>Em Busca de um Regime Internacional dos Deslocados Ambientais<\/strong>\u00a0(Prof\u00aa Dr\u00aa Andrea Maria Calazans Pacheco Pac\u00edfico\/Coopera\u00e7\u00e3o, Integra\u00e7\u00e3o e Institui\u00e7\u00f5es Internacionais)<\/li>\n<li><strong>Koperasaun Ne\u2019ebe Buras Dadaun: Um estudo sobre a coopera\u00e7\u00e3o educacional Brasil\/Timor-Leste na UEPB\/Para\u00edba (Brasil)\u00a0<\/strong>(Prof\u00aa. Dr\u00aa. Silvia Garcia Nogueira\/Coopera\u00e7\u00e3o, Integra\u00e7\u00e3o e Institui\u00e7\u00f5es Internacionais)<\/li>\n<li><strong>O Papel do Brasil e da China na Nova Governan\u00e7a Econ\u00f4mica Global: do G8 ao G20 <\/strong>(Prof. Dr. Alexandre C\u00e9sar Cunha Leite\/Coopera\u00e7\u00e3o, Integra\u00e7\u00e3o e Institui\u00e7\u00f5es Internacionais)<\/li>\n<li><strong>O Papel do Judici\u00e1rio na Produ\u00e7\u00e3o da Pol\u00edtica Externa dos EUA: como as decis\u00f5es da Suprema Corte afetaram a pol\u00edtica externa dos EUA ao longo do s\u00e9c. XX? <\/strong>(Prof\u00aa Dr\u00aa Cristina Carvalho Pacheco\/Coopera\u00e7\u00e3o, Integra\u00e7\u00e3o e Institui\u00e7\u00f5es Internacionais)<\/li>\n<li><strong>A Pol\u00edtica Externa Brasileira no Conselho de Seguran\u00e7a da ONU no P\u00f3s Guerra Fria <\/strong>(Prof. Dr. Carlos Enrique Ruiz Ferreira\/Pol\u00edtica Externa e Seguran\u00e7a)<\/li>\n<li><strong>Pol\u00edtica Externa e Rela\u00e7\u00f5es Bilaterais Brasil &#8211; China: avaliando o impacto das rela\u00e7\u00f5es comerciais entre os pa\u00edses no setor industrial brasileiro e no desempenho da ind\u00fastria de transforma\u00e7\u00e3o <\/strong>(Prof. Dr. Alexandre C\u00e9sar Cunha Leite\/Pol\u00edtica Externa e Seguran\u00e7a)<\/li>\n<li><strong>Projeto Universidade em A\u00e7\u00e3o (PUA) no Cristo e no Rangel: constru\u00e7\u00e3o de paz utilizando o l\u00fadico, o di\u00e1logo, e as artes <\/strong>(Prof. Dr. Paulo Roberto Loyolla Kuhlmann\/Pol\u00edtica Externa e Seguran\u00e7a)<\/li>\n<li><strong>A Prote\u00e7\u00e3o Nacional e Internacional dos Deslocados Ambientais: os deslocados do sert\u00e3o nordestino brasileiro <\/strong>(Prof\u00aa Dr\u00aa Andrea Maria Calazans Pacheco Pac\u00edfico\/Coopera\u00e7\u00e3o, Integra\u00e7\u00e3o e Institui\u00e7\u00f5es Internacionais)<\/li>\n<\/ul>\n","protected":false},"excerpt":{"rendered":"<p>Efeitos da Aus\u00eancia de Prote\u00e7\u00e3o Internacional Normativa e Institucional dos Deslocados Ambientais: an\u00e1lise de iniciativas regionais e nacionais\u00a0(Prof\u00aa Dr\u00aa Andrea Maria Calazans Pacheco Pac\u00edfico\/Coopera\u00e7\u00e3o, Integra\u00e7\u00e3o e Institui\u00e7\u00f5es\u00a0Internacionais) Em Busca de um Regime Internacional dos Deslocados Ambientais\u00a0(Prof\u00aa Dr\u00aa Andrea Maria Calazans Pacheco Pac\u00edfico\/Coopera\u00e7\u00e3o, Integra\u00e7\u00e3o e Institui\u00e7\u00f5es Internacionais) Koperasaun Ne\u2019ebe Buras Dadaun: Um estudo sobre a coopera\u00e7\u00e3o <a class=\"leiamais\" href=\"https:\/\/pos-graduacao.uepb.edu.br\/ppgri\/projetos-de-pesquisa\/\">Leia Mais&#8230;<\/a><\/p>\n","protected":false},"author":5,"featured_media":0,"parent":0,"menu_order":0,"comment_status":"open","ping_status":"open","template":"","meta":{"footnotes":""},"class_list":["post-34","page","type-page","status-publish","hentry"],"_links":{"self":[{"href":"https:\/\/pos-graduacao.uepb.edu.br\/ppgri\/wp-json\/wp\/v2\/pages\/34","targetHints":{"allow":["GET"]}}],"collection":[{"href":"https:\/\/pos-graduacao.uepb.edu.br\/ppgri\/wp-json\/wp\/v2\/pages"}],"about":[{"href":"https:\/\/pos-graduacao.uepb.edu.br\/ppgri\/wp-json\/wp\/v2\/types\/page"}],"author":[{"embeddable":true,"href":"https:\/\/pos-graduacao.uepb.edu.br\/ppgri\/wp-json\/wp\/v2\/users\/5"}],"replies":[{"embeddable":true,"href":"https:\/\/pos-graduacao.uepb.edu.br\/ppgri\/wp-json\/wp\/v2\/comments?post=34"}],"version-history":[{"count":6,"href":"https:\/\/pos-graduacao.uepb.edu.br\/ppgri\/wp-json\/wp\/v2\/pages\/34\/revisions"}],"predecessor-version":[{"id":1074,"href":"https:\/\/pos-graduacao.uepb.edu.br\/ppgri\/wp-json\/wp\/v2\/pages\/34\/revisions\/1074"}],"wp:attachment":[{"href":"https:\/\/pos-graduacao.uepb.edu.br\/ppgri\/wp-json\/wp\/v2\/media?parent=34"}],"curies":[{"name":"wp","href":"https:\/\/api.w.org\/{rel}","templated":true}]}}