{"id":2252,"date":"2022-06-14T19:12:00","date_gmt":"2022-06-14T19:12:00","guid":{"rendered":"https:\/\/pos-graduacao.uepb.edu.br\/ppgri\/?page_id=2252"},"modified":"2026-04-07T14:01:13","modified_gmt":"2026-04-07T14:01:13","slug":"comissoes","status":"publish","type":"page","link":"https:\/\/pos-graduacao.uepb.edu.br\/ppgri\/o-programa\/comissoes\/","title":{"rendered":"Comiss\u00f5es"},"content":{"rendered":"<div class=\"wpb-content-wrapper\"><p>[vc_row][vc_column][vc_tta_tour][vc_tta_section title=&#8221;Colegiado&#8221; tab_id=&#8221;1708087996814-c0832839-38fd&#8221;][vc_column_text css=&#8221;&#8221;]<\/p>\n<ul>\n<li>Prof\u00aa. Dr\u00aa. Giuliana Dias Vieira\u00a0 \u2013 presidente<\/li>\n<li>Prof\u00aa. Dr\u00aa. Andrea Maria Calazans Pacheco Pac\u00edfico \u2013 membro titular<\/li>\n<li>Prof\u00aa. Dr\u00aa. Cristina Carvalho Pacheco &#8211; membro titular<\/li>\n<li>Prof. Dr. Filipe Reis Melo \u2013 membro titular<\/li>\n<li>Prof\u00aa. Dr\u00aa. Silvia Garcia Nogueira \u2013 membro titular<\/li>\n<li>Prof. Dr. Bruno Vicente Lippe Pasquarelli &#8211; suplente<\/li>\n<li>Prof\u00aa. Dr\u00aa Monica de Lourdes Neves Santana &#8211; suplente<\/li>\n<li>Mestranda: Nayra Cecilia Beserra dos Santos &#8211; membro titular<\/li>\n<li>Mestrando: Beatriz Quintanilha da Silva &#8211; suplente<\/li>\n<\/ul>\n<p><strong><a href=\"https:\/\/pos-graduacao.uepb.edu.br\/ppgri\/documentos\/atas\/\">Atas do PPGRI\/UEPB<\/a><\/strong>[\/vc_column_text][\/vc_tta_section][vc_tta_section title=&#8221;Comiss\u00e3o de Bolsas&#8221; tab_id=&#8221;1708087996824-11fa0db9-2b60&#8243;][vc_column_text css=&#8221;&#8221;]<\/p>\n<ul>\n<li>Prof\u00aa. Dr\u00aa. Giuliana Dias Vieira \u2013 presidente<\/li>\n<li>Prof\u00aa. Dr\u00aa. Silvia Garcia Nogueira \u2013 membro titular<\/li>\n<li>Prof. Dr. Lucas Milanez de Lima Almeida \u2013 membro titular<\/li>\n<li>Prof\u00aa. Dr\u00aa Monica de Lourdes Neves Santana &#8211; suplente<\/li>\n<\/ul>\n<p><strong><a href=\"https:\/\/pos-graduacao.uepb.edu.br\/ppgri\/files\/2022\/07\/DECLARACAO-DE-NAO-ACUMULO-DE-BOLSA-OU-ATIVIDADE-REMUNERADA-E-DEDICACAO-INTEGRAL-AO-PPGRI-UEPB.pdf\">Declara\u00e7\u00e3o de n\u00e3o ac\u00famulo de bolsa ou atividade remunerada e dedica\u00e7\u00e3o integral ao PPGRI\/UEPB<\/a><\/strong><\/p>\n<p><strong><a href=\"https:\/\/pos-graduacao.uepb.edu.br\/ppgri\/files\/2022\/03\/Normas-de-bolsas-PPGRI.pdf\">Normas de bolsas do PPGRI\/UEPB<\/a><\/strong>[\/vc_column_text][\/vc_tta_section][vc_tta_section title=&#8221;Regimento&#8221; tab_id=&#8221;1708088129312-e93a7561-1472&#8243;][vc_column_text css=&#8221;&#8221;]<\/p>\n<ul>\n<li>Prof\u00aa. Dr\u00aa. Cristina Carvalho Pacheco \u2013 presidente<\/li>\n<li>Prof\u00aa. Dr\u00aa Giuliana Dias Vieira \u2013 membro titular<\/li>\n<li>Prof\u00aa. Dr\u00aa Silvia Garcia Nogueira \u2013 membro titular<\/li>\n<li>Mestranda: Mariana de Almeida Nunes<\/li>\n<\/ul>\n<p>&nbsp;<\/p>\n<p><strong><a href=\"https:\/\/pos-graduacao.uepb.edu.br\/ppgri\/download\/regimento-do-ppgri\/?wpdmdl=4383&amp;masterkey=iY1N6pKdXuDNZff0g0XDJv_UM24thyXSuk6IvjvbdECTOxUY6DdSEiQ2MVd_veLE4onqJ_6wAooyE2EzIy4ivaoiAMRoTmr8X-jsMxMKYEU\">Regimento Interno do PPGRI\/UEPB<\/a><\/strong><\/p>\n<p><strong><a href=\"https:\/\/pos-graduacao.uepb.edu.br\/ppgri\/files\/2023\/03\/REQUERIMENTO-DE-PRORROGACAO-DE-PRAZO-PARA-DEFESA-DE-DISSERTACAO-PPGRI.pdf\">Requerimento de prorroga\u00e7\u00e3o de prazo de defesa de disserta\u00e7\u00e3o do PPGRI<\/a><\/strong>[\/vc_column_text][\/vc_tta_section][vc_tta_section title=&#8221;Credenciamento&#8221; tab_id=&#8221;1708088567996-56d436c1-ad32&#8243;][vc_column_text css=&#8221;&#8221;]<\/p>\n<ul>\n<li>Prof\u00aa. Dr\u00aa. Andrea Maria Calazans Pacheco Pac\u00edfico \u2013 presidente<\/li>\n<li>Prof\u00aa. Dr\u00aa Monica de Lourdes Neves Santana \u2013 membro titular<\/li>\n<li>Prof\u00aa. Dr\u00aa. Silvia Garcia Nogueira \u2013 membro titular<\/li>\n<\/ul>\n<p>&nbsp;<\/p>\n<p><a href=\"https:\/\/pos-graduacao.uepb.edu.br\/ppgri\/files\/2021\/12\/2020-PPGRI-Normas-Cred.pdf\"><strong>Normas para credenciamento, recredenciamento e descredenciamento de<\/strong><\/a>\u00a0<strong><a href=\"https:\/\/pos-graduacao.uepb.edu.br\/ppgri\/files\/2021\/12\/2020-PPGRI-Normas-Cred.pdf\">docentes do PPGRI\/UEPB<\/a><\/strong><\/p>\n<p><strong><a href=\"https:\/\/pos-graduacao.uepb.edu.br\/ppgri\/files\/2022\/07\/Relat-PPGRI-Com-Credenc-4abr22.pdf\">Relat\u00f3rio da Comiss\u00e3o de Credenciamento (Quadri\u00eanio 2017-2020)<\/a><\/strong><\/p>\n<p><a href=\"https:\/\/pos-graduacao.uepb.edu.br\/ppgri\/files\/2022\/07\/Edital-de-Credenciamento.pdf\"><strong>Edital de credenciamento de docentes<\/strong><\/a>[\/vc_column_text][\/vc_tta_section][vc_tta_section title=&#8221;Sele\u00e7\u00e3o&#8221; tab_id=&#8221;1708088608754-e1c8e776-74ea&#8221;][vc_column_text css=&#8221;&#8221;]<\/p>\n<ul>\n<li>Prof\u00aa. Dr\u00aa. Giuliana Dias Vieira \u2013 presidente<\/li>\n<li>Prof. Dr. F\u00e1bio Rodrigo Ferreira Nobre \u2013 membro titular<\/li>\n<li>Prof\u00aa. Dr\u00aa.\u00a0Silvia Garcia Nogueira \u2013 membro titular<\/li>\n<li>Prof. Dr. Bruno Vicente Lippe Pasquarelli \u2013\u00a0 membro titular<\/li>\n<li>Prof\u00aa. Dr\u00aa. Monica de Lourdes Neves Santana \u2013 membro titular<\/li>\n<li>Prof. Dr. Luciano do Nascimento Silva \u2013 suplente<\/li>\n<\/ul>\n<p>[\/vc_column_text][\/vc_tta_section][vc_tta_section title=&#8221;Planejamento Estrat\u00e9gico&#8221; tab_id=&#8221;1708088636950-caf2ccb3-8bd0&#8243;][vc_column_text css=&#8221;&#8221;]<\/p>\n<ul>\n<li>Profa. Dra. Giuliana Dias Vieira \u2013 presidente<\/li>\n<li>Profa. Dra. Cristina Carvalho Pacheco &#8211; membro titular<\/li>\n<li>Prof. Dr. F\u00e1bio Rodrigo Ferreira Nobre &#8211; membro titular<\/li>\n<li>Profa. Dra. Silvia Garcia Nogueira &#8211; membro titular<\/li>\n<\/ul>\n<p>[\/vc_column_text][\/vc_tta_section][vc_tta_section title=&#8221;Sucupira&#8221; tab_id=&#8221;1708088670193-2b42b8cb-b1ab&#8221;][vc_column_text css=&#8221;&#8221;]<\/p>\n<div>\n<p>Quesito 1 \u2013 Programa:<\/p>\n<ul>\n<li>Prof. Dr. F\u00e1bio Rodrigo Ferreira Nobre \u2013 membro titular<\/li>\n<li>Prof\u00aa Dr\u00aa. Silvia Garcia Nogueira \u2013 membro titular<\/li>\n<\/ul>\n<\/div>\n<div>Quesito 2 \u2013 Forma\u00e7\u00e3o:<\/div>\n<ul>\n<li>Prof\u00aa. Dr\u00aa. Andrea Maria Calazans Pacheco Pac\u00edfico \u2013 membro titular<\/li>\n<li>Prof. Dr. Paulo Roberto Loyolla Kuhlmann \u2013 membro titular<\/li>\n<\/ul>\n<div>Quesito 3 \u2013 Impacto na Sociedade:<\/div>\n<ul>\n<li>Prof\u00aa. Dr\u00aa. Cristina Carvalho Pacheco \u2013 presidente<\/li>\n<li>Prof\u00aa. Dr\u00aa. Giuliana Dias Vieira \u2013 membro titular<\/li>\n<\/ul>\n<p>Discentes que colaboram no preenchimento da plataforma Sucupira:<\/p>\n<ul>\n<li style=\"list-style-type: none\">\n<ul>\n<li>Ane Azevedo Dantas<\/li>\n<li>Nara Riana Medeiros Dantas<\/li>\n<\/ul>\n<\/li>\n<\/ul>\n<p>[\/vc_column_text][\/vc_tta_section][\/vc_tta_tour][\/vc_column][\/vc_row]<\/p>\n<\/div>","protected":false},"excerpt":{"rendered":"<p>[vc_row][vc_column][vc_tta_tour][vc_tta_section title=&#8221;Colegiado&#8221; tab_id=&#8221;1708087996814-c0832839-38fd&#8221;][vc_column_text css=&#8221;&#8221;] Prof\u00aa. Dr\u00aa. Giuliana Dias Vieira\u00a0 \u2013 presidente Prof\u00aa. Dr\u00aa. Andrea Maria Calazans Pacheco Pac\u00edfico \u2013 membro titular Prof\u00aa. Dr\u00aa. Cristina Carvalho Pacheco &#8211; membro titular Prof. Dr. Filipe Reis Melo \u2013 membro titular Prof\u00aa. Dr\u00aa. Silvia Garcia Nogueira \u2013 membro titular Prof. Dr. Bruno Vicente Lippe Pasquarelli &#8211; suplente Prof\u00aa. Dr\u00aa <a class=\"leiamais\" href=\"https:\/\/pos-graduacao.uepb.edu.br\/ppgri\/o-programa\/comissoes\/\">Leia Mais&#8230;<\/a><\/p>\n","protected":false},"author":5,"featured_media":0,"parent":2240,"menu_order":0,"comment_status":"closed","ping_status":"closed","template":"","meta":{"footnotes":""},"class_list":["post-2252","page","type-page","status-publish","hentry"],"_links":{"self":[{"href":"https:\/\/pos-graduacao.uepb.edu.br\/ppgri\/wp-json\/wp\/v2\/pages\/2252","targetHints":{"allow":["GET"]}}],"collection":[{"href":"https:\/\/pos-graduacao.uepb.edu.br\/ppgri\/wp-json\/wp\/v2\/pages"}],"about":[{"href":"https:\/\/pos-graduacao.uepb.edu.br\/ppgri\/wp-json\/wp\/v2\/types\/page"}],"author":[{"embeddable":true,"href":"https:\/\/pos-graduacao.uepb.edu.br\/ppgri\/wp-json\/wp\/v2\/users\/5"}],"replies":[{"embeddable":true,"href":"https:\/\/pos-graduacao.uepb.edu.br\/ppgri\/wp-json\/wp\/v2\/comments?post=2252"}],"version-history":[{"count":81,"href":"https:\/\/pos-graduacao.uepb.edu.br\/ppgri\/wp-json\/wp\/v2\/pages\/2252\/revisions"}],"predecessor-version":[{"id":4686,"href":"https:\/\/pos-graduacao.uepb.edu.br\/ppgri\/wp-json\/wp\/v2\/pages\/2252\/revisions\/4686"}],"up":[{"embeddable":true,"href":"https:\/\/pos-graduacao.uepb.edu.br\/ppgri\/wp-json\/wp\/v2\/pages\/2240"}],"wp:attachment":[{"href":"https:\/\/pos-graduacao.uepb.edu.br\/ppgri\/wp-json\/wp\/v2\/media?parent=2252"}],"curies":[{"name":"wp","href":"https:\/\/api.w.org\/{rel}","templated":true}]}}