{"id":2245,"date":"2022-06-14T19:08:51","date_gmt":"2022-06-14T19:08:51","guid":{"rendered":"https:\/\/pos-graduacao.uepb.edu.br\/ppgri\/?page_id=2245"},"modified":"2024-11-26T18:58:04","modified_gmt":"2024-11-26T18:58:04","slug":"normas","status":"publish","type":"page","link":"https:\/\/pos-graduacao.uepb.edu.br\/ppgri\/documentos\/normas\/","title":{"rendered":"Normas"},"content":{"rendered":"<p><a href=\"https:\/\/pos-graduacao.uepb.edu.br\/ppgri\/files\/2019\/09\/0155-2016-Aprova-o-Regimento-Interno-do-Programa-de-P\u00f3s-Gradua\u00e7\u00e3o-em-Rela\u00e7\u00f5es-Internacionais-1.pdf\">Regimento Interno do PPGRI\/UEPB<\/a><\/p>\n<p><a href=\"https:\/\/pos-graduacao.uepb.edu.br\/ppgri\/files\/2023\/12\/RESOLUCAO-CONSEPE-008-2023-Aprova-as-alteracoes-no-Regimento-da-Pos-Graduacao.pdf\">Regimento Geral da P\u00f3s &#8211; Gradua\u00e7\u00e3o<\/a><\/p>\n<p><a href=\"https:\/\/pos-graduacao.uepb.edu.br\/ppgri\/files\/2021\/12\/RegulamentoStrictoSensuUEPB.pdf\">Resolu\u00e7\u00e3o\/UEPB\/CONSUNI\/020\/2005<\/a><\/p>\n<p><a href=\"https:\/\/pos-graduacao.uepb.edu.br\/ppgri\/files\/2021\/12\/Regimento-Geral-da-UEPB.pdf\">Estatuto e Regimento Geral da UEPB<\/a><\/p>\n<p><a href=\"https:\/\/pos-graduacao.uepb.edu.br\/ppgri\/files\/2021\/12\/Resolucao-CFE-005-1983.pdf\">Resolu\u00e7\u00e3o\/CFE\/005\/1983<\/a><\/p>\n<p><a href=\"https:\/\/pos-graduacao.uepb.edu.br\/ppgri\/files\/2021\/12\/Resolucao-CNE-001-2001.pdf\">Resolu\u00e7\u00e3o\/CNE\/001\/2001<\/a><\/p>\n<p><a href=\"https:\/\/pos-graduacao.uepb.edu.br\/ppgri\/download\/resolucao-de-pos-doutorado\/?wpdmdl=4048&amp;masterkey=LAi4X1IfEW6vWK4RBVRFe8Iugybd_NZ0Rq_Nj1W_sxW-_mRsOynaUDA-9E0hbWZo4lvmzdtQvn918jVZGoA1K2VzYaQJPIlllIKLhR7tsDg\">Resolu\u00e7\u00e3o de est\u00e1gio P\u00f3s-doutorado UEPB<\/a><\/p>\n","protected":false},"excerpt":{"rendered":"<p>Regimento Interno do PPGRI\/UEPB Regimento Geral da P\u00f3s &#8211; Gradua\u00e7\u00e3o Resolu\u00e7\u00e3o\/UEPB\/CONSUNI\/020\/2005 Estatuto e Regimento Geral da UEPB Resolu\u00e7\u00e3o\/CFE\/005\/1983 Resolu\u00e7\u00e3o\/CNE\/001\/2001 Resolu\u00e7\u00e3o de est\u00e1gio P\u00f3s-doutorado UEPB<\/p>\n","protected":false},"author":5,"featured_media":0,"parent":2247,"menu_order":0,"comment_status":"closed","ping_status":"closed","template":"","meta":{"footnotes":""},"class_list":["post-2245","page","type-page","status-publish","hentry"],"_links":{"self":[{"href":"https:\/\/pos-graduacao.uepb.edu.br\/ppgri\/wp-json\/wp\/v2\/pages\/2245","targetHints":{"allow":["GET"]}}],"collection":[{"href":"https:\/\/pos-graduacao.uepb.edu.br\/ppgri\/wp-json\/wp\/v2\/pages"}],"about":[{"href":"https:\/\/pos-graduacao.uepb.edu.br\/ppgri\/wp-json\/wp\/v2\/types\/page"}],"author":[{"embeddable":true,"href":"https:\/\/pos-graduacao.uepb.edu.br\/ppgri\/wp-json\/wp\/v2\/users\/5"}],"replies":[{"embeddable":true,"href":"https:\/\/pos-graduacao.uepb.edu.br\/ppgri\/wp-json\/wp\/v2\/comments?post=2245"}],"version-history":[{"count":6,"href":"https:\/\/pos-graduacao.uepb.edu.br\/ppgri\/wp-json\/wp\/v2\/pages\/2245\/revisions"}],"predecessor-version":[{"id":4049,"href":"https:\/\/pos-graduacao.uepb.edu.br\/ppgri\/wp-json\/wp\/v2\/pages\/2245\/revisions\/4049"}],"up":[{"embeddable":true,"href":"https:\/\/pos-graduacao.uepb.edu.br\/ppgri\/wp-json\/wp\/v2\/pages\/2247"}],"wp:attachment":[{"href":"https:\/\/pos-graduacao.uepb.edu.br\/ppgri\/wp-json\/wp\/v2\/media?parent=2245"}],"curies":[{"name":"wp","href":"https:\/\/api.w.org\/{rel}","templated":true}]}}