{"id":1824,"date":"2022-03-16T12:57:53","date_gmt":"2022-03-16T12:57:53","guid":{"rendered":"https:\/\/pos-graduacao.uepb.edu.br\/ppgri\/?page_id=1824"},"modified":"2026-02-06T10:26:26","modified_gmt":"2026-02-06T10:26:26","slug":"editais-2","status":"publish","type":"page","link":"https:\/\/pos-graduacao.uepb.edu.br\/ppgri\/documentos\/editais-2\/","title":{"rendered":"Editais"},"content":{"rendered":"<div class=\"wpb-content-wrapper\"><p>[vc_row][vc_column][vc_column_text css=&#8221;&#8221;]<\/p>\n<ul>\n<li>Edital de Sele\u00e7\u00e3o de bolsistas 2026\/<a href=\"https:\/\/pos-graduacao.uepb.edu.br\/ppgri\/download\/edital-de-selecao-de-bolsistas-2026\/?wpdmdl=4536&amp;masterkey=OXvdwbAyp06t-VxFwV7DAcUiC_XKaZaDot8Wn8t61oIWNVYYvOHAfqFVPgbS62aGGsldfeU2oqQhChdsQIuMUO0jz8cBkdOADpL7XUOOQgfA\">Download<\/a><\/li>\n<li>Edital turma 2026\/<a href=\"https:\/\/pos-graduacao.uepb.edu.br\/ppgri\/download\/edital-do-processo-seletivo-da-turma-de-discentes-de-2026\/?wpdmdl=4337&amp;masterkey=XRAglQz1W9C0GAEabcJ6-2cRdHoXtdPTd7JB1ekvPtAWG06e6xS4xAxI3tIoStWPORD7wSYvQQxBQ0I3SS0HneVX847JmHhL54phuU1C570\"> Download<\/a><\/li>\n<li>Edital turma 2025\/ <a href=\"https:\/\/pos-graduacao.uepb.edu.br\/ppgri\/download\/edital-do-processo-seletivo-2024\/?wpdmdl=3927&amp;masterkey=e1QFjfGFrbVHB8YBhXqo6PdFPhfmZVPHPDwdVfzTGyMDNRloRZ4zTXFsIh0haNuBTqrfIsYNrVZKR1ALEUj8CdGrwEAUm12kYnzCSMezQoA\">Download<\/a><\/li>\n<li>Edital de Sele\u00e7\u00e3o de Bolsistas 2025\/<a href=\"https:\/\/pos-graduacao.uepb.edu.br\/ppgri\/download\/edital-de-bolsas-ppgri-2025\/?wpdmdl=4149&amp;masterkey=lGrCKptYUez4GjZcJYiwr1EaweD6B6WoBSW5Aig3XAM0O8WK5RR3vF09GZLHYwi9n0_da2tOo9Zp5JCliyjEuyNbAR8uLiA51SavCR2fhcc\"> Download<\/a><\/li>\n<li>Edital\u00a0 turma 2024.1\/ <a href=\"https:\/\/pos-graduacao.uepb.edu.br\/ppgri\/files\/2023\/09\/Processo-Seletivo-PPGRI-2024.pdf\">Download<\/a><\/li>\n<li>Edital de Sele\u00e7\u00e3o de Bolsistas &#8211; Edital PPGRI n\u00ba 01-2024 \/ <a href=\"https:\/\/pos-graduacao.uepb.edu.br\/ppgri\/files\/2024\/02\/Edital-de-Selecao-de-Bolsistas-Edital-PPGRI-no-01-2024.pdf\">Download<\/a><\/li>\n<li>Edital turma 2023.2 \/<a href=\"https:\/\/pos-graduacao.uepb.edu.br\/ppgri\/files\/2023\/04\/EDITAL-02-PPGRI-UEPB.pdf\">Download<\/a><\/li>\n<li>Edital de Selec\u0327a\u0303o de Bolsistas de Mestrado do PPGRI \u2013 2023 \/ <a href=\"https:\/\/pos-graduacao.uepb.edu.br\/ppgri\/files\/2023\/02\/Edital-de-Bolsas-2023.1.pdf\">Download<\/a><\/li>\n<li>Edital\u00a0 turma 2023.1. republicado 26.10.22|<a href=\"https:\/\/pos-graduacao.uepb.edu.br\/ppgri\/files\/2022\/11\/EDITAL-SELECAO-PPGRI-2022-Republicado-26.10.22.pdf\">Download<\/a><\/li>\n<li>Edital no 02\/2022\/ sele\u00e7\u00e3o de bolsistas do programa de Po\u0301s-Graduac\u0327a\u0303o em Rela\u00e7\u00f5es Internacionais<strong>\/<\/strong><a href=\"https:\/\/pos-graduacao.uepb.edu.br\/ppgri\/files\/2023\/02\/Edital-No-02-2022-Selecao-de-Bolsas-para-o-Programa.pdf\">Download<\/a><\/li>\n<li>Edital de professor visitante PPGRI\/2022 |<a href=\"https:\/\/pos-graduacao.uepb.edu.br\/ppgri\/files\/2022\/03\/Edital-Professor-Visitante-PPGRI-2022.pdf\">\u00a0Download<\/a><\/li>\n<li>Edital turma 2021.1\u00a0 \/<a href=\"https:\/\/pos-graduacao.uepb.edu.br\/ppgri\/files\/2024\/03\/Edital-de-selecao-2021.1.pdf\">Download<\/a><\/li>\n<li>Edital turma 2021.2\/ <a href=\"https:\/\/pos-graduacao.uepb.edu.br\/ppgri\/files\/2024\/03\/Edital-selecao-2022-PPGRI-final-1-1.pdf\">Download<\/a><\/li>\n<li>Edital 2020 &#8211; Mestrado PPGRI &#8211; Republicado |\u00a0<a href=\"https:\/\/pos-graduacao.uepb.edu.br\/ppgri\/files\/2024\/04\/Edital-2020-Mestrado-PPGRI-Republicado.pdf\">Download<\/a><\/li>\n<li>Edital Mestrado 2019 PPGRI UEPB |\u00a0<a href=\"https:\/\/pos-graduacao.uepb.edu.br\/ppgri\/files\/2024\/04\/Edital-2018-PPGRI-UEPB-Definitiva-II-1.pdf\">Download<\/a><\/li>\n<li>Edital turma 2018 \/ <a href=\"https:\/\/pos-graduacao.uepb.edu.br\/ppgri\/files\/2024\/04\/Edital-Mestrado-2018-PPGRI-UEPB.pdf\">Download<\/a><\/li>\n<li>Edital de Abertura 2017 | <a href=\"https:\/\/pos-graduacao.uepb.edu.br\/ppgri\/files\/2024\/04\/Edital-2017-Final-PPGRI-UEPB.pdf\">Download<\/a><\/li>\n<li>Edital PPGRI 2016 | <a href=\"https:\/\/pos-graduacao.uepb.edu.br\/ppgri\/files\/2024\/04\/Edital-Selecao-2016.pdf\">Download<\/a><\/li>\n<li>Edital da Sele\u00e7\u00e3o 2015 &#8211; PPGRI |\u00a0<a href=\"https:\/\/pos-graduacao.uepb.edu.br\/ppgri\/files\/2024\/04\/Edital-2015-PPGRI-UEPB.pdf\">Download<\/a><\/li>\n<li>Edital processo seletivo 2014 | <a href=\"https:\/\/pos-graduacao.uepb.edu.br\/ppgri\/files\/2024\/04\/MRI-EDITAL-DO-PROCESSO-SELETIVO-2014.pdf\">Download<\/a><\/li>\n<li>Edital de Credenciamento de Docentes |<a href=\"https:\/\/pos-graduacao.uepb.edu.br\/ppgri\/files\/2019\/12\/PPGRI-Edital-credenciamento-2019-2020.pdf\">\u00a0Download<\/a><\/li>\n<li>Edital de Elei\u00e7\u00f5es Coordena\u00e7\u00e3o PPGRI |\u00a0<a href=\"https:\/\/pos-graduacao.uepb.edu.br\/ppgri\/files\/2021\/08\/Edital-eleicao-PPGRI-UEPB-2021.-1.pdf\">Download<\/a><\/li>\n<li>Edital PNPD &#8211; BOLSA DE P\u00d3S-DOUTORADO | <a href=\"https:\/\/pos-graduacao.uepb.edu.br\/ppgri\/files\/2016\/05\/EDITAL-PNPD-2016.pdf\">Download<\/a><\/li>\n<li>RESOLUCAO-CONSUNI-006-2021-Dispoe-e-estabelece-normas-para-a-contratacao-e-atuacao-de-Professora-Visitante-no-ambito-da-UEPB (1) |\u00a0<a href=\"https:\/\/pos-graduacao.uepb.edu.br\/ppgri\/files\/2024\/04\/RESOLUCAO-CONSUNI-006-2021-Dispoe-e-estabelece-normas-para-a-contratacao-e-atuacao-de-Professora-Visitante-no-ambito-da-UEPB.pdf\">Download<\/a><\/li>\n<\/ul>\n<p>[\/vc_column_text][\/vc_column][\/vc_row]<\/p>\n<\/div>","protected":false},"excerpt":{"rendered":"<p>[vc_row][vc_column][vc_column_text css=&#8221;&#8221;] Edital de Sele\u00e7\u00e3o de bolsistas 2026\/Download Edital turma 2026\/ Download Edital turma 2025\/ Download Edital de Sele\u00e7\u00e3o de Bolsistas 2025\/ Download Edital\u00a0 turma 2024.1\/ Download Edital de Sele\u00e7\u00e3o de Bolsistas &#8211; Edital PPGRI n\u00ba 01-2024 \/ Download Edital turma 2023.2 \/Download Edital de Selec\u0327a\u0303o de Bolsistas de Mestrado do PPGRI \u2013 2023 \/ <a class=\"leiamais\" href=\"https:\/\/pos-graduacao.uepb.edu.br\/ppgri\/documentos\/editais-2\/\">Leia Mais&#8230;<\/a><\/p>\n","protected":false},"author":5,"featured_media":0,"parent":2247,"menu_order":0,"comment_status":"closed","ping_status":"closed","template":"","meta":{"footnotes":""},"class_list":["post-1824","page","type-page","status-publish","hentry"],"_links":{"self":[{"href":"https:\/\/pos-graduacao.uepb.edu.br\/ppgri\/wp-json\/wp\/v2\/pages\/1824","targetHints":{"allow":["GET"]}}],"collection":[{"href":"https:\/\/pos-graduacao.uepb.edu.br\/ppgri\/wp-json\/wp\/v2\/pages"}],"about":[{"href":"https:\/\/pos-graduacao.uepb.edu.br\/ppgri\/wp-json\/wp\/v2\/types\/page"}],"author":[{"embeddable":true,"href":"https:\/\/pos-graduacao.uepb.edu.br\/ppgri\/wp-json\/wp\/v2\/users\/5"}],"replies":[{"embeddable":true,"href":"https:\/\/pos-graduacao.uepb.edu.br\/ppgri\/wp-json\/wp\/v2\/comments?post=1824"}],"version-history":[{"count":47,"href":"https:\/\/pos-graduacao.uepb.edu.br\/ppgri\/wp-json\/wp\/v2\/pages\/1824\/revisions"}],"predecessor-version":[{"id":4539,"href":"https:\/\/pos-graduacao.uepb.edu.br\/ppgri\/wp-json\/wp\/v2\/pages\/1824\/revisions\/4539"}],"up":[{"embeddable":true,"href":"https:\/\/pos-graduacao.uepb.edu.br\/ppgri\/wp-json\/wp\/v2\/pages\/2247"}],"wp:attachment":[{"href":"https:\/\/pos-graduacao.uepb.edu.br\/ppgri\/wp-json\/wp\/v2\/media?parent=1824"}],"curies":[{"name":"wp","href":"https:\/\/api.w.org\/{rel}","templated":true}]}}