{"id":1445,"date":"2021-03-08T14:21:18","date_gmt":"2021-03-08T14:21:18","guid":{"rendered":"https:\/\/pos-graduacao.uepb.edu.br\/ppgri\/?page_id=1445"},"modified":"2022-10-21T11:33:14","modified_gmt":"2022-10-21T11:33:14","slug":"egressos_","status":"publish","type":"page","link":"https:\/\/pos-graduacao.uepb.edu.br\/ppgri\/publicacoes\/egressos_\/","title":{"rendered":"Egressos"},"content":{"rendered":"<p>[wptabs mode=&#8221;horizontal&#8221; type=&#8221;accordion&#8221;]<\/p>\n<p>[wptabtitle]\u00a0ARTIGO EM JORNAL OU REVISTA[\/wptabtitle]<\/p>\n<p>[wptabcontent]<\/p>\n<ul>\n<li><strong>EXPLORA\u00c7\u00c3O DA NATUREZA, EMERG\u00caNCIA CLIM\u00c1TICA E FOME<\/strong><\/li>\n<\/ul>\n<p>Autora principal: Maria Eduarda de Andrade e Sousa<\/p>\n<p>Ano:2021<\/p>\n<ul>\n<li><strong>A COOPERA\u00c7\u00c3O SUL-SUL BRASILEIRA EM HIV\/AIDS: A DOA\u00c7\u00c3O DE ANTIRRETROVIRAIS COMO SOFT POWER DO BRASIL NO CEN\u00c1RIO INTERNACIONAL<\/strong><\/li>\n<\/ul>\n<p>Autora principal:Fab\u00edola Faro Eloy Dunda<\/p>\n<p>Ano:2018<\/p>\n<ul>\n<li><strong>COOPERA\u00c7\u00c3O BRASIL-CHINA EM ENERGIA O BRICS MUDOU ALGUMA COISA?<\/strong><\/li>\n<\/ul>\n<p>Autora principal:Fab\u00edola Faro Eloy Dunda<\/p>\n<p>Ano:2018<\/p>\n<p>[\/wptabcontent]<\/p>\n<p>[wptabtitle] ARTIGO EM PERI\u00d3DICO[\/wptabtitle]<\/p>\n<p>[wptabcontent]<\/p>\n<ul>\n<li><strong>A INSTRUMENTALIZA\u00c7\u00c3O DO SETOR ENERG\u00c9TICO SOB PUTIN-MEDVEDEV (2000-2018) E O RETORNO RUSSO AO TABULEIRO GEOPOL\u00cdTICO INTERNACIONAL<\/strong><\/li>\n<\/ul>\n<p>Autora principal: Fernanda Patricia Silva Albuquerque<\/p>\n<p>Ano:2021<\/p>\n<ul>\n<li><strong>ACORDOS ENTRE ESPANHA E PA\u00cdSES DO NORTE DA \u00c1FRICA COMO MECANISMOS DE CONTROLE DAS MIGRA\u00c7\u00d5ES IRREGULARES NOS ANOS 2000 | AGREEMENTS BETWEEN SPAIN AND NORTH AFRICAN COUNTRIES AS A MECHANISM OF IRREGULAR MIGRATION CONTROL IN THE 2000S<\/strong><\/li>\n<\/ul>\n<p>Autora principal: Ana Beatriz da Costa Mangueira<\/p>\n<p>Ano:2021<\/p>\n<ul>\n<li><strong>DEBT-TRAP DIPLOMACY?: A D\u00cdVIDA COMO FERRAMENTA DE POL\u00cdTICA EXTERNA CHINESA?<\/strong><\/li>\n<\/ul>\n<p>Autora principal: Aline Carolina da Rocha Mota<\/p>\n<p>Ano:2021<\/p>\n<ul>\n<li><strong>DESAFIOS METODOL\u00d3GICOS DA ETNOGRAFIA NOS ESTUDOS PARA A PAZ<\/strong><\/li>\n<\/ul>\n<p>Autor principal: Luan do Nascimento Silva<\/p>\n<p>Ano:2021<\/p>\n<ul>\n<li><strong>LA CONSTRUCCI\u00d3N DE LA PAZ, \u00bfQU\u00c9 PAZ? EL PROBLEMA DE REDUCIR EL CONCEPTO DE PAZ EN LAS OPERACIONES DE PAZ DE LA ONU<\/strong><\/li>\n<\/ul>\n<p>Autora principal: Joyce Kelly Costa Silva<\/p>\n<p>Ano:2021<\/p>\n<ul>\n<li><strong>COMO A RELIGI\u00c3O AFRICANA COMPREENDE A PAZ: UMA PROPOSTA P\u00d3S-COLONIAL PARA A TRANSFORMA\u00c7\u00c3O SOCIAL<\/strong><\/li>\n<\/ul>\n<p>Autor principal: Luan do Nascimento Silva<\/p>\n<p>Ano:2020<\/p>\n<ul>\n<li><strong>DA A\u00c7\u00c3O \u00c0 REA\u00c7\u00c3O: O CASO CHIN\u00caS NA CONSOLIDA\u00c7\u00c3O DO MONOP\u00d3LIO DE ELEMENTOS DE TERRAS RARAS \u00c0 DEMANDA NA ORGANIZA\u00c7\u00c3O MUNDIAL DO COM\u00c9RCIO<\/strong><\/li>\n<\/ul>\n<p>Autora principal: M\u00e9rcia Cristina Gomes de Ara\u00fajo<\/p>\n<p>Ano:2020<\/p>\n<ul>\n<li><strong>GEOPOL\u00cdTICA DA R\u00daSSIA NA REGI\u00c3O ANGLO-AMERICANA: POL\u00cdTICA EXTERNA E ALIAN\u00c7A ESTRAT\u00c9GICA COM O BRASIL (2005 E 2017)<\/strong><\/li>\n<\/ul>\n<p>Autor principal: Arthur Mastroiani M\u00e1ximo de Lucena<\/p>\n<p>Ano:2020<\/p>\n<ul>\n<li><strong>GUERRA H\u00cdBRIDA VS. GIBRIDNAYA VOYNA: OS DIFERENTES SIGNIFICADOS DOS CONFLITOS H\u00cdBRIDOS PARA O OCIDENTE E PARA A R\u00daSSIA<\/strong><\/li>\n<\/ul>\n<p>Autora principal: Maria Eduarda Buonafina Franco Dourado<\/p>\n<p>Ano:2020<\/p>\n<ul>\n<li><strong>IS THERE A CHINESE MONOPOLY-FINANCE CAPITAL?<\/strong><\/li>\n<\/ul>\n<p>Autor principal: Samuel Andr\u00e9 Spellmann Cavalcanti de Farias<\/p>\n<p>Ano:2020<\/p>\n<ul>\n<li><strong>NOVAS DIRE\u00c7\u00d5ES PARA A PROTE\u00c7\u00c3O DA SEGURAN\u00c7A ALIMENTAR NA \u00c1FRICA LUS\u00d3FONA? COOPERA\u00c7\u00c3O T\u00c9CNICA ENTRE O BRASIL E ANGOLA<\/strong><\/li>\n<\/ul>\n<p>Autor principal: Jeane Silva de Freitas<\/p>\n<p>Ano:2020<\/p>\n<ul>\n<li><strong>O PQLP COMO INSTRUMENTO DE PEB E RECURSO DE FORTALECIMENTO DA L\u00cdNGUA PORTUGUESA NO TIMOR LESTE: UMA AN\u00c1LISE CR\u00cdTICA<\/strong><\/li>\n<\/ul>\n<p>Autor principal: Thaisa Bravo Valenzuela e Silva<\/p>\n<p>Ano:2020<\/p>\n<ul>\n<li><strong>REFUGIADOS NA R\u00daSSIA: CAUSAS E CONSEQU\u00caNCIAS DA POLITIZA\u00c7\u00c3O DE UCRANIANOS E DA SECURITIZA\u00c7\u00c3O DE S\u00cdRIOS DURANTE O GOVERNO PUTIN (2014-2017)&lt;\/B&gt;&lt;BR&gt;REFUGEES IN RUSSIA: CAUSES AND CONSEQUENCES OF URANIAN POLITIZATION AND SYRIAN SECURITI-ZATION DURING THE PUTIN GOVERNMENT<\/strong><\/li>\n<\/ul>\n<p>Autor principal: Arthur Mastroiani M\u00e1ximo de Lucena<\/p>\n<p>Ano:2020<\/p>\n<ul>\n<li><strong>THE CHINA BOOM?: WHY CHINA WILL NOT RULE THE WORLD. NEW YORK: COLUMBIA UNIVERSITY PRESS, 2016<\/strong><\/li>\n<\/ul>\n<p>Autor principal: Samuel Andr\u00e9 Spellmann Cavalcanti de Farias<\/p>\n<p>Ano:2020<\/p>\n<ul>\n<li><strong>THE TREND OF REDUCED CHINESE INVESTMENTS IN THE BELT AND ROAD INITIATIVE: SPENDING CONTENTIONS AND PREPARATIONS FOR AN UPCOMING FINANCIAL CRISIS<\/strong><\/li>\n<\/ul>\n<p>Autor principal: Samuel Andr\u00e9 Spellmann Cavalcanti de Farias<\/p>\n<p>Ano:2020<\/p>\n<ul>\n<li><strong>TRANSFER\u00caNCIA PRODUTIVA, TEORIA DA DEPEND\u00caNCIA E FLYING GEESE: A \u00c1FRICA NA REALOCA\u00c7\u00c3O CHINESA<\/strong><\/li>\n<\/ul>\n<p>Autor principal:Br\u00e1ulio Castillo Dutra Borges<\/p>\n<p>Ano:2020<\/p>\n<ul>\n<li><strong>BRAZILIAN EXTERNAL POLICY AND MEDIA: THE MEDIA DIPLOMACY IN THE DILMA IMPEACHMENT CRISIS (2016)<\/strong><\/li>\n<\/ul>\n<p>Autora principal:Thais Emmanuelle Cirino Maximino da Silva<\/p>\n<p>Ano:2019<\/p>\n<ul>\n<li><strong>CHINA DREAMS: 20 VISIONS OF THE FUTURE<\/strong><\/li>\n<\/ul>\n<p>Autor principal: Samuel Andr\u00e9 Spellmann Cavalcanti de Farias<\/p>\n<p>Ano:2019<\/p>\n<ul>\n<li><strong>COMO A RELIGI\u00c3O AFRICANA COMPREENDE A PAZ: UMA PROPOSTA P\u00d3S-COLONIAL PARA A TRANSFORMA\u00c7\u00c3O SOCIAL<\/strong><\/li>\n<\/ul>\n<p>Autor principal: Luan do Nascimento Silva<\/p>\n<p>Ano:2019<\/p>\n<ul>\n<li><strong>GEOPOL\u00cdTICA DA R\u00daSSIA NA REGI\u00c3O ANGLO-AMERICANA: POL\u00cdTICA EXTERNA E ALIAN\u00c7A ESTRAT\u00c9GICA COM O BRASIL (2005 E 2017)<\/strong><\/li>\n<\/ul>\n<p>Autor principal: Arthur Mastroiani M\u00e1ximo de Lucena<\/p>\n<p>Ano:2019<\/p>\n<ul>\n<li><strong>M\u00cdDIA E POL\u00cdTICA EXTERNA BRASILEIRA: A DIPLOMACIA MIDI\u00c1TICA NA CRISE DO IMPEACHMENT DE DILMA (2016)<\/strong><\/li>\n<\/ul>\n<p>Autora principal:Thais Emmanuelle Cirino Maximino da Silva<\/p>\n<p>Ano:2019<\/p>\n<ul>\n<li><strong>O ACOLHIMENTO DOS REFUGIADOS NA UNI\u00c3O EUROPEIA EM VIRTUDE DA SECURITIZA\u00c7\u00c3O DA MIGRA\u00c7\u00c3O NA REGI\u00c3O<\/strong><\/li>\n<\/ul>\n<p>Autora principal: Ana Beatriz da Costa Mangueira<\/p>\n<p>Ano:2019<\/p>\n<ul>\n<li><strong>PROCESS TRACING COMO MECANISMO DE AN\u00c1LISE DE TRAJET\u00d3RIA: DO 11 DE SETEMBRO \u00c0 GUERRA AO TERROR E O CAMINHO PARA A GUERRA DO IRAQUE<\/strong><\/li>\n<\/ul>\n<p>Autora principal:Aline Gomes de Albuquerque<\/p>\n<p>Ano:2019<\/p>\n<ul>\n<li><strong>CONSTRU\u00c7\u00c3O DE IDENTIDADE: ELEMENTOS PARA A CONSTRU\u00c7\u00c3O DA IMAGEM NEGATIVA DO JAP\u00c3O PARA A CHINA<\/strong><\/li>\n<\/ul>\n<p>Autora principal:Aline Gomes de Albuquerque<\/p>\n<p>Ano:2018<\/p>\n<ul>\n<li><strong>LA POL\u00cdTICA EXTERIOR DE DILMA ROUSSEFF Y ENRIQUE PE\u00d1A NIETO (2011-2015): LA EQUIDISTANCIA PROTOCOLARIA DEL EJE ?MARIACHI-BOSSA NOVA?<\/strong><\/li>\n<\/ul>\n<p>Autor principal:Gabriel Fernandes Caetano<\/p>\n<p>Ano:2018<\/p>\n<ul>\n<li><strong>O REGIME INTERNACIONAL DOS REFUGIADOS E OS INSTRUMENTOS DE PROTE\u00c7\u00c3O JUR\u00cdDICA EM N\u00cdVEL INTERNACIONAL E LATINO-AMERICANO<\/strong><\/li>\n<\/ul>\n<p>Autora principal:Thalita Franciely de Melo Silva<\/p>\n<p>Ano:2018<\/p>\n<ul>\n<li><strong>O TERRORISMO ISL\u00c2MICO E A POL\u00cdTICA ESTADUNIDENSE DE REASSENTAMENTO DE REFUGIADOS S\u00cdRIOS<\/strong><\/li>\n<\/ul>\n<p>Autor principal:Igor Henriques Sabino de Farias<\/p>\n<p>Ano:2018<\/p>\n<ul>\n<li><strong>UBUNTU E RECONCILIA\u00c7\u00c3O: ESTRAT\u00c9GIAS ART\u00cdSTICAS PARA A CONSTRU\u00c7\u00c3O DA PAZ NA \u00c1FRICA DO SUL P\u00d3S- APARTHEID<\/strong><\/li>\n<\/ul>\n<p>Autor principal:Luan do Nascimento Silva<\/p>\n<p>Ano:2018<\/p>\n<ul>\n<li>C<strong>OMO AS INSTITUI\u00c7\u00d5ES AFETAM A REPRESENTA\u00c7\u00c3O POL\u00cdTICA: REVISITANDO ALGUNS CONCEITOS<\/strong><\/li>\n<\/ul>\n<p>Autor principal:Saulo Felipe Costa<\/p>\n<p>Ano:2017<\/p>\n<ul>\n<li><strong>PLANO ALIAN\u00c7A PARA A PROSPERIDADE DO TRI\u00c2NGULO NORTE CENTROAMERICANO, UMA SOLU\u00c7\u00c3O DUR\u00c1VEL PARA A MIGRA\u00c7\u00c3O SUL-NORTE?<\/strong><\/li>\n<\/ul>\n<p>Autor principal:Gabriel Fernandes Caetano<\/p>\n<p>Ano:2017<\/p>\n<p>[\/wptabcontent]<\/p>\n<p>&nbsp;<\/p>\n<p>&nbsp;<\/p>\n<p>&nbsp;<\/p>\n<p>&nbsp;<\/p>\n","protected":false},"excerpt":{"rendered":"<p>[wptabs mode=&#8221;horizontal&#8221; type=&#8221;accordion&#8221;] [wptabtitle]\u00a0ARTIGO EM JORNAL OU REVISTA[\/wptabtitle] [wptabcontent] EXPLORA\u00c7\u00c3O DA NATUREZA, EMERG\u00caNCIA CLIM\u00c1TICA E FOME Autora principal: Maria Eduarda de Andrade e Sousa Ano:2021 A COOPERA\u00c7\u00c3O SUL-SUL BRASILEIRA EM HIV\/AIDS: A DOA\u00c7\u00c3O DE ANTIRRETROVIRAIS COMO SOFT POWER DO BRASIL NO CEN\u00c1RIO INTERNACIONAL Autora principal:Fab\u00edola Faro Eloy Dunda Ano:2018 COOPERA\u00c7\u00c3O BRASIL-CHINA EM ENERGIA O BRICS <a class=\"leiamais\" href=\"https:\/\/pos-graduacao.uepb.edu.br\/ppgri\/publicacoes\/egressos_\/\">Leia Mais&#8230;<\/a><\/p>\n","protected":false},"author":5,"featured_media":0,"parent":1403,"menu_order":0,"comment_status":"closed","ping_status":"closed","template":"","meta":{"footnotes":""},"class_list":["post-1445","page","type-page","status-publish","hentry"],"_links":{"self":[{"href":"https:\/\/pos-graduacao.uepb.edu.br\/ppgri\/wp-json\/wp\/v2\/pages\/1445","targetHints":{"allow":["GET"]}}],"collection":[{"href":"https:\/\/pos-graduacao.uepb.edu.br\/ppgri\/wp-json\/wp\/v2\/pages"}],"about":[{"href":"https:\/\/pos-graduacao.uepb.edu.br\/ppgri\/wp-json\/wp\/v2\/types\/page"}],"author":[{"embeddable":true,"href":"https:\/\/pos-graduacao.uepb.edu.br\/ppgri\/wp-json\/wp\/v2\/users\/5"}],"replies":[{"embeddable":true,"href":"https:\/\/pos-graduacao.uepb.edu.br\/ppgri\/wp-json\/wp\/v2\/comments?post=1445"}],"version-history":[{"count":55,"href":"https:\/\/pos-graduacao.uepb.edu.br\/ppgri\/wp-json\/wp\/v2\/pages\/1445\/revisions"}],"predecessor-version":[{"id":2461,"href":"https:\/\/pos-graduacao.uepb.edu.br\/ppgri\/wp-json\/wp\/v2\/pages\/1445\/revisions\/2461"}],"up":[{"embeddable":true,"href":"https:\/\/pos-graduacao.uepb.edu.br\/ppgri\/wp-json\/wp\/v2\/pages\/1403"}],"wp:attachment":[{"href":"https:\/\/pos-graduacao.uepb.edu.br\/ppgri\/wp-json\/wp\/v2\/media?parent=1445"}],"curies":[{"name":"wp","href":"https:\/\/api.w.org\/{rel}","templated":true}]}}