{"id":1428,"date":"2021-03-08T14:01:21","date_gmt":"2021-03-08T14:01:21","guid":{"rendered":"https:\/\/pos-graduacao.uepb.edu.br\/ppgri\/?page_id=1428"},"modified":"2022-06-27T12:52:19","modified_gmt":"2022-06-27T12:52:19","slug":"mesas-redondas","status":"publish","type":"page","link":"https:\/\/pos-graduacao.uepb.edu.br\/ppgri\/eventos\/mesas-redondas\/","title":{"rendered":"Mesas-Redondas"},"content":{"rendered":"<p>As tens\u00f5es entre a Ucr\u00e2nia e a R\u00fassia est\u00e3o em seu ponto mais alto em anos, com o ac\u00famulo de tropas russas perto das fronteiras das duas na\u00e7\u00f5es, gerando temores de que Moscou possa lan\u00e7ar uma invas\u00e3o. \u00c0 medida que a R\u00fassia posiciona dezenas de milhares de soldados ao longo da fronteira ucraniana, crescem as preocupa\u00e7\u00f5es de uma invas\u00e3o. As negocia\u00e7\u00f5es diplom\u00e1ticas entre os EUA e seus aliados, R\u00fassia e Ucr\u00e2nia, at\u00e9 agora n\u00e3o produziram grandes avan\u00e7os. Quais s\u00e3o as motiva\u00e7\u00f5es e poss\u00edveis desdobramentos da crise na fronteira R\u00fassia-Ucr\u00e2nia? O Programa de P\u00f3s-Gradua\u00e7\u00e3o em Rela\u00e7\u00f5es Internacionais da Universidade Estadual da Para\u00edba (PPGRI UEPB) inaugura a iniciativa PPGRI em Debate, trazendo discentes e egressos do Programa debatendo temas relevantes da pol\u00edtica internacional ao lado de convidados que possam enriquecer o debate. Na pr\u00f3xima quarta-feira (16.02), \u00e0s 14h30, no canal do PPGRI UEPB no YouTube, os mestres Arthur Mastroiani, Fernanda Albuquerque e Maria Eduarda Dourado &#8211; todos egressos do PPGRI &#8211; recebem o Prof. Dr. Dmitri F\u00e9lix do Nascimento para debater a crise na regi\u00e3o. Link: <a href=\"https:\/\/www.youtube.com\/watch?v=44Pc5Sj_-m8\">https:\/\/www.youtube.com\/watch?v=44Pc5Sj_-m8<\/a><\/p>\n<p>[PPGRI UEPB] Lan\u00e7amento do Livro: A luta contra o terrorismo: os Estados Unidos e os amigos talib\u00e3s &#8211; Prof. Reginaldo Nasser Palestra de lan\u00e7amento do livro &#8220;A luta contra o terrorismo: os Estados Unidos e os amigos talib\u00e3s&#8221;, com o autor, o Prof. Dr. Reginaldo Nasser. O livro foi lan\u00e7ado pela Editora Contracorrente em 2021 e pode ser adquirido no site da editora, ou pela Amazon. O evento \u00e9 uma organiza\u00e7\u00e3o do Programa de P\u00f3s-Gradua\u00e7\u00e3o em Rela\u00e7\u00f5es Internacionais da Universidade Estadual da Para\u00edba (PPGRI UEPB) e conta com o apoio do Centro de Estudos em Pol\u00edtica, Rela\u00e7\u00f5es Internacionais e Religi\u00e3o (CEPRIR &#8211; CNPq\/UEPB). A modera\u00e7\u00e3o ser\u00e1 do Prof. Dr. F\u00e1bio Nobre (PPGRI UEPB\/CEPRIR). Link: <a href=\"https:\/\/www.youtube.com\/watch?v=qmi3AfR0lTM\">https:\/\/www.youtube.com\/watch?v=qmi3AfR0lTM<\/a><\/p>\n<p>&nbsp;<\/p>\n<p>O professor de Rela\u00e7\u00f5es Internacionais Alexandre C\u00e9sar Cunha Leite fala sobre o papel da China no mundo. Ele explica as mudan\u00e7as hist\u00f3ricas ocorridas no pa\u00eds no s\u00e9culo XX e os impactos da ado\u00e7\u00e3o de uma economia planejada. Leite fala sobre a estrutura do Partido Comunista Chin\u00eas e demonstra como existe uma ramifica\u00e7\u00e3o muito grande da estrutura decis\u00f3ria no pa\u00eds. O professor analisa as contradi\u00e7\u00f5es entre o ide\u00e1rio socialista e o capitalismo de mercado adotado pelo pa\u00eds e aponta que o principal desafio interno do pa\u00eds deve ser a quest\u00e3o da desigualdade de renda. Alexandre Leite fala sobre os desafios chineses nas \u00e1reas de tecnologia e de meio ambiente e comenta a cria\u00e7\u00e3o da nova rota da seda pelo pa\u00eds. O professor analisa a rela\u00e7\u00e3o dos Estados Unidos com a China e comenta os impactos do pa\u00eds asi\u00e1tico com a Am\u00e9rica Latina. Ele descreve a influ\u00eancia da China no Brasil e a nossa depend\u00eancia econ\u00f4mica dos chineses. O professor tamb\u00e9m demonstra como a quest\u00e3o cultural afeta as rela\u00e7\u00f5es internacionais chinesas e discute os impactos de discursos que demonizam a China. Alexandre C\u00e9sar Cunha Leite, prof. Rela\u00e7\u00f5es Internacionais\/UEPB. Link: <a href=\"https:\/\/www.youtube.com\/watch?v=g6zRiwB0FPg\">https:\/\/www.youtube.com\/watch?v=g6zRiwB0FPg<\/a><\/p>\n","protected":false},"excerpt":{"rendered":"<p>As tens\u00f5es entre a Ucr\u00e2nia e a R\u00fassia est\u00e3o em seu ponto mais alto em anos, com o ac\u00famulo de tropas russas perto das fronteiras das duas na\u00e7\u00f5es, gerando temores de que Moscou possa lan\u00e7ar uma invas\u00e3o. \u00c0 medida que a R\u00fassia posiciona dezenas de milhares de soldados ao longo da fronteira ucraniana, crescem as <a class=\"leiamais\" href=\"https:\/\/pos-graduacao.uepb.edu.br\/ppgri\/eventos\/mesas-redondas\/\">Leia Mais&#8230;<\/a><\/p>\n","protected":false},"author":5,"featured_media":0,"parent":1417,"menu_order":0,"comment_status":"closed","ping_status":"closed","template":"","meta":{"footnotes":""},"class_list":["post-1428","page","type-page","status-publish","hentry"],"_links":{"self":[{"href":"https:\/\/pos-graduacao.uepb.edu.br\/ppgri\/wp-json\/wp\/v2\/pages\/1428","targetHints":{"allow":["GET"]}}],"collection":[{"href":"https:\/\/pos-graduacao.uepb.edu.br\/ppgri\/wp-json\/wp\/v2\/pages"}],"about":[{"href":"https:\/\/pos-graduacao.uepb.edu.br\/ppgri\/wp-json\/wp\/v2\/types\/page"}],"author":[{"embeddable":true,"href":"https:\/\/pos-graduacao.uepb.edu.br\/ppgri\/wp-json\/wp\/v2\/users\/5"}],"replies":[{"embeddable":true,"href":"https:\/\/pos-graduacao.uepb.edu.br\/ppgri\/wp-json\/wp\/v2\/comments?post=1428"}],"version-history":[{"count":8,"href":"https:\/\/pos-graduacao.uepb.edu.br\/ppgri\/wp-json\/wp\/v2\/pages\/1428\/revisions"}],"predecessor-version":[{"id":2080,"href":"https:\/\/pos-graduacao.uepb.edu.br\/ppgri\/wp-json\/wp\/v2\/pages\/1428\/revisions\/2080"}],"up":[{"embeddable":true,"href":"https:\/\/pos-graduacao.uepb.edu.br\/ppgri\/wp-json\/wp\/v2\/pages\/1417"}],"wp:attachment":[{"href":"https:\/\/pos-graduacao.uepb.edu.br\/ppgri\/wp-json\/wp\/v2\/media?parent=1428"}],"curies":[{"name":"wp","href":"https:\/\/api.w.org\/{rel}","templated":true}]}}