{"id":1419,"date":"2021-03-08T14:00:53","date_gmt":"2021-03-08T14:00:53","guid":{"rendered":"https:\/\/pos-graduacao.uepb.edu.br\/ppgri\/?page_id=1419"},"modified":"2022-06-10T11:46:25","modified_gmt":"2022-06-10T11:46:25","slug":"webinars","status":"publish","type":"page","link":"https:\/\/pos-graduacao.uepb.edu.br\/ppgri\/eventos\/webinars\/","title":{"rendered":"Webinars"},"content":{"rendered":"<p>O PPGRI da UEPB organizou, no dia 20\/07\/2020, em parceria com o Centro de Estudos em Pol\u00edtica, Rela\u00e7\u00f5es Internacionais e Religi\u00e3o (CEPRIR), o webinar &#8220;Religi\u00e3o e Rela\u00e7\u00f5es Internacionais em Tempos de Pandemia: Revis\u00e3o de um Conceito de Progresso Esgotado&#8221;. O evento contou com os convidados Anna Carletti (UNIPAMPA\/PPGRI UEPB\/CEPRIR), F\u00e1bio Nobre (PPGRI UEPB\/CEPRIR), Patr\u00edcia Prado (PUC Minas\/ISTA) e F\u00e1bio R\u00e9gio Bento (UNIPAMPA\/PPGRI UEPB\/CEPRIR). Na ocasi\u00e3o, os professores discutiram o estado da tem\u00e1tica de Religi\u00e3o e Rela\u00e7\u00f5es Internacionais no contexto da pandemia de Covid19, e seus v\u00ednculos com viol\u00eancia, nacionalismos, fundamentalismos e uma pr\u00f3pria revis\u00e3o epistemol\u00f3gica e ontol\u00f3gica da ideia moderna de progresso. Link:<a href=\"https:\/\/www.youtube.com\/watch?v=FFaiRYRb2f0\"> https:\/\/www.youtube.com\/watch?v=FFaiRYRb2f0<\/a><\/p>\n<p>&nbsp;<\/p>\n<p>O PPGRI da UEPB organizou, no dia 13\/07\/2020, o webinar &#8220;Uma Nova Normalidade: Perspectivas e Cen\u00e1rios P\u00f3s-Pandemia&#8221;. O evento contou com os convidados Esteban Muslera (UNAH), Diana Marcelo Agudelo (Universidad Externado de Colombia) e Paulo Kuhlmann (PPGRI\/UEPB). Na ocasi\u00e3o, os professores discutiram a Campanha Uma Nova Normalidade \/ Una Nueva Normalidad, e fizeram a exposi\u00e7\u00e3o de suas perspectivas para a constru\u00e7\u00e3o de uma realidade transformada para o per\u00edodo p\u00f3s-pandemia de COVID-19, e como alcan\u00e7\u00e1-la. Link: <a href=\"https:\/\/www.youtube.com\/watch?v=u1TCoPKTqA4\">https:\/\/www.youtube.com\/watch?v=u1TCoPKTqA4<\/a><\/p>\n<p>&nbsp;<\/p>\n<p>O PPGRI da UEPB organizou, no dia 04\/08\/2020, o webinar &#8220;Mediating the Arab Spring: Reclaiming Egypt\u2019s Lost Archive&#8221;. O evento contou com as professoras Ana Paula Maielo Silva (PPGRI UEPB \/ Macquarie University) e Jumana Bayeh (Macquarie University). Ana Paula Maielo Silva \u00e9 Professora Adjunta do Departamento de Rela\u00e7\u00f5es Internacionais e do Programa de P\u00f3s-Gradua\u00e7\u00e3o em Rela\u00e7\u00f5es Internacionais da UEPB. Foi pesquisadora visitante na Universidade de Sydney e atualmente \u00e9 Professora Visitante na Universidade Macquarie, em Sydney, Austr\u00e1lia, onde est\u00e1 realizando p\u00f3s-doutorado com a pesquisa Epistemologias, g\u00eanero e religi\u00e3o: as experi\u00eancias das mulheres mu\u00e7ulmanas e os desafios conceituais ao feminismo secular. Tamb\u00e9m desenvolve pesquisa na \u00e1rea de metodologias ativas no ensino e aprendizagem em Rela\u00e7\u00f5es Internacionais. Jumana Bayeh \u00e9 professora s\u00eanior na Universidade Macquarie, em Sydney, Austr\u00e1lia. Seu trabalho abrange os campos dos estudos liter\u00e1rios e da pol\u00edtica, principalmente os do Oriente M\u00e9dio. Ela j\u00e1 realizou bolsas de pesquisa na Universidade de Toronto, na Universidade de Edimburgo e na Universidade Libanesa em Beirute. \u00c9 autora de \u201cThe Literature of the Lebanese Diaspora\u201d, al\u00e9m de v\u00e1rios artigos sobre di\u00e1sporas do Oriente M\u00e9dio. Atualmente, ela est\u00e1 trabalhando em um projeto que examina a literatura da di\u00e1spora \u00e1rabe angl\u00f3fona e faz parte de uma equipe que estuda o ressurgimento global de protestos. Link: https: <a href=\"https:\/\/www.youtube.com\/watch?v=is7EPH9_wMY\">https:\/\/www.youtube.com\/watch?v=is7EPH9_wMY<\/a><\/p>\n<p>&nbsp;<\/p>\n<p>&nbsp;<\/p>\n<p>&nbsp;<\/p>\n","protected":false},"excerpt":{"rendered":"<p>O PPGRI da UEPB organizou, no dia 20\/07\/2020, em parceria com o Centro de Estudos em Pol\u00edtica, Rela\u00e7\u00f5es Internacionais e Religi\u00e3o (CEPRIR), o webinar &#8220;Religi\u00e3o e Rela\u00e7\u00f5es Internacionais em Tempos de Pandemia: Revis\u00e3o de um Conceito de Progresso Esgotado&#8221;. O evento contou com os convidados Anna Carletti (UNIPAMPA\/PPGRI UEPB\/CEPRIR), F\u00e1bio Nobre (PPGRI UEPB\/CEPRIR), Patr\u00edcia Prado <a class=\"leiamais\" href=\"https:\/\/pos-graduacao.uepb.edu.br\/ppgri\/eventos\/webinars\/\">Leia Mais&#8230;<\/a><\/p>\n","protected":false},"author":5,"featured_media":0,"parent":1417,"menu_order":0,"comment_status":"closed","ping_status":"closed","template":"","meta":{"footnotes":""},"class_list":["post-1419","page","type-page","status-publish","hentry"],"_links":{"self":[{"href":"https:\/\/pos-graduacao.uepb.edu.br\/ppgri\/wp-json\/wp\/v2\/pages\/1419","targetHints":{"allow":["GET"]}}],"collection":[{"href":"https:\/\/pos-graduacao.uepb.edu.br\/ppgri\/wp-json\/wp\/v2\/pages"}],"about":[{"href":"https:\/\/pos-graduacao.uepb.edu.br\/ppgri\/wp-json\/wp\/v2\/types\/page"}],"author":[{"embeddable":true,"href":"https:\/\/pos-graduacao.uepb.edu.br\/ppgri\/wp-json\/wp\/v2\/users\/5"}],"replies":[{"embeddable":true,"href":"https:\/\/pos-graduacao.uepb.edu.br\/ppgri\/wp-json\/wp\/v2\/comments?post=1419"}],"version-history":[{"count":6,"href":"https:\/\/pos-graduacao.uepb.edu.br\/ppgri\/wp-json\/wp\/v2\/pages\/1419\/revisions"}],"predecessor-version":[{"id":2072,"href":"https:\/\/pos-graduacao.uepb.edu.br\/ppgri\/wp-json\/wp\/v2\/pages\/1419\/revisions\/2072"}],"up":[{"embeddable":true,"href":"https:\/\/pos-graduacao.uepb.edu.br\/ppgri\/wp-json\/wp\/v2\/pages\/1417"}],"wp:attachment":[{"href":"https:\/\/pos-graduacao.uepb.edu.br\/ppgri\/wp-json\/wp\/v2\/media?parent=1419"}],"curies":[{"name":"wp","href":"https:\/\/api.w.org\/{rel}","templated":true}]}}