{"id":1418,"date":"2021-03-08T14:00:38","date_gmt":"2021-03-08T14:00:38","guid":{"rendered":"https:\/\/pos-graduacao.uepb.edu.br\/ppgri\/?page_id=1418"},"modified":"2022-06-27T12:53:26","modified_gmt":"2022-06-27T12:53:26","slug":"seminarios","status":"publish","type":"page","link":"https:\/\/pos-graduacao.uepb.edu.br\/ppgri\/eventos\/seminarios\/","title":{"rendered":"Semin\u00e1rios"},"content":{"rendered":"<p>O Programa de P\u00f3s-Gradua\u00e7\u00e3o em Rela\u00e7\u00f5es Internacionais convida a comunidade acad\u00eamica do PPGRI\/UEPB,\u00a0 para assistirem o o Semin\u00e1rio Internacional Timor-Leste em Foco, que ser\u00e1 realizado nos dias 28 e 29 de junho. Teremos a participa\u00e7\u00e3o de pesquisadoras\/es do PPGRI, da Universidade de Aveiro, da Universidade Federal Fluminense e dois egressos da nossa gradua\u00e7\u00e3o, que falam desde o Timor-Leste.<\/p>\n<p>&nbsp;<\/p>\n<p><a href=\"https:\/\/pos-graduacao.uepb.edu.br\/ppgri\/files\/2022\/06\/Programa2806-e-2906.pdf\">Programa\u00e7\u00e3o do evento<\/a><\/p>\n<p><a href=\"https:\/\/pos-graduacao.uepb.edu.br\/ppgri\/files\/2022\/06\/FolderInsc2806-e-2906-2-1.pdf\">Inscri\u00e7\u00e3o<\/a><\/p>\n","protected":false},"excerpt":{"rendered":"<p>O Programa de P\u00f3s-Gradua\u00e7\u00e3o em Rela\u00e7\u00f5es Internacionais convida a comunidade acad\u00eamica do PPGRI\/UEPB,\u00a0 para assistirem o o Semin\u00e1rio Internacional Timor-Leste em Foco, que ser\u00e1 realizado nos dias 28 e 29 de junho. Teremos a participa\u00e7\u00e3o de pesquisadoras\/es do PPGRI, da Universidade de Aveiro, da Universidade Federal Fluminense e dois egressos da nossa gradua\u00e7\u00e3o, que falam <a class=\"leiamais\" href=\"https:\/\/pos-graduacao.uepb.edu.br\/ppgri\/eventos\/seminarios\/\">Leia Mais&#8230;<\/a><\/p>\n","protected":false},"author":5,"featured_media":0,"parent":1417,"menu_order":0,"comment_status":"closed","ping_status":"closed","template":"","meta":{"footnotes":""},"class_list":["post-1418","page","type-page","status-publish","hentry"],"_links":{"self":[{"href":"https:\/\/pos-graduacao.uepb.edu.br\/ppgri\/wp-json\/wp\/v2\/pages\/1418","targetHints":{"allow":["GET"]}}],"collection":[{"href":"https:\/\/pos-graduacao.uepb.edu.br\/ppgri\/wp-json\/wp\/v2\/pages"}],"about":[{"href":"https:\/\/pos-graduacao.uepb.edu.br\/ppgri\/wp-json\/wp\/v2\/types\/page"}],"author":[{"embeddable":true,"href":"https:\/\/pos-graduacao.uepb.edu.br\/ppgri\/wp-json\/wp\/v2\/users\/5"}],"replies":[{"embeddable":true,"href":"https:\/\/pos-graduacao.uepb.edu.br\/ppgri\/wp-json\/wp\/v2\/comments?post=1418"}],"version-history":[{"count":8,"href":"https:\/\/pos-graduacao.uepb.edu.br\/ppgri\/wp-json\/wp\/v2\/pages\/1418\/revisions"}],"predecessor-version":[{"id":2281,"href":"https:\/\/pos-graduacao.uepb.edu.br\/ppgri\/wp-json\/wp\/v2\/pages\/1418\/revisions\/2281"}],"up":[{"embeddable":true,"href":"https:\/\/pos-graduacao.uepb.edu.br\/ppgri\/wp-json\/wp\/v2\/pages\/1417"}],"wp:attachment":[{"href":"https:\/\/pos-graduacao.uepb.edu.br\/ppgri\/wp-json\/wp\/v2\/media?parent=1418"}],"curies":[{"name":"wp","href":"https:\/\/api.w.org\/{rel}","templated":true}]}}