{"id":1406,"date":"2021-03-08T13:39:47","date_gmt":"2021-03-08T13:39:47","guid":{"rendered":"https:\/\/pos-graduacao.uepb.edu.br\/ppgri\/?page_id=1406"},"modified":"2024-11-04T17:08:03","modified_gmt":"2024-11-04T17:08:03","slug":"docentes","status":"publish","type":"page","link":"https:\/\/pos-graduacao.uepb.edu.br\/ppgri\/publicacoes\/docentes\/","title":{"rendered":"Docentes"},"content":{"rendered":"<p>[wptabs mode=&#8221;horizontal&#8221; type=&#8221;accordion&#8221;]<\/p>\n<p>[wptabtitle]\u00a0ARTIGO EM JORNAL OU REVISTA[\/wptabtitle]<\/p>\n<p>[wptabcontent]<\/p>\n<ul>\n<li><strong>A desindustrializa\u00e7\u00e3o da economia brasileira: novas evid\u00eancias e o papel da reestrutura\u00e7\u00e3o produtiva dos anos 1990 nesse processo<\/strong><\/li>\n<\/ul>\n<p>Autor principal: Lucas Milanez de Lima Almeida<\/p>\n<p>Ano 2021<\/p>\n<ul>\n<li><strong>A CRIMINALIZA\u00c7\u00c3O DA MIS\u00c9RIA: O QUE \u00c9 SER HUMANO<\/strong><\/li>\n<\/ul>\n<p>Autor principal: Paulo Roberto Loyolla Kuhlmann<\/p>\n<p>Ano:2021<\/p>\n<ul>\n<li><strong>A FOME \u00c9 O PONTO CR\u00cdTICO<\/strong><\/li>\n<\/ul>\n<p>Autor principal: Alexandre Cesar Cunha Leite<\/p>\n<p>Ano:2021<\/p>\n<ul>\n<li><strong>A MORAL DA HIST\u00d3RIA DA F\u00c1BULA DA CIGARRA E DA FORMIGA: QUAL SOCIEDADE QUEREMOS?<\/strong><\/li>\n<\/ul>\n<p>Autor principal: Paulo Roberto Loyolla Kuhlmann<\/p>\n<p>Ano:2021<\/p>\n<ul>\n<li><strong>BRASIL: LAS DESIGUALDADES EDUCACIONALES ANTE LA PANDEMIA Y LA NECESIDAD DE POL\u00cdTICAS P\u00daBLICAS ASERTIVAS<\/strong><\/li>\n<\/ul>\n<p>Autor principal: Carlos Enrique Ruiz Ferreira<\/p>\n<p>Ano:2021<\/p>\n<ul>\n<li><strong>COLONIZA\u00c7\u00c3O, SUPREMACIA CULTURAL E O IMP\u00c9RIO DA FOME NO BRASIL<\/strong><\/li>\n<\/ul>\n<p>Autor principal: Alexandre Cesar Cunha Leite<\/p>\n<p>Ano:2021<\/p>\n<ul>\n<li><strong>SOLIDARIEDADE: O ATO DE ENXERGAR O QUE O PODER P\u00daBLICO INSISTE EM N\u00c3O VER<\/strong><\/li>\n<\/ul>\n<p>Autor principal: Alexandre Cesar Cunha Leite<\/p>\n<p>Ano:2021<\/p>\n<p>&nbsp;<\/p>\n<ul>\n<li><strong>A IMAGEM AMBIENTAL DO BRASIL NO GOVERNO BOLSONARO: AN\u00c1LISE DE UMA PERCEP\u00c7\u00c3O LATINO-AMERICANA<\/strong><\/li>\n<\/ul>\n<p>Autor principal: Filipe Reis Melo<\/p>\n<p>Ano:2020<\/p>\n<ul>\n<li><strong>A RELIGI\u00c3O GLOBAL NO CONTEXTO DA PANDEMIA DE COVID-19 E AS IMPLICA\u00c7\u00d5ES POL\u00cdTICO-RELIGIOSAS NO BRASIL<\/strong><\/li>\n<\/ul>\n<p>Autora principal: Anna Carletti<\/p>\n<p>Ano:2020<\/p>\n<ul>\n<li><strong>DESIGUALDADES SOCIAIS INTENSIFICADAS COM A PANDEMIA E A NECESSIDADE DE POL\u00cdTICAS P\u00daBLICAS<\/strong><\/li>\n<\/ul>\n<p>Autor principal: Carlos Enrique Ruiz Ferreira<\/p>\n<p>Ano:2020<\/p>\n<ul>\n<li><strong>EDUCA\u00c7\u00c3O SUPERIOR, CI\u00caNCIA E TECNOLOGIA NA PARA\u00cdBA, DESTAQUES NACIONAIS DE 2019 E SUAS FUNDAMENTA\u00c7\u00d5ES<\/strong><\/li>\n<\/ul>\n<p>Autor principal: Carlos Enrique Ruiz Ferreira<\/p>\n<p>Ano:2020<\/p>\n<ul>\n<li><strong>GUERRA H\u00cdBRIDA VS. GIBRIDNAYA VOYNA: OS DIFERENTES SIGNIFICADOS DOS CONFLITOS H\u00cdBRIDOS PARA O OCIDENTE E PARA A R\u00daSSIA<\/strong><\/li>\n<\/ul>\n<p>Autor principal: F\u00e1bio Rodrigo Ferreira Nobre<\/p>\n<p>Ano:2020<\/p>\n<ul>\n<li><strong>INVAS\u00c3O \u00c0 CRIMEIA: INFLU\u00caNCIA OCIDENTAL NA UCR\u00c2NIA E RETALIA\u00c7\u00c3O RUSSA<\/strong><\/li>\n<\/ul>\n<p>Autor principal:\u00a0 Alexandre Cesar Cunha Leite<\/p>\n<p>Ano:2020<\/p>\n<ul>\n<li><strong>OS ESTUDANTES TIMORENSES EM REDE: LA\u00c7OS SOCIAIS E CONFORTO EMOCIONAL FRENTE \u00c0 SOLID\u00c3O DA EXPERI\u00caNCIA MIGRAT\u00d3RIA NO BRASIL E EM PORTUGAL<\/strong><\/li>\n<\/ul>\n<p>Autora principal: Silvia Garcia Nogueira<\/p>\n<p>Ano:2020<\/p>\n<ul>\n<li><strong>THE CHINESE SOUTH-SOUTH DEVELOPMENT COOPERATION: AN ASSESSMENT OF ITS STRUCTURAL TRANSFORMATION<\/strong><\/li>\n<\/ul>\n<p>Autor principal:\u00a0 Alexandre Cesar Cunha Leite<\/p>\n<p>Ano:2020<\/p>\n<ul>\n<li><strong>COMO A RELIGI\u00c3O AFRICANA COMPREENDE A PAZ: UMA PROPOSTA P\u00d3S-COLONIAL PARA A TRANSFORMA\u00c7\u00c3O SOCIAL<\/strong><\/li>\n<\/ul>\n<p>Autor principal: F\u00e1bio Rodrigo Ferreira Nobre<\/p>\n<p>Ano:2019<\/p>\n<ul>\n<li><strong>PARAB\u00c9NS AO LYCEU PARAIBANO<\/strong><\/li>\n<\/ul>\n<p>Autor principal: Carlos Enrique Ruiz Ferreira<\/p>\n<p>Ano:2018<\/p>\n<ul>\n<li><strong>REASCENS\u00c3O DA POL\u00cdTICA DE SEGURAN\u00c7A RUSSA NA \u00c1SIA CENTRAL POR MEIO DA ORGANIZA\u00c7\u00c3O PARA COOPERA\u00c7\u00c3O DE XANGAI (OCX)<\/strong><\/li>\n<\/ul>\n<p>Autor principal: F\u00e1bio Rodrigo Ferreira Nobre<\/p>\n<p>Ano:2018<\/p>\n<ul>\n<li><strong>EM MAR\u00c7O MONTEIRO (PB) FOI A CAPITAL POL\u00cdTICA DO BRASIL<\/strong><\/li>\n<\/ul>\n<p>Autor principal: Carlos Enrique Ruiz Ferreira<\/p>\n<p>Ano:2017<\/p>\n<ul>\n<li><strong>UMA OUTRA UEPB \u00c9 POSS\u00cdVEL, POR UMA REFORMA UNIVERSIT\u00c1RIA<\/strong><\/li>\n<\/ul>\n<p>Autor principal: Carlos Enrique Ruiz Ferreira<\/p>\n<p>Ano:2017<\/p>\n<ul>\n<li><strong>LA POL\u00cdTICA EXTERIOR DE DILMA ROUSSEFF Y ENRIQUE PE\u00d1A NIETO (2011-2015): LAEQUIDISTANCIA PROTOCOLARIA DEL EJE \u201cMARIACHI-BOSSA NOVA<\/strong><\/li>\n<\/ul>\n<p>Autor principal:\u00a0 Alexandre Cesar Cunha Leite<\/p>\n<p>Ano:2017<\/p>\n<ul>\n<li><strong>O MERCOSUL NO DISCURSO DIPLOM\u00c1TICO DO PRIMEIRO GOVERNO DILMA (2011-2014) NO CONTEXTO BILATERAL. SOCIEDADE E CULTURA<\/strong><\/li>\n<\/ul>\n<p>Autor principal:\u00a0 Alexandre Cesar Cunha Leite<\/p>\n<p>Ano:2017<\/p>\n<ul>\n<li><strong>POR UMA VIRADA P\u00d3S-SECULAR: O FEMINISMO ISL\u00c2MICO E OS DESAFIOS AOS FEMINISMOS (SECULARES) EM RELA\u00c7\u00d5ES INTERNACIONAIS. MON\u00c7\u00d5ES: REVISTA DE RELA\u00c7\u00d5ES INTERNACIONAIS DA UFGD<\/strong><\/li>\n<\/ul>\n<p>Autora principal: Ana Paula Maielo Silva<\/p>\n<p>Ano:2017<\/p>\n<p>[\/wptabcontent]<\/p>\n<p>[wptabtitle] \u00a0ARTIGO EM PERI\u00d3DICO[\/wptabtitle]<\/p>\n<p>[wptabcontent]<\/p>\n<ul>\n<li><strong>A RELIGI\u00c3O GLOBAL NO CONTEXTO DA PANDEMIA DE COVID-19 E AS IMPLICA\u00c7\u00d5ES POL\u00cdTICO-RELIGIOSAS NO BRASIL<\/strong><\/li>\n<\/ul>\n<p>Autora principal: Anna Carletti<\/p>\n<p>Ano:2021<\/p>\n<ul>\n<li><strong>ACERTE! CONSTRUINDO A PAZ POR MEIO DA PALHA\u00c7ARIA<\/strong><\/li>\n<\/ul>\n<p>Autor principal: Paulo Roberto Loyolla Kuhlmann<\/p>\n<p>Ano:2021<\/p>\n<ul>\n<li><strong>ESTRANGEIRO, NUNCA MAIS! MIGRANTE COMO SUJEITO DE DIREITO E A IMPORT\u00c2NCIA DO ADVOCACY PELA NOVA LEI DE MIGRA\u00c7\u00c3O BRASILEIRA<\/strong><\/li>\n<\/ul>\n<p>Autora principal: Andrea Maria Calazans Pacheco Pac\u00edfico<\/p>\n<p>Ano:2021<\/p>\n<ul>\n<li><strong>O NACIONALISMO OCO<\/strong><\/li>\n<\/ul>\n<p>Autor principal: Filipe Reis Melo<\/p>\n<p>Ano:2021<\/p>\n<ul>\n<li><strong>REGIME STRETCHING PARA PROTEGER MIGRANTES FOR\u00c7ADOS NO BRASIL<\/strong><\/li>\n<\/ul>\n<p>Autora principal: Andrea Maria Calazans Pacheco Pac\u00edfico<\/p>\n<p>Ano:2021<\/p>\n<ul>\n<li><strong>RESENHA DO LIVRO IMIGRAR &#8211; O ESFOR\u00c7O QUE VALE A PENA, DE RODRIGO NASCIMENTO. SP: CADMO, 2019<\/strong><\/li>\n<\/ul>\n<p>Autora principal: Andrea Maria Calazans Pacheco Pac\u00edfico<\/p>\n<p>Ano:2021<\/p>\n<ul>\n<li><strong>A ARMADILHA DA POBREZA: UMA AN\u00c1LISE DA CONTRIBUI\u00c7\u00c3O DAS INSTITUI\u00c7\u00d5ES MULTILATERAIS E REGIONAIS PARA O FRACO DESEMPENHO ECON\u00d4MICO E SOCIAL DOS PA\u00cdSES DO OESTE AFRICANO<\/strong><\/li>\n<\/ul>\n<p>Autor principal:\u00a0 Alexandre Cesar Cunha Leite<\/p>\n<p>Ano:2020<\/p>\n<ul>\n<li><strong>A COOPERA\u00c7\u00c3O MULTILATERAL CLIM\u00c1TICA E A PROMO\u00c7\u00c3O DA AGENDA DA TRANSI\u00c7\u00c3O ENERG\u00c9TICA NO BRASIL<\/strong><\/li>\n<\/ul>\n<p>Autor principal:\u00a0 Alexandre Cesar Cunha Leite<\/p>\n<p>Ano:2020<\/p>\n<ul>\n<li><strong>A FAITH DIPLOMACY DE XI JINPING: AS IMPLICA\u00c7\u00d5ES POL\u00cdTICO-RELIGIOSAS DO ACORDO PROVIS\u00d3RIO SOBRE A NOMEA\u00c7\u00c3O DOS BISPOS CAT\u00d3LICOS NA CHINA<\/strong><\/li>\n<\/ul>\n<p>Autora principal: Anna Carletti<\/p>\n<p>Ano:2020<\/p>\n<ul>\n<li><strong>A IMAGEM AMBIENTAL DO BRASIL NO GOVERNO BOLSONARO: AN\u00c1LISE DE UMA PERCEP\u00c7\u00c3O LATINO-AMERICANA<\/strong><\/li>\n<\/ul>\n<p>Autor principal: Filipe Reis Melo<\/p>\n<p>Ano:2020<\/p>\n<ul>\n<li><strong>A INFLU\u00caNCIA DO XINTO\u00cdSMO NO PROCESSO DE FORMA\u00c7\u00c3O NACIONAL JAPON\u00caS<\/strong><\/li>\n<\/ul>\n<p>Autora principal: Anna Carletti<\/p>\n<p>Ano:2020<\/p>\n<ul>\n<li><strong>BOOK REVIEW: CARRILLO, B., HOOD, J. AND KADETZ, P., EDITORS. 2017: HANDBOOK OF WELFARE IN CHINA. HANDBOOKS OF RESEARCH ON CONTEMPORARY CHINA<\/strong><\/li>\n<\/ul>\n<p>Autor principal:\u00a0 Alexandre Cesar Cunha Leite<\/p>\n<p>Ano:2020<\/p>\n<ul>\n<li><strong>CHINA COMO UN PROPONENTE DE UNA NUEVA AGENDA GLOBAL? DESAF\u00cdOS, TENSIONES Y OPORTUNIDADES EN UN ORDEN INTERNACIONAL INCIERTO<\/strong><\/li>\n<\/ul>\n<p>Autor principal:\u00a0 Alexandre Cesar Cunha Leite<\/p>\n<p>Ano:2020<\/p>\n<ul>\n<li><strong>CHINA?S ENGAGEMENT WITH R2P: PLURALIST SHAPER?<\/strong><\/li>\n<\/ul>\n<p>Autor principal:\u00a0 Alexandre Cesar Cunha Leite<\/p>\n<p>Ano:2020<\/p>\n<ul>\n<li><strong>EL ROL DE LA COOPERACI\u00d3N DE CHINA EN LA TRANSFORMACI\u00d3N ESTRUCTURAL DEL SUR GLOBAL<\/strong><\/li>\n<\/ul>\n<p>Autor principal:\u00a0 Alexandre Cesar Cunha Leite<\/p>\n<p>Ano:2020<\/p>\n<ul>\n<li><strong>INVAS\u00c3O \u00c0 CRIMEIA: INFLU\u00caNCIA OCIDENTAL NA UCR\u00c2NIA E RETALIA\u00c7\u00c3O RUSSA<\/strong><\/li>\n<\/ul>\n<p>Autor principal:\u00a0 Alexandre Cesar Cunha Leite<\/p>\n<p>Ano:2020<\/p>\n<ul>\n<li><strong>INVESTIGATIONS OF KANTIAN COSMOPOLITANISM: EVOLUTION OF THE SPECIES, SOVEREIGNTY AND HOSPITALITY<\/strong><\/li>\n<\/ul>\n<p>Autor principal: Carlos Enrique Ruiz Ferreira<\/p>\n<p>Ano:2020<\/p>\n<ul>\n<li><strong>O PODER MAR\u00cdTIMO DO BRASIL: UMA AN\u00c1LISE DA POTENCIALIDADE DO NORDESTE BRASILEIRO NO FOMENTO DA PROJE\u00c7\u00c3O DE PODER SOBRE O ATL\u00c2NTICO SUL<\/strong><\/li>\n<\/ul>\n<p>Autor principal: F\u00e1bio Rodrigo Ferreira Nobre<\/p>\n<p>Ano:2020<\/p>\n<ul>\n<li><strong>OS ESTUDANTES TIMORENSES EM REDE: LA\u00c7OS SOCIAIS E CONFORTO EMOCIONAL FRENTE \u00c0 SOLID\u00c3O DA EXPERI\u00caNCIA MIGRAT\u00d3RIA NO BRASIL E EM PORTUGAL<\/strong><\/li>\n<\/ul>\n<p>Autora principal: Silvia Garcia Nogueira<\/p>\n<p>Ano:2020<\/p>\n<ul>\n<li><strong>OS PODERES EMERGENTES E A ORDEM MUNDIAL CONTEMPOR\u00c2NEA: DILEMAS, TENS\u00d5ES E POSSIBILIDADES<\/strong><\/li>\n<\/ul>\n<p>Autor principal:\u00a0 Alexandre Cesar Cunha Leite<\/p>\n<p>Ano:2020<\/p>\n<ul>\n<li><strong>POL\u00cdTICA \u00c1RTICA DA CHINA: UMA ESTRAT\u00c9GIA DE INSER\u00c7\u00c3O<\/strong><\/li>\n<\/ul>\n<p>Autora principal: Anna Carletti<\/p>\n<p>Ano:2020<\/p>\n<ul>\n<li><strong>THE CHINESE SOUTH-SOUTH DEVELOPMENT COOPERATION: AN ASSESSMENT OF ITS STRUCTURAL TRANSFORMATION<\/strong><\/li>\n<\/ul>\n<p>Autor principal:\u00a0 Alexandre Cesar Cunha Leite<\/p>\n<p>Ano:2020<\/p>\n<ul>\n<li><strong>THE EMERGING POWERS AND THE CONTEMPORARY WORLD ORDER: DILEMMAS, TENSIONS, AND POSSIBILITIES<\/strong><\/li>\n<\/ul>\n<p>Autor principal:\u00a0 Alexandre Cesar Cunha Leite<\/p>\n<p>Ano:2020<\/p>\n<ul>\n<li><strong>BOOK REVIEW: FREEMAN, CARLA, EDITOR. 2016: HANDBOOK ON CHINA AND DEVELOPING COUNTRIES (HANDBOOKS OF RESEARCH ON CONTEMPORARY CHINA SERIES)<\/strong><\/li>\n<\/ul>\n<p>Autor principal:\u00a0 Alexandre Cesar Cunha Leite<\/p>\n<p>Ano:2019<\/p>\n<ul>\n<li><strong>COOPERA\u00c7\u00c3O BRASIL-TIMOR-LESTE SOB O PARADIGMA DO DOM E DA HOSPITALIDADE<\/strong><\/li>\n<\/ul>\n<p>Autora principal: Silvia Garcia Nogueira<\/p>\n<p>Ano:2019<\/p>\n<ul>\n<li><strong>DA CONSTRU\u00c7\u00c3O \u00c0 AN\u00c1LISE: INTEGRANDO DUAS ABORDAGENS PARA SE TRABALHAR CASOS EM RELA\u00c7\u00d5ES INTERNACIONAIS<\/strong><\/li>\n<\/ul>\n<p>Autora principal:\u00a0 Cristina Carvalho Pacheco<\/p>\n<p>Ano:2019<\/p>\n<ul>\n<li><strong>DAMIEN KINGSBURY, POLITICS IN CONTEMPORARY SOUTHEAST ASIA: AUTHORITY, DEMOCRACY AND POLITICAL CHANGE<\/strong><\/li>\n<\/ul>\n<p>Autor principal:\u00a0 Alexandre Cesar Cunha Leite<\/p>\n<p>Ano:2019<\/p>\n<ul>\n<li><strong>FUTURE IN RETROSPECT: CHINA&amp;APOS;S DIPLOMATIC HISTORY REVISITED, VOL. 2<\/strong><\/li>\n<\/ul>\n<p>Autor principal:\u00a0 Alexandre Cesar Cunha Leite<\/p>\n<p>Ano:2019<\/p>\n<ul>\n<li><strong>INSTITUCIONES INTERNACIONALES: POL\u00cdTICAS Y PROBLEMAS EN LA PROTECCI\u00d3N INTERNACIONAL DE LOS DESPLAZADOS INTERNOS COLOMBIANOS<\/strong><\/li>\n<\/ul>\n<p>Autora principal: Ana Paula Maielo Silva<\/p>\n<p>Ano:2019<\/p>\n<ul>\n<li><strong>OS IMPACTOS SOCIOAMBIENTAIS RESULTANTES DA IMPLANTA\u00c7\u00c3O E OPERA\u00c7\u00c3O DOS PARQUES E\u00d3LICOS NO ESTADO DA PARA\u00cdBA<\/strong><\/li>\n<\/ul>\n<p>Autor principal:\u00a0 Alexandre Cesar Cunha Leite<\/p>\n<p>Ano:2019<\/p>\n<ul>\n<li><strong>PROJETO UNIVERSIDADE EM A\u00c7\u00c3O (PUA): ROMPENDO OS MUROS E CAPACITANDO PARA UMA CULTURA DE PAZ POR MEIO DO L\u00daDICO, DO DI\u00c1LOGO E DAS ARTES | UNIVERSITY IN ACTION PROJECT (PUA): BREAKING THE WALLS AND ENABLING A CULTURE OF PEACE THROUGH LUDIC, DIALOGUE AND ARTS<\/strong><\/li>\n<\/ul>\n<p>Autor principal: Paulo Roberto Loyolla Kuhlmann<\/p>\n<p>Ano:2019<\/p>\n<ul>\n<li><strong>RESENHA DE RELIGI\u00c3O E RELA\u00c7\u00d5ES INTERNACIONAIS: DOS DEBATES TE\u00d3RICOS AO PAPEL DO CRISTIANISMO E DO ISL\u00c3. ANNA CARLETTI, MARCOS ALAN S. V. FERREIRA<\/strong><\/li>\n<li>Autor principal:F\u00e1bio Rodrigo Ferreira NobreAno:2019<\/li>\n<li><strong>UNDERSTANDING MEGA FREE TRADE AGREEMENTS: THE POLITICAL AND ECONOMIC GOVERNANCE OF NEW CROSS-REGIONALISM<\/strong><\/li>\n<\/ul>\n<p>Autor principal:\u00a0 Alexandre Cesar Cunha Leite<\/p>\n<p>Ano:2019<\/p>\n<ul>\n<li><strong>CHINA AND BRAZIL AT BRICS: SAME BED, DIFFERENT DREAMS?<\/strong><\/li>\n<\/ul>\n<p>Autor principal:\u00a0 Alexandre Cesar Cunha Leite<\/p>\n<p>Ano:2018<\/p>\n<ul>\n<li><strong>CHINA AND GLOBAL VALUE CHAINS: GLOBALIZATION AND THE INFORMATION AND COMMUNICATIONS TECHNOLOGY SECTOR<\/strong><\/li>\n<\/ul>\n<p>Autor principal:\u00a0 Alexandre Cesar Cunha Leite<\/p>\n<p>Ano:2018<\/p>\n<ul>\n<li><strong>LATIN AMERICA AND THE ASIAN GIANTS: EVOLVING TIES WITH CHINA AND INDIA; CHINA&#8217;S STRATEGIC PARTNERSHIPS IN LATIN AMERICA: CASE STUDIES OF CHINA&#8217;S OIL DIPLOMACY IN ARGENTINA, BRAZIL, MEXICO, AND VENEZUELA, 1991-2015<\/strong><\/li>\n<\/ul>\n<p>Autor principal:\u00a0 Alexandre Cesar Cunha Leite<\/p>\n<p>Ano:2018<\/p>\n<ul>\n<li><strong>NOVOS SUJEITOS DE PODER NA AM\u00c9RICA ANDINA: UMA AN\u00c1LISE SOBRE OS GOVERNOS DA BOL\u00cdVIA E VENEZUELA NO IN\u00cdCIO DO S\u00c9CULO XXI<\/strong><\/li>\n<\/ul>\n<p>Autor principal:\u00a0 Alexandre Cesar Cunha Leite<\/p>\n<p>Ano:2018<\/p>\n<ul>\n<li><strong>O MERCOSUL COMO MEIO PARA A INSER\u00c7\u00c3O INTERNACIONAL DO BRASIL A PARTIR DA RELA\u00c7\u00c3O BILATERAL COM A ARGENTINA (2011?2014)<\/strong><\/li>\n<\/ul>\n<p>Autor principal:\u00a0 Alexandre Cesar Cunha Leite<\/p>\n<p>Ano:2018<\/p>\n<ul>\n<li><strong>REASCENS\u00c3O DA POL\u00cdTICA DE SEGURAN\u00c7A RUSSA NA \u00c1SIA CENTRAL POR MEIO DA ORGANIZA\u00c7\u00c3O PARA COOPERA\u00c7\u00c3O DE XANGAI (OCX)<\/strong><\/li>\n<\/ul>\n<p>Autor principal:\u00a0 Alexandre Cesar Cunha Leite<\/p>\n<p>Ano:2018<\/p>\n<ul>\n<li><strong>VALORIZACI\u00d3N DEL CAPITAL Y ADQUISICI\u00d3N DE TIERRAS EN AM\u00c9RICA LATINA<\/strong><\/li>\n<\/ul>\n<p>Autor principal:\u00a0 Alexandre Cesar Cunha Leite<\/p>\n<p>Ano:2018<\/p>\n<ul>\n<li><strong>RESENHA DE: RELA\u00c7\u00d5ES INTERNACIONAIS CIBERN\u00c9TICAS (CIBERRI): OPORTUNIDADES E DESAFIOS PARA OS ESTUDOS ESTRAT\u00c9GICOS E DE SEGURAN\u00c7A INTERNACIONAL<\/strong><\/li>\n<\/ul>\n<p>Autor principal: F\u00e1bio Rodrigo Ferreira Nobre<\/p>\n<p>Ano:2018<\/p>\n<ul>\n<li><strong>A GEOGRAFIA DO DINHEIRO<\/strong><\/li>\n<\/ul>\n<p>Autor principal:\u00a0 Alexandre Cesar Cunha Leite<\/p>\n<p>Ano:2017<\/p>\n<ul>\n<li><strong>A POL\u00cdTICA EXTERNA DOS EUA PARA O ORIENTE M\u00c9DIO (2003- 2011) E O SURGIMENTO DO ESTADO ISL\u00c2MICO NO IRAQUE E S\u00cdRIA (ISIS)<\/strong><\/li>\n<\/ul>\n<p>Autor principal:\u00a0 Alexandre Cesar Cunha Leite<\/p>\n<p>Ano:2017<\/p>\n<ul>\n<li><strong>CRISIS AND INSTITUTIONAL CHANGE IN REGIONAL INTEGRATION<\/strong><\/li>\n<\/ul>\n<p>Autor principal:\u00a0 Alexandre Cesar Cunha Leite<\/p>\n<p>Ano:2017<\/p>\n<ul>\n<li><strong>A GEOPOL\u00cdTICA DAS TERRAS RARAS<\/strong><\/li>\n<\/ul>\n<p>Autor principal: Filipe Reis Melo<\/p>\n<p>Ano:2017<\/p>\n<ul>\n<li><strong>DEIXAR A P\u00c1TRIA LIVRE OU MORRER PELO HAITI: SOBRE A GLOBAL GOVERNANCE NO CASO DA MINUSTAH<\/strong><\/li>\n<\/ul>\n<p>Autor principal: Carlos Enrique Ruiz Ferreira<\/p>\n<p>Ano:2017<\/p>\n<ul>\n<li><strong>INTERACTIONS BETWEEN THE JAPAN SELF-DEFENSE FORCES AND THE UNITED NATIONS AND ITS REPERCUSSION TO JAPAN?S NATIONAL SECURITY<\/strong><\/li>\n<\/ul>\n<p>Autor principal:\u00a0 Alexandre Cesar Cunha Leite<\/p>\n<p>Ano:2017<\/p>\n<ul>\n<li><strong>O FEN\u00d4MENO DA GUERRA NAS RELA\u00c7\u00d5ES INTERNACIONAIS A PARTIR DOS PARADIGMAS REALISTA E LIBERAL<\/strong><\/li>\n<\/ul>\n<p>Autora principal: Cristina Carvalho Pacheco<\/p>\n<p>Ano:2017<\/p>\n<ul>\n<li><strong>O MERCOSUL NO DISCURSO DIPLOM\u00c1TICO DO PRIMEIRO GOVERNO DILMA (2011-2014) NO CONTEXTO BILATERAL<\/strong><\/li>\n<\/ul>\n<p>Autor principal:\u00a0 Alexandre Cesar Cunha Leite<\/p>\n<p>Ano:2017<\/p>\n<ul>\n<li><strong>O PODER DE BARGANHA POL\u00cdTICO CHIN\u00caS E O REORDENAMENTO POL\u00cdTICO E EC\u00d4NOMICO GLOBAL: A MACRO ESTRAT\u00c9GIA E A INVERS\u00c3O DE HABILIDADES NO CASO DAS TERRAS RARAS<\/strong><\/li>\n<\/ul>\n<p>Autor principal:\u00a0 Alexandre Cesar Cunha Leite<\/p>\n<p>Ano:2017<\/p>\n<ul>\n<li><strong>THE US FOREIGN POLICY TO THE MIDDLE EAST (2003-2011) AND THE RISE OF ISLAMIC STATE IN IRAQ AND SYRIA (ISIS)<\/strong><\/li>\n<\/ul>\n<p>Autor principal:\u00a0 Alexandre Cesar Cunha Leite<\/p>\n<p>Ano:2017<\/p>\n<ul>\n<li><strong>PERCEP\u00c7\u00d5ES E AFETOS DE POLICIAIS FEDERAIS: INTERA\u00c7\u00d5ES COM ESTUDANTES ESTRANGEIROS<\/strong><\/li>\n<\/ul>\n<p>Autora principal:\u00a0 Silvia Garcia Nogueira<\/p>\n<p>Ano:2017<\/p>\n<p>[\/wptabcontent]<\/p>\n<p>&nbsp;<\/p>\n<p>&nbsp;<\/p>\n","protected":false},"excerpt":{"rendered":"<p>[wptabs mode=&#8221;horizontal&#8221; type=&#8221;accordion&#8221;] [wptabtitle]\u00a0ARTIGO EM JORNAL OU REVISTA[\/wptabtitle] [wptabcontent] A desindustrializa\u00e7\u00e3o da economia brasileira: novas evid\u00eancias e o papel da reestrutura\u00e7\u00e3o produtiva dos anos 1990 nesse processo Autor principal: Lucas Milanez de Lima Almeida Ano 2021 A CRIMINALIZA\u00c7\u00c3O DA MIS\u00c9RIA: O QUE \u00c9 SER HUMANO Autor principal: Paulo Roberto Loyolla Kuhlmann Ano:2021 A FOME \u00c9 <a class=\"leiamais\" href=\"https:\/\/pos-graduacao.uepb.edu.br\/ppgri\/publicacoes\/docentes\/\">Leia Mais&#8230;<\/a><\/p>\n","protected":false},"author":5,"featured_media":0,"parent":1403,"menu_order":0,"comment_status":"closed","ping_status":"closed","template":"","meta":{"footnotes":""},"class_list":["post-1406","page","type-page","status-publish","hentry"],"_links":{"self":[{"href":"https:\/\/pos-graduacao.uepb.edu.br\/ppgri\/wp-json\/wp\/v2\/pages\/1406","targetHints":{"allow":["GET"]}}],"collection":[{"href":"https:\/\/pos-graduacao.uepb.edu.br\/ppgri\/wp-json\/wp\/v2\/pages"}],"about":[{"href":"https:\/\/pos-graduacao.uepb.edu.br\/ppgri\/wp-json\/wp\/v2\/types\/page"}],"author":[{"embeddable":true,"href":"https:\/\/pos-graduacao.uepb.edu.br\/ppgri\/wp-json\/wp\/v2\/users\/5"}],"replies":[{"embeddable":true,"href":"https:\/\/pos-graduacao.uepb.edu.br\/ppgri\/wp-json\/wp\/v2\/comments?post=1406"}],"version-history":[{"count":84,"href":"https:\/\/pos-graduacao.uepb.edu.br\/ppgri\/wp-json\/wp\/v2\/pages\/1406\/revisions"}],"predecessor-version":[{"id":4002,"href":"https:\/\/pos-graduacao.uepb.edu.br\/ppgri\/wp-json\/wp\/v2\/pages\/1406\/revisions\/4002"}],"up":[{"embeddable":true,"href":"https:\/\/pos-graduacao.uepb.edu.br\/ppgri\/wp-json\/wp\/v2\/pages\/1403"}],"wp:attachment":[{"href":"https:\/\/pos-graduacao.uepb.edu.br\/ppgri\/wp-json\/wp\/v2\/media?parent=1406"}],"curies":[{"name":"wp","href":"https:\/\/api.w.org\/{rel}","templated":true}]}}