{"id":14,"date":"2012-01-20T13:33:27","date_gmt":"2012-01-20T13:33:27","guid":{"rendered":"http:\/\/pos-graduacao.ascom.uepb.edu.br\/ppgri\/?page_id=14"},"modified":"2012-01-20T13:41:13","modified_gmt":"2012-01-20T13:41:13","slug":"perfil-do-aluno","status":"publish","type":"page","link":"https:\/\/pos-graduacao.uepb.edu.br\/ppgri\/perfil-do-aluno\/","title":{"rendered":"Perfil do Aluno"},"content":{"rendered":"<p>Os alunos formados pelo Programa de P\u00f3s-Gradua\u00e7\u00e3o em Rela\u00e7\u00f5es Internacionais, que em sua fase inicial oferecer\u00e1 apenas o Curso de Mestrado, dever\u00e3o ser capazes de:<\/p>\n<ul>\n<li>\u00a0Compreender em profundidade os amplos, diversificados e complexos processos de interdepend\u00eancia entre as sociedades e Estados nacionais, com destaque para os que comp\u00f5em a Am\u00e9rica Latina; conhecer de forma sistem\u00e1tica a din\u00e2mica, os mecanismos, institui\u00e7\u00f5es e tend\u00eancias que movimentam e presidem os interc\u00e2mbios globais e discutir com solidez e propriedade os conceitos e valores que orientam a chamada ordem internacional, caracterizada pela hegemonia norte-americana.<\/li>\n<li>Captar os reflexos estruturais e conjunturais da ordem internacional sobre os Estados e sociedades nacionais, em particular sobre as perspectivas das regi\u00f5es menos beneficiadas pelo desenvolvimento cient\u00edfico-tecnol\u00f3gico e pelo crescimento da riqueza mundial; contribuir para a formula\u00e7\u00e3o de pol\u00edticas p\u00fablicas voltadas para uma melhor integra\u00e7\u00e3o do Nordeste, do Brasil e da Am\u00e9rica Latina no cen\u00e1rio global.<\/li>\n<li>Atuar como professores universit\u00e1rios e pesquisadores de alto n\u00edvel; servir a institui\u00e7\u00f5es p\u00fablicas e privadas que, por sua natureza e fun\u00e7\u00e3o, demandem conhecimentos te\u00f3ricos especializados e percep\u00e7\u00e3o aprofundada dos interesses estruturais, movimentos conjunturais, objetivos e pr\u00e1ticas dos atores internacionais.<\/li>\n<\/ul>\n<p>&nbsp;<\/p>\n<p>&nbsp;<\/p>\n","protected":false},"excerpt":{"rendered":"<p>Os alunos formados pelo Programa de P\u00f3s-Gradua\u00e7\u00e3o em Rela\u00e7\u00f5es Internacionais, que em sua fase inicial oferecer\u00e1 apenas o Curso de Mestrado, dever\u00e3o ser capazes de: \u00a0Compreender em profundidade os amplos, diversificados e complexos processos de interdepend\u00eancia entre as sociedades e Estados nacionais, com destaque para os que comp\u00f5em a Am\u00e9rica Latina; conhecer de forma sistem\u00e1tica <a class=\"leiamais\" href=\"https:\/\/pos-graduacao.uepb.edu.br\/ppgri\/perfil-do-aluno\/\">Leia Mais&#8230;<\/a><\/p>\n","protected":false},"author":5,"featured_media":0,"parent":0,"menu_order":0,"comment_status":"open","ping_status":"open","template":"","meta":{"footnotes":""},"class_list":["post-14","page","type-page","status-publish","hentry"],"_links":{"self":[{"href":"https:\/\/pos-graduacao.uepb.edu.br\/ppgri\/wp-json\/wp\/v2\/pages\/14","targetHints":{"allow":["GET"]}}],"collection":[{"href":"https:\/\/pos-graduacao.uepb.edu.br\/ppgri\/wp-json\/wp\/v2\/pages"}],"about":[{"href":"https:\/\/pos-graduacao.uepb.edu.br\/ppgri\/wp-json\/wp\/v2\/types\/page"}],"author":[{"embeddable":true,"href":"https:\/\/pos-graduacao.uepb.edu.br\/ppgri\/wp-json\/wp\/v2\/users\/5"}],"replies":[{"embeddable":true,"href":"https:\/\/pos-graduacao.uepb.edu.br\/ppgri\/wp-json\/wp\/v2\/comments?post=14"}],"version-history":[{"count":3,"href":"https:\/\/pos-graduacao.uepb.edu.br\/ppgri\/wp-json\/wp\/v2\/pages\/14\/revisions"}],"predecessor-version":[{"id":17,"href":"https:\/\/pos-graduacao.uepb.edu.br\/ppgri\/wp-json\/wp\/v2\/pages\/14\/revisions\/17"}],"wp:attachment":[{"href":"https:\/\/pos-graduacao.uepb.edu.br\/ppgri\/wp-json\/wp\/v2\/media?parent=14"}],"curies":[{"name":"wp","href":"https:\/\/api.w.org\/{rel}","templated":true}]}}