{"id":11,"date":"2012-01-20T13:32:30","date_gmt":"2012-01-20T13:32:30","guid":{"rendered":"http:\/\/pos-graduacao.ascom.uepb.edu.br\/ppgri\/?page_id=11"},"modified":"2012-01-20T13:32:30","modified_gmt":"2012-01-20T13:32:30","slug":"objetivos","status":"publish","type":"page","link":"https:\/\/pos-graduacao.uepb.edu.br\/ppgri\/objetivos\/","title":{"rendered":"Objetivos"},"content":{"rendered":"<p>O Programa de P\u00f3s-Gradua\u00e7\u00e3o em Rela\u00e7\u00f5es Internacionais da UEPB \u00e9 orientado pelos seguintes objetivos:<\/p>\n<ul>\n<li>Formar professores universit\u00e1rios, pesquisadores de alto n\u00edvel e profissionais capazes de prestar servi\u00e7os especializados \u00e0 entidades governamentais, empresas p\u00fablicas e privadas, entidades sindicais e organiza\u00e7\u00f5es n\u00e3o-governamentais que demandem, por suas naturezas, prop\u00f3sitos e fun\u00e7\u00f5es, compreens\u00e3o aprofundada dos interesses, normas, institui\u00e7\u00f5es, pol\u00edticas e programas relacionados a din\u00e2mica das rela\u00e7\u00f5es internacionais;<\/li>\n<li>Produzir conhecimento s\u00f3lido e relevante em Rela\u00e7\u00f5es Internacionais destacando a Am\u00e9rica Latina como objeto de investiga\u00e7\u00e3o emp\u00edrica e dando aten\u00e7\u00e3o particular aos aspectos econ\u00f4micos, processos sociais e as institui\u00e7\u00f5es internacionais;<\/li>\n<li>Alimentar sistematicamente, nos professores e alunos, a capacidade reflexiva e a discuss\u00e3o conceitual pertinente as rela\u00e7\u00f5es entre as sociedades e os Estados nacionais;<\/li>\n<li>Promover o di\u00e1logo permanente entre professores, pesquisadores e profissionais de \u00e1reas e sub-\u00e1reas do conhecimento afins, n\u00e3o apenas como forma de ampliar e universalizar o conhecimento sobre tem\u00e1ticas inerentes aos processos e fen\u00f4menos internacionais, mas, tamb\u00e9m, de ensejar o enriquecimento da reflex\u00e3o conceitual;<\/li>\n<li>Contribuir, a partir da divulga\u00e7\u00e3o dos resultados de seu programa de trabalho, para melhorar a compreens\u00e3o da sociedade brasileira acerca dos problemas, fen\u00f4menos, processos e tend\u00eancias internacionais;<\/li>\n<li>Colaborar com a formula\u00e7\u00e3o de pol\u00edticas p\u00fablicas que visem uma melhor integra\u00e7\u00e3o do Brasil e do Nordeste brasileiro no cen\u00e1rio internacional, dando especial aten\u00e7\u00e3o ao universo latino-americano.<\/li>\n<\/ul>\n<p>&nbsp;<\/p>\n","protected":false},"excerpt":{"rendered":"<p>O Programa de P\u00f3s-Gradua\u00e7\u00e3o em Rela\u00e7\u00f5es Internacionais da UEPB \u00e9 orientado pelos seguintes objetivos: Formar professores universit\u00e1rios, pesquisadores de alto n\u00edvel e profissionais capazes de prestar servi\u00e7os especializados \u00e0 entidades governamentais, empresas p\u00fablicas e privadas, entidades sindicais e organiza\u00e7\u00f5es n\u00e3o-governamentais que demandem, por suas naturezas, prop\u00f3sitos e fun\u00e7\u00f5es, compreens\u00e3o aprofundada dos interesses, normas, institui\u00e7\u00f5es, pol\u00edticas <a class=\"leiamais\" href=\"https:\/\/pos-graduacao.uepb.edu.br\/ppgri\/objetivos\/\">Leia Mais&#8230;<\/a><\/p>\n","protected":false},"author":5,"featured_media":0,"parent":0,"menu_order":0,"comment_status":"open","ping_status":"open","template":"","meta":{"footnotes":""},"class_list":["post-11","page","type-page","status-publish","hentry"],"_links":{"self":[{"href":"https:\/\/pos-graduacao.uepb.edu.br\/ppgri\/wp-json\/wp\/v2\/pages\/11","targetHints":{"allow":["GET"]}}],"collection":[{"href":"https:\/\/pos-graduacao.uepb.edu.br\/ppgri\/wp-json\/wp\/v2\/pages"}],"about":[{"href":"https:\/\/pos-graduacao.uepb.edu.br\/ppgri\/wp-json\/wp\/v2\/types\/page"}],"author":[{"embeddable":true,"href":"https:\/\/pos-graduacao.uepb.edu.br\/ppgri\/wp-json\/wp\/v2\/users\/5"}],"replies":[{"embeddable":true,"href":"https:\/\/pos-graduacao.uepb.edu.br\/ppgri\/wp-json\/wp\/v2\/comments?post=11"}],"version-history":[{"count":1,"href":"https:\/\/pos-graduacao.uepb.edu.br\/ppgri\/wp-json\/wp\/v2\/pages\/11\/revisions"}],"predecessor-version":[{"id":12,"href":"https:\/\/pos-graduacao.uepb.edu.br\/ppgri\/wp-json\/wp\/v2\/pages\/11\/revisions\/12"}],"wp:attachment":[{"href":"https:\/\/pos-graduacao.uepb.edu.br\/ppgri\/wp-json\/wp\/v2\/media?parent=11"}],"curies":[{"name":"wp","href":"https:\/\/api.w.org\/{rel}","templated":true}]}}