{"id":106,"date":"2012-12-07T13:10:36","date_gmt":"2012-12-07T13:10:36","guid":{"rendered":"\/ppgri\/?page_id=106"},"modified":"2025-10-30T14:43:39","modified_gmt":"2025-10-30T14:43:39","slug":"outros-documentos","status":"publish","type":"page","link":"https:\/\/pos-graduacao.uepb.edu.br\/ppgri\/documentos\/outros-documentos\/","title":{"rendered":"Outros documentos"},"content":{"rendered":"<div class=\"wpb-content-wrapper\"><p>[vc_row][vc_column][vc_column_text css=&#8221;&#8221;]<a href=\"https:\/\/pos-graduacao.uepb.edu.br\/ppgri\/files\/2023\/12\/TermodeCompromisso-DS.pdf\">Termo de compromisso de bolsista<\/a><\/p>\n<p><a href=\"https:\/\/pos-graduacao.uepb.edu.br\/ppgri\/download\/regimento-do-ppgri\/?wpdmdl=4383&amp;masterkey=iY1N6pKdXuDNZff0g0XDJv_UM24thyXSuk6IvjvbdECTOxUY6DdSEiQ2MVd_veLE4onqJ_6wAooyE2EzIy4ivaoiAMRoTmr8X-jsMxMKYEU\"><strong>Regimento Interno do PPGRI\/UEPB<\/strong><\/a><\/p>\n<p><a href=\"https:\/\/pos-graduacao.uepb.edu.br\/ppgri\/download\/requerimento-de-prorrogacao-de-prazo-de-dissertacao-ppgri\/?wpdmdl=4402&amp;masterkey=u0gnUjZHW0-FNWcwPpuQrTz00nDFLLITdcNpPCJg6FWAKj6wg8shxMLddktUS04Z498w0Sna0CnA45x2Jeu3UgCXVLvboojVruuxqx3ezSA\"><strong>Requerimento de prorroga\u00e7\u00e3o de prazo de defesa de disserta\u00e7\u00e3o do PPGRI<\/strong><\/a><\/p>\n<p><a href=\"https:\/\/pos-graduacao.uepb.edu.br\/ppgri\/files\/2024\/02\/Declaracao-de-acumulos-CAPES.docx\">Declara\u00e7\u00e3o de ac\u00famulo CAPES<\/a><\/p>\n<p><a href=\"https:\/\/pos-graduacao.uepb.edu.br\/ppgri\/files\/2024\/02\/Carta-de-Recomendacao-de-Renovacao-de-Bolsa-.docx\">Carta de Recomenda\u00e7\u00e3o de Renova\u00e7\u00e3o de Bolsa<\/a><\/p>\n<p><a href=\"https:\/\/pos-graduacao.uepb.edu.br\/ppgri\/files\/2022\/07\/Relat-PPGRI-Com-Credenc-4abr22.pdf\">Relat\u00f3rio da Comiss\u00e3o de Credenciamento (Quadri\u00eanio 2017-2020)<\/a><\/p>\n<p><a href=\"https:\/\/pos-graduacao.uepb.edu.br\/ppgri\/files\/2022\/03\/032-2011-APROVA-O-ESTAGIO-DE-DOCENCIA.pdf\">Resolu\u00e7\u00e3o Est\u00e1gio Doc\u00eancia<\/a><\/p>\n<p><a href=\"https:\/\/pos-graduacao.uepb.edu.br\/ppgri\/files\/2022\/06\/DECLARACAO-DE-NAO-ACUMULO-DE-BOLSA-OU-ATIVIDADE-REMUNERADA-E-DEDICACAO-INTEGRAL-AO-PPGRI-UEPB.pdf\">Declara\u00e7\u00e3o de N\u00e3o Ac\u00famulo de Bolsa ou Atividade Remunerada e Dedica\u00e7\u00e3o Integral ao PPGRI<\/a><\/p>\n<p><a href=\"https:\/\/pos-graduacao.uepb.edu.br\/ppgri\/files\/2018\/10\/Edital-de-Credenciamento.pdf\">Edital de Credenciamento de Docentes<\/a><\/p>\n<p><a href=\"https:\/\/pos-graduacao.uepb.edu.br\/ppgri\/files\/2012\/12\/Modelo-.-Folha-de-Aprova\u00e7\u00e3o.docx\">Folha de Aprova\u00e7\u00e3o da Disserta\u00e7\u00e3o (modelo)<\/a><\/p>\n<p><a href=\"https:\/\/pos-graduacao.uepb.edu.br\/ppgri\/download\/declaracao-estagio-docencia-do-ppgri\/?wpdmdl=4052&amp;masterkey=-pwsHob9HaiMHtW4AtQHOca3NLHSogaXEi2pf7jiIpSV5e7tJ9eVkrRkiO-DlJEk2mJOCJB_4XVE0Z49br6KTb1_j5kg57K8Dou8cRTL8KE\">Declarac\u0327a\u0303o Esta\u0301gio Doce\u0302ncia (modelo)<\/a><\/p>\n<p><a href=\"https:\/\/pos-graduacao.uepb.edu.br\/ppgri\/files\/2021\/12\/2020-PPGRI-Normas-Cred.pdf\">Normas para credenciamento, recredenciamento e descredenciamento de<\/a><br \/>\n<a href=\"https:\/\/pos-graduacao.uepb.edu.br\/ppgri\/files\/2021\/12\/2020-PPGRI-Normas-Cred.pdf\">docentes do PPGRI\/UEPB<\/a><\/p>\n<p><a href=\"https:\/\/pos-graduacao.uepb.edu.br\/ppgri\/files\/2022\/04\/Qualis-novos-Julho-de-2019.pdf\">Tabela Qualis<\/a>[\/vc_column_text][\/vc_column][\/vc_row]<\/p>\n<\/div>","protected":false},"excerpt":{"rendered":"<p>[vc_row][vc_column][vc_column_text css=&#8221;&#8221;]Termo de compromisso de bolsista Regimento Interno do PPGRI\/UEPB Requerimento de prorroga\u00e7\u00e3o de prazo de defesa de disserta\u00e7\u00e3o do PPGRI Declara\u00e7\u00e3o de ac\u00famulo CAPES Carta de Recomenda\u00e7\u00e3o de Renova\u00e7\u00e3o de Bolsa Relat\u00f3rio da Comiss\u00e3o de Credenciamento (Quadri\u00eanio 2017-2020) Resolu\u00e7\u00e3o Est\u00e1gio Doc\u00eancia Declara\u00e7\u00e3o de N\u00e3o Ac\u00famulo de Bolsa ou Atividade Remunerada e Dedica\u00e7\u00e3o Integral ao <a class=\"leiamais\" href=\"https:\/\/pos-graduacao.uepb.edu.br\/ppgri\/documentos\/outros-documentos\/\">Leia Mais&#8230;<\/a><\/p>\n","protected":false},"author":33,"featured_media":0,"parent":2247,"menu_order":0,"comment_status":"open","ping_status":"open","template":"","meta":{"footnotes":""},"class_list":["post-106","page","type-page","status-publish","hentry"],"_links":{"self":[{"href":"https:\/\/pos-graduacao.uepb.edu.br\/ppgri\/wp-json\/wp\/v2\/pages\/106","targetHints":{"allow":["GET"]}}],"collection":[{"href":"https:\/\/pos-graduacao.uepb.edu.br\/ppgri\/wp-json\/wp\/v2\/pages"}],"about":[{"href":"https:\/\/pos-graduacao.uepb.edu.br\/ppgri\/wp-json\/wp\/v2\/types\/page"}],"author":[{"embeddable":true,"href":"https:\/\/pos-graduacao.uepb.edu.br\/ppgri\/wp-json\/wp\/v2\/users\/33"}],"replies":[{"embeddable":true,"href":"https:\/\/pos-graduacao.uepb.edu.br\/ppgri\/wp-json\/wp\/v2\/comments?post=106"}],"version-history":[{"count":69,"href":"https:\/\/pos-graduacao.uepb.edu.br\/ppgri\/wp-json\/wp\/v2\/pages\/106\/revisions"}],"predecessor-version":[{"id":4403,"href":"https:\/\/pos-graduacao.uepb.edu.br\/ppgri\/wp-json\/wp\/v2\/pages\/106\/revisions\/4403"}],"up":[{"embeddable":true,"href":"https:\/\/pos-graduacao.uepb.edu.br\/ppgri\/wp-json\/wp\/v2\/pages\/2247"}],"wp:attachment":[{"href":"https:\/\/pos-graduacao.uepb.edu.br\/ppgri\/wp-json\/wp\/v2\/media?parent=106"}],"curies":[{"name":"wp","href":"https:\/\/api.w.org\/{rel}","templated":true}]}}