{"id":9,"date":"2015-11-19T12:53:55","date_gmt":"2015-11-19T12:53:55","guid":{"rendered":"https:\/\/pos-graduacao.uepb.edu.br\/ppgq\/?page_id=9"},"modified":"2015-11-19T12:53:55","modified_gmt":"2015-11-19T12:53:55","slug":"historico","status":"publish","type":"page","link":"https:\/\/pos-graduacao.uepb.edu.br\/ppgq\/historico\/","title":{"rendered":"Hist\u00f3rico"},"content":{"rendered":"<p>O Mestrado em Qu\u00edmica, com \u00e1rea de concentra\u00e7\u00e3o em Qu\u00edmica, \u00e9 resultado de tr\u00eas movimentos articulados da Pol\u00edtica de P\u00f3s-Gradua\u00e7\u00e3o da Universidade Estadual da Para\u00edba.<\/p>\n<p>O primeiro alinha-se a um conjunto de a\u00e7\u00f5es estrat\u00e9gicas efetivadas em duas frentes: uma de qualifica\u00e7\u00e3o do corpo docente, e a outra de amplia\u00e7\u00e3o qualitativa do quadro por meio de concurso p\u00fablico, com mais de duzentos professores aprovados e contratados desde 2011. Especificamente em termos de quadros docentes para esta proposta foram contratados nos tr\u00eas \u00faltimos anos seis professores com doutorado nas \u00e1reas de interesse da Qu\u00edmica (um em Inorg\u00e2nica, um para F\u00edsico-Qu\u00edmica, um para Anal\u00edtica, um em Biotecnologia e mais dois em Qu\u00edmica Org\u00e2nica &#8211; S\u00edntese Org\u00e2nica) e tamb\u00e9m a contrata\u00e7\u00e3o de um bolsista DCR, na \u00e1rea de Qu\u00edmica Anal\u00edtica, todos compondo a forma\u00e7\u00e3o inicial do PPGQ.<\/p>\n<p>O segundo movimento trata-se do investimento em ensino e pesquisa em \u00e1reas estrat\u00e9gicas, dentre as quais se destacam as Ci\u00eancias e Tecnologia. Nesse campo espec\u00edfico, nos \u00faltimos cinco anos, a UEPB criou, por exemplo, o N\u00facleo de Pesquisa e Extens\u00e3o em Alimentos &#8211; NUPEA e o N\u00facleo de tecnologias estrat\u00e9gicas em sa\u00fade, NUTES com financiamento da FINEP e Minist\u00e9rio da Sa\u00fade no Campus I em Campina Grande, em coopera\u00e7\u00e3o com o Instituto Fraunhofer da Alemanha, n\u00facleo este que \u00e9 fomentado pelo Mestrado Profissional em Ci\u00eancias e Tecnologias da Sa\u00fade.<\/p>\n<p>O terceiro movimento diz respeito \u00e0 constru\u00e7\u00e3o de parcerias, com centros de pesquisa e universidades e com o setor produtivo, n\u00e3o apenas para a troca de experi\u00eancia e capacita\u00e7\u00e3o de seu corpo docente, mas, pontualmente, para jun\u00e7\u00e3o e articula\u00e7\u00e3o de compet\u00eancias, visando o fortalecimento do ensino e da pesquisa em \u00e1reas criticas para o desenvolvimento regional. Desta a\u00e7\u00e3o entre pesquisadores que est\u00e3o neste PPGQ est\u00e3o sendo constru\u00eddas parcerias com grupos de pesquisa da UFPB, UFCG, UFPE, UFRPE, UFAL, UFSE, UFPI, USP, UFMG, LAFEPE, UECE, UFSM, UNESP, UNICAMP, EMBRAPA, University of Bristol, Universidad Nacional del Sur, Universidad Nacional del Litoral, Universit\u00e9 Rennes I, Universidade de Coimbra, dentre outras.<\/p>\n<p>Vale refor\u00e7ar a pouca capilariza\u00e7\u00e3o de programas de p\u00f3s-gradua\u00e7\u00e3o em Qu\u00edmica no interior do Nordeste, que possui somente 7 mestrados e 6 mestrados\/doutorados, sendo apenas 20 % de todos os cursos do Brasil na \u00e1rea de Qu\u00edmica, com apenas tr\u00eas n\u00e3o localizados em capitais dos estados do Nordeste, mas sendo um na regi\u00e3o metropolitana de capital do estado de Sergipe e dois no interior da Bahia. Por esta pouca inser\u00e7\u00e3o no interior os programas de Qu\u00edmica n\u00e3o conseguem atender a demanda gerada pelos cursos de gradua\u00e7\u00e3o em suas diferentes denomina\u00e7\u00f5es (Licenciatura, Bacharelado e Qu\u00edmica Industrial, por exemplo).<\/p>\n<p>Este mestrado, por fim, \u00e9 uma a\u00e7\u00e3o estrat\u00e9gica da UEPB em sentido amplo e dos professores que comp\u00f5em esta proposta, em sentido restrito, para permitir a estes continua\u00e7\u00e3o de suas atividades de pesquisa de ponta que vinham desenvolvendo em seus doutorados e p\u00f3s-doutorados. Neste sentido, todos os esfor\u00e7os demandados s\u00e3o para inserir a UEPB no cen\u00e1rio nacional\/internacional da pesquisa em Qu\u00edmica em uma perspectiva muito mais ampla do que vem ocorrendo, pois a atua\u00e7\u00e3o dos docentes se d\u00e1 em p\u00f3s-gradua\u00e7\u00f5es em \u00e1reas pr\u00f3ximas da Qu\u00edmica e em atividades de inicia\u00e7\u00e3o cient\u00edfica, em que os objetivos da pesquisa ficam limitados em profundidade.<\/p>\n","protected":false},"excerpt":{"rendered":"<p>O Mestrado em Qu\u00edmica, com \u00e1rea de concentra\u00e7\u00e3o em Qu\u00edmica, \u00e9 resultado de tr\u00eas movimentos articulados da Pol\u00edtica de P\u00f3s-Gradua\u00e7\u00e3o da Universidade Estadual da Para\u00edba. O primeiro alinha-se a um conjunto de a\u00e7\u00f5es estrat\u00e9gicas efetivadas em duas frentes: uma de qualifica\u00e7\u00e3o do corpo docente, e a outra de amplia\u00e7\u00e3o qualitativa do quadro por meio de <a class=\"leiamais\" href=\"https:\/\/pos-graduacao.uepb.edu.br\/ppgq\/historico\/\">Leia Mais&#8230;<\/a><\/p>\n","protected":false},"author":1,"featured_media":0,"parent":0,"menu_order":0,"comment_status":"closed","ping_status":"closed","template":"","meta":{"footnotes":""},"class_list":["post-9","page","type-page","status-publish","hentry"],"_links":{"self":[{"href":"https:\/\/pos-graduacao.uepb.edu.br\/ppgq\/wp-json\/wp\/v2\/pages\/9","targetHints":{"allow":["GET"]}}],"collection":[{"href":"https:\/\/pos-graduacao.uepb.edu.br\/ppgq\/wp-json\/wp\/v2\/pages"}],"about":[{"href":"https:\/\/pos-graduacao.uepb.edu.br\/ppgq\/wp-json\/wp\/v2\/types\/page"}],"author":[{"embeddable":true,"href":"https:\/\/pos-graduacao.uepb.edu.br\/ppgq\/wp-json\/wp\/v2\/users\/1"}],"replies":[{"embeddable":true,"href":"https:\/\/pos-graduacao.uepb.edu.br\/ppgq\/wp-json\/wp\/v2\/comments?post=9"}],"version-history":[{"count":1,"href":"https:\/\/pos-graduacao.uepb.edu.br\/ppgq\/wp-json\/wp\/v2\/pages\/9\/revisions"}],"predecessor-version":[{"id":10,"href":"https:\/\/pos-graduacao.uepb.edu.br\/ppgq\/wp-json\/wp\/v2\/pages\/9\/revisions\/10"}],"wp:attachment":[{"href":"https:\/\/pos-graduacao.uepb.edu.br\/ppgq\/wp-json\/wp\/v2\/media?parent=9"}],"curies":[{"name":"wp","href":"https:\/\/api.w.org\/{rel}","templated":true}]}}