{"id":690,"date":"2024-07-03T11:56:58","date_gmt":"2024-07-03T11:56:58","guid":{"rendered":"https:\/\/pos-graduacao.uepb.edu.br\/ppgq\/?page_id=690"},"modified":"2024-07-03T12:18:04","modified_gmt":"2024-07-03T12:18:04","slug":"pagina-inicial","status":"publish","type":"page","link":"https:\/\/pos-graduacao.uepb.edu.br\/ppgq\/","title":{"rendered":"P\u00e1gina Inicial"},"content":{"rendered":"<div class=\"wpb-content-wrapper\"><p>[vc_row gap=&#8221;30&#8243; css=&#8221;.vc_custom_1720007886914{margin-top: 30px !important;}&#8221;][vc_column width=&#8221;3\/4&#8243;][vc_text_separator title=&#8221;Not\u00edcias&#8221; i_icon_fontawesome=&#8221;fas fa-angle-double-right&#8221; i_color=&#8221;custom&#8221; title_align=&#8221;separator_align_left&#8221; css=&#8221;&#8221; add_icon=&#8221;true&#8221; i_custom_color=&#8221;#cc0000&#8243;]<div class=\"mdl-grid\"><div class=\"mdl-cell--6-col mdl-cell--6-col-tablet mdl-cell--12-col-phone bloco-noticias\"><div class=\"titulo-noticia-widget\"><a href=\"https:\/\/pos-graduacao.uepb.edu.br\/ppgq\/2026\/03\/04\/seminarios-ppgq-propriedade-industrial-uma-visao-sobre-patentes\/\"><h3 class=\"titulo-destaque-noticia\">Semin\u00e1rios PPGQ:  \"Propriedade Industrial - Uma vis\u00e3o sobre patentes\"<\/h3><\/a><\/div><div class=\"titulo-noticia-widget\"><a href=\"https:\/\/pos-graduacao.uepb.edu.br\/ppgq\/2026\/02\/11\/seminarios-ppgq-catalise-heterogenea-e-quimica-verde-avancos-inorganicos-na-conversao-de-oleos-em-biodiesel\/\"><h3 class=\"titulo-destaque-noticia\">Semin\u00e1rios PPGQ:  \"Cat\u00e1lise heterog\u00eanea e qu\u00edmica verde: Avan\u00e7os Inorg\u00e2nicos na convers\u00e3o de \u00f3leos em biodiesel\"<\/h3><\/a><\/div><div class=\"titulo-noticia-widget\"><a href=\"https:\/\/pos-graduacao.uepb.edu.br\/ppgq\/2026\/02\/10\/pesquisadores-do-ppgq-apresentam-kits-de-deteccao-de-metanol-em-bebidas-destiladas-em-solenidade-realizada-na-sede-do-procon\/\"><h3 class=\"titulo-destaque-noticia\">Pesquisadores do PPGQ apresentam Kits de Detec\u00e7\u00e3o de Metanol em Bebidas Destiladas em solenidade realizada na sede do Procon.<\/h3><\/a><\/div><div class=\"titulo-noticia-widget\"><a href=\"https:\/\/pos-graduacao.uepb.edu.br\/ppgq\/2025\/12\/08\/96o-e-97o-defesas-publicas-de-dissertacao-ppgq-uepb\/\"><h3 class=\"titulo-destaque-noticia\">96\u00ba e 97\u00ba Defesas P\u00fablicas de Disserta\u00e7\u00e3o \u2013 PPGQ UEPB<\/h3><\/a><\/div><div class=\"titulo-noticia-widget\"><a href=\"https:\/\/pos-graduacao.uepb.edu.br\/ppgq\/2025\/11\/05\/94o-e-95o-defesas-publicas-de-dissertacao-ppgq-uepb\/\"><h3 class=\"titulo-destaque-noticia\">94\u00ba e 95\u00ba Defesas P\u00fablicas de Disserta\u00e7\u00e3o \u2013 PPGQ UEPB<\/h3><\/a><\/div><\/div><div class=\"mdl-cell--6-col mdl-cell--6-col-tablet mdl-cell--12-col-phone bloco-noticias\"><div class=\"titulo-noticia-widget\"><a href=\"https:\/\/pos-graduacao.uepb.edu.br\/ppgq\/2025\/10\/07\/ppgq-uepb-desenvolve-pesquisa-relevante-para-garantir-a-qualidade-das-bebidas-destiladas\/\"><h3 class=\"titulo-destaque-noticia\">PPGQ UEPB desenvolve pesquisa relevante para garantir a qualidade das bebidas destiladas<\/h3><\/a><\/div><div class=\"titulo-noticia-widget\"><a href=\"https:\/\/pos-graduacao.uepb.edu.br\/ppgq\/2025\/09\/30\/ppgq-tem-primeira-defesa-realizada-por-discente-internacional\/\"><h3 class=\"titulo-destaque-noticia\">PPGQ tem primeira defesa realizada por discente internacional<\/h3><\/a><\/div><div class=\"titulo-noticia-widget\"><a href=\"https:\/\/pos-graduacao.uepb.edu.br\/ppgq\/2025\/09\/23\/93o-defesa-publica-de-dissertacao-ppgq-uepb\/\"><h3 class=\"titulo-destaque-noticia\">93\u00ba Defesa P\u00fablica de Disserta\u00e7\u00e3o \u2013 PPGQ UEPB<\/h3><\/a><\/div><div class=\"titulo-noticia-widget\"><a href=\"https:\/\/pos-graduacao.uepb.edu.br\/ppgq\/2025\/09\/11\/92o-defesa-publica-de-dissertacao-ppgq-uepb\/\"><h3 class=\"titulo-destaque-noticia\">92\u00ba Defesa P\u00fablica de Disserta\u00e7\u00e3o \u2013 PPGQ UEPB<\/h3><\/a><\/div><div class=\"titulo-noticia-widget\"><a href=\"https:\/\/pos-graduacao.uepb.edu.br\/ppgq\/2025\/08\/21\/programa-de-pos-em-quimica-celebra-10-anos-de-atuacao-com-realizacao-de-palestras-e-mesa-redonda\/\"><h3 class=\"titulo-destaque-noticia\">Programa de P\u00f3s em Qu\u00edmica celebra 10 anos de atua\u00e7\u00e3o com realiza\u00e7\u00e3o de palestras e mesa-redonda<\/h3><\/a><\/div><\/div><\/div>[\/vc_column][vc_column width=&#8221;1\/4&#8243;][vc_text_separator title=&#8221;Links \u00dateis&#8221; i_icon_fontawesome=&#8221;fas fa-angle-double-right&#8221; i_color=&#8221;custom&#8221; title_align=&#8221;separator_align_left&#8221; css=&#8221;&#8221; add_icon=&#8221;true&#8221; i_custom_color=&#8221;#cc0000&#8243;][vc_btn title=&#8221;CAPES&#8221; shape=&#8221;square&#8221; color=&#8221;primary&#8221; size=&#8221;lg&#8221; align=&#8221;left&#8221; css=&#8221;.vc_custom_1720007781046{margin-bottom: 5px !important;}&#8221; button_block=&#8221;true&#8221; link=&#8221;url:https%3A%2F%2Fwww.gov.br%2Fcapes%2Fpt-br|target:_blank&#8221;][vc_btn title=&#8221;CNPq&#8221; shape=&#8221;square&#8221; color=&#8221;info&#8221; size=&#8221;lg&#8221; align=&#8221;left&#8221; css=&#8221;.vc_custom_1720007810202{margin-bottom: 5px !important;}&#8221; button_block=&#8221;true&#8221; link=&#8221;url:https%3A%2F%2Fwww.gov.br%2Fcnpq%2Fpt-br|target:_blank&#8221;][vc_btn title=&#8221;Lattes&#8221; shape=&#8221;square&#8221; color=&#8221;peacoc&#8221; size=&#8221;lg&#8221; align=&#8221;left&#8221; css=&#8221;.vc_custom_1720007834717{margin-bottom: 5px !important;}&#8221; button_block=&#8221;true&#8221; link=&#8221;url:https%3A%2F%2Flattes.cnpq.br%2F|target:_blank&#8221;][vc_btn title=&#8221;SUAP&#8221; shape=&#8221;square&#8221; color=&#8221;inverse&#8221; size=&#8221;lg&#8221; align=&#8221;left&#8221; css=&#8221;.vc_custom_1720007854688{margin-bottom: 5px !important;}&#8221; button_block=&#8221;true&#8221; link=&#8221;url:http%3A%2F%2Fsuap.uepb.edu.br%2F|target:_blank&#8221;][\/vc_column][\/vc_row][vc_row gap=&#8221;30&#8243; css=&#8221;.vc_custom_1720009132587{margin-bottom: 30px !important;}&#8221;][vc_column width=&#8221;3\/5&#8243;][vc_text_separator title=&#8221;Editais e Documentos&#8221; i_icon_fontawesome=&#8221;fas fa-angle-double-right&#8221; i_color=&#8221;custom&#8221; title_align=&#8221;separator_align_left&#8221; css=&#8221;&#8221; add_icon=&#8221;true&#8221; i_custom_color=&#8221;#cc0000&#8243;][vc_column_text css=&#8221;&#8221;]<div class='w3eden'>\n    <div class=''>\n\n        \n        <div id=\"content_wpdm_package_1\">\n            <div class='row'><div class='col-lg-12 col-md-6 col-12'><!-- WPDM Link Template: Default Template -->\n\n<div class=\"link-template-default card mb-2\">\n    <div class=\"card-body\">\n        <div class=\"media\">\n            <div class=\"mr-3 img-48\"><img decoding=\"async\" class=\"wpdm_icon\" alt=\"\u00edcone\" src=\"https:\/\/pos-graduacao.uepb.edu.br\/ppgq\/wp-content\/plugins\/download-manager\/assets\/file-type-icons\/pdf.svg\" \/><\/div>\n            <div class=\"media-body\">\n                <h3 class=\"package-title\"><a href='https:\/\/pos-graduacao.uepb.edu.br\/ppgq\/download\/edital-selecao-ppgq-uepb-2025-2\/'>Edital Sele\u00e7\u00e3o PPGQ UEPB - 2025.2<\/a><\/h3>\n                <div class=\"text-muted text-small\"><i class=\"fas fa-copy\"><\/i> 1  arquivo(s) <i class=\"fas fa-hdd ml-3\"><\/i> 380.71 KB<\/div>\n            <\/div>\n            <div class=\"ml-3\">\n                <a class='wpdm-download-link download-on-click btn btn-primary ' rel='nofollow' href='#' data-downloadurl=\"https:\/\/pos-graduacao.uepb.edu.br\/ppgq\/download\/edital-selecao-ppgq-uepb-2025-2\/?wpdmdl=864&refresh=69df035da3ead1776223069\">Download<\/a>\n            <\/div>\n        <\/div>\n    <\/div>\n<\/div>\n\n<\/div><div class='col-lg-12 col-md-6 col-12'><!-- WPDM Link Template: Default Template -->\n\n<div class=\"link-template-default card mb-2\">\n    <div class=\"card-body\">\n        <div class=\"media\">\n            <div class=\"mr-3 img-48\"><img decoding=\"async\" class=\"wpdm_icon\" alt=\"\u00edcone\" src=\"https:\/\/pos-graduacao.uepb.edu.br\/ppgq\/wp-content\/plugins\/download-manager\/assets\/file-type-icons\/pdf.svg\" \/><\/div>\n            <div class=\"media-body\">\n                <h3 class=\"package-title\"><a href='https:\/\/pos-graduacao.uepb.edu.br\/ppgq\/download\/edital-selecao-ppgq-2024-2\/'>Edital Sele\u00e7\u00e3o PPGQ 2024.2<\/a><\/h3>\n                <div class=\"text-muted text-small\"><i class=\"fas fa-copy\"><\/i> 1  arquivo(s) <i class=\"fas fa-hdd ml-3\"><\/i> 0<\/div>\n            <\/div>\n            <div class=\"ml-3\">\n                <a class='wpdm-download-link download-on-click btn btn-primary ' rel='nofollow' href='#' data-downloadurl=\"https:\/\/pos-graduacao.uepb.edu.br\/ppgq\/download\/edital-selecao-ppgq-2024-2\/?wpdmdl=687&refresh=69df035da5df01776223069\">Download<\/a>\n            <\/div>\n        <\/div>\n    <\/div>\n<\/div>\n\n<\/div><div class='col-lg-12 col-md-6 col-12'><!-- WPDM Link Template: Default Template -->\n\n<div class=\"link-template-default card mb-2\">\n    <div class=\"card-body\">\n        <div class=\"media\">\n            <div class=\"mr-3 img-48\"><img decoding=\"async\" class=\"wpdm_icon\" alt=\"\u00edcone\" src=\"https:\/\/pos-graduacao.uepb.edu.br\/ppgq\/wp-content\/plugins\/download-manager\/assets\/file-type-icons\/docx.svg\" \/><\/div>\n            <div class=\"media-body\">\n                <h3 class=\"package-title\"><a href='https:\/\/pos-graduacao.uepb.edu.br\/ppgq\/download\/modelo-requerimento-ppgq-atualizado\/'>Modelo Requerimento PPGQ - Atualizado<\/a><\/h3>\n                <div class=\"text-muted text-small\"><i class=\"fas fa-copy\"><\/i> 1  arquivo(s) <i class=\"fas fa-hdd ml-3\"><\/i> 0<\/div>\n            <\/div>\n            <div class=\"ml-3\">\n                <a class='wpdm-download-link download-on-click btn btn-primary ' rel='nofollow' href='#' data-downloadurl=\"https:\/\/pos-graduacao.uepb.edu.br\/ppgq\/download\/modelo-requerimento-ppgq-atualizado\/?wpdmdl=685&refresh=69df035da6e951776223069\">Download<\/a>\n            <\/div>\n        <\/div>\n    <\/div>\n<\/div>\n\n<\/div><\/div>            <div style='clear:both'><\/div><div class='text-center'><ul class='pagination wpdm-pagination pagination-centered text-center'><\/ul><\/div><div style='clear:both'><\/div>        <\/div>\n\n        <div style='clear:both'><\/div>\n    <\/div>\n<\/div>\n[\/vc_column_text][\/vc_column][vc_column width=&#8221;1\/5&#8243;][vc_text_separator title=&#8221;Eventos&#8221; i_icon_fontawesome=&#8221;fas fa-angle-double-right&#8221; i_color=&#8221;custom&#8221; title_align=&#8221;separator_align_left&#8221; css=&#8221;&#8221; add_icon=&#8221;true&#8221; i_custom_color=&#8221;#cc0000&#8243;]<div class=\"mdl-grid\"><div class=\"mdl-cell--12-col bloco-noticias\"><div class=\"titulo-noticia-widget\"><a href=\"https:\/\/pos-graduacao.uepb.edu.br\/ppgq\/2016\/04\/11\/tecnologia-aplicada-no-tratamento-de-residuos-da-industria-do-petroleo-sera-tema-de-seminario-na-uepb\/\"><h3 class=\"titulo-destaque-noticia\">Tecnologia aplicada no tratamento de res\u00edduos da ind\u00fastria do Petr\u00f3leo ser\u00e1 tema de semin\u00e1rio na UEPB<\/h3><\/a><\/div><div class=\"titulo-noticia-widget\"><a href=\"https:\/\/pos-graduacao.uepb.edu.br\/ppgq\/2015\/10\/22\/programa-de-pos-graduacao-em-quimica-da-uepb-promove-seminario-sobre-acidente-radiologico\/\"><h3 class=\"titulo-destaque-noticia\">Programa de P\u00f3s-Gradua\u00e7\u00e3o em Qu\u00edmica da UEPB promove semin\u00e1rio sobre acidente radiol\u00f3gico<\/h3><\/a><\/div><\/div><\/div>[\/vc_column][vc_column width=&#8221;1\/5&#8243;][vc_text_separator title=&#8221;Traduza esta p\u00e1gina&#8221; i_icon_fontawesome=&#8221;fas fa-angle-double-right&#8221; i_color=&#8221;custom&#8221; title_align=&#8221;separator_align_left&#8221; css=&#8221;&#8221; add_icon=&#8221;true&#8221; i_custom_color=&#8221;#cc0000&#8243;][vc_column_text css=&#8221;.vc_custom_1720008032549{margin-bottom: 0px !important;margin-left: 15px !important;}&#8221;]<div class=\"gtranslate_wrapper\" id=\"gt-wrapper-62206357\"><\/div>[\/vc_column_text][\/vc_column][\/vc_row]<\/p>\n<\/div>","protected":false},"excerpt":{"rendered":"<p>[vc_row gap=&#8221;30&#8243; css=&#8221;.vc_custom_1720007886914{margin-top: 30px !important;}&#8221;][vc_column width=&#8221;3\/4&#8243;][vc_text_separator title=&#8221;Not\u00edcias&#8221; i_icon_fontawesome=&#8221;fas fa-angle-double-right&#8221; i_color=&#8221;custom&#8221; title_align=&#8221;separator_align_left&#8221; css=&#8221;&#8221; add_icon=&#8221;true&#8221; i_custom_color=&#8221;#cc0000&#8243;][\/vc_column][vc_column width=&#8221;1\/4&#8243;][vc_text_separator title=&#8221;Links \u00dateis&#8221; i_icon_fontawesome=&#8221;fas fa-angle-double-right&#8221; i_color=&#8221;custom&#8221; title_align=&#8221;separator_align_left&#8221; css=&#8221;&#8221; add_icon=&#8221;true&#8221; i_custom_color=&#8221;#cc0000&#8243;][vc_btn title=&#8221;CAPES&#8221; shape=&#8221;square&#8221; color=&#8221;primary&#8221; size=&#8221;lg&#8221; align=&#8221;left&#8221; css=&#8221;.vc_custom_1720007781046{margin-bottom: 5px !important;}&#8221; button_block=&#8221;true&#8221; link=&#8221;url:https%3A%2F%2Fwww.gov.br%2Fcapes%2Fpt-br|target:_blank&#8221;][vc_btn title=&#8221;CNPq&#8221; shape=&#8221;square&#8221; color=&#8221;info&#8221; size=&#8221;lg&#8221; align=&#8221;left&#8221; css=&#8221;.vc_custom_1720007810202{margin-bottom: 5px !important;}&#8221; button_block=&#8221;true&#8221; link=&#8221;url:https%3A%2F%2Fwww.gov.br%2Fcnpq%2Fpt-br|target:_blank&#8221;][vc_btn title=&#8221;Lattes&#8221; shape=&#8221;square&#8221; color=&#8221;peacoc&#8221; size=&#8221;lg&#8221; align=&#8221;left&#8221; css=&#8221;.vc_custom_1720007834717{margin-bottom: 5px !important;}&#8221; button_block=&#8221;true&#8221; link=&#8221;url:https%3A%2F%2Flattes.cnpq.br%2F|target:_blank&#8221;][vc_btn title=&#8221;SUAP&#8221; <a class=\"leiamais\" href=\"https:\/\/pos-graduacao.uepb.edu.br\/ppgq\/\">Leia Mais&#8230;<\/a><\/p>\n","protected":false},"author":5,"featured_media":0,"parent":0,"menu_order":0,"comment_status":"closed","ping_status":"closed","template":"","meta":{"footnotes":""},"class_list":["post-690","page","type-page","status-publish","hentry"],"_links":{"self":[{"href":"https:\/\/pos-graduacao.uepb.edu.br\/ppgq\/wp-json\/wp\/v2\/pages\/690","targetHints":{"allow":["GET"]}}],"collection":[{"href":"https:\/\/pos-graduacao.uepb.edu.br\/ppgq\/wp-json\/wp\/v2\/pages"}],"about":[{"href":"https:\/\/pos-graduacao.uepb.edu.br\/ppgq\/wp-json\/wp\/v2\/types\/page"}],"author":[{"embeddable":true,"href":"https:\/\/pos-graduacao.uepb.edu.br\/ppgq\/wp-json\/wp\/v2\/users\/5"}],"replies":[{"embeddable":true,"href":"https:\/\/pos-graduacao.uepb.edu.br\/ppgq\/wp-json\/wp\/v2\/comments?post=690"}],"version-history":[{"count":15,"href":"https:\/\/pos-graduacao.uepb.edu.br\/ppgq\/wp-json\/wp\/v2\/pages\/690\/revisions"}],"predecessor-version":[{"id":706,"href":"https:\/\/pos-graduacao.uepb.edu.br\/ppgq\/wp-json\/wp\/v2\/pages\/690\/revisions\/706"}],"wp:attachment":[{"href":"https:\/\/pos-graduacao.uepb.edu.br\/ppgq\/wp-json\/wp\/v2\/media?parent=690"}],"curies":[{"name":"wp","href":"https:\/\/api.w.org\/{rel}","templated":true}]}}