{"id":55,"date":"2015-11-24T19:01:09","date_gmt":"2015-11-24T19:01:09","guid":{"rendered":"https:\/\/pos-graduacao.uepb.edu.br\/ppgq\/?page_id=55"},"modified":"2025-05-12T18:17:46","modified_gmt":"2025-05-12T18:17:46","slug":"linhas-de-pesquisa","status":"publish","type":"page","link":"https:\/\/pos-graduacao.uepb.edu.br\/ppgq\/linhas-de-pesquisa\/","title":{"rendered":"Linhas de Pesquisa"},"content":{"rendered":"<div class=\"wpb-content-wrapper\"><p>[vc_row][vc_column][vc_column_text css=&#8221;&#8221;]O PPGQ possui quatro linhas de pesquisa que descrevem bem as atividades que ser\u00e3o desenvolvidas pelo seu corpo docente\/discente, sempre buscando atuar nas quatro grandes \u00e1reas da Qu\u00edmica: Qu\u00edmica Org\u00e2nica, Qu\u00edmica Anal\u00edtica, Qu\u00edmica Inorg\u00e2nica e F\u00edsico-Qu\u00edmica. O corpo docente atua nas seguintes linhas de pesquisa:[\/vc_column_text][vc_tta_accordion title_tag=&#8221;h3&#8243; section_title_tag=&#8221;h2&#8243; style=&#8221;modern&#8221; shape=&#8221;square&#8221; c_icon=&#8221;triangle&#8221; active_section=&#8221;&#8221; collapsible_all=&#8221;true&#8221; css=&#8221;.vc_custom_1720009832443{margin-top: 30px !important;}&#8221;][vc_tta_section title=&#8221;Nanomateriais e Nanoci\u00eancia&#8221; tab_id=&#8221;1720009646524-fe2af0a0-7c8f&#8221;][vc_column_text css=&#8221;.vc_custom_1720009689558{margin-top: 20px !important;}&#8221;]Descri\u00e7\u00e3o: A linha focaliza a prepara\u00e7\u00e3o de materiais avan\u00e7ados para aplica\u00e7\u00f5es nas \u00e1reas m\u00e9dica, farmac\u00eautica, agr\u00edcola, cat\u00e1lise, adsor\u00e7\u00e3o, ambiental, energia e sensores qu\u00edmicos. Inclui o desenvolvimento de nanopart\u00edculas polim\u00e9ricas biodegrad\u00e1veis e de \u00f3xidos met\u00e1licos, comp\u00f3sitos, materiais cer\u00e2micos funcionais, lipossomas, micelas,\u00a0microemuls\u00f5es, hidrog\u00e9is e nanoespumas. Os objetivos principais dessa linha s\u00e3o:\u00a0 a) Prepara\u00e7\u00e3o de \u00f3xidos e comp\u00f3sitos obtidos por m\u00e9todos via \u00famida e m\u00e9todo hidrotermal; b) Aplica\u00e7\u00e3o de materiais cer\u00e2micos nanoestruturados na fotocat\u00e1lise de poluentes persistentes; c) uso de energias renov\u00e1veis e\/ou catalisadores na obten\u00e7\u00e3o de biodiesel, hidrog\u00eanio verde; d) uso de materiais para sensores de g\u00e1s; d) Prepara\u00e7\u00e3o e caracteriza\u00e7\u00e3o materiais h\u00edbridos argila\/pol\u00edmero, bem como hidrog\u00e9is e fases condensadas condutoras de carga; e) Prepara\u00e7\u00e3o de sistemas nanom\u00e9tricos para libera\u00e7\u00e3o controlada de f\u00e1rmacos (lipossomas, nanopart\u00edculas e hidrog\u00e9is); f)Prepara\u00e7\u00e3o de materiais h\u00edbridos baseados em argilas e aplicados em processos de adsor\u00e7\u00e3o, fotocat\u00e1lise, atividade antimicrobiana e novos pigmentos, g) reuso de rejeitos pl\u00e1sticos no preparo de novos materiais porosos multifuncionais com nanopart\u00edculas.<\/p>\n<p>\u00c1reas de concentra\u00e7\u00e3o vinculadas: Qu\u00edmica Org\u00e2nica, Qu\u00edmica Inorg\u00e2nica e F\u00edsico-Qu\u00edmica<\/p>\n<p>Pesquisadores envolvidos:<\/p>\n<ul>\n<li>Mary\u00a0 Cristina Ferreira Alves<\/li>\n<li>Rodrigo Jos\u00e9 de Oliveira<\/li>\n<li>Deocl\u00e9cio Ferreira de Brito<\/li>\n<li>Sayonara Andrade Elizi\u00e1rio<\/li>\n<li>Francisco de Assis Rodrigues<\/li>\n<li>Vandeci Dias Santos<\/li>\n<li>Anabel Santos Lourenco<\/li>\n<\/ul>\n<p>[\/vc_column_text][\/vc_tta_section][vc_tta_section title=&#8221;Mol\u00e9culas Bioativas e Bioprocessos&#8221; tab_id=&#8221;1720009646528-4eee9636-8357&#8243;][vc_column_text css=&#8221;.vc_custom_1747073824881{margin-top: 20px !important;}&#8221;]Descri\u00e7\u00e3o: Realizar pesquisas que utilizem os conhecimentos da qu\u00edmica org\u00e2nica b\u00e1sica e aplicada e visem a busca de mol\u00e9culas bioativas e o desenvolvimento de bioprocessos objetivando contribuir com a sa\u00fade humana e ambiental.<\/p>\n<p>Nesta \u00e1rea s\u00e3o investigados produtos naturais e mol\u00e9culas sint\u00e9ticas com potencial atividade biol\u00f3gica para tratamento do c\u00e2ncer, doen\u00e7as inflamat\u00f3rias, dist\u00farbios do sistema nervoso central, doen\u00e7as infectocontagiosas e doen\u00e7as negligenciadas. Utiliza-se t\u00e9cnicas laboratoriais de qu\u00edmica org\u00e2nica, t\u00e9cnicas cromatogr\u00e1ficas, espectrosc\u00f3picas e ferramentas computacionais. Tamb\u00e9m s\u00e3o realizadas pesquisas com interesse na utiliza\u00e7\u00e3o de organismos vivos ou derivados desses com potencial biotecnol\u00f3gico para o desenvolvimento de bioprodutos ou bioprocessos com enfoque ambiental, atuando na biorremedia\u00e7\u00e3o e recupera\u00e7\u00e3o de \u00e1reas degradadas.<\/p>\n<p>\u00c1reas de concentra\u00e7\u00e3o vinculadas: Qu\u00edmica Org\u00e2nica<\/p>\n<p>Pesquisadores envolvidos:<\/p>\n<ul>\n<li>Yanna Carolina Ferreira Teles<\/li>\n<li>Maria da Concei\u00e7\u00e3o de Menezes Torres<\/li>\n<li>Helvia Waleska Casullo de Ara\u00fajo<\/li>\n<li>Pabl\u00edcia Oliveira Galdino<\/li>\n<\/ul>\n<p>[\/vc_column_text][\/vc_tta_section][vc_tta_section title=&#8221;Metodologias Anal\u00edticas Avan\u00e7adas&#8221; tab_id=&#8221;1720009707919-2bd68cf7-c604&#8243;][vc_column_text css=&#8221;.vc_custom_1747073807080{margin-top: 20px !important;}&#8221;]Descri\u00e7\u00e3o: Desenvolvimento de metodologias anal\u00edticas utilizando banco de dados multivariados, para elucida\u00e7\u00e3o de problemas em diversas \u00e1reas de conhecimento, em especial relacionados a matizes das \u00e1reas ambientais, farmac\u00eauticas e agrarias.<\/p>\n<p>\u00c1rea de concentra\u00e7\u00e3o vinculada: Qu\u00edmica Anal\u00edtica<\/p>\n<p>Pesquisadores envolvidos:<\/p>\n<ul>\n<li>Jos\u00e9 Germano V\u00e9ras<\/li>\n<li>Simone da Silva Sim\u00f5es<\/li>\n<li>Paulo Henrique Gon\u00e7alves Dias Diniz<\/li>\n<li>Railson de Oliveira<\/li>\n<li>David Douglas de Sousa (P\u00f3s-doc)<\/li>\n<li>Welma Tha\u00edse Silva Vilar (P\u00f3s-doc)<\/li>\n<\/ul>\n<p>[\/vc_column_text][\/vc_tta_section][vc_tta_section title=&#8221;Qu\u00edmica Te\u00f3rica e Computacional&#8221; tab_id=&#8221;1720009705967-fa663f5d-9648&#8243;][vc_column_text css=&#8221;.vc_custom_1747073860536{margin-top: 20px !important;}&#8221;]Descri\u00e7\u00e3o: A linha tem como foco o desenvolvimento, implementa\u00e7\u00e3o computacional e aplica\u00e7\u00e3o de metodologias em qu\u00edmica qu\u00e2ntica, modelagem molecular e espectroscopia. Inclui o desenvolvimento de novas metodologias de an\u00e1lises de liga\u00e7\u00f5es qu\u00edmicas, desenvolvimento e aplica\u00e7\u00e3o de programas de computador em qu\u00edmica qu\u00e2ntica e espectroscopia de mol\u00e9culas e compostos de coordena\u00e7\u00e3o com \u00edons dos blocos d e f. Os estudos envolvem sistemas de interesse ambiental, eletroqu\u00edmico, sistemas alvo para dispositivos conversores de luz e sistemas moleculares em geral. Os objetivos principais dessa linha s\u00e3o: a) Estudos mec\u00e2nico-qu\u00e2ntico de sistemas moleculares; b) Desenvolvimento de programas de computador em qu\u00edmica; c) Modelagem computacional de compostos de coordena\u00e7\u00e3o com \u00edons lantan\u00eddeos; d) Aplica\u00e7\u00e3o de m\u00e9todos computacionais (din\u00e2mica molecular e estrutura eletr\u00f4nica) e modelagens te\u00f3ricas em mecanismos de rea\u00e7\u00f5es qu\u00edmicas, estrutura molecular e reatividade.<\/p>\n<p>\u00c1rea de concentra\u00e7\u00e3o vinculada: Fisico-qu\u00edmica<\/p>\n<p>Pesquisadores envolvidos:<\/p>\n<ul>\n<li>Juracy Regis de Lucena Junior<\/li>\n<li>Ezequiel Fragoso Vieira<\/li>\n<li>Railton Barbosa de Andrade (P\u00f3s-doc)<\/li>\n<\/ul>\n<p>[\/vc_column_text][\/vc_tta_section][\/vc_tta_accordion][\/vc_column][\/vc_row]<\/p>\n<\/div>","protected":false},"excerpt":{"rendered":"<p>[vc_row][vc_column][vc_column_text css=&#8221;&#8221;]O PPGQ possui quatro linhas de pesquisa que descrevem bem as atividades que ser\u00e3o desenvolvidas pelo seu corpo docente\/discente, sempre buscando atuar nas quatro grandes \u00e1reas da Qu\u00edmica: Qu\u00edmica Org\u00e2nica, Qu\u00edmica Anal\u00edtica, Qu\u00edmica Inorg\u00e2nica e F\u00edsico-Qu\u00edmica. O corpo docente atua nas seguintes linhas de pesquisa:[\/vc_column_text][vc_tta_accordion title_tag=&#8221;h3&#8243; section_title_tag=&#8221;h2&#8243; style=&#8221;modern&#8221; shape=&#8221;square&#8221; c_icon=&#8221;triangle&#8221; active_section=&#8221;&#8221; collapsible_all=&#8221;true&#8221; css=&#8221;.vc_custom_1720009832443{margin-top: 30px <a class=\"leiamais\" href=\"https:\/\/pos-graduacao.uepb.edu.br\/ppgq\/linhas-de-pesquisa\/\">Leia Mais&#8230;<\/a><\/p>\n","protected":false},"author":28,"featured_media":0,"parent":0,"menu_order":0,"comment_status":"closed","ping_status":"closed","template":"","meta":{"footnotes":""},"class_list":["post-55","page","type-page","status-publish","hentry"],"_links":{"self":[{"href":"https:\/\/pos-graduacao.uepb.edu.br\/ppgq\/wp-json\/wp\/v2\/pages\/55","targetHints":{"allow":["GET"]}}],"collection":[{"href":"https:\/\/pos-graduacao.uepb.edu.br\/ppgq\/wp-json\/wp\/v2\/pages"}],"about":[{"href":"https:\/\/pos-graduacao.uepb.edu.br\/ppgq\/wp-json\/wp\/v2\/types\/page"}],"author":[{"embeddable":true,"href":"https:\/\/pos-graduacao.uepb.edu.br\/ppgq\/wp-json\/wp\/v2\/users\/28"}],"replies":[{"embeddable":true,"href":"https:\/\/pos-graduacao.uepb.edu.br\/ppgq\/wp-json\/wp\/v2\/comments?post=55"}],"version-history":[{"count":23,"href":"https:\/\/pos-graduacao.uepb.edu.br\/ppgq\/wp-json\/wp\/v2\/pages\/55\/revisions"}],"predecessor-version":[{"id":860,"href":"https:\/\/pos-graduacao.uepb.edu.br\/ppgq\/wp-json\/wp\/v2\/pages\/55\/revisions\/860"}],"wp:attachment":[{"href":"https:\/\/pos-graduacao.uepb.edu.br\/ppgq\/wp-json\/wp\/v2\/media?parent=55"}],"curies":[{"name":"wp","href":"https:\/\/api.w.org\/{rel}","templated":true}]}}