{"id":48,"date":"2015-11-24T18:06:10","date_gmt":"2015-11-24T18:06:10","guid":{"rendered":"https:\/\/pos-graduacao.uepb.edu.br\/ppgq\/?page_id=48"},"modified":"2026-04-22T12:22:21","modified_gmt":"2026-04-22T12:22:21","slug":"coordenacao","status":"publish","type":"page","link":"https:\/\/pos-graduacao.uepb.edu.br\/ppgq\/coordenacao\/","title":{"rendered":"Coordena\u00e7\u00e3o"},"content":{"rendered":"<div class=\"wpb-content-wrapper\"><p>[vc_row][vc_column][vc_column_text css=&#8221;&#8221;]<strong>Curso de Mestrado<\/strong><\/p>\n<p><strong>Coordena\u00e7\u00e3o<\/strong>: Profa. Dra. Simone da Silva Sim\u00f5es<\/p>\n<p>E-mail: <a href=\"mailto:simonesimoes@servidor.uepb.edu.br\">simonesimoes@servidor.uepb.edu.br<\/a><\/p>\n<p><strong>Coordena\u00e7\u00e3o Adjunta<\/strong>: Prof. Dr. Juracy Regis de Lucena J\u00fanior<\/p>\n<p>E-mail: <a href=\"mailto:juracylucena@servidor.uepb.edu.br\">juracylucena@servidor.uepb.edu.br<\/a><\/p>\n<p>e-mail: ppgq@setor.uepb.edu.br<\/p>\n<p><strong>Conselhos e reuni\u00f5es<\/strong><\/p>\n<p>Colegiado<\/p>\n<ul>\n<li>Simone da Silva Sim\u00f5es<\/li>\n<li>Juracy Regis de Lucena J\u00fanior<\/li>\n<li>Mary Cristina Ferreira Alves<\/li>\n<li>Guilherme Leocardio Lucena dos Santos<\/li>\n<li>Paulo Henrique Gon\u00e7alves Dias Diniz<\/li>\n<li>Maria da Concei\u00e7\u00e3o de Menezes Torres<\/li>\n<li>Geovana Matias dos Santos (Titular discente) &#8211; (suplente: Maria da Guia dos Santos Silva)<\/li>\n<\/ul>\n<p>[\/vc_column_text][\/vc_column][\/vc_row]<\/p>\n<\/div>","protected":false},"excerpt":{"rendered":"<p>[vc_row][vc_column][vc_column_text css=&#8221;&#8221;]Curso de Mestrado Coordena\u00e7\u00e3o: Profa. Dra. Simone da Silva Sim\u00f5es E-mail: simonesimoes@servidor.uepb.edu.br Coordena\u00e7\u00e3o Adjunta: Prof. Dr. Juracy Regis de Lucena J\u00fanior E-mail: juracylucena@servidor.uepb.edu.br e-mail: ppgq@setor.uepb.edu.br Conselhos e reuni\u00f5es Colegiado Simone da Silva Sim\u00f5es Juracy Regis de Lucena J\u00fanior Mary Cristina Ferreira Alves Guilherme Leocardio Lucena dos Santos Paulo Henrique Gon\u00e7alves Dias Diniz Maria da <a class=\"leiamais\" href=\"https:\/\/pos-graduacao.uepb.edu.br\/ppgq\/coordenacao\/\">Leia Mais&#8230;<\/a><\/p>\n","protected":false},"author":28,"featured_media":0,"parent":0,"menu_order":0,"comment_status":"closed","ping_status":"closed","template":"","meta":{"footnotes":""},"class_list":["post-48","page","type-page","status-publish","hentry"],"_links":{"self":[{"href":"https:\/\/pos-graduacao.uepb.edu.br\/ppgq\/wp-json\/wp\/v2\/pages\/48","targetHints":{"allow":["GET"]}}],"collection":[{"href":"https:\/\/pos-graduacao.uepb.edu.br\/ppgq\/wp-json\/wp\/v2\/pages"}],"about":[{"href":"https:\/\/pos-graduacao.uepb.edu.br\/ppgq\/wp-json\/wp\/v2\/types\/page"}],"author":[{"embeddable":true,"href":"https:\/\/pos-graduacao.uepb.edu.br\/ppgq\/wp-json\/wp\/v2\/users\/28"}],"replies":[{"embeddable":true,"href":"https:\/\/pos-graduacao.uepb.edu.br\/ppgq\/wp-json\/wp\/v2\/comments?post=48"}],"version-history":[{"count":18,"href":"https:\/\/pos-graduacao.uepb.edu.br\/ppgq\/wp-json\/wp\/v2\/pages\/48\/revisions"}],"predecessor-version":[{"id":983,"href":"https:\/\/pos-graduacao.uepb.edu.br\/ppgq\/wp-json\/wp\/v2\/pages\/48\/revisions\/983"}],"wp:attachment":[{"href":"https:\/\/pos-graduacao.uepb.edu.br\/ppgq\/wp-json\/wp\/v2\/media?parent=48"}],"curies":[{"name":"wp","href":"https:\/\/api.w.org\/{rel}","templated":true}]}}