{"id":45,"date":"2015-11-24T18:03:30","date_gmt":"2015-11-24T18:03:30","guid":{"rendered":"https:\/\/pos-graduacao.uepb.edu.br\/ppgq\/?page_id=45"},"modified":"2026-02-04T19:11:42","modified_gmt":"2026-02-04T19:11:42","slug":"corpo-docente","status":"publish","type":"page","link":"https:\/\/pos-graduacao.uepb.edu.br\/ppgq\/corpo-docente\/","title":{"rendered":"Corpo Docente"},"content":{"rendered":"<div class=\"wpb-content-wrapper\"><p>[vc_row gap=&#8221;30&#8243; equal_height=&#8221;yes&#8221; el_class=&#8221;conf-azul&#8221;][vc_column width=&#8221;1\/3&#8243; css=&#8221;.vc_custom_1720012247468{padding-bottom: 30px !important;}&#8221;][vc_column_text css=&#8221;&#8221;]<strong>Permanentes<\/strong><\/p>\n<p><a href=\"http:\/\/lattes.cnpq.br\/2790322814354811\" target=\"_blank\" rel=\"noopener noreferrer\">Jos\u00e9 Germano V\u00e9ras Neto<\/a><br \/>\ngermano@servidor.uepb.edu.br<\/p>\n<p><a href=\"http:\/\/lattes.cnpq.br\/1318786714866523\" target=\"_blank\" rel=\"noopener noreferrer\">Rodrigo Jos\u00e9 de Oliveira<\/a><br \/>\ndeoliveirarj@servidor.uepb.edu.br<\/p>\n<p><a href=\"http:\/\/lattes.cnpq.br\/1408702023173864\" target=\"_blank\" rel=\"noopener noreferrer\">Mary Cristina Ferreira Alves\u00a0<\/a><br \/>\nmary.alves@servidor.uepb.edu.br \/ marycfa21@yahoo.com.br<\/p>\n<p><a href=\"http:\/\/lattes.cnpq.br\/8054994629202655\" target=\"_blank\" rel=\"noopener noreferrer\">Simone da Silva Sim\u00f5es<\/a><br \/>\nsimonesimoes@servidor.uepb.edu.br \/ simoes.simone@gmail.com<\/p>\n<p><a href=\"http:\/\/lattes.cnpq.br\/2296117175334898\" target=\"_blank\" rel=\"noopener noreferrer\">Helvia Waleska Casullo de Ara\u00fajo<\/a><br \/>\nhelvia@servidor.uepb.edu.br<\/p>\n<p><a href=\"http:\/\/lattes.cnpq.br\/8119528339396944\" target=\"_blank\" rel=\"noopener noreferrer\">Juracy R\u00e9gis de Lucena J\u00fanior<\/a><br \/>\njuracylucena@servidor.uepb.edu.br<\/p>\n<p><a href=\"http:\/\/lattes.cnpq.br\/7638517746936259\" target=\"_blank\" rel=\"noopener noreferrer\">Maria da Concei\u00e7\u00e3o de Menezes Torres<\/a>\u00a0\u2013 mariatorres@servidor.uepb.edu.br \/ cei_menezes@yahoo.com.br<\/p>\n<p><a href=\"http:\/\/lattes.cnpq.br\/7253814806654553\" target=\"_blank\" rel=\"noopener noreferrer\">Yanna Carolina Ferreira Teles<\/a>\u00a0\u2013 yanna@cca.ufpb.br<\/p>\n<p><a href=\"http:\/\/lattes.cnpq.br\/2809045289696992\" target=\"_blank\" rel=\"noopener noreferrer\">Deoclecio Ferreira de Brito<\/a><br \/>\ndeocleciofb@servidor.uepb.edu.br \/ deocleciofb@gmail.com<\/p>\n<p><a href=\"http:\/\/lattes.cnpq.br\/7678437706994830\" target=\"_blank\" rel=\"noopener noreferrer\">Ezequiel Fragoso Vieira Leit\u00e3o\u00a0<\/a><br \/>\nfq.ezequiel@gmail.com<\/p>\n<p><a href=\"http:\/\/lattes.cnpq.br\/5861213554697352\" target=\"_blank\" rel=\"noopener noreferrer\">Sayonara Andrade Elizi\u00e1rio\u00a0<\/a><br \/>\nsayonara@cear.ufpb.br\u00a0 \/ sayonaraea@gmail.com.br<\/p>\n<p><a href=\"http:\/\/lattes.cnpq.br\/6127798396853765\" target=\"_blank\" rel=\"noopener noreferrer\">Paulo Henrique Gon\u00e7alves Dias Diniz\u00a0<\/a><br \/>\npaulo.diniz@ufob.edu.br<\/p>\n<p><a href=\"https:\/\/lattes.cnpq.br\/7231815257954757\" target=\"_blank\" rel=\"noopener noreferrer\">Francisco de Assis Rodrigues Pereira\u00a0<\/a><br \/>\nfrancisco.rodrigues@servidor.uepb.edu.br<\/p>\n<p><a href=\"http:\/\/lattes.cnpq.br\/7374715406746162\" target=\"_blank\" rel=\"noopener noreferrer\">Pabl\u00edcia Oliveira Galdino\u00a0<\/a><br \/>\npabliciagaldino@servidor.uepb.edu.br<\/p>\n<p><a href=\"http:\/\/lattes.cnpq.br\/8468008879909222\">Railson de Oliveira Ramos<\/a><br \/>\nrailson.oliveira@servidor.uepb.uepb.edu.br<\/p>\n<p><a href=\"http:\/\/lattes.cnpq.br\/0703838418805289\">Guilherme Leoc\u00e1rdio Lucena dos Santos<\/a><br \/>\nguilherme.lucena@servidor.uepb.edu.br[\/vc_column_text][\/vc_column][vc_column width=&#8221;1\/3&#8243;][vc_column_text css=&#8221;&#8221;]<strong>Colaboradores<\/strong><\/p>\n<p><a href=\"http:\/\/lattes.cnpq.br\/5227637742755112\" target=\"_blank\" rel=\"noopener noreferrer\">Vandeci Dias dos Santos\u00a0<\/a><br \/>\nvandeci0561@servidor.uepb.edu.br (<strong>Nanomateriais e Nanoci\u00eancia<\/strong>)<\/p>\n<p><a href=\"http:\/\/lattes.cnpq.br\/3836928174191943\">David Douglas de Sousa Fernandes<\/a><br \/>\ndaviddsf013@gmail.com (<strong>Anal\u00edtica<\/strong>)<\/p>\n<p><a href=\"http:\/\/lattes.cnpq.br\/4722993434246119\">Sara Regina Ribeiro Carneiro de Barros<\/a><br \/>\nsarareginabarros@servidor.uepb.edu.br (<strong>Anal\u00edtica<\/strong>)[\/vc_column_text][\/vc_column][vc_column width=&#8221;1\/3&#8243;][vc_column_text css=&#8221;&#8221;]<strong>P\u00f3s-docs<\/strong><\/p>\n<p><a href=\"http:\/\/lattes.cnpq.br\/9743259541498192\">Welma Tha\u00edse Silva Vilar<\/a><br \/>\nwelmavilar@servidor.uepb.edu.br (<strong>Anal\u00edtica<\/strong>)<\/p>\n<p><a href=\"http:\/\/lattes.cnpq.br\/9234553283641203\">Emanuella Santos Sousa<\/a><br \/>\nessquimicau@gmail.com (<strong>Anal\u00edtica<\/strong>)<\/p>\n<p><a href=\"http:\/\/lattes.cnpq.br\/7107567440924941\">Camila Soares Xavier<\/a><br \/>\ncamilasoaresxavier@gmail.com (<strong>Nanomateriais<\/strong>)[\/vc_column_text][\/vc_column][\/vc_row]<\/p>\n<\/div>","protected":false},"excerpt":{"rendered":"<p>[vc_row gap=&#8221;30&#8243; equal_height=&#8221;yes&#8221; el_class=&#8221;conf-azul&#8221;][vc_column width=&#8221;1\/3&#8243; css=&#8221;.vc_custom_1720012247468{padding-bottom: 30px !important;}&#8221;][vc_column_text css=&#8221;&#8221;]Permanentes Jos\u00e9 Germano V\u00e9ras Neto germano@servidor.uepb.edu.br Rodrigo Jos\u00e9 de Oliveira deoliveirarj@servidor.uepb.edu.br Mary Cristina Ferreira Alves\u00a0 mary.alves@servidor.uepb.edu.br \/ marycfa21@yahoo.com.br Simone da Silva Sim\u00f5es simonesimoes@servidor.uepb.edu.br \/ simoes.simone@gmail.com Helvia Waleska Casullo de Ara\u00fajo helvia@servidor.uepb.edu.br Juracy R\u00e9gis de Lucena J\u00fanior juracylucena@servidor.uepb.edu.br Maria da Concei\u00e7\u00e3o de Menezes Torres\u00a0\u2013 mariatorres@servidor.uepb.edu.br \/ cei_menezes@yahoo.com.br Yanna <a class=\"leiamais\" href=\"https:\/\/pos-graduacao.uepb.edu.br\/ppgq\/corpo-docente\/\">Leia Mais&#8230;<\/a><\/p>\n","protected":false},"author":28,"featured_media":0,"parent":0,"menu_order":0,"comment_status":"closed","ping_status":"closed","template":"","meta":{"footnotes":""},"class_list":["post-45","page","type-page","status-publish","hentry"],"_links":{"self":[{"href":"https:\/\/pos-graduacao.uepb.edu.br\/ppgq\/wp-json\/wp\/v2\/pages\/45","targetHints":{"allow":["GET"]}}],"collection":[{"href":"https:\/\/pos-graduacao.uepb.edu.br\/ppgq\/wp-json\/wp\/v2\/pages"}],"about":[{"href":"https:\/\/pos-graduacao.uepb.edu.br\/ppgq\/wp-json\/wp\/v2\/types\/page"}],"author":[{"embeddable":true,"href":"https:\/\/pos-graduacao.uepb.edu.br\/ppgq\/wp-json\/wp\/v2\/users\/28"}],"replies":[{"embeddable":true,"href":"https:\/\/pos-graduacao.uepb.edu.br\/ppgq\/wp-json\/wp\/v2\/comments?post=45"}],"version-history":[{"count":44,"href":"https:\/\/pos-graduacao.uepb.edu.br\/ppgq\/wp-json\/wp\/v2\/pages\/45\/revisions"}],"predecessor-version":[{"id":963,"href":"https:\/\/pos-graduacao.uepb.edu.br\/ppgq\/wp-json\/wp\/v2\/pages\/45\/revisions\/963"}],"wp:attachment":[{"href":"https:\/\/pos-graduacao.uepb.edu.br\/ppgq\/wp-json\/wp\/v2\/media?parent=45"}],"curies":[{"name":"wp","href":"https:\/\/api.w.org\/{rel}","templated":true}]}}