{"id":37,"date":"2015-11-24T18:01:27","date_gmt":"2015-11-24T18:01:27","guid":{"rendered":"https:\/\/pos-graduacao.uepb.edu.br\/ppgq\/?page_id=37"},"modified":"2015-11-24T18:01:27","modified_gmt":"2015-11-24T18:01:27","slug":"financiamento","status":"publish","type":"page","link":"https:\/\/pos-graduacao.uepb.edu.br\/ppgq\/financiamento\/","title":{"rendered":"Financiamento"},"content":{"rendered":"<p>Em termos dos financiamentos de projetos, os membros do PPGQ possuem projetos aprovados em \u00f3rg\u00e3o de fomento: Professores do programa participam de redes nacionais como o Programa de Pesquisas em Biodiversidade (PPBio), criado pelo MCT em junho de 2004; o Instituto Nacional em Ci\u00eancia e Tecnologia para Inova\u00e7\u00e3o Farmac\u00eautica (INCT_IF), o N\u00facleo de Qu\u00edmica Anal\u00edtica Avan\u00e7ada de Pernambuco (NUQAAPE) com recursos de quase meio milh\u00e3o de reais, processo n. APQ-0316-1.06\/10 do Edital FACEPE 12\/2010; e de interc\u00e2mbios internacionais Brasil\/Argentina, CNPq\/CONICET, Chamada CNPq no 17\/2013, processo PPCP 013\/2011 e Programa de Coopera\u00e7\u00e3o Internacional CAPES\/MINCYT (Projeto de Pesquisa Associado em Rede), Edital no 37\/2013; Projetos Universais do CNPq aprovados em 2013 (Processos 420483\/2013-6, Materiais avan\u00e7ados para agricultura do semi\u00e1rido nordestino MAASaNE; processo n\u00b0 486044\/2013-0, cujo t\u00edtulo \u00e9 S\u00edntese, estudos de CADD e avalia\u00e7\u00e3o da atividade antimicrobiana de novos candidatos a antibi\u00f3ticos potenciais inibidores da diidrofolato redutase; e Aplica\u00e7\u00e3o do sistema SrZrxSn1-xO3 em processos fotocatal\u00edticas na degrada\u00e7\u00e3o corantes t\u00eaxteis, processo n\u00b0 476212\/2013-8) e de 2014 (Processo 456221\/2014-0, Equival\u00eancia farmac\u00eautica de analg\u00e9sicos com f\u00e1rmacos associados utilizando m\u00e9todos multivariados de ordem superior; Processo 457133\/2014-7, cujo t\u00edtulo \u00e9 Desenvolvimento de metodologias baseadas em processos fotocatal\u00edticos para a remo\u00e7\u00e3o de cianotoxinas em \u00e1guas; e Processo 446274\/2014-3, cujo t\u00edtulo \u00e9 Desenvolvimento de Potenciais Derivados 2-amino-tiof\u00eanicos-ind\u00f3licos e tiof\u00eanicos-acrid\u00ednicos Destinados Terap\u00eautica da Leishmaniose); Projeto aprovado com financiamento, dentro da chamada Apoio \u00e0 Intera\u00e7\u00e3o de Pesquisa entre o CETENE e Pesquisadores da Regi\u00e3o Nordeste, Edital FACEPE 13\/2014, atrav\u00e9s do Processo APQ-1024-4.03\/14; Projeto aprovado com financiamento, dentro da Chamada Edital FACEPE 13\/2012: PPSUS REDE, atrav\u00e9s do Processo APQ-0034-4.00\/13; Chamada No 18\/2013 MCTI\/CNPq\/SPM-PR\/Petrobras &#8211; Meninas e Jovens Fazendo Ci\u00eancias Exatas, Engenharias e Computa\u00e7\u00e3o Processo 420483\/2013-6, com financiamento e 4 bolsas para alunos de inicia\u00e7\u00e3o cient\u00edfica j\u00fanior e de gradua\u00e7\u00e3o. Tamb\u00e9m \u00e9 perspectiva dos professores que comp\u00f5em o programa e pol\u00edtica institucional a busca de recursos em fontes externas, como CNPq, FINEP, Banco do Nordeste do Brasil, CHESF, Vale do Rio Doce, FAPESQ (FAP da Para\u00edba), dentre outras.<\/p>\n","protected":false},"excerpt":{"rendered":"<p>Em termos dos financiamentos de projetos, os membros do PPGQ possuem projetos aprovados em \u00f3rg\u00e3o de fomento: Professores do programa participam de redes nacionais como o Programa de Pesquisas em Biodiversidade (PPBio), criado pelo MCT em junho de 2004; o Instituto Nacional em Ci\u00eancia e Tecnologia para Inova\u00e7\u00e3o Farmac\u00eautica (INCT_IF), o N\u00facleo de Qu\u00edmica Anal\u00edtica <a class=\"leiamais\" href=\"https:\/\/pos-graduacao.uepb.edu.br\/ppgq\/financiamento\/\">Leia Mais&#8230;<\/a><\/p>\n","protected":false},"author":1,"featured_media":0,"parent":0,"menu_order":0,"comment_status":"closed","ping_status":"closed","template":"","meta":{"footnotes":""},"class_list":["post-37","page","type-page","status-publish","hentry"],"_links":{"self":[{"href":"https:\/\/pos-graduacao.uepb.edu.br\/ppgq\/wp-json\/wp\/v2\/pages\/37","targetHints":{"allow":["GET"]}}],"collection":[{"href":"https:\/\/pos-graduacao.uepb.edu.br\/ppgq\/wp-json\/wp\/v2\/pages"}],"about":[{"href":"https:\/\/pos-graduacao.uepb.edu.br\/ppgq\/wp-json\/wp\/v2\/types\/page"}],"author":[{"embeddable":true,"href":"https:\/\/pos-graduacao.uepb.edu.br\/ppgq\/wp-json\/wp\/v2\/users\/1"}],"replies":[{"embeddable":true,"href":"https:\/\/pos-graduacao.uepb.edu.br\/ppgq\/wp-json\/wp\/v2\/comments?post=37"}],"version-history":[{"count":1,"href":"https:\/\/pos-graduacao.uepb.edu.br\/ppgq\/wp-json\/wp\/v2\/pages\/37\/revisions"}],"predecessor-version":[{"id":38,"href":"https:\/\/pos-graduacao.uepb.edu.br\/ppgq\/wp-json\/wp\/v2\/pages\/37\/revisions\/38"}],"wp:attachment":[{"href":"https:\/\/pos-graduacao.uepb.edu.br\/ppgq\/wp-json\/wp\/v2\/media?parent=37"}],"curies":[{"name":"wp","href":"https:\/\/api.w.org\/{rel}","templated":true}]}}