{"id":34,"date":"2015-11-24T18:01:05","date_gmt":"2015-11-24T18:01:05","guid":{"rendered":"https:\/\/pos-graduacao.uepb.edu.br\/ppgq\/?page_id=34"},"modified":"2015-11-24T18:01:11","modified_gmt":"2015-11-24T18:01:11","slug":"nucleacao","status":"publish","type":"page","link":"https:\/\/pos-graduacao.uepb.edu.br\/ppgq\/nucleacao\/","title":{"rendered":"Nuclea\u00e7\u00e3o"},"content":{"rendered":"<p>O programa de p\u00f3s-gradua\u00e7\u00e3o em Qu\u00edmica da UFPE se solidarizou com o PPGQ-UEPB e se disp\u00f4s a nuclear o novo programa com o uso de infraestrutura e de equipamentos, al\u00e9m da possibilidade de ministrar disciplinas e de coorienta\u00e7\u00e3o de alunos. Vale ressaltar que para cada \u00e1rea de concentra\u00e7\u00e3o um pesquisador produtivo tamb\u00e9m atua como nucleador: Qu\u00edmica Anal\u00edtica (Prof. Dr. M\u00e1rio C\u00e9sar Ugulino de Ara\u00fajo, pesquisador 1A do CNPq), Qu\u00edmica Org\u00e2nica (Ivan da Rocha Pitta, pesquisador 1A do CNPq), Qu\u00edmica Inorg\u00e2nica (Profa. Dra. Ieda Maria Garcia dos Santos, pesquisadora 1C do CNPq) e F\u00edsico-Qu\u00edmica (Prof. Dr. Severino Alves J\u00fanior, pesquisador 1C do CNPq). Por fim, o Instituto Nacional do Semi\u00e1rido tamb\u00e9m se solidarizou com a proposta, permitindo a cess\u00e3o de equipamentos (um difrat\u00f4metro e uma fluoresc\u00eancia de raios-X, absor\u00e7\u00e3o at\u00f4mica, infravermelho e ultra violeta) e de estrutura f\u00edsica para execu\u00e7\u00e3o de atividades experimentais. Os equipamentos do programa de p\u00f3s-gradua\u00e7\u00e3o em Qu\u00edmica da UFPE, dentre outros, s\u00e3o: difrat\u00f4metro de Raio-X, Cromat\u00f3grafo L\u00edquido de Alta Efici\u00eancia, Cromat\u00f3grafo Gasoso acoplado a Espectr\u00f4metro de Massa, GPC, Microsc\u00f3pio Eletr\u00f4nico de Varredura, AFM, Fluor\u00edmetro, TGA-DSC, reatores de micro-ondas, Espectr\u00f4metro de Resson\u00e2ncia Magn\u00e9tica Nuclear de 300 MHz e de 500 MHz, dentre outros. De forma detalhada, os pesquisadores da regi\u00e3o Nordeste possuem acesso direto \u00e0 toda estrutura dispon\u00edvel no CETENE, como 2 microsc\u00f3pios de transmiss\u00e3o eletr\u00f4nica, sendo um de alta resolu\u00e7\u00e3o com Sistema para Microan\u00e1lises (EDS), microsc\u00f3pio de varredura eletr\u00f4nica com m\u00f3dulo ambiental, microsc\u00f3pio de for\u00e7a at\u00f4mica com c\u00e2mara ambiental, microscopia \u00f3tica de campo pr\u00f3ximo, MALDI-TOF, BET, espectr\u00f4metro de absor\u00e7\u00e3o por dicro\u00edsmo circular, espectroscopia de correla\u00e7\u00e3o de f\u00f3tons, Espectroscopia Raman Confocal, Re\u00f4metro Oscilat\u00f3rio Digital, GC-MS, GC-FID e HPLC.<\/p>\n","protected":false},"excerpt":{"rendered":"<p>O programa de p\u00f3s-gradua\u00e7\u00e3o em Qu\u00edmica da UFPE se solidarizou com o PPGQ-UEPB e se disp\u00f4s a nuclear o novo programa com o uso de infraestrutura e de equipamentos, al\u00e9m da possibilidade de ministrar disciplinas e de coorienta\u00e7\u00e3o de alunos. Vale ressaltar que para cada \u00e1rea de concentra\u00e7\u00e3o um pesquisador produtivo tamb\u00e9m atua como nucleador: <a class=\"leiamais\" href=\"https:\/\/pos-graduacao.uepb.edu.br\/ppgq\/nucleacao\/\">Leia Mais&#8230;<\/a><\/p>\n","protected":false},"author":1,"featured_media":0,"parent":0,"menu_order":0,"comment_status":"closed","ping_status":"closed","template":"","meta":{"footnotes":""},"class_list":["post-34","page","type-page","status-publish","hentry"],"_links":{"self":[{"href":"https:\/\/pos-graduacao.uepb.edu.br\/ppgq\/wp-json\/wp\/v2\/pages\/34","targetHints":{"allow":["GET"]}}],"collection":[{"href":"https:\/\/pos-graduacao.uepb.edu.br\/ppgq\/wp-json\/wp\/v2\/pages"}],"about":[{"href":"https:\/\/pos-graduacao.uepb.edu.br\/ppgq\/wp-json\/wp\/v2\/types\/page"}],"author":[{"embeddable":true,"href":"https:\/\/pos-graduacao.uepb.edu.br\/ppgq\/wp-json\/wp\/v2\/users\/1"}],"replies":[{"embeddable":true,"href":"https:\/\/pos-graduacao.uepb.edu.br\/ppgq\/wp-json\/wp\/v2\/comments?post=34"}],"version-history":[{"count":2,"href":"https:\/\/pos-graduacao.uepb.edu.br\/ppgq\/wp-json\/wp\/v2\/pages\/34\/revisions"}],"predecessor-version":[{"id":36,"href":"https:\/\/pos-graduacao.uepb.edu.br\/ppgq\/wp-json\/wp\/v2\/pages\/34\/revisions\/36"}],"wp:attachment":[{"href":"https:\/\/pos-graduacao.uepb.edu.br\/ppgq\/wp-json\/wp\/v2\/media?parent=34"}],"curies":[{"name":"wp","href":"https:\/\/api.w.org\/{rel}","templated":true}]}}