{"id":29,"date":"2015-11-24T17:59:19","date_gmt":"2015-11-24T17:59:19","guid":{"rendered":"https:\/\/pos-graduacao.uepb.edu.br\/ppgq\/?page_id=29"},"modified":"2024-07-03T12:38:06","modified_gmt":"2024-07-03T12:38:06","slug":"infraestrutura","status":"publish","type":"page","link":"https:\/\/pos-graduacao.uepb.edu.br\/ppgq\/infraestrutura\/","title":{"rendered":"Infraestrutura"},"content":{"rendered":"<div class=\"wpb-content-wrapper\"><p>[vc_row][vc_column][vc_tta_accordion title_tag=&#8221;h3&#8243; section_title_tag=&#8221;h2&#8243; style=&#8221;modern&#8221; shape=&#8221;square&#8221; c_icon=&#8221;triangle&#8221; active_section=&#8221;&#8221; collapsible_all=&#8221;true&#8221;][vc_tta_section title=&#8221;Laborat\u00f3rio de Qu\u00edmica Anal\u00edtica e Quimiometria&#8221; tab_id=&#8221;1720009881938-f4a2868b-14a9&#8243;][vc_column_text css=&#8221;.vc_custom_1720009950436{margin-top: 20px !important;}&#8221;]Ocupa uma \u00e1rea de 130 metros quadrados, no pr\u00e9dio de pesquisa das Tr\u00eas Marias, e conta com: espectrofot\u00f4metro UV-Vis da marca Shimadzu, modelo UVmini 1240; espectrofot\u00f4metro UV-Vis-NIR, da marca Perkin Elmer, modelo Lambda 750, com Praying Mantis Diffuse \u2013 UV High End; Analisador T\u00e9rmico Simult\u00e2neo, modelo DTG 60, da marca Shimadzu; viscos\u00edmetro Fungilab, One R; dens\u00edmetro digital, da Mettler Toledo, modelo Densito 30PX; capela de exaust\u00e3o de gases pequena, marca Quimis, modelo 0216-21; duas capelas de fluxo laminar Veco, modelos CFLV09 e FUV12; estufa de circula\u00e7\u00e3o de ar for\u00e7ada, marca Fanem, modelo 3305; quatro estufas, sendo duas da marca Fanem, modelo 502, e duas da Quimis, modelos Q317M-32 e Q316M-4; Autoclave Quimis, Q29-22; Prensa hidr\u00e1ulica de 15 T com acess\u00f3rios para extra\u00e7\u00e3o de \u00f3leo em sementes; dois evaporadores rotativos, sendo um da IKA, modelo RV10B, e modelo Q344B2 da Quimis; sistema de purifica\u00e7\u00e3o de \u00e1gua de osmose reversa, da Gehaka, modelo OS10LZ, com ultrapurificador de \u00e1gua Masterlab; sistema de soxhlet de seis pontos; dois agitadores magn\u00e9ticos Quimis, modelo Q261M23, e mais um da Nova \u00c9tica, modelo 114; agitador VDRL Biomixer, modelo TS-2000A; Centr\u00edfuga de bancada Excelsa II da Fanem, modelo 206BL; medidor de ponto de fus\u00e3o Gehaka, modelo PF1000; lavadora ultras\u00f4nica Unique Cleaner; tr\u00eas pHmetros de bancada, sendo um da Gehaka, modeo PC1800, outro da Tecnopon, mPA210, e o \u00faltimo da Hanna Instruments, modelo HI221; balan\u00e7a semi-anal\u00edtica Shimadzu, BL3200H e balan\u00e7a anal\u00edtica FA2104N, da Bioprecisa.[\/vc_column_text][\/vc_tta_section][vc_tta_section title=&#8221;Laborat\u00f3rio de S\u00edntese e An\u00e1lise de Materiais Avan\u00e7ados (LabSAMA\/UEPB)&#8221; tab_id=&#8221;1720009881943-a2b6282c-e4f2&#8243;][vc_column_text css=&#8221;.vc_custom_1720009997278{margin-top: 20px !important;}&#8221;]Ocupa 40m2\u00a0\u00a0e disp\u00f5e de Placa Peltier Grande, Placa Peltier Pequena, Fonte el\u00e9trica 110\/220V- 12V 30A(G), Fonte el\u00e9trica 110\/220V -12V 10A ( P), Agitador Magn\u00e9tico com aquecimento, Agitador Magn\u00e9tico sem aquecimento, Agitador Vortex, pHmetro Digital, pHmetro de Bancada, Agitador mec\u00e2nico, Banho Ultras\u00f4nico, Balan\u00e7a anal\u00edtica, Estufa digital 40L, Peneiras granulom\u00e9tricas, Dessecador de vidro, Deionizador de \u00e1gua, Geladeira.[\/vc_column_text][\/vc_tta_section][vc_tta_section title=&#8221;Laborat\u00f3rio de Qu\u00edmica da EXTRABES&#8221; tab_id=&#8221;1720009980624-89f92741-0910&#8243;][vc_column_text css=&#8221;.vc_custom_1720010019130{margin-top: 20px !important;}&#8221;]EXTRABES (Esta\u00e7\u00e3o Experimental de Tratamento de \u00c1guas e Esgotos): 15 m2, al\u00e9m de espa\u00e7os comuns como bancadas de prepara\u00e7\u00e3o, sala de fornos e estufas, salas de equipamentos, sala de aula e laborat\u00f3rios parceiros, contando com : Estufas, centr\u00edfugas simples e refrigeradas, destiladores e deionizadores de \u00e1gua, banho ultrass\u00f4nico, c\u00e2maras de irradia\u00e7\u00e3o UV, fornos mufla, espectr\u00f4metros de absor\u00e7\u00e3o UV-Vis, pHmetros, condutiv\u00edmetros, turbid\u00edmetros, balan\u00e7as anal\u00edticas, homogeneizadores tipo shakers, bomba de v\u00e1cuo, cromat\u00f3grafo i\u00f4nico, HPLC, COT e cromat\u00f3grafo gasoso com espectrometria de massas acoplada.[\/vc_column_text][\/vc_tta_section][vc_tta_section title=&#8221;Laborat\u00f3rio de S\u00edntese e Vetoriza\u00e7\u00e3o de Mol\u00e9culas&#8221; tab_id=&#8221;1720009977248-f673bd2a-05db&#8221;][vc_column_text css=&#8221;.vc_custom_1720010043158{margin-top: 20px !important;}&#8221;]<\/p>\n<div id=\"ui-id-4\" class=\"wp-tab-content ui-accordion-content ui-corner-bottom ui-helper-reset ui-widget-content ui-accordion-content-active\" role=\"tabpanel\" aria-labelledby=\"Laborat\u00f3rio de S\u00edntese e Vetoriza\u00e7\u00e3o de Mol\u00e9culas\" aria-hidden=\"false\">\n<div class=\"wp-tab-content-wrapper\">\n<p>Possui de v\u00e1rias capelas de exaust\u00e3o de gases, rotaevaporadores, agitadores magn\u00e9ticos, balan\u00e7as de 4 e 5 casas decimais, diversas placas aquecedoras e agitadoras, sistema de destila\u00e7\u00e3o de solventes, centr\u00edfuga, espectrofot\u00f4metro UV-Vis, microsc\u00f3pio \u00f3tico, aparelhos de ponto de fus\u00e3o, mantas t\u00e9rmicas de v\u00e1rias capacidades, sistema de destila\u00e7\u00e3o de \u00e1gua, agitador mec\u00e2nico, turrax, vortex, banhos-maria, pHmetros, condutiv\u00edmetros, estufas de secagem e bacteriol\u00f3gica, geladeiras e outros pequenos equipamentos.<\/p>\n<\/div>\n<\/div>\n<p>[\/vc_column_text][\/vc_tta_section][vc_tta_section title=&#8221;N\u00facleo de Pesquisas em Alimentos \u2013 NUPEA\/Microbiologia UEPB&#8221; tab_id=&#8221;1720009974409-0b5078ff-172e&#8221;][vc_column_text css=&#8221;.vc_custom_1720010072670{margin-top: 20px !important;}&#8221;]Ocupa uma \u00e1rea de 44,5m<sup>2<\/sup>, consiste em um ambiente laboratorial espec\u00edfico para pesquisas e presta\u00e7\u00e3o de servi\u00e7os na \u00e1rea da Microbiologia industrial. Possui 2 (duas) balan\u00e7as de precis\u00e3o (uma anal\u00edtica, com 4 casas decimais, e outra semi-anal\u00edtica, com 3 casas decimais), 3 (tr\u00eas) agitadores do tipo Vortex, 2 (dois) contadores de col\u00f4nias, 1 (uma) lanterna de emiss\u00e3o de radia\u00e7\u00e3o UV, 2 (dois) microsc\u00f3pios, 1 (um) agitador magn\u00e9tico, 1 (um) pHmetro, 1 (um) freezer, 2 (duas) estufas de cultura (35 e 45\u00b0C), 1 (uma) estufa bacteriol\u00f3gica, 1 (uma) estufa incubadora, 1 (uma) estufa, 1 (um) ebuli\u00f4metro, 1 (um) Banho-Maria , 2 (duas) geladeiras, 1 (uma) c\u00e2mara de fluxo laminar, 2 (dois) autoclaves verticais,\u00a0 al\u00e9m de vidrarias e utens\u00edlios diversos.[\/vc_column_text][\/vc_tta_section][vc_tta_section title=&#8221;Laborat\u00f3rio de s\u00edntese inorg\u00e2nica e Quimiometria (LabSiQ\/UEPB)&#8221; tab_id=&#8221;1720009972871-fb03e1d4-81d7&#8243;][vc_column_text css=&#8221;.vc_custom_1720010094074{margin-top: 20px !important;}&#8221;]Ocupa 40m2 e conta com espectrofot\u00f4metro UV-VIS, Mufla, estufas, centr\u00edfuga de bancada, agitadores mec\u00e2nicos, agitadores magn\u00e9ticos, banho-maria, forno para teste catal\u00edtico, mantas de aquecimento (T= 650 \u00baC), balan\u00e7a anal\u00edtica, pHmetro, condutiv\u00edmetro, sistema de destila\u00e7\u00e3o e condensa\u00e7\u00e3o.[\/vc_column_text][\/vc_tta_section][vc_tta_section title=&#8221;Laborat\u00f3rio de S\u00edntese Org\u00e2nica e Produtos Naturais (LSOPN\/UEPB)&#8221; tab_id=&#8221;1720009972334-d1c96e28-32e2&#8243;][vc_column_text css=&#8221;.vc_custom_1720010115411{margin-top: 20px !important;}&#8221;]Ocupa 40 m2\u00a0e conta com os seguintes equipamentos balan\u00e7a anal\u00edtica, rotaevapodor rotativo equipado com uma bomba de v\u00e1cuo, bomba de v\u00e1cuo para filtra\u00e7\u00e3o, manta aquecedora com capacidade para 5 L (usada no sistema de extra\u00e7\u00e3o de \u00f3leo essencial), geladeira.[\/vc_column_text][\/vc_tta_section][vc_tta_section title=&#8221;Laborat\u00f3rio de Pesquisa em Biotecnologia (LabBio\/UEPB)&#8221; tab_id=&#8221;1720009971734-0ec11706-0032&#8243;][vc_column_text css=&#8221;.vc_custom_1720010137942{margin-top: 20px !important;}&#8221;]Possui 3 (tr\u00eas) balan\u00e7as (uma anal\u00edtica, uma semi-anal\u00edtica e uma de prato), 1 (uma) geladeira, 1 (um) freezer, 1 (um) micro-ondas, 1 (uma) estufa de secagem, 1 (uma) estufa \u00e0 v\u00e1cuo, 1 (um) cortador de massas, 1 (um) fog\u00e3o de 4 bocas, 1 (um) depurador de ar, 1 (um) forno mufla, 1 (uma) capela de exaust\u00e3o, 1 (uma) chapa aquecedora de tr\u00eas bocas, 1 (um) digestor de prote\u00ednas, 1 (uma) estufa a v\u00e1cuo, 1 (uma) balan\u00e7a de umidade por infravermelho, 1 (um) forno el\u00e9trico, 1 (um) pHmetro, 1 (um) destilador de nitrog\u00eanio, 1 (um) aparelho Soxlet, 1 (um) secador, 1 (uma) mesa agitadora al\u00e9m de vidrarias e utens\u00edlios diversos.[\/vc_column_text][\/vc_tta_section][vc_tta_section title=&#8221;Laborat\u00f3rio de Qu\u00edmica Computacional (LQC\/UEPB)&#8221; tab_id=&#8221;1720009970269-a8ada2d0-5162&#8243;][vc_column_text css=&#8221;.vc_custom_1720010165265{margin-top: 20px !important;}&#8221;]Ocupa de uma \u00e1rea de\u00a0 40 m2\u00a0e disp\u00f5e de dois PC\u00b4s com configura\u00e7\u00e3o b\u00e1sica e um Servidor IBM para c\u00e1lculos que necessitam de alto desempenho computacional.[\/vc_column_text][\/vc_tta_section][vc_tta_section title=&#8221;Grupo de Qu\u00edmica Te\u00f3rica (UFPB, campus II)&#8221; tab_id=&#8221;1720009967429-5d174d64-0abe&#8221;][vc_column_text css=&#8221;.vc_custom_1720010188479{margin-top: 20px !important;}&#8221;]Tem dispon\u00edvel uma sala com 20 m2. O recurso computacional dispon\u00edvel \u00e9: 10x esta\u00e7\u00f5es de c\u00e1lculo Intel Xeon (8 n\u00facleos, com 8 GB DDR2 FBDIMM, HD 750 GB); 1x esta\u00e7\u00e3o de c\u00e1lculo AMD (FX OctaCore, 8 GB DDR3, HD 1 TB); 1x Intel Core i7 (8 n\u00facleos, 16 threads, 32 GB DDR4, HD 2 TB ), 3x AMD Ryzen 7 2700 (8 n\u00facleos, 16 threads, 16 GB DDR4, HD ou SSD) tudo isso controlado por um frontend Intel Core i5 com HD 2 TB com sistema de fila SGE (Oracle Grid Engine). Todas as m\u00e1quinas s\u00e3o estabilizadas por nobreaks individuais de 1400 VA ou coletivos de 2200 VA e 3000 VA.[\/vc_column_text][\/vc_tta_section][vc_tta_section title=&#8221;Laborat\u00f3rio de Desenvolvimento e S\u00edntese de F\u00e1rmacos (LDSF\/UEPB)&#8221; tab_id=&#8221;1720010174485-db3a0b4c-d20d&#8221;][vc_column_text css=&#8221;.vc_custom_1720010303130{margin-top: 20px !important;}&#8221;]Localizado no complexo das 03 Marias \u2013 UEPB. Possui \u00e1rea constru\u00edda de aproximadamente 20 m2\u00a0e conta com a seguinte infraestrutura: Estufa de Secagem de mat\u00e9ria-prima e vidrarias em geral, Evaporador Rotativo, Placas de Agita\u00e7\u00e3o Magn\u00e9tica, Manta aquecedora, Balan\u00e7a Semianal\u00edtica com 03 casas decimais, C\u00e2mara com luz UV, bombas de v\u00e1cuo, Capela de exaust\u00e3o, geladeiras.[\/vc_column_text][\/vc_tta_section][\/vc_tta_accordion][\/vc_column][\/vc_row]<\/p>\n<\/div>","protected":false},"excerpt":{"rendered":"<p>[vc_row][vc_column][vc_tta_accordion title_tag=&#8221;h3&#8243; section_title_tag=&#8221;h2&#8243; style=&#8221;modern&#8221; shape=&#8221;square&#8221; c_icon=&#8221;triangle&#8221; active_section=&#8221;&#8221; collapsible_all=&#8221;true&#8221;][vc_tta_section title=&#8221;Laborat\u00f3rio de Qu\u00edmica Anal\u00edtica e Quimiometria&#8221; tab_id=&#8221;1720009881938-f4a2868b-14a9&#8243;][vc_column_text css=&#8221;.vc_custom_1720009950436{margin-top: 20px !important;}&#8221;]Ocupa uma \u00e1rea de 130 metros quadrados, no pr\u00e9dio de pesquisa das Tr\u00eas Marias, e conta com: espectrofot\u00f4metro UV-Vis da marca Shimadzu, modelo UVmini 1240; espectrofot\u00f4metro UV-Vis-NIR, da marca Perkin Elmer, modelo Lambda 750, com Praying Mantis Diffuse <a class=\"leiamais\" href=\"https:\/\/pos-graduacao.uepb.edu.br\/ppgq\/infraestrutura\/\">Leia Mais&#8230;<\/a><\/p>\n","protected":false},"author":28,"featured_media":0,"parent":0,"menu_order":0,"comment_status":"closed","ping_status":"closed","template":"","meta":{"footnotes":""},"class_list":["post-29","page","type-page","status-publish","hentry"],"_links":{"self":[{"href":"https:\/\/pos-graduacao.uepb.edu.br\/ppgq\/wp-json\/wp\/v2\/pages\/29","targetHints":{"allow":["GET"]}}],"collection":[{"href":"https:\/\/pos-graduacao.uepb.edu.br\/ppgq\/wp-json\/wp\/v2\/pages"}],"about":[{"href":"https:\/\/pos-graduacao.uepb.edu.br\/ppgq\/wp-json\/wp\/v2\/types\/page"}],"author":[{"embeddable":true,"href":"https:\/\/pos-graduacao.uepb.edu.br\/ppgq\/wp-json\/wp\/v2\/users\/28"}],"replies":[{"embeddable":true,"href":"https:\/\/pos-graduacao.uepb.edu.br\/ppgq\/wp-json\/wp\/v2\/comments?post=29"}],"version-history":[{"count":9,"href":"https:\/\/pos-graduacao.uepb.edu.br\/ppgq\/wp-json\/wp\/v2\/pages\/29\/revisions"}],"predecessor-version":[{"id":716,"href":"https:\/\/pos-graduacao.uepb.edu.br\/ppgq\/wp-json\/wp\/v2\/pages\/29\/revisions\/716"}],"wp:attachment":[{"href":"https:\/\/pos-graduacao.uepb.edu.br\/ppgq\/wp-json\/wp\/v2\/media?parent=29"}],"curies":[{"name":"wp","href":"https:\/\/api.w.org\/{rel}","templated":true}]}}