{"id":13,"date":"2015-11-19T12:59:25","date_gmt":"2015-11-19T12:59:25","guid":{"rendered":"https:\/\/pos-graduacao.uepb.edu.br\/ppgq\/?page_id=13"},"modified":"2015-11-19T12:59:25","modified_gmt":"2015-11-19T12:59:25","slug":"perfil-do-profissional-a-ser-formado","status":"publish","type":"page","link":"https:\/\/pos-graduacao.uepb.edu.br\/ppgq\/perfil-do-profissional-a-ser-formado\/","title":{"rendered":"Perfil do profissional a ser formado"},"content":{"rendered":"<p>O profissional com Mestrado em Qu\u00edmica formado pela UEPB dever\u00e1 ter conhecimento t\u00e9cnico-cient\u00edfico e s\u00f3cio-pol\u00edtico-econ\u00f4mico de processos qu\u00edmicos de produ\u00e7\u00e3o e da gest\u00e3o da qualidade. O p\u00f3s-graduado ser\u00e1 respons\u00e1vel pela forma\u00e7\u00e3o e multiplica\u00e7\u00e3o de saberes, desenvolvendo a\u00e7\u00f5es nas \u00e1reas de ensino, pesquisa e extens\u00e3o. Al\u00e9m disso, cabe ao profissional ter habilidades para transfer\u00eancia de tecnologia, desenvolvimento de processos biotecnol\u00f3gicos, coordena\u00e7\u00e3o e trabalho em equipes multidisciplinares, visando contribuir para o desenvolvimento do Brasil e mais especificamente para o Nordeste brasileiro.<\/p>\n","protected":false},"excerpt":{"rendered":"<p>O profissional com Mestrado em Qu\u00edmica formado pela UEPB dever\u00e1 ter conhecimento t\u00e9cnico-cient\u00edfico e s\u00f3cio-pol\u00edtico-econ\u00f4mico de processos qu\u00edmicos de produ\u00e7\u00e3o e da gest\u00e3o da qualidade. O p\u00f3s-graduado ser\u00e1 respons\u00e1vel pela forma\u00e7\u00e3o e multiplica\u00e7\u00e3o de saberes, desenvolvendo a\u00e7\u00f5es nas \u00e1reas de ensino, pesquisa e extens\u00e3o. Al\u00e9m disso, cabe ao profissional ter habilidades para transfer\u00eancia de tecnologia, <a class=\"leiamais\" href=\"https:\/\/pos-graduacao.uepb.edu.br\/ppgq\/perfil-do-profissional-a-ser-formado\/\">Leia Mais&#8230;<\/a><\/p>\n","protected":false},"author":1,"featured_media":0,"parent":0,"menu_order":0,"comment_status":"closed","ping_status":"closed","template":"","meta":{"footnotes":""},"class_list":["post-13","page","type-page","status-publish","hentry"],"_links":{"self":[{"href":"https:\/\/pos-graduacao.uepb.edu.br\/ppgq\/wp-json\/wp\/v2\/pages\/13","targetHints":{"allow":["GET"]}}],"collection":[{"href":"https:\/\/pos-graduacao.uepb.edu.br\/ppgq\/wp-json\/wp\/v2\/pages"}],"about":[{"href":"https:\/\/pos-graduacao.uepb.edu.br\/ppgq\/wp-json\/wp\/v2\/types\/page"}],"author":[{"embeddable":true,"href":"https:\/\/pos-graduacao.uepb.edu.br\/ppgq\/wp-json\/wp\/v2\/users\/1"}],"replies":[{"embeddable":true,"href":"https:\/\/pos-graduacao.uepb.edu.br\/ppgq\/wp-json\/wp\/v2\/comments?post=13"}],"version-history":[{"count":1,"href":"https:\/\/pos-graduacao.uepb.edu.br\/ppgq\/wp-json\/wp\/v2\/pages\/13\/revisions"}],"predecessor-version":[{"id":14,"href":"https:\/\/pos-graduacao.uepb.edu.br\/ppgq\/wp-json\/wp\/v2\/pages\/13\/revisions\/14"}],"wp:attachment":[{"href":"https:\/\/pos-graduacao.uepb.edu.br\/ppgq\/wp-json\/wp\/v2\/media?parent=13"}],"curies":[{"name":"wp","href":"https:\/\/api.w.org\/{rel}","templated":true}]}}