{"id":120,"date":"2017-04-24T12:04:19","date_gmt":"2017-04-24T12:04:19","guid":{"rendered":"https:\/\/pos-graduacao.uepb.edu.br\/ppgq\/?page_id=120"},"modified":"2018-05-08T12:30:07","modified_gmt":"2018-05-08T12:30:07","slug":"credenciamento-de-docente-ao-ppgq","status":"publish","type":"page","link":"https:\/\/pos-graduacao.uepb.edu.br\/ppgq\/corpo-docente\/credenciamento-de-docente-ao-ppgq\/","title":{"rendered":"Credenciamento de Docente ao PPGQ"},"content":{"rendered":"<p>O programa de p\u00f3s-gradua\u00e7\u00e3o em qu\u00edmica da UEPB informa que o processo de credenciamento de novos docentes orientadores do quadro permanente ou colaborador, ocorrer\u00e1 em regime de fluxo cont\u00ednuo. Os requerimentos de solicita\u00e7\u00e3o de credenciamento dever\u00e3o ser dirigidos \u00e0 coordena\u00e7\u00e3o do PPGQ UEPB, munidos de um plano de trabalho e curr\u00edculo Lattes. <strong>Para o quadro permanente<\/strong>, o candidato dever\u00e1 atender o crit\u00e9rio de produ\u00e7\u00e3o m\u00ednima da \u00e1rea de qu\u00edmica da capes para propostas de cursos novos com nota 3, que significa uma produ\u00e7\u00e3o acad\u00eamica m\u00ednima de 100 pontos (de acordo com o Qualis\/Capes) no \u00faltimo quadri\u00eanio, na \u00e1rea de qu\u00edmica, al\u00e9m de demonstrar capacidade de gerenciamento de projetos de pesquisa atrav\u00e9s de projetos PIBIC (mesmo que sem bolsa, desde que seja oficializado pelo departamento). <strong>Para colaborador<\/strong>, o candidato dever\u00e1 possuir v\u00ednculo empregat\u00edcio em IES ou instituto de pesquisa, demonstrar capacidade de gerenciamento de projetos de pesquisa atrav\u00e9s de projetos PIBIC ou orienta\u00e7\u00e3o de trabalhos de conclus\u00e3o de curso, al\u00e9m de publica\u00e7\u00e3o de trabalhos em congressos ou artigos em revistas, ainda que com Qualis inferior a B4. O plano de trabalho dever\u00e1 conter, no m\u00e1ximo, 3 p\u00e1ginas contendo o projeto de pesquisa a ser desenvolvido pelo pesquisador, inserindo-o nas linhas de pesquisa do PPGQ\/UEPB ou deixando clara a capacidade de cria\u00e7\u00e3o e manuten\u00e7\u00e3o de uma nova linha de pesquisa (apenas para permanente). Dever\u00e1 conter tamb\u00e9m a disposi\u00e7\u00e3o do candidato em ministrar uma disciplina por ano, seja do quadro de disciplinas do PPGQ UEPB, seja uma nova disciplina proposta pelo candidato. As propostas ser\u00e3o analisadas, pelo comit\u00ea de credenciamento, de acordo com as necessidades do Programa, e enviar\u00e1 recomenda\u00e7\u00e3o ao colegiado, que homologar\u00e1, ou n\u00e3o, o credenciamento, a depender das necessidades acad\u00eamicas e de produ\u00e7\u00e3o do PPGQ UEPB.<\/p>\n","protected":false},"excerpt":{"rendered":"<p>O programa de p\u00f3s-gradua\u00e7\u00e3o em qu\u00edmica da UEPB informa que o processo de credenciamento de novos docentes orientadores do quadro permanente ou colaborador, ocorrer\u00e1 em regime de fluxo cont\u00ednuo. Os requerimentos de solicita\u00e7\u00e3o de credenciamento dever\u00e3o ser dirigidos \u00e0 coordena\u00e7\u00e3o do PPGQ UEPB, munidos de um plano de trabalho e curr\u00edculo Lattes. Para o quadro <a class=\"leiamais\" href=\"https:\/\/pos-graduacao.uepb.edu.br\/ppgq\/corpo-docente\/credenciamento-de-docente-ao-ppgq\/\">Leia Mais&#8230;<\/a><\/p>\n","protected":false},"author":28,"featured_media":0,"parent":45,"menu_order":0,"comment_status":"closed","ping_status":"closed","template":"","meta":{"footnotes":""},"class_list":["post-120","page","type-page","status-publish","hentry"],"_links":{"self":[{"href":"https:\/\/pos-graduacao.uepb.edu.br\/ppgq\/wp-json\/wp\/v2\/pages\/120","targetHints":{"allow":["GET"]}}],"collection":[{"href":"https:\/\/pos-graduacao.uepb.edu.br\/ppgq\/wp-json\/wp\/v2\/pages"}],"about":[{"href":"https:\/\/pos-graduacao.uepb.edu.br\/ppgq\/wp-json\/wp\/v2\/types\/page"}],"author":[{"embeddable":true,"href":"https:\/\/pos-graduacao.uepb.edu.br\/ppgq\/wp-json\/wp\/v2\/users\/28"}],"replies":[{"embeddable":true,"href":"https:\/\/pos-graduacao.uepb.edu.br\/ppgq\/wp-json\/wp\/v2\/comments?post=120"}],"version-history":[{"count":3,"href":"https:\/\/pos-graduacao.uepb.edu.br\/ppgq\/wp-json\/wp\/v2\/pages\/120\/revisions"}],"predecessor-version":[{"id":182,"href":"https:\/\/pos-graduacao.uepb.edu.br\/ppgq\/wp-json\/wp\/v2\/pages\/120\/revisions\/182"}],"up":[{"embeddable":true,"href":"https:\/\/pos-graduacao.uepb.edu.br\/ppgq\/wp-json\/wp\/v2\/pages\/45"}],"wp:attachment":[{"href":"https:\/\/pos-graduacao.uepb.edu.br\/ppgq\/wp-json\/wp\/v2\/media?parent=120"}],"curies":[{"name":"wp","href":"https:\/\/api.w.org\/{rel}","templated":true}]}}