{"id":11,"date":"2015-11-19T12:54:48","date_gmt":"2015-11-19T12:54:48","guid":{"rendered":"https:\/\/pos-graduacao.uepb.edu.br\/ppgq\/?page_id=11"},"modified":"2015-11-19T12:54:48","modified_gmt":"2015-11-19T12:54:48","slug":"objetivos","status":"publish","type":"page","link":"https:\/\/pos-graduacao.uepb.edu.br\/ppgq\/objetivos\/","title":{"rendered":"Objetivos"},"content":{"rendered":"<p>Objetivo geral<\/p>\n<p>O programa do Mestrado em Qu\u00edmica visa \u00e0 qualifica\u00e7\u00e3o t\u00e9cnico-cient\u00edfica em n\u00edvel de p\u00f3s-gradua\u00e7\u00e3o para licenciados e bachar\u00e9is em qu\u00edmica, qu\u00edmicos industriais, farmac\u00eauticos, e outros profissionais graduados em \u00e1reas correlatas, com a finalidade de formar recursos humanos com vis\u00e3o multidisciplinar habilitados para desenvolver, aprimorar e transferir conhecimentos de pesquisas b\u00e1sicas e desenvolvimento tecnol\u00f3gico na \u00e1rea de Qu\u00edmica.<\/p>\n<p>Objetivos espec\u00edficos:<\/p>\n<ul>\n<li>Formar pessoal qualificado na \u00e1rea de qu\u00edmica que contribua para o desenvolvimento da Qu\u00edmica enquanto ci\u00eancia e de suas aplica\u00e7\u00f5es;<\/li>\n<li>Despertar a import\u00e2ncia da multi e interdisciplinaridade entre profissionais;<\/li>\n<li>Formar profissionais com capacidade de desenvolver novos processos tecnol\u00f3gicos para a ind\u00fastria nacional;<\/li>\n<li>Promover a forma\u00e7\u00e3o de profissionais com vis\u00e3o sist\u00eamica, com perspectivas de desenvolvimento sustent\u00e1vel aplicadas \u00e0 realidade nacional.<\/li>\n<\/ul>\n","protected":false},"excerpt":{"rendered":"<p>Objetivo geral O programa do Mestrado em Qu\u00edmica visa \u00e0 qualifica\u00e7\u00e3o t\u00e9cnico-cient\u00edfica em n\u00edvel de p\u00f3s-gradua\u00e7\u00e3o para licenciados e bachar\u00e9is em qu\u00edmica, qu\u00edmicos industriais, farmac\u00eauticos, e outros profissionais graduados em \u00e1reas correlatas, com a finalidade de formar recursos humanos com vis\u00e3o multidisciplinar habilitados para desenvolver, aprimorar e transferir conhecimentos de pesquisas b\u00e1sicas e desenvolvimento tecnol\u00f3gico <a class=\"leiamais\" href=\"https:\/\/pos-graduacao.uepb.edu.br\/ppgq\/objetivos\/\">Leia Mais&#8230;<\/a><\/p>\n","protected":false},"author":1,"featured_media":0,"parent":0,"menu_order":0,"comment_status":"closed","ping_status":"closed","template":"","meta":{"footnotes":""},"class_list":["post-11","page","type-page","status-publish","hentry"],"_links":{"self":[{"href":"https:\/\/pos-graduacao.uepb.edu.br\/ppgq\/wp-json\/wp\/v2\/pages\/11","targetHints":{"allow":["GET"]}}],"collection":[{"href":"https:\/\/pos-graduacao.uepb.edu.br\/ppgq\/wp-json\/wp\/v2\/pages"}],"about":[{"href":"https:\/\/pos-graduacao.uepb.edu.br\/ppgq\/wp-json\/wp\/v2\/types\/page"}],"author":[{"embeddable":true,"href":"https:\/\/pos-graduacao.uepb.edu.br\/ppgq\/wp-json\/wp\/v2\/users\/1"}],"replies":[{"embeddable":true,"href":"https:\/\/pos-graduacao.uepb.edu.br\/ppgq\/wp-json\/wp\/v2\/comments?post=11"}],"version-history":[{"count":1,"href":"https:\/\/pos-graduacao.uepb.edu.br\/ppgq\/wp-json\/wp\/v2\/pages\/11\/revisions"}],"predecessor-version":[{"id":12,"href":"https:\/\/pos-graduacao.uepb.edu.br\/ppgq\/wp-json\/wp\/v2\/pages\/11\/revisions\/12"}],"wp:attachment":[{"href":"https:\/\/pos-graduacao.uepb.edu.br\/ppgq\/wp-json\/wp\/v2\/media?parent=11"}],"curies":[{"name":"wp","href":"https:\/\/api.w.org\/{rel}","templated":true}]}}