{"id":63,"date":"2014-07-29T16:10:43","date_gmt":"2014-07-29T19:10:43","guid":{"rendered":"https:\/\/pos-graduacao.uepb.edu.br\/ppgps\/?page_id=63"},"modified":"2024-06-19T13:48:30","modified_gmt":"2024-06-19T16:48:30","slug":"disciplinas","status":"publish","type":"page","link":"https:\/\/pos-graduacao.uepb.edu.br\/ppgps\/disciplinas\/","title":{"rendered":"Disciplinas"},"content":{"rendered":"<div class=\"wpb-content-wrapper\"><p>[vc_row gap=&#8221;30&#8243;][vc_column width=&#8221;1\/2&#8243;][vc_column_text]<strong>Disciplinas Obrigat\u00f3rias<\/strong><\/p>\n<ul>\n<li>Metodologia da Pesquisa (04 cr\u00e9ditos &#8211; 60 horas)<\/li>\n<li>Psicologia da Sa\u00fade (04 cr\u00e9ditos &#8211; 60 horas)<\/li>\n<li>Pol\u00edticas p\u00fablicas de Sa\u00fade (04 cr\u00e9ditos &#8211; 60 horas)<\/li>\n<li>Sa\u00fade Mental e Trabalho (04 cr\u00e9ditos &#8211; 60 horas)<\/li>\n<\/ul>\n<p>[\/vc_column_text][vc_separator css=&#8221;.vc_custom_1718815656932{margin-top: 30px !important;margin-bottom: 30px !important;}&#8221;][vc_column_text]<strong>T\u00f3picos Especiais j\u00e1 ministrados<\/strong><\/p>\n<ul>\n<li>2015 | Condi\u00e7\u00f5es de Trabalho e Sa\u00fade do Trabalhador (02 cr\u00e9ditos &#8211; 30 horas)<\/li>\n<li>2016 | Intera\u00e7\u00e3o idosos-ambiente (02 cr\u00e9ditos &#8211; 30 horas)<\/li>\n<li>2017 | Intera\u00e7\u00e3o idosos-ambiente (02 cr\u00e9ditos &#8211; 30 horas)<\/li>\n<\/ul>\n<p>[\/vc_column_text][\/vc_column][vc_column width=&#8221;1\/2&#8243;][vc_column_text]<strong>Disciplinas Eletivas<\/strong><\/p>\n<ul>\n<li>Sa\u00fade mental (02 cr\u00e9ditos &#8211; 30 horas)<\/li>\n<li>Semin\u00e1rios de pesquisa (02 cr\u00e9ditos &#8211; 30 horas)<\/li>\n<li>Psicologia do Envelhecimento ( 02 cr\u00e9ditos &#8211; 30 horas)<\/li>\n<li>Educa\u00e7\u00e3o e sa\u00fade (02 cr\u00e9ditos &#8211; 30 horas)<\/li>\n<li>M\u00e9todos Qualitativos em pesquisa ( 02 cr\u00e9ditos &#8211; 30 horas)<\/li>\n<li>M\u00e9todos Quantitativos em pesquisa (02 cr\u00e9ditos &#8211; 30 horas)<\/li>\n<li>Antropologia da Sa\u00fade (02 cr\u00e9ditos &#8211; 30 horas)<\/li>\n<li>\u00c9tica e Humaniza\u00e7\u00e3o na Sa\u00fade (02 cr\u00e9ditos &#8211; 30 horas)<\/li>\n<li>Epidemiologia Social (02 cr\u00e9ditos &#8211; 30 horas)<\/li>\n<li>Sa\u00fade do Trabalhador (02 cr\u00e9ditos &#8211; 30 horas)<\/li>\n<li>M\u00e9todos e t\u00e9cnicas em Trabalho, Sa\u00fade e subjetividade ( 02 cr\u00e9ditos &#8211; 30 horas)<\/li>\n<li>Gest\u00e3o do trabalho em servi\u00e7os e quest\u00f5es de g\u00eanero (02 cr\u00e9ditos &#8211; 30 horas)<\/li>\n<\/ul>\n<p>[\/vc_column_text][\/vc_column][\/vc_row]<\/p>\n<\/div>","protected":false},"excerpt":{"rendered":"<p>[vc_row gap=&#8221;30&#8243;][vc_column width=&#8221;1\/2&#8243;][vc_column_text]Disciplinas Obrigat\u00f3rias Metodologia da Pesquisa (04 cr\u00e9ditos &#8211; 60 horas) Psicologia da Sa\u00fade (04 cr\u00e9ditos &#8211; 60 horas) Pol\u00edticas p\u00fablicas de Sa\u00fade (04 cr\u00e9ditos &#8211; 60 horas) Sa\u00fade Mental e Trabalho (04 cr\u00e9ditos &#8211; 60 horas) [\/vc_column_text][vc_separator css=&#8221;.vc_custom_1718815656932{margin-top: 30px !important;margin-bottom: 30px !important;}&#8221;][vc_column_text]T\u00f3picos Especiais j\u00e1 ministrados 2015 | Condi\u00e7\u00f5es de Trabalho e Sa\u00fade do <a class=\"leiamais\" href=\"https:\/\/pos-graduacao.uepb.edu.br\/ppgps\/disciplinas\/\">Leia Mais&#8230;<\/a><\/p>\n","protected":false},"author":21,"featured_media":0,"parent":0,"menu_order":0,"comment_status":"open","ping_status":"open","template":"","meta":{"footnotes":""},"class_list":["post-63","page","type-page","status-publish","hentry"],"_links":{"self":[{"href":"https:\/\/pos-graduacao.uepb.edu.br\/ppgps\/wp-json\/wp\/v2\/pages\/63","targetHints":{"allow":["GET"]}}],"collection":[{"href":"https:\/\/pos-graduacao.uepb.edu.br\/ppgps\/wp-json\/wp\/v2\/pages"}],"about":[{"href":"https:\/\/pos-graduacao.uepb.edu.br\/ppgps\/wp-json\/wp\/v2\/types\/page"}],"author":[{"embeddable":true,"href":"https:\/\/pos-graduacao.uepb.edu.br\/ppgps\/wp-json\/wp\/v2\/users\/21"}],"replies":[{"embeddable":true,"href":"https:\/\/pos-graduacao.uepb.edu.br\/ppgps\/wp-json\/wp\/v2\/comments?post=63"}],"version-history":[{"count":18,"href":"https:\/\/pos-graduacao.uepb.edu.br\/ppgps\/wp-json\/wp\/v2\/pages\/63\/revisions"}],"predecessor-version":[{"id":1859,"href":"https:\/\/pos-graduacao.uepb.edu.br\/ppgps\/wp-json\/wp\/v2\/pages\/63\/revisions\/1859"}],"wp:attachment":[{"href":"https:\/\/pos-graduacao.uepb.edu.br\/ppgps\/wp-json\/wp\/v2\/media?parent=63"}],"curies":[{"name":"wp","href":"https:\/\/api.w.org\/{rel}","templated":true}]}}