{"id":568,"date":"2019-09-20T08:42:30","date_gmt":"2019-09-20T11:42:30","guid":{"rendered":"https:\/\/pos-graduacao.uepb.edu.br\/ppgps\/?page_id=568"},"modified":"2020-11-10T10:32:30","modified_gmt":"2020-11-10T13:32:30","slug":"selecao","status":"publish","type":"page","link":"https:\/\/pos-graduacao.uepb.edu.br\/ppgps\/selecao\/","title":{"rendered":"Sele\u00e7\u00e3o"},"content":{"rendered":"<p>As inscri\u00e7\u00f5es est\u00e3o abertas at\u00e9 o dia 09 de dezembro. Os interessados devem acessar o link <a href=\"https:\/\/academico.uepb.edu.br\/mestrado\/index.php\/inscricoes\">https:\/\/academico.uepb.edu.br\/mestrado\/index.php\/inscricoes<\/a> para confirmar a participa\u00e7\u00e3o no processo seletivo<\/p>\n<p>Toda a documenta\u00e7\u00e3o, itens obrigat\u00f3rios do projeto de pesquisa, bem como as datas de cada etapa da sele\u00e7\u00e3o e outras informa\u00e7\u00f5es adicionais, est\u00e3o dispon\u00edveis no edital que pode ser acessado atraves do link <a href=\"https:\/\/pos-graduacao.uepb.edu.br\/ppgps\/download\/Edital-Turma-2021-PPGPSUEPB.pdf\">https:\/\/pos-graduacao.uepb.edu.br\/ppgps\/download\/Edital-Turma-2021-PPGPSUEPB.pdf<\/a><\/p>\n","protected":false},"excerpt":{"rendered":"<p>As inscri\u00e7\u00f5es est\u00e3o abertas at\u00e9 o dia 09 de dezembro. Os interessados devem acessar o link https:\/\/academico.uepb.edu.br\/mestrado\/index.php\/inscricoes para confirmar a participa\u00e7\u00e3o no processo seletivo Toda a documenta\u00e7\u00e3o, itens obrigat\u00f3rios do projeto de pesquisa, bem como as datas de cada etapa da sele\u00e7\u00e3o e outras informa\u00e7\u00f5es adicionais, est\u00e3o dispon\u00edveis no edital que pode ser acessado atraves <a class=\"leiamais\" href=\"https:\/\/pos-graduacao.uepb.edu.br\/ppgps\/selecao\/\">Leia Mais&#8230;<\/a><\/p>\n","protected":false},"author":50,"featured_media":987,"parent":0,"menu_order":0,"comment_status":"closed","ping_status":"closed","template":"","meta":{"footnotes":""},"class_list":["post-568","page","type-page","status-publish","has-post-thumbnail","hentry"],"_links":{"self":[{"href":"https:\/\/pos-graduacao.uepb.edu.br\/ppgps\/wp-json\/wp\/v2\/pages\/568","targetHints":{"allow":["GET"]}}],"collection":[{"href":"https:\/\/pos-graduacao.uepb.edu.br\/ppgps\/wp-json\/wp\/v2\/pages"}],"about":[{"href":"https:\/\/pos-graduacao.uepb.edu.br\/ppgps\/wp-json\/wp\/v2\/types\/page"}],"author":[{"embeddable":true,"href":"https:\/\/pos-graduacao.uepb.edu.br\/ppgps\/wp-json\/wp\/v2\/users\/50"}],"replies":[{"embeddable":true,"href":"https:\/\/pos-graduacao.uepb.edu.br\/ppgps\/wp-json\/wp\/v2\/comments?post=568"}],"version-history":[{"count":9,"href":"https:\/\/pos-graduacao.uepb.edu.br\/ppgps\/wp-json\/wp\/v2\/pages\/568\/revisions"}],"predecessor-version":[{"id":988,"href":"https:\/\/pos-graduacao.uepb.edu.br\/ppgps\/wp-json\/wp\/v2\/pages\/568\/revisions\/988"}],"wp:featuredmedia":[{"embeddable":true,"href":"https:\/\/pos-graduacao.uepb.edu.br\/ppgps\/wp-json\/wp\/v2\/media\/987"}],"wp:attachment":[{"href":"https:\/\/pos-graduacao.uepb.edu.br\/ppgps\/wp-json\/wp\/v2\/media?parent=568"}],"curies":[{"name":"wp","href":"https:\/\/api.w.org\/{rel}","templated":true}]}}