{"id":39,"date":"2014-07-29T14:38:51","date_gmt":"2014-07-29T17:38:51","guid":{"rendered":"https:\/\/pos-graduacao.uepb.edu.br\/ppgps\/?page_id=39"},"modified":"2026-02-19T09:02:15","modified_gmt":"2026-02-19T12:02:15","slug":"linhas-de-pesquisa","status":"publish","type":"page","link":"https:\/\/pos-graduacao.uepb.edu.br\/ppgps\/linhas-de-pesquisa\/","title":{"rendered":"Linhas de Pesquisa"},"content":{"rendered":"<div class=\"wpb-content-wrapper\"><p>[vc_row gap=&#8221;30&#8243;][vc_column width=&#8221;1\/2&#8243;][vc_column_text css=&#8221;&#8221;]<strong>Processos psicossociais e sa\u00fade<\/strong><\/p>\n<p style=\"text-align: justify\"><strong>\u00c1rea relacionada:<\/strong> Psicologia da Sa\u00fade<\/p>\n<p style=\"text-align: justify\"><strong>Descri\u00e7\u00e3o:<\/strong> Tem como objetivo estudar os processos psicossociais que se relacionam direta e\u00a0indiretamente com a sa\u00fade humana, contribuindo tanto para a discuss\u00e3o de aspectos\u00a0relacionados ao processo sa\u00fade-doen\u00e7a, quanto \u00e0s pol\u00edticas p\u00fablicas de promo\u00e7\u00e3o da sa\u00fade\u00a0e de preven\u00e7\u00e3o de enfermidades.<\/p>\n<p style=\"text-align: justify\"><strong>Docentes:<\/strong><\/p>\n<ul>\n<li style=\"list-style-type: none\">\n<ul>\n<li style=\"list-style-type: none\"><\/li>\n<\/ul>\n<\/li>\n<li>Ardigleusa Alves Coelho<\/li>\n<li>Alessandro Teixeira Rezende<\/li>\n<li>Alanny Nunes de Santana<\/li>\n<li>Eduardo Breno Nascimento Bezerra<\/li>\n<li>Fab\u00edola de Ara\u00fajo Leite Medeiros<\/li>\n<li>Josev\u00e2nia da Silva<\/li>\n<li>Jo\u00e3o Lucas Dias Viana<\/li>\n<li>Maria de Fatima de Araujo Silveira<\/li>\n<li>Maria do Carmo Eulalio<\/li>\n<li>Sibelle Maria Martins de Barros<\/li>\n<li>Thelma Maria Grisi Veloso<\/li>\n<li>Edwirde Luiz Silva Cam\u00ealo<\/li>\n<li>Emerson Do B\u00fa<\/li>\n<li>Emily Souza Gai\u00e3o e Albuquerque<\/li>\n<\/ul>\n<p>[\/vc_column_text][\/vc_column][vc_column width=&#8221;1\/2&#8243;][vc_column_text css=&#8221;&#8221;]<strong>Trabalho, Sa\u00fade e Subjetividade<\/strong><\/p>\n<p style=\"text-align: justify\"><strong>\u00c1rea Relacionada:<\/strong> Psicologia da Sa\u00fade<\/p>\n<p style=\"text-align: justify\"><strong>Descri\u00e7\u00e3o:<\/strong>Esta linha de pesquisa compreende o trabalho humano como determinante das rela\u00e7\u00f5es\u00a0sociais e do processo sa\u00fade-doen\u00e7a, constituindo-se como elemento potencializador do\u00a0viver. Analisa as rela\u00e7\u00f5es entre as condi\u00e7\u00f5es de trabalho e a sa\u00fade dos trabalhadores, a\u00a0partir do ponto de vista da atividade. Busca contribuir para o desenvolvimento e consolida\u00e7\u00e3o\u00a0da Pol\u00edtica em Sa\u00fade do Trabalhador.<\/p>\n<p style=\"text-align: justify\"><strong>Docentes:<\/strong><\/p>\n<ul>\n<li>Cristina Miyuki Hashizume<\/li>\n<li>Edil Ferreira da Silva<\/li>\n<li>Francinaldo do Monte Pinto<\/li>\n<li>Manuella Castelo Branco Pessoa<\/li>\n<li>Silvania da Cruz Barbosa<\/li>\n<li>Andr\u00e9a Xavier de Albuquerque de Souza<\/li>\n<\/ul>\n<p>[\/vc_column_text][\/vc_column][\/vc_row]<\/p>\n<\/div>","protected":false},"excerpt":{"rendered":"<p>[vc_row gap=&#8221;30&#8243;][vc_column width=&#8221;1\/2&#8243;][vc_column_text css=&#8221;&#8221;]Processos psicossociais e sa\u00fade \u00c1rea relacionada: Psicologia da Sa\u00fade Descri\u00e7\u00e3o: Tem como objetivo estudar os processos psicossociais que se relacionam direta e\u00a0indiretamente com a sa\u00fade humana, contribuindo tanto para a discuss\u00e3o de aspectos\u00a0relacionados ao processo sa\u00fade-doen\u00e7a, quanto \u00e0s pol\u00edticas p\u00fablicas de promo\u00e7\u00e3o da sa\u00fade\u00a0e de preven\u00e7\u00e3o de enfermidades. Docentes: Ardigleusa Alves Coelho <a class=\"leiamais\" href=\"https:\/\/pos-graduacao.uepb.edu.br\/ppgps\/linhas-de-pesquisa\/\">Leia Mais&#8230;<\/a><\/p>\n","protected":false},"author":21,"featured_media":0,"parent":0,"menu_order":0,"comment_status":"open","ping_status":"open","template":"","meta":{"footnotes":""},"class_list":["post-39","page","type-page","status-publish","hentry"],"_links":{"self":[{"href":"https:\/\/pos-graduacao.uepb.edu.br\/ppgps\/wp-json\/wp\/v2\/pages\/39","targetHints":{"allow":["GET"]}}],"collection":[{"href":"https:\/\/pos-graduacao.uepb.edu.br\/ppgps\/wp-json\/wp\/v2\/pages"}],"about":[{"href":"https:\/\/pos-graduacao.uepb.edu.br\/ppgps\/wp-json\/wp\/v2\/types\/page"}],"author":[{"embeddable":true,"href":"https:\/\/pos-graduacao.uepb.edu.br\/ppgps\/wp-json\/wp\/v2\/users\/21"}],"replies":[{"embeddable":true,"href":"https:\/\/pos-graduacao.uepb.edu.br\/ppgps\/wp-json\/wp\/v2\/comments?post=39"}],"version-history":[{"count":22,"href":"https:\/\/pos-graduacao.uepb.edu.br\/ppgps\/wp-json\/wp\/v2\/pages\/39\/revisions"}],"predecessor-version":[{"id":2196,"href":"https:\/\/pos-graduacao.uepb.edu.br\/ppgps\/wp-json\/wp\/v2\/pages\/39\/revisions\/2196"}],"wp:attachment":[{"href":"https:\/\/pos-graduacao.uepb.edu.br\/ppgps\/wp-json\/wp\/v2\/media?parent=39"}],"curies":[{"name":"wp","href":"https:\/\/api.w.org\/{rel}","templated":true}]}}