{"id":33,"date":"2014-07-29T14:33:17","date_gmt":"2014-07-29T17:33:17","guid":{"rendered":"https:\/\/pos-graduacao.uepb.edu.br\/ppgps\/?page_id=33"},"modified":"2018-03-20T10:19:06","modified_gmt":"2018-03-20T13:19:06","slug":"coordenacao","status":"publish","type":"page","link":"https:\/\/pos-graduacao.uepb.edu.br\/ppgps\/coordenacao\/","title":{"rendered":"Apresenta\u00e7\u00e3o"},"content":{"rendered":"<p>O Curso de Mestrado em Psicologia da Sa\u00fade ter\u00e1 dura\u00e7\u00e3o de dois (02) anos, exigindo o cumprimento de um total de 28 cr\u00e9ditos, sendo 12\u00a0cr\u00e9ditos de disciplinas obrigat\u00f3rias, 08 de disciplinas eletivas e 08 cr\u00e9ditos correspondentes \u00e0s atividades de disserta\u00e7\u00e3o.<br \/>\nComp\u00f5e-se de uma \u00e1rea de Concentra\u00e7\u00e3o e duas linhas de pesquisa. Os alunos dever\u00e3o cursar duas disciplinas obrigat\u00f3rias e uma obrigat\u00f3ria somente para a linha de\u00a0pesquisa escolhida, perfazendo um total de 12 cr\u00e9ditos. Os mestrandos dever\u00e3o cursar at\u00e9 oito cr\u00e9ditos de disciplinas eletivas, ofertadas na\u00a0grade curricular.<br \/>\nAs disciplinas obrigat\u00f3rias foram pensadas para fornecer ao aluno uma forma\u00e7\u00e3o b\u00e1sica na \u00e1rea de concentra\u00e7\u00e3o e sua inser\u00e7\u00e3o inicial nos\u00a0conte\u00fados e tem\u00e1ticas de cada linha de pesquisa. As disciplinas optativas buscam aprofundar a forma\u00e7\u00e3o te\u00f3rico-metodol\u00f3gica dos alunos,\u00a0propiciar disciplinas metodol\u00f3gicas diversificadas, que dever\u00e3o orientar o aluno em seu projeto de pesquisa, al\u00e9m de propiciar o\u00a0acompanhamento do processo de orienta\u00e7\u00e3o e desenvolvimento do projeto e da pesquisa, atrav\u00e9s da disciplina semin\u00e1rios de pesquisa.<br \/>\nAs disciplinas dever\u00e3o ser cursadas, preferencialmente no primeiro e segundo semestres do curso, reservando-se o \u00faltimo ano para a\u00a0finaliza\u00e7\u00e3o da pesquisa e escrita da disserta\u00e7\u00e3o, al\u00e9m da defesa da disserta\u00e7\u00e3o, \u00faltima atividade, que dever\u00e1 integralizar os 24 meses. A defesa\u00a0da disserta\u00e7\u00e3o fica condicionada ao envio de um artigo a uma Revista cient\u00edfica, nacional ou internacional, com Qualis no sistema CAPES.<\/p>\n","protected":false},"excerpt":{"rendered":"<p>O Curso de Mestrado em Psicologia da Sa\u00fade ter\u00e1 dura\u00e7\u00e3o de dois (02) anos, exigindo o cumprimento de um total de 28 cr\u00e9ditos, sendo 12\u00a0cr\u00e9ditos de disciplinas obrigat\u00f3rias, 08 de disciplinas eletivas e 08 cr\u00e9ditos correspondentes \u00e0s atividades de disserta\u00e7\u00e3o. Comp\u00f5e-se de uma \u00e1rea de Concentra\u00e7\u00e3o e duas linhas de pesquisa. Os alunos dever\u00e3o cursar <a class=\"leiamais\" href=\"https:\/\/pos-graduacao.uepb.edu.br\/ppgps\/coordenacao\/\">Leia Mais&#8230;<\/a><\/p>\n","protected":false},"author":21,"featured_media":0,"parent":0,"menu_order":0,"comment_status":"open","ping_status":"closed","template":"","meta":{"footnotes":""},"class_list":["post-33","page","type-page","status-publish","hentry"],"_links":{"self":[{"href":"https:\/\/pos-graduacao.uepb.edu.br\/ppgps\/wp-json\/wp\/v2\/pages\/33","targetHints":{"allow":["GET"]}}],"collection":[{"href":"https:\/\/pos-graduacao.uepb.edu.br\/ppgps\/wp-json\/wp\/v2\/pages"}],"about":[{"href":"https:\/\/pos-graduacao.uepb.edu.br\/ppgps\/wp-json\/wp\/v2\/types\/page"}],"author":[{"embeddable":true,"href":"https:\/\/pos-graduacao.uepb.edu.br\/ppgps\/wp-json\/wp\/v2\/users\/21"}],"replies":[{"embeddable":true,"href":"https:\/\/pos-graduacao.uepb.edu.br\/ppgps\/wp-json\/wp\/v2\/comments?post=33"}],"version-history":[{"count":7,"href":"https:\/\/pos-graduacao.uepb.edu.br\/ppgps\/wp-json\/wp\/v2\/pages\/33\/revisions"}],"predecessor-version":[{"id":343,"href":"https:\/\/pos-graduacao.uepb.edu.br\/ppgps\/wp-json\/wp\/v2\/pages\/33\/revisions\/343"}],"wp:attachment":[{"href":"https:\/\/pos-graduacao.uepb.edu.br\/ppgps\/wp-json\/wp\/v2\/media?parent=33"}],"curies":[{"name":"wp","href":"https:\/\/api.w.org\/{rel}","templated":true}]}}