{"id":329,"date":"2018-03-20T09:59:36","date_gmt":"2018-03-20T12:59:36","guid":{"rendered":"https:\/\/pos-graduacao.uepb.edu.br\/ppgps\/?page_id=329"},"modified":"2018-03-20T10:28:10","modified_gmt":"2018-03-20T13:28:10","slug":"area-de-concentracao","status":"publish","type":"page","link":"https:\/\/pos-graduacao.uepb.edu.br\/ppgps\/area-de-concentracao\/","title":{"rendered":"\u00c1rea de Concentra\u00e7\u00e3o"},"content":{"rendered":"<p>A \u00c1rea de Concentra\u00e7\u00e3o Psicologia da Sa\u00fade tem como base os contributos da Psicologia como Ci\u00eancia nos\u00a0dom\u00ednios da sa\u00fade, cuja centralidade ancora-se na pol\u00edtica p\u00fablica de sa\u00fade. Este amplo escopo subsidiar\u00e1 o\u00a0desenvolvimento de pr\u00e1ticas investigativas, com \u00eanfase na promo\u00e7\u00e3o e prote\u00e7\u00e3o da sa\u00fade; preven\u00e7\u00e3o, tratamento e\u00a0cuidado de enfermidades; o protagonismo de sujeitos e a produ\u00e7\u00e3o de vida. Para tanto, as duas linhas de pesquisa \u2013\u00a0Processos Psicossociais e Sa\u00fade; Trabalho, Sa\u00fade e Subjetividade \u2013 se articulam e dialogam, visando a orientar\u00a0estudos da dimens\u00e3o psicossocial do processo sa\u00fade e adoecimento dos sujeitos e dos coletivos sociais, visando \u00e0\u00a0produ\u00e7\u00e3o de conhecimentos na \u00e1rea e contribuindo, em retroalimenta\u00e7\u00e3o, para a formula\u00e7\u00e3o e amplia\u00e7\u00e3o de\u00a0programas e pol\u00edticas nos campos da Sa\u00fade e Psicologia.<\/p>\n","protected":false},"excerpt":{"rendered":"<p>A \u00c1rea de Concentra\u00e7\u00e3o Psicologia da Sa\u00fade tem como base os contributos da Psicologia como Ci\u00eancia nos\u00a0dom\u00ednios da sa\u00fade, cuja centralidade ancora-se na pol\u00edtica p\u00fablica de sa\u00fade. Este amplo escopo subsidiar\u00e1 o\u00a0desenvolvimento de pr\u00e1ticas investigativas, com \u00eanfase na promo\u00e7\u00e3o e prote\u00e7\u00e3o da sa\u00fade; preven\u00e7\u00e3o, tratamento e\u00a0cuidado de enfermidades; o protagonismo de sujeitos e a produ\u00e7\u00e3o <a class=\"leiamais\" href=\"https:\/\/pos-graduacao.uepb.edu.br\/ppgps\/area-de-concentracao\/\">Leia Mais&#8230;<\/a><\/p>\n","protected":false},"author":34,"featured_media":0,"parent":0,"menu_order":0,"comment_status":"closed","ping_status":"closed","template":"","meta":{"footnotes":""},"class_list":["post-329","page","type-page","status-publish","hentry"],"_links":{"self":[{"href":"https:\/\/pos-graduacao.uepb.edu.br\/ppgps\/wp-json\/wp\/v2\/pages\/329","targetHints":{"allow":["GET"]}}],"collection":[{"href":"https:\/\/pos-graduacao.uepb.edu.br\/ppgps\/wp-json\/wp\/v2\/pages"}],"about":[{"href":"https:\/\/pos-graduacao.uepb.edu.br\/ppgps\/wp-json\/wp\/v2\/types\/page"}],"author":[{"embeddable":true,"href":"https:\/\/pos-graduacao.uepb.edu.br\/ppgps\/wp-json\/wp\/v2\/users\/34"}],"replies":[{"embeddable":true,"href":"https:\/\/pos-graduacao.uepb.edu.br\/ppgps\/wp-json\/wp\/v2\/comments?post=329"}],"version-history":[{"count":4,"href":"https:\/\/pos-graduacao.uepb.edu.br\/ppgps\/wp-json\/wp\/v2\/pages\/329\/revisions"}],"predecessor-version":[{"id":347,"href":"https:\/\/pos-graduacao.uepb.edu.br\/ppgps\/wp-json\/wp\/v2\/pages\/329\/revisions\/347"}],"wp:attachment":[{"href":"https:\/\/pos-graduacao.uepb.edu.br\/ppgps\/wp-json\/wp\/v2\/media?parent=329"}],"curies":[{"name":"wp","href":"https:\/\/api.w.org\/{rel}","templated":true}]}}