{"id":327,"date":"2018-03-20T09:59:23","date_gmt":"2018-03-20T12:59:23","guid":{"rendered":"https:\/\/pos-graduacao.uepb.edu.br\/ppgps\/?page_id=327"},"modified":"2024-06-19T11:43:18","modified_gmt":"2024-06-19T14:43:18","slug":"historico","status":"publish","type":"page","link":"https:\/\/pos-graduacao.uepb.edu.br\/ppgps\/historico\/","title":{"rendered":"Hist\u00f3rico"},"content":{"rendered":"<p>A cria\u00e7\u00e3o de um programa de p\u00f3s-gradua\u00e7\u00e3o em Psicologia na UEPB pretende atender \u00e0 demanda crescente de profissionais no Estado da Para\u00edba. Ressalta-se, como j\u00e1 explicitado, que existe, atualmente, apenas um \u00fanico mestrado em Psicologia na regi\u00e3o para acolher sete cursos de gradua\u00e7\u00e3o em Psicologia, sendo tr\u00eas desses localizados em Campina Grande. Frente a tal demanda e considerando tamb\u00e9m a participa\u00e7\u00e3o de egressos de outros cursos de gradua\u00e7\u00e3o no intuito de promover uma forma\u00e7\u00e3o interdisciplinar, diretriz especificada no Plano Nacional de\u00a0P\u00f3s-Gradua\u00e7\u00e3o da CAPES, para o per\u00edodo de 2011 a 2020 (BRASIL, 2010), refor\u00e7amos a import\u00e2ncia da cria\u00e7\u00e3o de um Programa de\u00a0P\u00f3s-Gradua\u00e7\u00e3o Strictu Sensu em Psicologia da Sa\u00fade.\u00a0A proposta de uma p\u00f3s-gradua\u00e7\u00e3o nessa \u00e1rea pretende contribuir para o desenvolvimento do Estado e da Regi\u00e3o Nordeste por meio do\u00a0fortalecimento das bases cient\u00edfica, tecnol\u00f3gica e de inova\u00e7\u00e3o, bem como por meio da forma\u00e7\u00e3o de docentes e de profissionais voltados ao setor\u00a0p\u00fablico e privado, objetivos j\u00e1 recomendados no V Plano Nacional de P\u00f3s-Gradua\u00e7\u00e3o (RBPG, 2005). Pretende tamb\u00e9m refor\u00e7ar a pol\u00edtica de\u00a0amplia\u00e7\u00e3o dos credenciamentos de cursos de p\u00f3s-gradua\u00e7\u00e3o por parte do MEC na Regi\u00e3o Nordeste.<\/p>\n<p>O curso de Psicologia da UEPB foi criado h\u00e1 30 anos na \u00e1rea da sa\u00fade. O referido curso conta em maio de 2013, com 35 professores, sendo 29\u00a0efetivos e 5 substitutos. Dos efetivos 21 s\u00e3o doutores, 05 doutorandos, 03 mestres e 01 especialista, distribu\u00eddos em diversas \u00e1reas do\u00a0conhecimento da psicologia e \u00e1reas afins.Grande parte dos doutores que fazem parte desta proposta cursou o doutorado em Programas de\u00a0P\u00f3s-gradua\u00e7\u00e3o em Psicologia Social (Jo\u00e3o Pessoa\/UFPB, Natal\/UFRN e Rio de Janeiro\/UERJ); Um dos doutores concluiu seu doutoramento na\u00a0Escola Nacional de Sa\u00fade P\u00fablica, da Funda\u00e7\u00e3o Oswaldo Cruz, mas especificamente no Centro de Estudos da Sa\u00fade do Trabalhador e\u00a0Ecologia Humana (CESTEH); outra professora concluiu seu doutorado no Programa de Sociologia da Universidade Estadual Paulista \u201cJ\u00falio de\u00a0Mesquita Filho\u201d (UNESP &#8211; Campus de Araraquara) e duas das nossas doutoras conclu\u00edram sua p\u00f3s-gradua\u00e7\u00e3o no exterior, sendo uma na\u00a0Universidade de Granada, Espanha e a outra na Universit\u00e9 Paul Val\u00e9ry, Fran\u00e7a.<\/p>\n<p>O corpo docente do Departamento de Psicologia vem desde 2004, numa gest\u00e3o coletiva, buscando se preparar para apresentar uma proposta\u00a0de p\u00f3s-gradua\u00e7\u00e3o estricto sensu, em n\u00edvel de mestrado acad\u00eamico. Para isto, investiu e alcan\u00e7ou algumas metas, a saber: a capacita\u00e7\u00e3o em\u00a0n\u00edvel de doutoramento de seus professores que passou de 04 doutores em 2003 para 21 em 2013; a cria\u00e7\u00e3o de grupos de pesquisa, articulados\u00a0interna e externamente com outros pesquisadores; a produ\u00e7\u00e3o de pesquisas focadas na resolu\u00e7\u00e3o dos problemas locais e regionais; e o\u00a0incentivo e inclus\u00e3o dos estudantes nos diversos programas de fomento \u00e0 pesquisa (IC, PROPESq). Al\u00e9m do que, o curso acabara de passar\u00a0por uma reforma geral em seu Projeto Pol\u00edtico Pedag\u00f3gico.<br \/>\nNa atualidade o curso integra atividades de ensino, pesquisa e extens\u00e3o mediante uma grade curricular pensada e organizada por \u00e1reas de\u00a0aprofundamento, que dialogam entre si. As atividades de ensino, viabilizadas pelos cursos de Licenciatura e Forma\u00e7\u00e3o de Psic\u00f3logo, buscam\u00a0preparar o estudante para a atua\u00e7\u00e3o no campo profissional nas \u00e1reas social, de sa\u00fade, educa\u00e7\u00e3o e do trabalho, al\u00e9m do ensino.<\/p>\n<p>As atividades de pesquisa almejam contribuir com o melhoramento da sa\u00fade da popula\u00e7\u00e3o paraibana, atrav\u00e9s da investiga\u00e7\u00e3o de temas e problemas vinculados \u00e0 realidade social local e regional. Os estudos em andamento enfocam: estilo de vida e seus contributos para o envelhecimento saud\u00e1vel; qualidade de vida; cuidados paliativos; sa\u00fade do homem; Sa\u00fade mental de idosos; aten\u00e7\u00e3o \u00e0 sa\u00fade mental da mulher e seus dispositivos de cuidados na depress\u00e3o p\u00f3s-parto; os problemas da forma\u00e7\u00e3o para a interven\u00e7\u00e3o profissional na Rede p\u00fablica de sa\u00fade; promo\u00e7\u00e3o da sa\u00fade do trabalhador; aspectos do envelhecimento populacional; instrumentos de enfrentamento ao abuso das drogas; constru\u00e7\u00f5es discursivas da popula\u00e7\u00e3o paraibana sobre a reforma psiqui\u00e1trica; a rela\u00e7\u00e3o trabalho-sa\u00fade de profissionais de sa\u00fade mental; a\u00a0atividade de trabalho dos m\u00e9dicos na sa\u00fade mental; processo e organiza\u00e7\u00e3o do trabalho dos psic\u00f3logos dos Centros de Aten\u00e7\u00e3o Psicossocial;\u00a0normas, saberes e valores na gest\u00e3o do trabalho de socorristas do Corpo de Bombeiros; estudo dos problemas ocupacionais; sa\u00fade mental e\u00a0trabalho; implica\u00e7\u00f5es ps\u00edquicas e sociais do adoecimento para trabalhadores; dentre outros. Os projetos de pesquisas dos nossos docentes s\u00e3o\u00a0em sua maioria financiados, por editais internos da UEPB, como o Programa de Incentivo \u00e0 P\u00f3s-Gradua\u00e7\u00e3o e Pesquisa (PROPESQ) e o\u00a0Programa de Inicia\u00e7\u00e3o Cient\u00edfica; e, externos, principalmente do CNPQ. No \u00faltimo edital do PROPESQ (2011) foram aprovados 08 projetos de\u00a0pesquisa de professores do Departamento, cada um na faixa de financiamento de 8 mil reais.<\/p>\n<p>Na mesma medida, as atividades de extens\u00e3o direcionam-se \u00e0s a\u00e7\u00f5es mediadas pela reflex\u00e3o cr\u00edtica e comprometida com a transforma\u00e7\u00e3o\u00a0social e os temas privilegiados e em andamento s\u00e3o: recursos psicossociais e promo\u00e7\u00e3o da sa\u00fade em idosos; oficinas de promo\u00e7\u00e3o \u00e0 sa\u00fade\u00a0para idosos portadores de doen\u00e7as cr\u00f4nicas; Implanta\u00e7\u00e3o do Programa Consult\u00f3rio de Rua Escola na L\u00f3gica da Aten\u00e7\u00e3o Integral \u00e0 Sa\u00fade e da\u00a0Redu\u00e7\u00e3o de Danos na Cidade de Campina Grande-PB; Sa\u00fade e seguran\u00e7a do trabalho dos mototaxistas, Psicologia e educa\u00e7\u00e3o popular no\u00a0meio rural, Uma proposta de extens\u00e3o popular na Comunidade de Barra de Mamanguape, dentre outros. Tr\u00eas das professoras que comp\u00f5em\u00a0esta proposta obtiveram financiamento do Minist\u00e9rio da Educa\u00e7\u00e3o, atrav\u00e9s do Programa de Extens\u00e3o Universit\u00e1ria (PROEXT), sendo o maior\u00a0financiamento no valor 141.585,38 reais.<\/p>\n<p>O perfil de capacita\u00e7\u00e3o profissional do corpo docente, mediante seu atributo de amplitude e em sintonia com a caracter\u00edstica multifacetada da Psicologia, permite um olhar competente sobre a diversidade dos problemas e das respectivas possibilidades de solu\u00e7\u00e3o que o campo da sa\u00fade precisa. O corpo docente do Departamento de Psicologia tem buscado realizar projetos em parceria interna, sem deixar de valorizar os parceiros em outros Departamentos da mesma Institui\u00e7\u00e3o, bem como de Institui\u00e7\u00f5es parceiras como a UFCG, a UFPB e a UFRN. Al\u00e9m desses, tamb\u00e9m tem se articulado com professores de institui\u00e7\u00f5es internacionais. Tais parcerias incluem produ\u00e7\u00e3o de livros, de pesquisas, participa\u00e7\u00e3o em\u00a0semin\u00e1rios internacionais, realiza\u00e7\u00e3o de eventos, minicursos, produ\u00e7\u00e3o de artigos, dentre outras muitas atividades igualmente importantes.<\/p>\n<p>A produ\u00e7\u00e3o dos docentes, principalmente, os artigos publicados em peri\u00f3dicos nacionais e internacionais cresceu nos \u00faltimos anos, o que\u00a0mostra o empenho de todos e a riqueza das pesquisas realizadas pela institui\u00e7\u00e3o. Os artigos cient\u00edficos da maioria dos que comp\u00f5em o corpo\u00a0docente do curso se direcionam para as tem\u00e1ticas da Psicologia da sa\u00fade evidenciando a estreita rela\u00e7\u00e3o com a \u00e1rea de concentra\u00e7\u00e3o do\u00a0mestrado. Os artigos foram publicados nas principais revistas da Psicologia e \u00e1reas afins e a produ\u00e7\u00e3o de grande parte dos docentes do\u00a0mestrado receberam fator de impacto revelando a qualidade das publica\u00e7\u00f5es. S\u00e3o 13 referencias de fatores de impactos dos artigos de nossos\u00a0professores, o que qualifica a nossa produ\u00e7\u00e3o e mostra que estamos preparados para assumir a gest\u00e3o desta p\u00f3s-gradua\u00e7\u00e3o.<\/p>\n<p>A p\u00f3s-gradua\u00e7\u00e3o em Psicologia da Sa\u00fade aqui proposta decorre, principalmente, da articula\u00e7\u00e3o entre dois grupos de pesquisa do Departamento\u00a0de Psicologia da UEPB, a saber: o Grupo de Pesquisa denominado Psicologia da Sa\u00fade; e o grupo intitulado Trabalho, Sa\u00fade e Subjetividade,\u00a0ambos fundados em 2004 e certificados pelo CNPq. Neles, atuam 10 pesquisadores da UEPB e das outras Institui\u00e7\u00f5es parceiras, e mais de 45\u00a0estudantes dos v\u00e1rios per\u00edodos do Curso de Psicologia, estudantes de mestrados (UFPB, UFRN) e alguns profissionais psic\u00f3logos atuantes na\u00a0Rede de Servi\u00e7os de Sa\u00fade do Munic\u00edpio de Campina Grande.<\/p>\n<p>O grupo de pesquisa Trabalho, Sa\u00fade e Subjetividade tem realizado nos \u00faltimos anos diversas pesquisas que abordam quest\u00f5es relativas \u00e0\u00a0Sa\u00fade do Trabalhador, buscando contribuir para a compreens\u00e3o do quadro epidemiol\u00f3gico da sa\u00fade f\u00edsica e mental dos trabalhadores da regi\u00e3o\u00a0e transforma\u00e7\u00e3o da realidade. Com o intuito de divulgar os resultados de suas pesquisas e contribuir com a produ\u00e7\u00e3o de conhecimento em\u00a0sa\u00fade e trabalho, bem como com a Psicologia do Trabalho, o grupo vem realizando diversos eventos. Destacamos a realiza\u00e7\u00e3o de eventos em\u00a0n\u00edvel internacional, como a palestra realizada pelo professor Jos\u00e9 Luis \u00c1lvaro Estramiana (Titular do Departamento de Psicolog\u00eda Social da\u00a0Universidade Complutense de Madrid), intitulada \u201cDesemprego e sa\u00fade mental: um estudo comparado Espanha-Brasil\u201d. Palestras com o\u00a0soci\u00f3logo e erg\u00f3logo Pierre Trinquet (Professor da Universidade do Mediterr\u00e2neo e da Universidade Aix-en-Provence), sobre Ergoforma\u00e7\u00e3o e a\u00a0Ergogest\u00e3o; bem como com o Professor Bernard Gangloff (Professor da Universidade Paris 10 e Universidade de Rouen), sobre justi\u00e7a<br \/>\norganizacional.<\/p>\n<p>Outra iniciativa do grupo de pesquisa Trabalho, Sa\u00fade e Subjetividade, no ano de 2012, foi a organiza\u00e7\u00e3o de uma colet\u00e2nea intitulada \u201cO que o\u00a0trabalho provoca? Estudos sobre as repercuss\u00f5es do trabalho na sa\u00fade dos trabalhadores\u201d que re\u00fane v\u00e1rios artigos sobre sa\u00fade mental e\u00a0trabalho de pesquisadores da UEPB e de outras universidades. O livro encontra-se em processo de publica\u00e7\u00e3o pela Editora da Universidade\u00a0Estadual da Para\u00edba.<\/p>\n<p>O Grupo de pesquisa Psicologia da Sa\u00fade dedicou-se \u00e0 realiza\u00e7\u00e3o de v\u00e1rios eventos como dois semin\u00e1rios sobre a Universidade e o SUS, para\u00a0estudantes e professores de v\u00e1rios cursos de sa\u00fade, cujo objetivo foi discutir as Pol\u00edticas e Programas do SUS; mesas redondas e oficinas de\u00a0capacita\u00e7\u00e3o para a atua\u00e7\u00e3o na sa\u00fade p\u00fablica, e sobre a humaniza\u00e7\u00e3o dos Servi\u00e7os. Realizou ainda minicursos sobre Cuidados Paliativos e a\u00a0Psicologia nas Emerg\u00eancias e Desastres. Estes eventos reuniram profissionais tanto da Universidade como visitantes de outras IES, inclusive de Universidades europ\u00e9ias e, tamb\u00e9m profissionais atuantes na Rede de Servi\u00e7os de Sa\u00fade do Munic\u00edpio de Campina Grande.<\/p>\n<p>A produ\u00e7\u00e3o acad\u00eamica deste Grupo tamb\u00e9m focou os assuntos da Psicologia da Sa\u00fade em seus aspectos te\u00f3ricos, pr\u00e1ticos e da pesquisa. Tais pesquisas geraram a publica\u00e7\u00e3o de v\u00e1rios artigos cient\u00edficos e colet\u00e2neas em formato de livros. O \u00faltimo, intitulado Psicologia da Sa\u00fade: teoria,\u00a0interven\u00e7\u00e3o e pesquisa, editado pela Editora da Universidade Estadual da Para\u00edba &#8211; EDUEPB, reuniu importantes nomes nacionais e\u00a0internacionais, da Psicologia da Sa\u00fade. Publicado em 2011, foi lan\u00e7ado na Bienal do Livro no ano de 2012, na cidade de S\u00e3o Paulo. Tendo sido, naquela oportunidade, indicado pela Associa\u00e7\u00e3o Brasileira de Editoras Universit\u00e1rias (ABEU) a ser lan\u00e7ado na Feira Internacional do Livro de\u00a0Frankfurt, na Alemanha, nesse mesmo ano. Concorre ao pr\u00eamio Jabuti na categoria Psicologia e Psican\u00e1lise. Um segundo livro encontra-se no\u00a0prelo da EDUEPB. Este livro re\u00fane parte da produ\u00e7\u00e3o acad\u00eamica dos pesquisadores e estudantes vinculados a este Grupo, bem como\u00a0apresenta artigos in\u00e9ditos de importantes pesquisadores do cen\u00e1rio internacional, como Florianita Coelho Braga Campos, Magda Dimenstein,\u00a0Ana Maria Pitta e Ernesto Venturini.<\/p>\n<p>O Curso de Psicologia, integrado neste esfor\u00e7o, realizou em 2009, um Curso de Especializa\u00e7\u00e3o em Sa\u00fade Mental e Aten\u00e7\u00e3o Psicossocial. Esse\u00a0curso teve como objetivo geral capacitar profissionais que trabalham nos Centros de Aten\u00e7\u00e3o Psicossocial (CAPS) e em Unidades de\u00a0Emerg\u00eancia na Regi\u00e3o da Borborema e do Sert\u00e3o, a fim de melhorar a qualidade do acompanhamento de pessoas com transtornos mentais\u00a0severos, em servi\u00e7os abertos de aten\u00e7\u00e3o di\u00e1ria. Ressaltamos ainda a realiza\u00e7\u00e3o de atividades em parceria com a coordena\u00e7\u00e3o de Sa\u00fade Mental de Campina Grande, como os eventos com o Psiquiatra Italiano Ernesto Venturini, que proferiu palestras e minicurso sobre a Reforma\u00a0Psiqui\u00e1trica em Movimento.<\/p>\n<p>O Curso de Psicologia possui 280 alunos matriculados no primeiro per\u00edodo letivo 2013. S\u00e3o majoritariamente do sexo feminino e oriundos do\u00a0interior do Estado, com predomin\u00e2ncia do munic\u00edpio de Campina Grande. H\u00e1 tamb\u00e9m estudantes oriundos dos Estados de Pernambuco, Cear\u00e1,\u00a0Rio Grande do Norte, Piau\u00ed, S\u00e3o Paulo e Minas Gerais. N\u00fameros que colocam a UEPB como uma importante refer\u00eancia na forma\u00e7\u00e3o\u00a0profissional, desenvolvimento tecnol\u00f3gico e pesquisa na Regi\u00e3o Nordeste. Fruto de conv\u00eanios internacionais o curso vem recebendo alunos de\u00a0outros pa\u00edses, como Per\u00fa, Cabo Verde e Espanha. Temos, portanto, uma demanda potencial de alunos para a P\u00f3s-gradua\u00e7\u00e3o em Psicologia da\u00a0Sa\u00fade. Ressaltamos que muitos dos nossos alunos egressos do Curso de Psicologia da UEPB t\u00eam conseguido aprova\u00e7\u00e3o em Programas de\u00a0P\u00f3s-gradua\u00e7\u00e3o de Psicologia, principalmente em Jo\u00e3o Pessoa. Entretanto, \u00e9 evidente a demanda reprimida para qualifica\u00e7\u00e3o e aperfei\u00e7oamento\u00a0na nossa regi\u00e3o, j\u00e1 que se somam, aos alunos que deixam a universidade a cada ano, os profissionais em atua\u00e7\u00e3o nos servi\u00e7os de sa\u00fade e\u00a0outros.<br \/>\nTal cen\u00e1rio \u00e9 considerado n\u00e3o apenas favor\u00e1vel \u00e0 oferta de um mestrado em Psicologia da Sa\u00fade, mas mostra com dados concretos que o\u00a0Departamento de Psicologia e a Universidade Estadual da Para\u00edba, est\u00e3o potencialmente preparados para abrigar uma proposta de\u00a0p\u00f3s-gradua\u00e7\u00e3o que venha a interferir positivamente na forma\u00e7\u00e3o de novos pesquisadores e docentes e no perfil de sa\u00fade do Estado da Para\u00edba\u00a0e da Regi\u00e3o Nordeste.<\/p>\n<p><strong>Refer\u00eancias<\/strong><\/p>\n<p>Brasil. Minist\u00e9rio da Educa\u00e7\u00e3o. (2010). Coordena\u00e7\u00e3o de Aperfei\u00e7oamento de Pessoal de N\u00edvel Superior Plano Nacional de P\u00f3s-Gradua\u00e7\u00e3o \u2013<br \/>\nPNPG 2011-2020 \/ Coordena\u00e7\u00e3o de Pessoal de N\u00edvel Superior. \u2013 Bras\u00edlia, DF: CAPES.<br \/>\nRBPG. (2005). Plano Nacional de P\u00f3s-gradua\u00e7\u00e3o (PNPG) &#8211; 2005-2010 \u2013 Revista Brasileira de P\u00f3sGradua\u00e7\u00e3o-RBPG, v. 2, n 3, p. 185-198, mar.<\/p>\n","protected":false},"excerpt":{"rendered":"<p>A cria\u00e7\u00e3o de um programa de p\u00f3s-gradua\u00e7\u00e3o em Psicologia na UEPB pretende atender \u00e0 demanda crescente de profissionais no Estado da Para\u00edba. Ressalta-se, como j\u00e1 explicitado, que existe, atualmente, apenas um \u00fanico mestrado em Psicologia na regi\u00e3o para acolher sete cursos de gradua\u00e7\u00e3o em Psicologia, sendo tr\u00eas desses localizados em Campina Grande. Frente a tal <a class=\"leiamais\" href=\"https:\/\/pos-graduacao.uepb.edu.br\/ppgps\/historico\/\">Leia Mais&#8230;<\/a><\/p>\n","protected":false},"author":34,"featured_media":0,"parent":0,"menu_order":0,"comment_status":"closed","ping_status":"closed","template":"","meta":{"footnotes":""},"class_list":["post-327","page","type-page","status-publish","hentry"],"_links":{"self":[{"href":"https:\/\/pos-graduacao.uepb.edu.br\/ppgps\/wp-json\/wp\/v2\/pages\/327","targetHints":{"allow":["GET"]}}],"collection":[{"href":"https:\/\/pos-graduacao.uepb.edu.br\/ppgps\/wp-json\/wp\/v2\/pages"}],"about":[{"href":"https:\/\/pos-graduacao.uepb.edu.br\/ppgps\/wp-json\/wp\/v2\/types\/page"}],"author":[{"embeddable":true,"href":"https:\/\/pos-graduacao.uepb.edu.br\/ppgps\/wp-json\/wp\/v2\/users\/34"}],"replies":[{"embeddable":true,"href":"https:\/\/pos-graduacao.uepb.edu.br\/ppgps\/wp-json\/wp\/v2\/comments?post=327"}],"version-history":[{"count":8,"href":"https:\/\/pos-graduacao.uepb.edu.br\/ppgps\/wp-json\/wp\/v2\/pages\/327\/revisions"}],"predecessor-version":[{"id":1848,"href":"https:\/\/pos-graduacao.uepb.edu.br\/ppgps\/wp-json\/wp\/v2\/pages\/327\/revisions\/1848"}],"wp:attachment":[{"href":"https:\/\/pos-graduacao.uepb.edu.br\/ppgps\/wp-json\/wp\/v2\/media?parent=327"}],"curies":[{"name":"wp","href":"https:\/\/api.w.org\/{rel}","templated":true}]}}