{"id":30,"date":"2014-07-29T14:32:18","date_gmt":"2014-07-29T17:32:18","guid":{"rendered":"https:\/\/pos-graduacao.uepb.edu.br\/ppgps\/?page_id=30"},"modified":"2017-09-18T10:40:33","modified_gmt":"2017-09-18T13:40:33","slug":"biblioteca","status":"publish","type":"page","link":"https:\/\/pos-graduacao.uepb.edu.br\/ppgps\/biblioteca\/","title":{"rendered":"Objetivos"},"content":{"rendered":"<p><strong>Objetivos do Curso\/Perfil do profissional a ser formado<\/strong>:<\/p>\n<p>O Programa de P\u00f3s-Gradua\u00e7\u00e3o em Psicologia da Sa\u00fade tem como objetivo a forma\u00e7\u00e3o e qualifica\u00e7\u00e3o de pesquisadores e docentes, no \u00e2mbito da Psicologia da Sa\u00fade e \u00e1reas afins, buscando levantar novas demandas e problemas de sa\u00fade individual e coletiva, contribuindo com sua compreens\u00e3o e transforma\u00e7\u00e3o a partir dos conhecimentos da Psicologia e de disciplinas afins, com vistas \u00e0 promo\u00e7\u00e3o da sa\u00fade, qualidade de vida, e bem estar das popula\u00e7\u00f5es da nossa regi\u00e3o.<\/p>\n<p><strong>Tem como objetivos: <\/strong><\/p>\n<ul>\n<li>Formar pesquisadores para que atuem com \u00e9tica, iniciativa, responsabilidade e autonomia intelectual e ideol\u00f3gica, em conformidade com as quest\u00f5es atuais da Psicologia da Sa\u00fade;<\/li>\n<li>Capacitar psic\u00f3logos ou profissionais de \u00e1reas afins para o exerc\u00edcio da pesquisa e para o exerc\u00edcio do magist\u00e9rio superior em Psicologia da Sa\u00fade;<\/li>\n<li>III. Produzir conhecimento que subsidie teoricamente interven\u00e7\u00f5es profissionais em diferentes contextos e sobre diferentes tem\u00e1ticas;<\/li>\n<li>Produzir e divulgar conhecimento cient\u00edfico com relev\u00e2ncia social na \u00e1rea espec\u00edfica da Psicologia da Sa\u00fade, fomentando a pesquisa em psicologia na regi\u00e3o de Campina Grande e em toda Para\u00edba;<\/li>\n<li>Formar profissionais em Psicologia da Sa\u00fade para que possam atuar nas diversas \u00e1reas da sa\u00fade p\u00fablica.<\/li>\n<\/ul>\n","protected":false},"excerpt":{"rendered":"<p>Objetivos do Curso\/Perfil do profissional a ser formado: O Programa de P\u00f3s-Gradua\u00e7\u00e3o em Psicologia da Sa\u00fade tem como objetivo a forma\u00e7\u00e3o e qualifica\u00e7\u00e3o de pesquisadores e docentes, no \u00e2mbito da Psicologia da Sa\u00fade e \u00e1reas afins, buscando levantar novas demandas e problemas de sa\u00fade individual e coletiva, contribuindo com sua compreens\u00e3o e transforma\u00e7\u00e3o a partir <a class=\"leiamais\" href=\"https:\/\/pos-graduacao.uepb.edu.br\/ppgps\/biblioteca\/\">Leia Mais&#8230;<\/a><\/p>\n","protected":false},"author":21,"featured_media":0,"parent":0,"menu_order":0,"comment_status":"open","ping_status":"closed","template":"","meta":{"footnotes":""},"class_list":["post-30","page","type-page","status-publish","hentry"],"_links":{"self":[{"href":"https:\/\/pos-graduacao.uepb.edu.br\/ppgps\/wp-json\/wp\/v2\/pages\/30","targetHints":{"allow":["GET"]}}],"collection":[{"href":"https:\/\/pos-graduacao.uepb.edu.br\/ppgps\/wp-json\/wp\/v2\/pages"}],"about":[{"href":"https:\/\/pos-graduacao.uepb.edu.br\/ppgps\/wp-json\/wp\/v2\/types\/page"}],"author":[{"embeddable":true,"href":"https:\/\/pos-graduacao.uepb.edu.br\/ppgps\/wp-json\/wp\/v2\/users\/21"}],"replies":[{"embeddable":true,"href":"https:\/\/pos-graduacao.uepb.edu.br\/ppgps\/wp-json\/wp\/v2\/comments?post=30"}],"version-history":[{"count":5,"href":"https:\/\/pos-graduacao.uepb.edu.br\/ppgps\/wp-json\/wp\/v2\/pages\/30\/revisions"}],"predecessor-version":[{"id":227,"href":"https:\/\/pos-graduacao.uepb.edu.br\/ppgps\/wp-json\/wp\/v2\/pages\/30\/revisions\/227"}],"wp:attachment":[{"href":"https:\/\/pos-graduacao.uepb.edu.br\/ppgps\/wp-json\/wp\/v2\/media?parent=30"}],"curies":[{"name":"wp","href":"https:\/\/api.w.org\/{rel}","templated":true}]}}