{"id":27,"date":"2014-07-29T14:30:57","date_gmt":"2014-07-29T17:30:57","guid":{"rendered":"https:\/\/pos-graduacao.uepb.edu.br\/ppgps\/?page_id=27"},"modified":"2024-06-19T15:50:38","modified_gmt":"2024-06-19T18:50:38","slug":"laboratorios","status":"publish","type":"page","link":"https:\/\/pos-graduacao.uepb.edu.br\/ppgps\/laboratorios\/","title":{"rendered":"Grupos de Pesquisa"},"content":{"rendered":"<div class=\"wpb-content-wrapper\"><p>[vc_row][vc_column][vc_tta_tabs active_section=&#8221;1&#8243; css=&#8221;.vc_custom_1718823054964{margin-top: 30px !important;}&#8221;][vc_tta_section title=&#8221;Laborat\u00f3rio I&#8221; tab_id=&#8221;1718822948963-5985bfd4-4cca&#8221;][vc_column_text css=&#8221;.vc_custom_1718822967499{margin-top: 20px !important;}&#8221;]Grupo de Pesquisa Trabalho, Sa\u00fade e Subjetividade<\/p>\n<p style=\"text-align: justify;\"><strong>Objetivo:<\/strong> Este grupo de pesquisas vem desenvolvendo pesquisas, assessorias e servi\u00e7os. As pesquisas abarcam um leque te\u00f3rico-metodol\u00f3gico pluridisciplinar buscando dar conta da complexidade das situa\u00e7\u00f5es de trabalho envolvidas. Atualmente est\u00e3o em\u00a0desenvolvimento pesquisas com as seguintes tem\u00e1ticas: Sofrimento e Prazer no Trabalho; An\u00e1lise da Atividade; Trabalho Precoce: Pol\u00edticas\u00a0P\u00fablicas de Sa\u00fade; Gest\u00e3o e Compet\u00eancias Humanas; Mudan\u00e7as nos Mundos do Trabalho do Trabalho e a Produ\u00e7\u00e3o de Subjetividade.<\/p>\n<p>[\/vc_column_text][\/vc_tta_section][vc_tta_section title=&#8221;Laborat\u00f3rio II&#8221; tab_id=&#8221;1718822970053-93ab14fd-b498&#8243;][vc_column_text css=&#8221;.vc_custom_1718822985597{margin-top: 20px !important;}&#8221;]Grupo de Estudos e Pesquisa em Envelhecimento e Sa\u00fade (GEPES)<\/p>\n<p><strong>Objetivo:<\/strong>\u00a0O Grupo existe desde 2005 e vem se consolidando atrav\u00e9s das pesquisas de Inicia\u00e7\u00e3o Cient\u00edfica, e aprova\u00e7\u00e3o em Editais de \u00d3rg\u00e3os\u00a0de fomento. O grupo apresenta caracter\u00edsticas multi e interdisciplinar aglutinando diferentes abordagens, mas ao mesmo tempo convergindo \u00e0s\u00a0produ\u00e7\u00f5es de conhecimento. As linhas de pesquisa do grupo concentram-se em: Aspectos bio-psicossociais do envelhecimento;\u00a0Representa\u00e7\u00f5es sociais, envelhecimento e Sa\u00fade; e Sa\u00fade Mental. O grupo \u00e9 composto por tr\u00eas pesquisadores e atualmente com dez alunos\u00a0da gradua\u00e7\u00e3o em psicologia e mais cinco ex-pibic que est\u00e3o cursando cursos de mestrados em diversos programas de p\u00f3s-gradua\u00e7\u00e3o em\u00a0Psicologia na capital do estado e em estados vizinhos. Atualmente o GEPES desenvolve pesquisas relacionadas ao estado de sa\u00fade mental de\u00a0idosos em Campina Grande, PB.<\/p>\n<ul>\n<li>Aspectos Bio-Psicossociais do Envelhecimento<\/li>\n<li>Representa\u00e7\u00f5es Sociais, Envelhecimento e Sa\u00fade<\/li>\n<li>Sa\u00fade Mental<\/li>\n<\/ul>\n<p>[\/vc_column_text][\/vc_tta_section][vc_tta_section title=&#8221;Laborat\u00f3rio III&#8221; tab_id=&#8221;1718822988708-033c6d23-2b35&#8243;][vc_column_text css=&#8221;.vc_custom_1718823029265{margin-top: 20px !important;}&#8221;]<strong>Psicologia da Sa\u00fade<\/strong><\/p>\n<p>O trabalho do grupo de pesquisa em Psicologia da Sa\u00fade tem trazido v\u00e1rias contribui\u00e7\u00f5es ao campo do conhecimento cient\u00edfico, \u00e0 medida que tem produzido pesquisas, em interface com a Psicologia Social e a Sa\u00fade Coletiva, que buscam compreender fen\u00f4menos relacionados aos processos de sa\u00fade e doen\u00e7a. As pesquisas desenvolvidas pretendem fomentar a \u00e1rea da Psicologia da Sa\u00fade e subsidiar pr\u00e1ticas psicol\u00f3gicas, principalmente no campo das pol\u00edticas p\u00fablicas de sa\u00fade.[\/vc_column_text][\/vc_tta_section][vc_tta_section title=&#8221;Laborat\u00f3rio IV&#8221; tab_id=&#8221;1718822987532-2e070814-4f24&#8243;][vc_column_text css=&#8221;.vc_custom_1718823042304{margin-top: 20px !important;}&#8221;]<strong>LongeViver \u2013 Laborat\u00f3rio de Pesquisas em Envelhecimento Humano e Tecnologias em Sa\u00fade<\/strong><\/p>\n<p>O laborat\u00f3rio LongeViver realiza investiga\u00e7\u00f5es e interven\u00e7\u00f5es no \u00e2mbito do envelhecimento humano tendo em vista o desenvolvimento e aplica\u00e7\u00e3o de Tecnologias em Sa\u00fade que promovam o cuidado em sa\u00fade mental e a qualidade de vida. Para tanto, as pesquisas e interven\u00e7\u00f5es est\u00e3o pautadas nos pressupostos da Psicologia da Sa\u00fade e da Psicologia Social, em interface com a Gerontologia. A partir de estudos sobre os processos de vulnerabilidade (individual, social e program\u00e1tica) e os cuidados em sa\u00fade colabora para a forma\u00e7\u00e3o profissional e o desenvolvimento cient\u00edfico e tecnol\u00f3gico com \u00eanfase no envelhecimento bem-sucedido e longevidade.[\/vc_column_text][\/vc_tta_section][\/vc_tta_tabs][\/vc_column][\/vc_row]<\/p>\n<\/div>","protected":false},"excerpt":{"rendered":"<p>[vc_row][vc_column][vc_tta_tabs active_section=&#8221;1&#8243; css=&#8221;.vc_custom_1718823054964{margin-top: 30px !important;}&#8221;][vc_tta_section title=&#8221;Laborat\u00f3rio I&#8221; tab_id=&#8221;1718822948963-5985bfd4-4cca&#8221;][vc_column_text css=&#8221;.vc_custom_1718822967499{margin-top: 20px !important;}&#8221;]Grupo de Pesquisa Trabalho, Sa\u00fade e Subjetividade Objetivo: Este grupo de pesquisas vem desenvolvendo pesquisas, assessorias e servi\u00e7os. As pesquisas abarcam um leque te\u00f3rico-metodol\u00f3gico pluridisciplinar buscando dar conta da complexidade das situa\u00e7\u00f5es de trabalho envolvidas. Atualmente est\u00e3o em\u00a0desenvolvimento pesquisas com as seguintes tem\u00e1ticas: Sofrimento e <a class=\"leiamais\" href=\"https:\/\/pos-graduacao.uepb.edu.br\/ppgps\/laboratorios\/\">Leia Mais&#8230;<\/a><\/p>\n","protected":false},"author":21,"featured_media":0,"parent":0,"menu_order":0,"comment_status":"open","ping_status":"closed","template":"","meta":{"footnotes":""},"class_list":["post-27","page","type-page","status-publish","hentry"],"_links":{"self":[{"href":"https:\/\/pos-graduacao.uepb.edu.br\/ppgps\/wp-json\/wp\/v2\/pages\/27","targetHints":{"allow":["GET"]}}],"collection":[{"href":"https:\/\/pos-graduacao.uepb.edu.br\/ppgps\/wp-json\/wp\/v2\/pages"}],"about":[{"href":"https:\/\/pos-graduacao.uepb.edu.br\/ppgps\/wp-json\/wp\/v2\/types\/page"}],"author":[{"embeddable":true,"href":"https:\/\/pos-graduacao.uepb.edu.br\/ppgps\/wp-json\/wp\/v2\/users\/21"}],"replies":[{"embeddable":true,"href":"https:\/\/pos-graduacao.uepb.edu.br\/ppgps\/wp-json\/wp\/v2\/comments?post=27"}],"version-history":[{"count":11,"href":"https:\/\/pos-graduacao.uepb.edu.br\/ppgps\/wp-json\/wp\/v2\/pages\/27\/revisions"}],"predecessor-version":[{"id":1878,"href":"https:\/\/pos-graduacao.uepb.edu.br\/ppgps\/wp-json\/wp\/v2\/pages\/27\/revisions\/1878"}],"wp:attachment":[{"href":"https:\/\/pos-graduacao.uepb.edu.br\/ppgps\/wp-json\/wp\/v2\/media?parent=27"}],"curies":[{"name":"wp","href":"https:\/\/api.w.org\/{rel}","templated":true}]}}