{"id":1870,"date":"2024-06-19T15:05:25","date_gmt":"2024-06-19T18:05:25","guid":{"rendered":"https:\/\/pos-graduacao.uepb.edu.br\/ppgps\/?page_id=1870"},"modified":"2024-06-19T15:05:25","modified_gmt":"2024-06-19T18:05:25","slug":"regras-para-o-deposito-dos-trabalhos-academicos","status":"publish","type":"page","link":"https:\/\/pos-graduacao.uepb.edu.br\/ppgps\/regras-para-o-deposito-dos-trabalhos-academicos\/","title":{"rendered":"Regras para o dep\u00f3sito dos trabalhos acad\u00eamicos"},"content":{"rendered":"<p><strong>Reg<\/strong><strong>ras para o dep\u00f3sito dos trabalhos acad\u00eamicos<\/strong><\/p>\n<p>As disserta\u00e7\u00f5es de mestrado e teses de doutorado produzidas na UEPB devem compor a\u00a0<a href=\"http:\/\/tede.bc.uepb.edu.br\/jspui\/\" target=\"_blank\" rel=\"noopener noreferrer\">Biblioteca Digital de Teses e Disserta\u00e7\u00f5es<\/a>\u00a0\u2013 projeto mantido pelo\u00a0<a href=\"http:\/\/www.ibict.br\/\" target=\"_blank\" rel=\"noopener noreferrer\">IBICT<\/a>\u00a0com o objetivo de integrar, em um s\u00f3 portal, as teses e disserta\u00e7\u00f5es existentes no pa\u00eds. O dep\u00f3sito do trabalho final dever\u00e1 ser feito diretamente \u00e0 biblioteca vinculada ao curso.<\/p>\n<p>Para alunos de p\u00f3s-gradua\u00e7\u00e3o stricto sensu, as exig\u00eancias para o dep\u00f3sito da disserta\u00e7\u00e3o e\/ou tese s\u00e3o:<\/p>\n<ul>\n<li>1 (uma) c\u00f3pia da disserta\u00e7\u00e3o ou tese em formato impresso, contendo ficha catalogr\u00e1fica e de folha de aprova\u00e7\u00e3o assinada pelos membros da banca;<\/li>\n<li>2 (duas) c\u00f3pias da disserta\u00e7\u00e3o ou tese gravada em CD formato\u00a0<strong>PDF<\/strong>\u00a0(DESPROTEGIDO), contendo ficha catalogr\u00e1fica e de folha de aprova\u00e7\u00e3o assinada pelos membros da banca;<\/li>\n<li><strong><a href=\"http:\/\/biblioteca.uepb.edu.br\/?wpfb_dl=24\">Termo de autoriza\u00e7\u00e3o<\/a><\/strong>\u00a0com documento de inser\u00e7\u00e3o de tese ou disserta\u00e7\u00e3o no Sistema de Publica\u00e7\u00f5es Eletr\u00f4nica de Teses e Disserta\u00e7\u00f5es (TEDE\/UEPB) da Biblioteca Digital de Teses e Disserta\u00e7\u00f5es (BDTD);<\/li>\n<li><strong><a href=\"http:\/\/biblioteca.uepb.edu.br\/?wpfb_dl=19\">Termo de confirma\u00e7\u00e3o e cadastramento<\/a><\/strong>\u00a0para publica\u00e7\u00e3o de Teses e Disserta\u00e7\u00f5es Eletr\u00f4nicas (TDE) no Sistema de Publica\u00e7\u00f5es Eletr\u00f4nica de Teses e Disserta\u00e7\u00f5es (TEDE) da Biblioteca Digital de Teses e Disserta\u00e7\u00f5es (BDTD).<\/li>\n<\/ul>\n<p>Ap\u00f3s o dep\u00f3sito do trabalho, o aluno receber\u00e1 um termo de quita\u00e7\u00e3o de entrega do mesmo, este documento ser\u00e1 exigido para solicita\u00e7\u00e3o do diploma.<\/p>\n<p>Alunos de mestrado e doutorado devem entregar seus trabalhos numa caixa acr\u00edlica de CD.<\/p>\n<ul>\n<li><a href=\"http:\/\/biblioteca.uepb.edu.br\/?wpfb_dl=20\">Modelo de identifica\u00e7\u00e3o do CD<\/a><\/li>\n<li><a href=\"http:\/\/biblioteca.uepb.edu.br\/?wpfb_dl=18\">Modelo de capa de CD<\/a><\/li>\n<\/ul>\n<p>A Coordena\u00e7\u00e3o do Programa de P\u00f3s-Gradua\u00e7\u00e3o em Literatura e Interculturalidade \u2013 PPGPS em parceria com a Pr\u00f3-Reitoria de Gradua\u00e7\u00e3o (PROEG), com a Pr\u00f3-Reitoria de P\u00f3s-Gradua\u00e7\u00e3o e Pesquisa (PRPGP) e com a Dire\u00e7\u00e3o da Biblioteca Central da UEPB, estabelece normas de dep\u00f3sito de trabalhos cient\u00edficos em n\u00edvel de p\u00f3s-gradua\u00e7\u00e3o stricto-sensu (Mestrado\/Doutorado), a saber:<\/p>\n<ul>\n<li>Clique <a href=\"https:\/\/pos-graduacao.uepb.edu.br\/ppgps\/download\/Dorso-Modelo-dissertacao.docx\"><strong>AQUI<\/strong><\/a> e tenha acesso ao template modelo para\u00a0capa dura e dorso<\/li>\n<li>Clique\u00a0<strong><a href=\"http:\/\/biblioteca.uepb.edu.br\/?wpfb_dl=22\">AQUI<\/a><\/strong>\u00a0e tenha acesso ao template modelo para monografias, disserta\u00e7\u00f5es e teses, baseado na NBR 14.724.<\/li>\n<li>Clique\u00a0<strong><a href=\"http:\/\/biblioteca.uepb.edu.br\/?wpfb_dl=21\">AQUI<\/a><\/strong>\u00a0e tenha acesso ao template modelo para artigos baseado na NBR 6022.<\/li>\n<li>Clique <strong><a href=\"http:\/\/biblioteca.uepb.edu.br\/?wpfb_dl=26\">AQUI<\/a><\/strong>\u00a0e tenha acesso ao template modelo para relat\u00f3rios, baseado na NBR\u00a010. 719.<\/li>\n<\/ul>\n<p>Apenas ap\u00f3s a apresenta\u00e7\u00e3o final do trabalho de conclus\u00e3o de curso os artigos submetidos a peri\u00f3dicos nacionais ou internacionais devem ser padronizados de acordo com a norma da publica\u00e7\u00e3o. Todo trabalho de conclus\u00e3o de curso dever\u00e1 ser apresentado de acordo com as normas da APA.<\/p>\n<p>Para disserta\u00e7\u00f5es e teses, a apresenta\u00e7\u00e3o do trabalho impresso deve seguir a encaderna\u00e7\u00e3o a francesa, com capa de acordo com a \u00e1rea de conhecimento e obrigatoriamente com letras douradas.<\/p>\n","protected":false},"excerpt":{"rendered":"<p>Regras para o dep\u00f3sito dos trabalhos acad\u00eamicos As disserta\u00e7\u00f5es de mestrado e teses de doutorado produzidas na UEPB devem compor a\u00a0Biblioteca Digital de Teses e Disserta\u00e7\u00f5es\u00a0\u2013 projeto mantido pelo\u00a0IBICT\u00a0com o objetivo de integrar, em um s\u00f3 portal, as teses e disserta\u00e7\u00f5es existentes no pa\u00eds. O dep\u00f3sito do trabalho final dever\u00e1 ser feito diretamente \u00e0 biblioteca <a class=\"leiamais\" href=\"https:\/\/pos-graduacao.uepb.edu.br\/ppgps\/regras-para-o-deposito-dos-trabalhos-academicos\/\">Leia Mais&#8230;<\/a><\/p>\n","protected":false},"author":5,"featured_media":0,"parent":0,"menu_order":0,"comment_status":"closed","ping_status":"closed","template":"","meta":{"footnotes":""},"class_list":["post-1870","page","type-page","status-publish","hentry"],"_links":{"self":[{"href":"https:\/\/pos-graduacao.uepb.edu.br\/ppgps\/wp-json\/wp\/v2\/pages\/1870","targetHints":{"allow":["GET"]}}],"collection":[{"href":"https:\/\/pos-graduacao.uepb.edu.br\/ppgps\/wp-json\/wp\/v2\/pages"}],"about":[{"href":"https:\/\/pos-graduacao.uepb.edu.br\/ppgps\/wp-json\/wp\/v2\/types\/page"}],"author":[{"embeddable":true,"href":"https:\/\/pos-graduacao.uepb.edu.br\/ppgps\/wp-json\/wp\/v2\/users\/5"}],"replies":[{"embeddable":true,"href":"https:\/\/pos-graduacao.uepb.edu.br\/ppgps\/wp-json\/wp\/v2\/comments?post=1870"}],"version-history":[{"count":1,"href":"https:\/\/pos-graduacao.uepb.edu.br\/ppgps\/wp-json\/wp\/v2\/pages\/1870\/revisions"}],"predecessor-version":[{"id":1871,"href":"https:\/\/pos-graduacao.uepb.edu.br\/ppgps\/wp-json\/wp\/v2\/pages\/1870\/revisions\/1871"}],"wp:attachment":[{"href":"https:\/\/pos-graduacao.uepb.edu.br\/ppgps\/wp-json\/wp\/v2\/media?parent=1870"}],"curies":[{"name":"wp","href":"https:\/\/api.w.org\/{rel}","templated":true}]}}