{"id":1862,"date":"2024-06-19T14:54:04","date_gmt":"2024-06-19T17:54:04","guid":{"rendered":"https:\/\/pos-graduacao.uepb.edu.br\/ppgps\/?page_id=1862"},"modified":"2025-06-04T08:13:00","modified_gmt":"2025-06-04T11:13:00","slug":"docentes-colaboradores","status":"publish","type":"page","link":"https:\/\/pos-graduacao.uepb.edu.br\/ppgps\/docentes-colaboradores\/","title":{"rendered":"Docentes Colaboradores"},"content":{"rendered":"<div class=\"wpb-content-wrapper\"><p>[vc_row css=&#8221;.vc_custom_1718818729125{margin-top: 30px !important;}&#8221;][vc_column width=&#8221;1\/2&#8243;][vc_row_inner][vc_column_inner width=&#8221;1\/4&#8243;][vc_single_image image=&#8221;2007&#8243; img_size=&#8221;100&#215;133&#8243; alignment=&#8221;center&#8221; style=&#8221;vc_box_border_circle_2&#8243; onclick=&#8221;custom_link&#8221; img_link_target=&#8221;_blank&#8221; css=&#8221;.vc_custom_1748538112997{border-top-width: 2px !important;border-right-width: 2px !important;border-bottom-width: 2px !important;border-left-width: 2px !important;}&#8221; link=&#8221;http:\/\/lattes.cnpq.br\/4977774771129246&#8243;][\/vc_column_inner][vc_column_inner width=&#8221;3\/4&#8243;][vc_column_text css=&#8221;&#8221;]<strong>Eduardo Breno Nascimento Bezerra<\/strong><br \/>\n<strong>\u00c1rea\/Doutorado:<\/strong> Psicologia<br \/>\n<strong>Temas de Interesse:<\/strong> Psicologia do Trabalho, Cl\u00ednicas do Trabalho, Sa\u00fade do Trabalhador<br \/>\n<strong>Contato:<\/strong> eduardo.breno@academico.ufpb.br[\/vc_column_text][\/vc_column_inner][\/vc_row_inner][\/vc_column][vc_column width=&#8221;1\/2&#8243;][vc_row_inner][vc_column_inner width=&#8221;1\/4&#8243;][vc_single_image image=&#8221;704&#8243; img_size=&#8221;100&#215;133&#8243; alignment=&#8221;center&#8221; style=&#8221;vc_box_border_circle_2&#8243; onclick=&#8221;custom_link&#8221; img_link_target=&#8221;_blank&#8221; css=&#8221;.vc_custom_1748538117804{border-top-width: 2px !important;border-right-width: 2px !important;border-bottom-width: 2px !important;border-left-width: 2px !important;}&#8221; link=&#8221;http:\/\/lattes.cnpq.br\/4977774771129246&#8243;][\/vc_column_inner][vc_column_inner width=&#8221;3\/4&#8243;][vc_column_text]<a href=\"http:\/\/lattes.cnpq.br\/4977774771129246\" target=\"_blank\" rel=\"noopener\">Manuella Castelo Branco Pessoa<\/a><br \/>\n<strong>\u00c1rea\/Doutorado:<\/strong>\u00a0Psicologia Social<br \/>\n<strong>Temas de Interesse: <\/strong>Atua nas \u00e1reas da psicologia social do trabalho e na perspectiva das cl\u00ednicas do trabalho, principalmente com os temas: juventude, forma\u00e7\u00e3o profissional e trabalho, politicas p\u00fablicas e trabalho infantil.<br \/>\n<strong>Contato:<\/strong>\u00a0manucastelobranco2@gmail.com[\/vc_column_text][\/vc_column_inner][\/vc_row_inner][\/vc_column][\/vc_row][vc_row css=&#8221;.vc_custom_1718816532110{margin-top: 30px !important;margin-bottom: 30px !important;}&#8221;][vc_column][vc_separator border_width=&#8221;2&#8243; css=&#8221;&#8221;][\/vc_column][\/vc_row][vc_row css=&#8221;.vc_custom_1718818729125{margin-top: 30px !important;}&#8221;][vc_column width=&#8221;1\/2&#8243;][vc_row_inner][vc_column_inner width=&#8221;1\/4&#8243;][vc_single_image image=&#8221;727&#8243; img_size=&#8221;100&#215;133&#8243; alignment=&#8221;center&#8221; style=&#8221;vc_box_border_circle_2&#8243; onclick=&#8221;custom_link&#8221; img_link_target=&#8221;_blank&#8221; css=&#8221;.vc_custom_1748538130309{border-top-width: 2px !important;border-right-width: 2px !important;border-bottom-width: 2px !important;border-left-width: 2px !important;}&#8221; link=&#8221;http:\/\/lattes.cnpq.br\/7490417829069763&#8243;][\/vc_column_inner][vc_column_inner width=&#8221;3\/4&#8243;][vc_column_text]<a href=\"http:\/\/lattes.cnpq.br\/7490417829069763\" target=\"_blank\" rel=\"noopener\">Maria de Fatima de Araujo Silveira<\/a><br \/>\n<strong>\u00c1rea\/Doutorado:\u00a0<\/strong>Enfermagem<br \/>\n<strong>Temas de Interesse:<\/strong>Psicologia Social, atuando principalmente nos seguintes temas: discurso, ret\u00f3rica, racismo, processos identit\u00e1rios, pol\u00edtica e sa\u00fade mental.<br \/>\n<strong>Contato:<\/strong>\u00a0fatimasilveir@uol.com.br[\/vc_column_text][\/vc_column_inner][\/vc_row_inner][\/vc_column][\/vc_row]<\/p>\n<\/div>","protected":false},"excerpt":{"rendered":"<p>[vc_row css=&#8221;.vc_custom_1718818729125{margin-top: 30px !important;}&#8221;][vc_column width=&#8221;1\/2&#8243;][vc_row_inner][vc_column_inner width=&#8221;1\/4&#8243;][vc_single_image image=&#8221;2007&#8243; img_size=&#8221;100&#215;133&#8243; alignment=&#8221;center&#8221; style=&#8221;vc_box_border_circle_2&#8243; onclick=&#8221;custom_link&#8221; img_link_target=&#8221;_blank&#8221; css=&#8221;.vc_custom_1748538112997{border-top-width: 2px !important;border-right-width: 2px !important;border-bottom-width: 2px !important;border-left-width: 2px !important;}&#8221; link=&#8221;http:\/\/lattes.cnpq.br\/4977774771129246&#8243;][\/vc_column_inner][vc_column_inner width=&#8221;3\/4&#8243;][vc_column_text css=&#8221;&#8221;]Eduardo Breno Nascimento Bezerra \u00c1rea\/Doutorado: Psicologia Temas de Interesse: Psicologia do Trabalho, Cl\u00ednicas do Trabalho, Sa\u00fade do Trabalhador Contato: eduardo.breno@academico.ufpb.br[\/vc_column_text][\/vc_column_inner][\/vc_row_inner][\/vc_column][vc_column width=&#8221;1\/2&#8243;][vc_row_inner][vc_column_inner width=&#8221;1\/4&#8243;][vc_single_image image=&#8221;704&#8243; img_size=&#8221;100&#215;133&#8243; alignment=&#8221;center&#8221; style=&#8221;vc_box_border_circle_2&#8243; onclick=&#8221;custom_link&#8221; img_link_target=&#8221;_blank&#8221; css=&#8221;.vc_custom_1748538117804{border-top-width: 2px !important;border-right-width: 2px <a class=\"leiamais\" href=\"https:\/\/pos-graduacao.uepb.edu.br\/ppgps\/docentes-colaboradores\/\">Leia Mais&#8230;<\/a><\/p>\n","protected":false},"author":5,"featured_media":0,"parent":0,"menu_order":0,"comment_status":"closed","ping_status":"closed","template":"","meta":{"footnotes":""},"class_list":["post-1862","page","type-page","status-publish","hentry"],"_links":{"self":[{"href":"https:\/\/pos-graduacao.uepb.edu.br\/ppgps\/wp-json\/wp\/v2\/pages\/1862","targetHints":{"allow":["GET"]}}],"collection":[{"href":"https:\/\/pos-graduacao.uepb.edu.br\/ppgps\/wp-json\/wp\/v2\/pages"}],"about":[{"href":"https:\/\/pos-graduacao.uepb.edu.br\/ppgps\/wp-json\/wp\/v2\/types\/page"}],"author":[{"embeddable":true,"href":"https:\/\/pos-graduacao.uepb.edu.br\/ppgps\/wp-json\/wp\/v2\/users\/5"}],"replies":[{"embeddable":true,"href":"https:\/\/pos-graduacao.uepb.edu.br\/ppgps\/wp-json\/wp\/v2\/comments?post=1862"}],"version-history":[{"count":9,"href":"https:\/\/pos-graduacao.uepb.edu.br\/ppgps\/wp-json\/wp\/v2\/pages\/1862\/revisions"}],"predecessor-version":[{"id":2067,"href":"https:\/\/pos-graduacao.uepb.edu.br\/ppgps\/wp-json\/wp\/v2\/pages\/1862\/revisions\/2067"}],"wp:attachment":[{"href":"https:\/\/pos-graduacao.uepb.edu.br\/ppgps\/wp-json\/wp\/v2\/media?parent=1862"}],"curies":[{"name":"wp","href":"https:\/\/api.w.org\/{rel}","templated":true}]}}