{"id":1852,"date":"2024-06-19T11:48:09","date_gmt":"2024-06-19T14:48:09","guid":{"rendered":"https:\/\/pos-graduacao.uepb.edu.br\/ppgps\/?page_id=1852"},"modified":"2025-05-29T13:59:59","modified_gmt":"2025-05-29T16:59:59","slug":"pagina-inicial","status":"publish","type":"page","link":"https:\/\/pos-graduacao.uepb.edu.br\/ppgps\/","title":{"rendered":"P\u00e1gina Inicial"},"content":{"rendered":"<div class=\"wpb-content-wrapper\"><p>[vc_row css=&#8221;.vc_custom_1718823751571{margin-top: 30px !important;}&#8221;][vc_column][vc_text_separator title=&#8221;NOT\u00cdCIAS&#8221; i_icon_fontawesome=&#8221;fas fa-angle-double-right&#8221; i_color=&#8221;custom&#8221; title_align=&#8221;separator_align_left&#8221; border_width=&#8221;2&#8243; css=&#8221;&#8221; add_icon=&#8221;true&#8221; i_custom_color=&#8221;#cc0000&#8243;]<div class=\"mdl-grid\"><div class=\"mdl-cell mdl-cell--4-col mdl-cell--6-col-tablet mdl-cell--12-col-phone bloco-noticias\"><div class=\"imagem-destaque-noticia\"><a href=\"https:\/\/pos-graduacao.uepb.edu.br\/ppgps\/resultado-final-do-processo-seletivo-ppgps-turma-2026\/\"><img decoding=\"async\" src=\"https:\/\/pos-graduacao.uepb.edu.br\/ppgps\/files\/2025\/12\/Copia-de-Copia-de-Copia-de-Copia-de-Copia-de-Post-de-instagram-aviso-de-horario-de-funcionamento-roxo-e-branco-2-e1765560429930.png\" class=\"img-destaque-noticia img-responsive\" alt=\"Resultado Final do Processo Seletivo PPGPS \u2013 Turma 2026\" title=\"Resultado Final do Processo Seletivo PPGPS \u2013 Turma 2026\"\/><\/a><\/div><div class=\"titulo-noticia-widget\"><a href=\"https:\/\/pos-graduacao.uepb.edu.br\/ppgps\/resultado-final-do-processo-seletivo-ppgps-turma-2026\/\" class=\"vc_gitem-link\"><h3 class=\"titulo-destaque-noticia\">Resultado Final do Processo Seletivo PPGPS \u2013 Turma 2026<\/h3><\/a><\/div><div class=\"titulo-noticia-widget\"><a href=\"https:\/\/pos-graduacao.uepb.edu.br\/ppgps\/notas-de-todas-as-etapas-por-ordem-de-classificacao-turma-2026\/\"><h3 class=\"titulo-destaque-noticia\">NOTAS DE TODAS AS ETAPAS POR ORDEM DE CLASSIFICA\u00c7\u00c3O - Turma 2026<\/h3><\/a><\/div><div class=\"titulo-noticia-widget\"><a href=\"https:\/\/pos-graduacao.uepb.edu.br\/ppgps\/resultado-da-etapa-3-analise-dos-curriculos-retificacao\/\"><h3 class=\"titulo-destaque-noticia\">RESULTADO DA ETAPA 3 - AN\u00c1LISE DOS CURR\u00cdCULOS - RETIFICA\u00c7\u00c3O<\/h3><\/a><\/div><div class=\"titulo-noticia-widget\"><a href=\"https:\/\/pos-graduacao.uepb.edu.br\/ppgps\/o-ppgps-divulga-o-resultado-da-analise-dos-curriculos-etapa-3-turma-2026\/\"><h3 class=\"titulo-destaque-noticia\">O PPGPS Divulga o Resultado da An\u00e1lise dos Curr\u00edculos \u2013 Etapa 3 - Turma 2026<\/h3><\/a><\/div><\/div><div class=\"mdl-cell mdl-cell--4-col mdl-cell--6-col-tablet mdl-cell--12-col-phone bloco-noticias\"><div class=\"imagem-destaque-noticia\"><a href=\"https:\/\/pos-graduacao.uepb.edu.br\/ppgps\/\"><img decoding=\"async\" src=\"\" class=\"img-destaque-noticia img-responsive\" alt=\"\" title=\"\"\/><\/a><\/div><div class=\"titulo-noticia-widget\"><a href=\"https:\/\/pos-graduacao.uepb.edu.br\/ppgps\/\" class=\"vc_gitem-link\"><h3 class=\"titulo-destaque-noticia\"><\/h3><\/a><\/div><div class=\"titulo-noticia-widget\"><a href=\"https:\/\/pos-graduacao.uepb.edu.br\/ppgps\/resultado-das-afericoes-da-banca-especifica-de-heteroidentificacao-processo-seletivo-ppgps-turma-2026\/\"><h3 class=\"titulo-destaque-noticia\">RESULTADO DAS AFERI\u00c7\u00d5ES DA BANCA ESPEC\u00cdFICA DE HETEROIDENTIFICA\u00c7\u00c3O | Processo Seletivo PPGPS \u2013 Turma 2026<\/h3><\/a><\/div><div class=\"titulo-noticia-widget\"><a href=\"https:\/\/pos-graduacao.uepb.edu.br\/ppgps\/resultado-da-etapa-2-com-pontuacao-pos-recursos-arguicao-do-projeto-de-pesquisa-turma-2026\/\"><h3 class=\"titulo-destaque-noticia\">Resultado da etapa 2 com pontua\u00e7\u00e3o P\u00f3s recursos - Argui\u00e7\u00e3o do Projeto de Pesquisa \u2013 Turma 2026<\/h3><\/a><\/div><div class=\"titulo-noticia-widget\"><a href=\"https:\/\/pos-graduacao.uepb.edu.br\/ppgps\/divulgacao-do-resultado-da-etapa-2-com-pontuacao-arguicao-do-projeto-de-pesquisa-turma-2026\/\"><h3 class=\"titulo-destaque-noticia\">Divulga\u00e7\u00e3o do resultado da etapa 2 com pontua\u00e7\u00e3o- Argui\u00e7\u00e3o do Projeto de Pesquisa \u2013 Turma 2026<\/h3><\/a><\/div><\/div><div class=\"mdl-cell mdl-cell--4-col mdl-cell--6-col-tablet mdl-cell--12-col-phone bloco-noticias\"><div class=\"imagem-destaque-noticia\"><a href=\"https:\/\/pos-graduacao.uepb.edu.br\/ppgps\/\"><img decoding=\"async\" src=\"\" class=\"img-destaque-noticia img-responsive\" alt=\"\" title=\"\"\/><\/a><\/div><div class=\"titulo-noticia-widget\"><a href=\"https:\/\/pos-graduacao.uepb.edu.br\/ppgps\/\" class=\"vc_gitem-link\"><h3 class=\"titulo-destaque-noticia\"><\/h3><\/a><\/div><div class=\"titulo-noticia-widget\"><a href=\"https:\/\/pos-graduacao.uepb.edu.br\/ppgps\/ppgps-divulga-horarios-das-arguicoes-selecao-da-turma-2026-1\/\"><h3 class=\"titulo-destaque-noticia\">PPGPS divulga hor\u00e1rios das argui\u00e7\u00f5es \u2013 Sele\u00e7\u00e3o da turma 2026.1<\/h3><\/a><\/div><div class=\"titulo-noticia-widget\"><a href=\"https:\/\/pos-graduacao.uepb.edu.br\/ppgps\/resultado-da-etapa-01-pos-recursos-prova-de-conhecimento-especifico-edital-01-2025-turma-2026-1\/\"><h3 class=\"titulo-destaque-noticia\">Resultado da Etapa 01 P\u00f3s recursos \u2013 Prova de conhecimento espec\u00edfico \u2013 Edital 01\/2025 -Turma 2026.1<\/h3><\/a><\/div><div class=\"titulo-noticia-widget\"><a href=\"https:\/\/pos-graduacao.uepb.edu.br\/ppgps\/resultado-da-etapa-01-prova-de-conhecimento-especifico-edital-01-2025-turma-2026-1\/\"><h3 class=\"titulo-destaque-noticia\">Resultado da Etapa 01 - Prova de conhecimento espec\u00edfico - Edital 01\/2025 -Turma 2026.1<\/h3><\/a><\/div><\/div><\/div>[vc_text_separator title=&#8221;TRADUZA ESTA P\u00c1GINA&#8221; i_icon_fontawesome=&#8221;fas fa-angle-double-right&#8221; i_color=&#8221;custom&#8221; title_align=&#8221;separator_align_left&#8221; css=&#8221;&#8221; add_icon=&#8221;true&#8221; i_custom_color=&#8221;#cc0000&#8243;][vc_column_text css=&#8221;.vc_custom_1718808549929{margin-bottom: 30px !important;margin-left: 15px !important;}&#8221;]<div class=\"gtranslate_wrapper\" id=\"gt-wrapper-51896975\"><\/div>[\/vc_column_text][\/vc_column][\/vc_row]<\/p>\n<\/div>","protected":false},"excerpt":{"rendered":"<p>[vc_row css=&#8221;.vc_custom_1718823751571{margin-top: 30px !important;}&#8221;][vc_column][vc_text_separator title=&#8221;NOT\u00cdCIAS&#8221; i_icon_fontawesome=&#8221;fas fa-angle-double-right&#8221; i_color=&#8221;custom&#8221; title_align=&#8221;separator_align_left&#8221; border_width=&#8221;2&#8243; css=&#8221;&#8221; add_icon=&#8221;true&#8221; i_custom_color=&#8221;#cc0000&#8243;][vc_text_separator title=&#8221;TRADUZA ESTA P\u00c1GINA&#8221; i_icon_fontawesome=&#8221;fas fa-angle-double-right&#8221; i_color=&#8221;custom&#8221; title_align=&#8221;separator_align_left&#8221; css=&#8221;&#8221; add_icon=&#8221;true&#8221; i_custom_color=&#8221;#cc0000&#8243;][vc_column_text css=&#8221;.vc_custom_1718808549929{margin-bottom: 30px !important;margin-left: 15px !important;}&#8221;][\/vc_column_text][\/vc_column][\/vc_row]<\/p>\n","protected":false},"author":5,"featured_media":0,"parent":0,"menu_order":0,"comment_status":"closed","ping_status":"closed","template":"","meta":{"footnotes":""},"class_list":["post-1852","page","type-page","status-publish","hentry"],"_links":{"self":[{"href":"https:\/\/pos-graduacao.uepb.edu.br\/ppgps\/wp-json\/wp\/v2\/pages\/1852","targetHints":{"allow":["GET"]}}],"collection":[{"href":"https:\/\/pos-graduacao.uepb.edu.br\/ppgps\/wp-json\/wp\/v2\/pages"}],"about":[{"href":"https:\/\/pos-graduacao.uepb.edu.br\/ppgps\/wp-json\/wp\/v2\/types\/page"}],"author":[{"embeddable":true,"href":"https:\/\/pos-graduacao.uepb.edu.br\/ppgps\/wp-json\/wp\/v2\/users\/5"}],"replies":[{"embeddable":true,"href":"https:\/\/pos-graduacao.uepb.edu.br\/ppgps\/wp-json\/wp\/v2\/comments?post=1852"}],"version-history":[{"count":9,"href":"https:\/\/pos-graduacao.uepb.edu.br\/ppgps\/wp-json\/wp\/v2\/pages\/1852\/revisions"}],"predecessor-version":[{"id":2060,"href":"https:\/\/pos-graduacao.uepb.edu.br\/ppgps\/wp-json\/wp\/v2\/pages\/1852\/revisions\/2060"}],"wp:attachment":[{"href":"https:\/\/pos-graduacao.uepb.edu.br\/ppgps\/wp-json\/wp\/v2\/media?parent=1852"}],"curies":[{"name":"wp","href":"https:\/\/api.w.org\/{rel}","templated":true}]}}