{"id":7,"date":"2012-01-18T12:49:09","date_gmt":"2012-01-18T12:49:09","guid":{"rendered":"http:\/\/pos-graduacao.ascom.uepb.edu.br\/ppgo\/?page_id=7"},"modified":"2022-10-04T20:15:48","modified_gmt":"2022-10-04T20:15:48","slug":"conheca-o-programa","status":"publish","type":"page","link":"https:\/\/pos-graduacao.uepb.edu.br\/ppgo\/conheca-o-programa\/","title":{"rendered":"Objetivo"},"content":{"rendered":"<p>O Programa de P\u00f3s-Gradua\u00e7\u00e3o em Odontologia da UEPB, com \u00c1rea de Concentra\u00e7\u00e3o em Cl\u00ednica Odontol\u00f3gica, tem como objetivo a forma\u00e7\u00e3o e qualifica\u00e7\u00e3o de pessoal docente\/pesquisador, com compet\u00eancia para desenvolver atividades de ensino e de investiga\u00e7\u00e3o cient\u00edfica a partir das linhas de pesquisa dos Cursos de Mestrado e Doutorado.<\/p>\n","protected":false},"excerpt":{"rendered":"<p>O Programa de P\u00f3s-Gradua\u00e7\u00e3o em Odontologia da UEPB, com \u00c1rea de Concentra\u00e7\u00e3o em Cl\u00ednica Odontol\u00f3gica, tem como objetivo a forma\u00e7\u00e3o e qualifica\u00e7\u00e3o de pessoal docente\/pesquisador, com compet\u00eancia para desenvolver atividades de ensino e de investiga\u00e7\u00e3o cient\u00edfica a partir das linhas de pesquisa dos Cursos de Mestrado e Doutorado.<\/p>\n","protected":false},"author":5,"featured_media":0,"parent":0,"menu_order":0,"comment_status":"open","ping_status":"open","template":"","meta":{"footnotes":""},"class_list":["post-7","page","type-page","status-publish","hentry"],"_links":{"self":[{"href":"https:\/\/pos-graduacao.uepb.edu.br\/ppgo\/wp-json\/wp\/v2\/pages\/7","targetHints":{"allow":["GET"]}}],"collection":[{"href":"https:\/\/pos-graduacao.uepb.edu.br\/ppgo\/wp-json\/wp\/v2\/pages"}],"about":[{"href":"https:\/\/pos-graduacao.uepb.edu.br\/ppgo\/wp-json\/wp\/v2\/types\/page"}],"author":[{"embeddable":true,"href":"https:\/\/pos-graduacao.uepb.edu.br\/ppgo\/wp-json\/wp\/v2\/users\/5"}],"replies":[{"embeddable":true,"href":"https:\/\/pos-graduacao.uepb.edu.br\/ppgo\/wp-json\/wp\/v2\/comments?post=7"}],"version-history":[{"count":8,"href":"https:\/\/pos-graduacao.uepb.edu.br\/ppgo\/wp-json\/wp\/v2\/pages\/7\/revisions"}],"predecessor-version":[{"id":1552,"href":"https:\/\/pos-graduacao.uepb.edu.br\/ppgo\/wp-json\/wp\/v2\/pages\/7\/revisions\/1552"}],"wp:attachment":[{"href":"https:\/\/pos-graduacao.uepb.edu.br\/ppgo\/wp-json\/wp\/v2\/media?parent=7"}],"curies":[{"name":"wp","href":"https:\/\/api.w.org\/{rel}","templated":true}]}}