{"id":54,"date":"2012-11-23T13:37:26","date_gmt":"2012-11-23T13:37:26","guid":{"rendered":"http:\/\/pos-graduacao.ascom.uepb.edu.br\/ppgo\/?page_id=54"},"modified":"2024-06-07T21:26:37","modified_gmt":"2024-06-07T21:26:37","slug":"projetos","status":"publish","type":"page","link":"https:\/\/pos-graduacao.uepb.edu.br\/ppgo\/projetos\/","title":{"rendered":"Projetos de Pesquisa"},"content":{"rendered":"<div class=\"wpb-content-wrapper\"><p>[vc_row][vc_column][vc_tta_tabs][vc_tta_section title=&#8221;2009&#8243; tab_id=&#8221;1717782320902-6a2ea7f5-650b&#8221;][vc_column_text css=&#8221;.vc_custom_1717795265278{margin-top: 30px !important;}&#8221;]<strong>T\u00edtulo\u00a0do projeto:\u00a0<\/strong>Traumatismo dent\u00e1rio e fatores associados em escolares da rede p\u00fablica da cidade de Campina Grande \u2013 PB<br \/>\n<strong>Linha de pesquisa:<\/strong>\u00a0Epidemiologia e Promo\u00e7\u00e3o de Sa\u00fade em Odontologia<strong><br \/>\nEdital:<\/strong>\u00a0PROPESQ\/ UEPB<strong><br \/>\nSitua\u00e7\u00e3o:<\/strong>\u00a0Conclu\u00eddo<strong><br \/>\nCoordenador:<\/strong>\u00a0Ana Fl\u00e1via Granville-Garcia[\/vc_column_text][vc_separator][vc_column_text css=&#8221;.vc_custom_1717795293697{margin-top: 30px !important;}&#8221;]<strong>T\u00edtulo\u00a0do projeto:\u00a0<\/strong>Les\u00f5es buco-dentais em mulheres em situa\u00e7\u00e3o de viol\u00eancia<br \/>\n<strong>Linha de pesquisa:<\/strong>\u00a0Epidemiologia e Promo\u00e7\u00e3o de Sa\u00fade em Odontologia<strong><br \/>\nEdital:<\/strong>\u00a0MS\/CNPq\/FAPESQ \u2013 Edital 02\/2009<strong><br \/>\nSitua\u00e7\u00e3o:\u00a0<\/strong>Conclu\u00eddo<strong><br \/>\nCoordenador:<\/strong>\u00a0S\u00e9rgio d\u2019\u00c1vila Lins Bezerra Cavalcanti[\/vc_column_text][vc_separator][vc_column_text css=&#8221;.vc_custom_1717795305001{margin-top: 30px !important;}&#8221;]<strong>T\u00edtulo\u00a0do projeto:\u00a0<\/strong>Consumo de drogas l\u00edcitas e percep\u00e7\u00e3o de sa\u00fade bucal: um estudo de base populacional com adolescentes<br \/>\n<strong>Linha de pesquisa:<\/strong>\u00a0Epidemiologia e Promo\u00e7\u00e3o de Sa\u00fade em Odontologia<strong><br \/>\nEdital:<\/strong>\u00a0PIBIC\/ UEPB \u2013 Cota 2009\/2010<strong><br \/>\nSitua\u00e7\u00e3o:<\/strong>\u00a0Conclu\u00eddo<strong><br \/>\nCoordenador:<\/strong>\u00a0Ana Fl\u00e1via Granville-Garcia[\/vc_column_text][\/vc_tta_section][vc_tta_section title=&#8221;2010&#8243; tab_id=&#8221;1717782411693-578fb4fd-7ec2&#8243;][vc_separator][vc_column_text css=&#8221;.vc_custom_1717795395934{margin-top: 30px !important;}&#8221;]<strong>T\u00edtulo\u00a0do projeto:\u00a0<\/strong>Avalia\u00e7\u00e3o das repercuss\u00f5es das altera\u00e7\u00f5es bucais na qualidade de vida em pr\u00e9-escolares de 36 a 60 meses de Campina Grande \u2013 PB<br \/>\n<strong>Linha de pesquisa:<\/strong>\u00a0Epidemiologia e Promo\u00e7\u00e3o de Sa\u00fade em Odontologia<strong><br \/>\nEdital:<\/strong>\u00a0Universal\/ CNPq \u2013 Processo<strong><br \/>\nSitua\u00e7\u00e3o:<\/strong>\u00a0Em execu\u00e7\u00e3o<strong><br \/>\nCoordenador:<\/strong>\u00a0Ana Fl\u00e1via Granville-Garcia[\/vc_column_text][vc_separator][vc_column_text css=&#8221;.vc_custom_1717795405752{margin-top: 30px !important;}&#8221;]<strong>T\u00edtulo\u00a0do projeto:\u00a0<\/strong>Les\u00f5es faciais em mulheres em situa\u00e7\u00e3o de viol\u00eancia: um estudo em Campina Grande \u2013 PB<br \/>\n<strong>Linha de pesquisa:<\/strong>\u00a0Epidemiologia e Promo\u00e7\u00e3o de Sa\u00fade em Odontologia<strong><br \/>\nEdital:<\/strong>\u00a0Universal\/ CNPq \u2013 Processo<strong><br \/>\nSitua\u00e7\u00e3o:<\/strong>\u00a0Em execu\u00e7\u00e3o<strong><br \/>\nCoordenador:<\/strong>\u00a0S\u00e9rgio d\u2019\u00c1vila Lins Bezerra Cavalcanti[\/vc_column_text][vc_separator][vc_column_text css=&#8221;.vc_custom_1717795425167{margin-top: 30px !important;}&#8221;]<strong>T\u00edtulo\u00a0do projeto:\u00a0<\/strong>Acidentes de tr\u00e2nsito envolvendo mototaxistas: trauma facial e absente\u00edsmo no munic\u00edpio de Campina Grande \u2013 PB<br \/>\n<strong>Linha de pesquisa:<\/strong>\u00a0Epidemiologia e Promo\u00e7\u00e3o de Sa\u00fade em Odontologia<strong><br \/>\nEdital:<\/strong>\u00a0PROPESQ\/ UEPB<strong><br \/>\nSitua\u00e7\u00e3o:<\/strong>\u00a0Em execu\u00e7\u00e3o<strong><br \/>\nCoordenador:<\/strong>\u00a0S\u00e9rgio d\u2019\u00c1vila Lins Bezerra Cavalcanti[\/vc_column_text][\/vc_tta_section][vc_tta_section title=&#8221;2011&#8243; tab_id=&#8221;1717782412532-58693c64-a956&#8243;][vc_column_text css=&#8221;.vc_custom_1717782734183{margin-top: 30px !important;}&#8221;]<strong>T\u00edtulo\u00a0do projeto:\u00a0<\/strong>Avalia\u00e7\u00e3o das repercuss\u00f5es das altera\u00e7\u00f5es bucais na qualidade de vida em pr\u00e9-escolares de 36 a 60 meses de Campina Grande \u2013 PB<br \/>\n<strong>Linha de pesquisa:<\/strong>\u00a0Epidemiologia e Promo\u00e7\u00e3o de Sa\u00fade em Odontologia<strong><br \/>\nEdital:<\/strong>\u00a0Universal\/ CNPq \u2013 Processo<strong><br \/>\nSitua\u00e7\u00e3o:<\/strong>\u00a0Em execu\u00e7\u00e3o<strong><br \/>\n<\/strong><strong>Coordenador:<\/strong>\u00a0Ana Fl\u00e1via Granville-Garcia[\/vc_column_text][\/vc_tta_section][vc_tta_section title=&#8221;2012&#8243; tab_id=&#8221;1717782411108-fc078a25-5f7a&#8221;][vc_column_text css=&#8221;.vc_custom_1717795445069{margin-top: 30px !important;}&#8221;]<strong>T\u00edtulo\u00a0do projeto:<\/strong>\u00a0Avalia\u00e7\u00e3o da s\u00edndrome metab\u00f3lica como fator de risco para a periodontite: um estudo caso-controle<br \/>\n<strong>Linha de pesquisa:<\/strong>\u00a0Epidemiologia e Promo\u00e7\u00e3o de Sa\u00fade em Odontologia<br \/>\n<strong>Edital:<\/strong>\u00a0Universal\/ CNPq \u2013 Processo<br \/>\n<strong>Situa\u00e7\u00e3o:<\/strong>\u00a0Em execu\u00e7\u00e3o<br \/>\n<strong>Coordenador:<\/strong>\u00a0Alessandro Leite Cavalcanti[\/vc_column_text][vc_separator][vc_column_text]<strong>T\u00edtulo\u00a0do projeto:<\/strong>\u00a0Conhecimento de bombeiros e das equipes de Servi\u00e7o de Atendimento M\u00f3vel de Urg\u00eancia (SAMU) de Campina Grande \u2013 PB frente \u00e0 avuls\u00e3o dent\u00e1ria: um estudo de interven\u00e7\u00e3o<br \/>\n<strong>Linha de pesquisa:<\/strong>\u00a0Epidemiologia e Promo\u00e7\u00e3o de Sa\u00fade em Odontologia<br \/>\n<strong>Edital:<\/strong>\u00a0PIBIC\/ UEPB \u2013 Cota 2012\/2013<br \/>\n<strong>Situa\u00e7\u00e3o:<\/strong>\u00a0Conclu\u00eddo<br \/>\n<strong>Coordenador:<\/strong>\u00a0Ana Fl\u00e1via Granville-Garcia[\/vc_column_text][vc_separator][vc_column_text]<strong>T\u00edtulo\u00a0do projeto:<\/strong>\u00a0Sistemas de grada\u00e7\u00e3o histopatol\u00f3gica de malignidade e sua rela\u00e7\u00e3o com par\u00e2metros cl\u00ednicos em carcinomas de c\u00e9lulas escamosas de l\u00e1bio inferior<br \/>\n<strong>Linha de pesquisa:<\/strong>\u00a0Estudo das Altera\u00e7\u00f5es do Sistema Estomatogn\u00e1tico<br \/>\n<strong>Edital:<\/strong>\u00a0PIBIC\/ UEPB \u2013 Cota 2012\/2013<br \/>\n<strong>Situa\u00e7\u00e3o:<\/strong>\u00a0Conclu\u00eddo<br \/>\n<strong>Coordenador:<\/strong>\u00a0Cassiano Francisco Weege Nonaka[\/vc_column_text][\/vc_tta_section][vc_tta_section title=&#8221;2013&#8243; tab_id=&#8221;1717782409944-2dd7fc20-a83e&#8221;][vc_column_text css=&#8221;.vc_custom_1717795534058{margin-top: 30px !important;}&#8221;]<strong>T\u00edtulo\u00a0do projeto:<\/strong>\u00a0Express\u00e3o da ativina A, marcadores de prolifera\u00e7\u00e3o celular e apoptose em carcinoma de c\u00e9lulas escamosas oral em pacientes jovens e idosos<br \/>\n<strong>Linha de pesquisa:<\/strong>\u00a0Estudo das Altera\u00e7\u00f5es do Sistema Estomatogn\u00e1tico<br \/>\n<strong>Edital:<\/strong>\u00a0Universal\/ CNPq \u2013 Processo 485788\/2013-6<br \/>\n<strong>Situa\u00e7\u00e3o:<\/strong>\u00a0Em execu\u00e7\u00e3o<br \/>\n<strong>Coordenador:<\/strong>\u00a0Pollianna Muniz Alves[\/vc_column_text][vc_separator][vc_column_text]<strong>T\u00edtulo\u00a0do projeto:\u00a0<\/strong>Autopercep\u00e7\u00e3o, condi\u00e7\u00f5es de sa\u00fade bucal e qualidade de vida na terceira idade: an\u00e1lise de fatores cl\u00ednicos, sialom\u00e9tricos e psicol\u00f3gicos<br \/>\n<strong>Linha de pesquisa:<\/strong>\u00a0Estudo das Altera\u00e7\u00f5es do Sistema Estomatogn\u00e1tico<strong><br \/>\nEdital:<\/strong>\u00a0PIBIC\/ UEPB \u2013 Cota 2013\/2014<strong><br \/>\nSitua\u00e7\u00e3o:<\/strong>\u00a0Em execu\u00e7\u00e3o<strong><br \/>\nCoordenador:<\/strong>\u00a0Manuel Antonio Gord\u00f3n-N\u00fa\u00f1ez[\/vc_column_text][vc_separator][vc_column_text]<strong>T\u00edtulo\u00a0do projeto:\u00a0<\/strong>Preval\u00eancia de trauma facial em v\u00edtimas de acidente de transporte terrestre no munic\u00edpio de Campina Grande \u2013 PB<br \/>\n<strong>Linha de pesquisa:<\/strong>\u00a0Epidemiologia e Promo\u00e7\u00e3o de Sa\u00fade em Odontologia<strong><br \/>\nEdital:<\/strong>\u00a0PIBIC\/ UEPB \u2013 Cota 2013\/2014<strong><br \/>\nSitua\u00e7\u00e3o:<\/strong>\u00a0Em execu\u00e7\u00e3o<strong><br \/>\nCoordenador:<\/strong>\u00a0S\u00e9rgio d\u2019\u00c1vila Lins Bezerra Cavalcanti[\/vc_column_text][\/vc_tta_section][\/vc_tta_tabs][\/vc_column][\/vc_row]<\/p>\n<\/div>","protected":false},"excerpt":{"rendered":"<p>[vc_row][vc_column][vc_tta_tabs][vc_tta_section title=&#8221;2009&#8243; tab_id=&#8221;1717782320902-6a2ea7f5-650b&#8221;][vc_column_text css=&#8221;.vc_custom_1717795265278{margin-top: 30px !important;}&#8221;]T\u00edtulo\u00a0do projeto:\u00a0Traumatismo dent\u00e1rio e fatores associados em escolares da rede p\u00fablica da cidade de Campina Grande \u2013 PB Linha de pesquisa:\u00a0Epidemiologia e Promo\u00e7\u00e3o de Sa\u00fade em Odontologia Edital:\u00a0PROPESQ\/ UEPB Situa\u00e7\u00e3o:\u00a0Conclu\u00eddo Coordenador:\u00a0Ana Fl\u00e1via Granville-Garcia[\/vc_column_text][vc_separator][vc_column_text css=&#8221;.vc_custom_1717795293697{margin-top: 30px !important;}&#8221;]T\u00edtulo\u00a0do projeto:\u00a0Les\u00f5es buco-dentais em mulheres em situa\u00e7\u00e3o de viol\u00eancia Linha de pesquisa:\u00a0Epidemiologia e Promo\u00e7\u00e3o de <a class=\"leiamais\" href=\"https:\/\/pos-graduacao.uepb.edu.br\/ppgo\/projetos\/\">Leia Mais&#8230;<\/a><\/p>\n","protected":false},"author":58,"featured_media":0,"parent":0,"menu_order":0,"comment_status":"open","ping_status":"open","template":"","meta":{"footnotes":""},"class_list":["post-54","page","type-page","status-publish","hentry"],"_links":{"self":[{"href":"https:\/\/pos-graduacao.uepb.edu.br\/ppgo\/wp-json\/wp\/v2\/pages\/54","targetHints":{"allow":["GET"]}}],"collection":[{"href":"https:\/\/pos-graduacao.uepb.edu.br\/ppgo\/wp-json\/wp\/v2\/pages"}],"about":[{"href":"https:\/\/pos-graduacao.uepb.edu.br\/ppgo\/wp-json\/wp\/v2\/types\/page"}],"author":[{"embeddable":true,"href":"https:\/\/pos-graduacao.uepb.edu.br\/ppgo\/wp-json\/wp\/v2\/users\/58"}],"replies":[{"embeddable":true,"href":"https:\/\/pos-graduacao.uepb.edu.br\/ppgo\/wp-json\/wp\/v2\/comments?post=54"}],"version-history":[{"count":50,"href":"https:\/\/pos-graduacao.uepb.edu.br\/ppgo\/wp-json\/wp\/v2\/pages\/54\/revisions"}],"predecessor-version":[{"id":2305,"href":"https:\/\/pos-graduacao.uepb.edu.br\/ppgo\/wp-json\/wp\/v2\/pages\/54\/revisions\/2305"}],"wp:attachment":[{"href":"https:\/\/pos-graduacao.uepb.edu.br\/ppgo\/wp-json\/wp\/v2\/media?parent=54"}],"curies":[{"name":"wp","href":"https:\/\/api.w.org\/{rel}","templated":true}]}}