{"id":516,"date":"2014-03-17T19:24:45","date_gmt":"2014-03-17T19:24:45","guid":{"rendered":"\/ppgo\/?page_id=516"},"modified":"2024-06-07T16:58:48","modified_gmt":"2024-06-07T16:58:48","slug":"perfil-do-egresso","status":"publish","type":"page","link":"https:\/\/pos-graduacao.uepb.edu.br\/ppgo\/perfil-do-egresso\/","title":{"rendered":"Perfil do egresso"},"content":{"rendered":"<div class=\"wpb-content-wrapper\"><p>[vc_row gap=&#8221;30&#8243;][vc_column width=&#8221;1\/2&#8243;][vc_text_separator title=&#8221;Mestrado&#8221; title_align=&#8221;separator_align_left&#8221;][vc_column_text]O egresso do <strong>Curso de Mestrado<\/strong> em Cl\u00ednica Odontol\u00f3gica dever\u00e1 ser capaz de:<\/p>\n<ul>\n<li>Desenvolver atividades de pesquisa, com senso cr\u00edtico e \u00e9tico, contribuindo para a sistematiza\u00e7\u00e3o de experi\u00eancias inovadoras na \u00e1rea de cl\u00ednica odontol\u00f3gica, resultando no avan\u00e7o do conhecimento cient\u00edfico;<\/li>\n<li>Atuar na doc\u00eancia com habilidades e compet\u00eancias na \u00e1rea de Cl\u00ednica Odontol\u00f3gica;<\/li>\n<li>Desenvolver pesquisas inter e multidisciplinares, de modo a integralizar o conhecimento na Odontologia;<\/li>\n<li>Ser capaz de promover pesquisas voltadas para o desenvolvimento de produtos que permitam a utiliza\u00e7\u00e3o de novas terap\u00eauticas na cl\u00ednica odontol\u00f3gica.<\/li>\n<\/ul>\n<p>Neste contexto, o perfil do egresso ser\u00e1 caracterizado pela capacidade investigativa, com senso cr\u00edtico e \u00e9tico, para as atividades de ensino e pesquisa.[\/vc_column_text][\/vc_column][vc_column width=&#8221;1\/2&#8243;][vc_text_separator title=&#8221;Doutorado&#8221; title_align=&#8221;separator_align_left&#8221;][vc_column_text]O egresso do <strong>Curso de Doutorado<\/strong> em Cl\u00ednica Odontol\u00f3gica dever\u00e1 ser capaz de:<\/p>\n<ul>\n<li>Desenvolver atividades de pesquisa, com senso cr\u00edtico e \u00e9tico, contribuindo para a sistematiza\u00e7\u00e3o de experi\u00eancias inovadoras na \u00e1rea de Odontologia, resultando no avan\u00e7o do conhecimento cient\u00edfico e tecnol\u00f3gico;<\/li>\n<li>Atuar na doc\u00eancia com habilidades e compet\u00eancias na \u00e1rea da Odontologia;<\/li>\n<li>Desenvolver pesquisas inter e multidisciplinares, de modo a integrar o conhecimento cient\u00edfico;<\/li>\n<li>Ser capaz de promover pesquisas voltadas para o desenvolvimento de produtos e otimiza\u00e7\u00e3o de processos relacionados ao tratamento de agravos \u00e0 sa\u00fade bucal.<\/li>\n<\/ul>\n<p>Neste contexto, o perfil do egresso ser\u00e1 caracterizado pela capacidade investigativa, com senso cr\u00edtico e \u00e9tico, para as atividades de ensino e pesquisa, servindo a institui\u00e7\u00f5es p\u00fablicas e\/ou privadas, de ensino, pesquisa e empresas que demandem conhecimento te\u00f3rico especializado, especialmente na \u00e1rea de Cl\u00ednica Odontol\u00f3gica.[\/vc_column_text][\/vc_column][\/vc_row]<\/p>\n<\/div>","protected":false},"excerpt":{"rendered":"<p>[vc_row gap=&#8221;30&#8243;][vc_column width=&#8221;1\/2&#8243;][vc_text_separator title=&#8221;Mestrado&#8221; title_align=&#8221;separator_align_left&#8221;][vc_column_text]O egresso do Curso de Mestrado em Cl\u00ednica Odontol\u00f3gica dever\u00e1 ser capaz de: Desenvolver atividades de pesquisa, com senso cr\u00edtico e \u00e9tico, contribuindo para a sistematiza\u00e7\u00e3o de experi\u00eancias inovadoras na \u00e1rea de cl\u00ednica odontol\u00f3gica, resultando no avan\u00e7o do conhecimento cient\u00edfico; Atuar na doc\u00eancia com habilidades e compet\u00eancias na \u00e1rea de Cl\u00ednica <a class=\"leiamais\" href=\"https:\/\/pos-graduacao.uepb.edu.br\/ppgo\/perfil-do-egresso\/\">Leia Mais&#8230;<\/a><\/p>\n","protected":false},"author":58,"featured_media":0,"parent":0,"menu_order":0,"comment_status":"open","ping_status":"open","template":"","meta":{"footnotes":""},"class_list":["post-516","page","type-page","status-publish","hentry"],"_links":{"self":[{"href":"https:\/\/pos-graduacao.uepb.edu.br\/ppgo\/wp-json\/wp\/v2\/pages\/516","targetHints":{"allow":["GET"]}}],"collection":[{"href":"https:\/\/pos-graduacao.uepb.edu.br\/ppgo\/wp-json\/wp\/v2\/pages"}],"about":[{"href":"https:\/\/pos-graduacao.uepb.edu.br\/ppgo\/wp-json\/wp\/v2\/types\/page"}],"author":[{"embeddable":true,"href":"https:\/\/pos-graduacao.uepb.edu.br\/ppgo\/wp-json\/wp\/v2\/users\/58"}],"replies":[{"embeddable":true,"href":"https:\/\/pos-graduacao.uepb.edu.br\/ppgo\/wp-json\/wp\/v2\/comments?post=516"}],"version-history":[{"count":6,"href":"https:\/\/pos-graduacao.uepb.edu.br\/ppgo\/wp-json\/wp\/v2\/pages\/516\/revisions"}],"predecessor-version":[{"id":2293,"href":"https:\/\/pos-graduacao.uepb.edu.br\/ppgo\/wp-json\/wp\/v2\/pages\/516\/revisions\/2293"}],"wp:attachment":[{"href":"https:\/\/pos-graduacao.uepb.edu.br\/ppgo\/wp-json\/wp\/v2\/media?parent=516"}],"curies":[{"name":"wp","href":"https:\/\/api.w.org\/{rel}","templated":true}]}}