{"id":24,"date":"2012-01-18T13:46:16","date_gmt":"2012-01-18T13:46:16","guid":{"rendered":"http:\/\/pos-graduacao.ascom.uepb.edu.br\/ppgo\/?page_id=24"},"modified":"2024-06-07T16:38:50","modified_gmt":"2024-06-07T16:38:50","slug":"grade-curricular","status":"publish","type":"page","link":"https:\/\/pos-graduacao.uepb.edu.br\/ppgo\/grade-curricular\/","title":{"rendered":"Estrutura Curricular"},"content":{"rendered":"<div class=\"wpb-content-wrapper\"><p>[vc_row gap=&#8221;30&#8243;][vc_column width=&#8221;1\/2&#8243;][vc_text_separator title=&#8221;MESTRADO&#8221; title_align=&#8221;separator_align_left&#8221;][vc_tta_tabs active_section=&#8221;1&#8243; css=&#8221;.vc_custom_1717778260345{margin-top: 30px !important;}&#8221;][vc_tta_section title=&#8221;Disciplinas Obrigat\u00f3rias&#8221; tab_id=&#8221;1717778115087-3993910d-9d56&#8243;][vc_column_text]<\/p>\n<table style=\"height: 311px;\" width=\"720\" cellspacing=\"0\" cellpadding=\"0\">\n<thead>\n<tr>\n<td width=\"65%\"><strong>Disciplinas<\/strong><\/td>\n<td style=\"text-align: center;\"><strong>Cr\u00e9ditos<\/strong><\/td>\n<td style=\"text-align: center;\"><strong>Carga hor\u00e1ria<\/strong><\/td>\n<\/tr>\n<\/thead>\n<tbody>\n<tr>\n<td><em>Bio\u00e9tica<\/em><\/td>\n<td style=\"text-align: center;\">2<\/td>\n<td style=\"text-align: center;\">30h<\/td>\n<\/tr>\n<tr>\n<td><em>Bioestat\u00edstica<\/em><\/td>\n<td style=\"text-align: center;\">3<\/td>\n<td style=\"text-align: center;\">45h<\/td>\n<\/tr>\n<tr>\n<td><em>Epidemiologia<\/em><\/td>\n<td style=\"text-align: center;\">4<\/td>\n<td style=\"text-align: center;\">60h<\/td>\n<\/tr>\n<tr>\n<td><em>M\u00e9todos de Investiga\u00e7\u00e3o Cient\u00edfica<\/em><\/td>\n<td style=\"text-align: center;\">4<\/td>\n<td style=\"text-align: center;\">60h<\/td>\n<\/tr>\n<tr>\n<td><em>Metodologia do Ensino Superior<\/em><\/td>\n<td style=\"text-align: center;\">3<\/td>\n<td style=\"text-align: center;\">45h<\/td>\n<\/tr>\n<tr>\n<td><em>Est\u00e1gio em Doc\u00eancia<\/em><\/td>\n<td style=\"text-align: center;\">2<\/td>\n<td style=\"text-align: center;\">30h<\/td>\n<\/tr>\n<tr>\n<td><em>Cl\u00ednica de Integra\u00e7\u00e3o e Pesquisa<\/em><\/td>\n<td style=\"text-align: center;\">4<\/td>\n<td style=\"text-align: center;\">60h<\/td>\n<\/tr>\n<tr>\n<td><em>Semin\u00e1rios de Disserta\u00e7\u00e3o I<\/em><\/td>\n<td style=\"text-align: center;\">1<\/td>\n<td style=\"text-align: center;\">15h<\/td>\n<\/tr>\n<tr>\n<td><em>Semin\u00e1rios de Disserta\u00e7\u00e3o II<\/em><\/td>\n<td style=\"text-align: center;\">1<\/td>\n<td style=\"text-align: center;\">15h<\/td>\n<\/tr>\n<\/tbody>\n<\/table>\n<p>[\/vc_column_text][\/vc_tta_section][vc_tta_section title=&#8221;Disciplinas Eletivas&#8221; tab_id=&#8221;1717778115111-e70e85f7-4aff&#8221;][vc_column_text]<\/p>\n<table style=\"height: 336px;\" width=\"720\" cellspacing=\"0\" cellpadding=\"0\">\n<thead>\n<tr>\n<td width=\"65%\"><strong>Disciplinas<\/strong><\/td>\n<td style=\"text-align: center;\"><strong>Cr\u00e9ditos<\/strong><\/td>\n<td style=\"text-align: center;\"><strong>Carga hor\u00e1ria<\/strong><\/td>\n<\/tr>\n<\/thead>\n<tbody>\n<tr>\n<td><em>Advanced Seminars in Dentistry<\/em><\/td>\n<td style=\"text-align: center;\">2<\/td>\n<td style=\"text-align: center;\">30h<\/td>\n<\/tr>\n<tr>\n<td><em>Leitura Cr\u00edtica de Artigos Cient\u00edficos<\/em><\/td>\n<td style=\"text-align: center;\">2<\/td>\n<td style=\"text-align: center;\">30h<\/td>\n<\/tr>\n<tr>\n<td><em>M\u00e9todos e T\u00e9cnicas de Diagn\u00f3stico em Odontologia<\/em><\/td>\n<td style=\"text-align: center;\">2<\/td>\n<td style=\"text-align: center;\">30h<\/td>\n<\/tr>\n<tr>\n<td><em>T\u00f3picos em Estomatologia<\/em><\/td>\n<td style=\"text-align: center;\">3<\/td>\n<td style=\"text-align: center;\">45h<\/td>\n<\/tr>\n<tr>\n<td><em>Fitoterapia na Odontologia<\/em><\/td>\n<td style=\"text-align: center;\">3<\/td>\n<td style=\"text-align: center;\">45h<\/td>\n<\/tr>\n<tr>\n<td><em>Princ\u00edpios B\u00e1sicos em Laserterapia<\/em><\/td>\n<td style=\"text-align: center;\">3<\/td>\n<td style=\"text-align: center;\">45h<\/td>\n<\/tr>\n<tr>\n<td><em>T\u00f3picos em Promo\u00e7\u00e3o de Sa\u00fade na Odontologia<\/em><\/td>\n<td style=\"text-align: center;\">3<\/td>\n<td style=\"text-align: center;\">45h<\/td>\n<\/tr>\n<tr>\n<td><em>Epidemiologia das Altera\u00e7\u00f5es do Sistema Estomatogn\u00e1tico<\/em><\/td>\n<td style=\"text-align: center;\">3<\/td>\n<td style=\"text-align: center;\">45h<\/td>\n<\/tr>\n<tr>\n<td><em>Reda\u00e7\u00e3o de Artigos Cient\u00edficos<\/em><\/td>\n<td style=\"text-align: center;\">2<\/td>\n<td style=\"text-align: center;\">30h<\/td>\n<\/tr>\n<tr>\n<td><em>Elabora\u00e7\u00e3o e Gerenciamento de Projetos<\/em><\/td>\n<td style=\"text-align: center;\">3<\/td>\n<td style=\"text-align: center;\">45h<\/td>\n<\/tr>\n<tr>\n<td><em>Desenvolvimento de Fitomedicamentos e Pol\u00edticas de Patentes<\/em><\/td>\n<td style=\"text-align: center;\">3<\/td>\n<td style=\"text-align: center;\">45h<\/td>\n<\/tr>\n<tr>\n<td><em>Fundamentos Filos\u00f3ficos e Paradigmas das Ci\u00eancias da Sa\u00fade<\/em><\/td>\n<td style=\"text-align: center;\">3<\/td>\n<td style=\"text-align: center;\">45h<\/td>\n<\/tr>\n<\/tbody>\n<\/table>\n<p>[\/vc_column_text][\/vc_tta_section][\/vc_tta_tabs][\/vc_column][vc_column width=&#8221;1\/2&#8243;][vc_text_separator title=&#8221;DOUTORADO&#8221; title_align=&#8221;separator_align_left&#8221;][vc_tta_tabs active_section=&#8221;1&#8243; css=&#8221;.vc_custom_1717777949305{margin-top: 30px !important;}&#8221;][vc_tta_section title=&#8221;Disciplinas Obrigat\u00f3rias&#8221; tab_id=&#8221;1717774924193-72e50b8f-0f99&#8243;][vc_column_text css=&#8221;.vc_custom_1717778294037{margin-top: 30px !important;}&#8221;]<\/p>\n<table cellspacing=\"0\" cellpadding=\"0\">\n<thead>\n<tr>\n<td width=\"70%\"><strong>Disciplinas<\/strong><\/td>\n<td style=\"text-align: center;\"><strong>Cr\u00e9ditos<\/strong><\/td>\n<td style=\"text-align: center;\"><strong>Carga hor\u00e1ria<\/strong><\/td>\n<\/tr>\n<\/thead>\n<tbody>\n<tr>\n<td><em>Bio\u00e9tica<\/em><\/td>\n<td style=\"text-align: center;\">2<\/td>\n<td style=\"text-align: center;\">30h<\/td>\n<\/tr>\n<tr>\n<td><em>Bioestat\u00edstica<\/em><\/td>\n<td style=\"text-align: center;\">3<\/td>\n<td style=\"text-align: center;\">45h<\/td>\n<\/tr>\n<tr>\n<td><em>Epidemiologia<\/em><\/td>\n<td style=\"text-align: center;\">4<\/td>\n<td style=\"text-align: center;\">60h<\/td>\n<\/tr>\n<tr>\n<td><em>M\u00e9todos de Investiga\u00e7\u00e3o Cient\u00edfica<\/em><\/td>\n<td style=\"text-align: center;\">4<\/td>\n<td style=\"text-align: center;\">60h<\/td>\n<\/tr>\n<tr>\n<td><em>Metodologia do Ensino Superior<\/em><\/td>\n<td style=\"text-align: center;\">3<\/td>\n<td style=\"text-align: center;\">45h<\/td>\n<\/tr>\n<tr>\n<td><em>Est\u00e1gio em Doc\u00eancia<\/em><\/td>\n<td style=\"text-align: center;\">2<\/td>\n<td style=\"text-align: center;\">30h<\/td>\n<\/tr>\n<tr>\n<td><em>Cl\u00ednica de Integra\u00e7\u00e3o e Pesquisa<\/em><\/td>\n<td style=\"text-align: center;\">4<\/td>\n<td style=\"text-align: center;\">60h<\/td>\n<\/tr>\n<tr>\n<td><em>Cl\u00ednica Avan\u00e7ada de Integra\u00e7\u00e3o e Pesquisa<\/em><\/td>\n<td style=\"text-align: center;\">4<\/td>\n<td style=\"text-align: center;\">60h<\/td>\n<\/tr>\n<tr>\n<td><em>Evid\u00eancia Cient\u00edfica em Cl\u00ednica Odontol\u00f3gica<\/em><\/td>\n<td style=\"text-align: center;\">2<\/td>\n<td style=\"text-align: center;\">30h<\/td>\n<\/tr>\n<tr>\n<td><em>Semin\u00e1rios Integrados em Cl\u00ednica Odontol\u00f3gica<\/em><\/td>\n<td style=\"text-align: center;\">2<\/td>\n<td style=\"text-align: center;\">30h<\/td>\n<\/tr>\n<tr>\n<td><em>Semin\u00e1rios de Tese I<\/em><\/td>\n<td style=\"text-align: center;\">1<\/td>\n<td style=\"text-align: center;\">15h<\/td>\n<\/tr>\n<tr>\n<td><em>Semin\u00e1rios de Tese II<\/em><\/td>\n<td style=\"text-align: center;\">1<\/td>\n<td style=\"text-align: center;\">15h<\/td>\n<\/tr>\n<\/tbody>\n<\/table>\n<p>[\/vc_column_text][\/vc_tta_section][vc_tta_section title=&#8221;Disciplinas Eletivas&#8221; tab_id=&#8221;1717774924219-61ca5962-f7bb&#8221;][vc_column_text css=&#8221;.vc_custom_1717777839312{margin-top: 30px !important;}&#8221;]<\/p>\n<table cellspacing=\"0\" cellpadding=\"0\">\n<thead>\n<tr>\n<td width=\"70%\"><strong>Disciplinas<\/strong><\/td>\n<td style=\"text-align: center;\"><strong>Cr\u00e9ditos<\/strong><\/td>\n<td style=\"text-align: center;\"><strong>Carga hor\u00e1ria<\/strong><\/td>\n<\/tr>\n<\/thead>\n<tbody>\n<tr>\n<td><em>Advanced Seminars in Dentistry<\/em><\/td>\n<td style=\"text-align: center;\">2<\/td>\n<td style=\"text-align: center;\">30h<\/td>\n<\/tr>\n<tr>\n<td><em>Leitura Cr\u00edtica de Artigos Cient\u00edficos<\/em><\/td>\n<td style=\"text-align: center;\">2<\/td>\n<td style=\"text-align: center;\">30h<\/td>\n<\/tr>\n<tr>\n<td><em>Discuss\u00e3o de Projetos de Pesquisa<\/em><\/td>\n<td style=\"text-align: center;\">2<\/td>\n<td style=\"text-align: center;\">30h<\/td>\n<\/tr>\n<tr>\n<td><em>Etiopatog\u00eanese das Altera\u00e7\u00f5es do Sistema Estomatogn\u00e1tico<\/em><\/td>\n<td style=\"text-align: center;\">2<\/td>\n<td style=\"text-align: center;\">30h<\/td>\n<\/tr>\n<tr>\n<td><em>M\u00e9todos Laboratoriais Aplicados \u00e0 Pesquisa com Plantas Medicinais<\/em><\/td>\n<td style=\"text-align: center;\">2<\/td>\n<td style=\"text-align: center;\">30h<\/td>\n<\/tr>\n<tr>\n<td><em>Estudos Avan\u00e7ados em Laserterapia<\/em><\/td>\n<td style=\"text-align: center;\">2<\/td>\n<td style=\"text-align: center;\">30h<\/td>\n<\/tr>\n<tr>\n<td><em>Estudos T\u00e9cnicos e Laboratoriais em Pesquisa<\/em><\/td>\n<td style=\"text-align: center;\">2<\/td>\n<td style=\"text-align: center;\">30h<\/td>\n<\/tr>\n<tr>\n<td><em>Integra\u00e7\u00e3o Ensino-Pesquisa-Extens\u00e3o<\/em><\/td>\n<td style=\"text-align: center;\">2<\/td>\n<td style=\"text-align: center;\">30h<\/td>\n<\/tr>\n<tr>\n<td><em>T\u00e9cnicas Multivariadas de An\u00e1lise de Dados I<\/em><\/td>\n<td style=\"text-align: center;\">2<\/td>\n<td style=\"text-align: center;\">30h<\/td>\n<\/tr>\n<tr>\n<td><em>T\u00e9cnicas Multivariadas de An\u00e1lise de Dados II<\/em><\/td>\n<td style=\"text-align: center;\">2<\/td>\n<td style=\"text-align: center;\">30h<\/td>\n<\/tr>\n<tr>\n<td><em>Caracteriza\u00e7\u00e3o de Materiais Aplicados \u00e0 Cl\u00ednica Odontol\u00f3gica<\/em><\/td>\n<td style=\"text-align: center;\">2<\/td>\n<td style=\"text-align: center;\">30h<\/td>\n<\/tr>\n<tr>\n<td>Fundamentos Filos\u00f3ficos e Paradigmas das Ci\u00eancias da Sa\u00fade<\/td>\n<td style=\"text-align: center;\">2<\/td>\n<td style=\"text-align: center;\">30h<\/td>\n<\/tr>\n<\/tbody>\n<\/table>\n<p>[\/vc_column_text][\/vc_tta_section][\/vc_tta_tabs][\/vc_column][\/vc_row]<\/p>\n<\/div>","protected":false},"excerpt":{"rendered":"<p>[vc_row gap=&#8221;30&#8243;][vc_column width=&#8221;1\/2&#8243;][vc_text_separator title=&#8221;MESTRADO&#8221; title_align=&#8221;separator_align_left&#8221;][vc_tta_tabs active_section=&#8221;1&#8243; css=&#8221;.vc_custom_1717778260345{margin-top: 30px !important;}&#8221;][vc_tta_section title=&#8221;Disciplinas Obrigat\u00f3rias&#8221; tab_id=&#8221;1717778115087-3993910d-9d56&#8243;][vc_column_text] Disciplinas Cr\u00e9ditos Carga hor\u00e1ria Bio\u00e9tica 2 30h Bioestat\u00edstica 3 45h Epidemiologia 4 60h M\u00e9todos de Investiga\u00e7\u00e3o Cient\u00edfica 4 60h Metodologia do Ensino Superior 3 45h Est\u00e1gio em Doc\u00eancia 2 30h Cl\u00ednica de Integra\u00e7\u00e3o e Pesquisa 4 60h Semin\u00e1rios de Disserta\u00e7\u00e3o I 1 15h <a class=\"leiamais\" href=\"https:\/\/pos-graduacao.uepb.edu.br\/ppgo\/grade-curricular\/\">Leia Mais&#8230;<\/a><\/p>\n","protected":false},"author":5,"featured_media":0,"parent":0,"menu_order":0,"comment_status":"open","ping_status":"open","template":"","meta":{"footnotes":""},"class_list":["post-24","page","type-page","status-publish","hentry"],"_links":{"self":[{"href":"https:\/\/pos-graduacao.uepb.edu.br\/ppgo\/wp-json\/wp\/v2\/pages\/24","targetHints":{"allow":["GET"]}}],"collection":[{"href":"https:\/\/pos-graduacao.uepb.edu.br\/ppgo\/wp-json\/wp\/v2\/pages"}],"about":[{"href":"https:\/\/pos-graduacao.uepb.edu.br\/ppgo\/wp-json\/wp\/v2\/types\/page"}],"author":[{"embeddable":true,"href":"https:\/\/pos-graduacao.uepb.edu.br\/ppgo\/wp-json\/wp\/v2\/users\/5"}],"replies":[{"embeddable":true,"href":"https:\/\/pos-graduacao.uepb.edu.br\/ppgo\/wp-json\/wp\/v2\/comments?post=24"}],"version-history":[{"count":47,"href":"https:\/\/pos-graduacao.uepb.edu.br\/ppgo\/wp-json\/wp\/v2\/pages\/24\/revisions"}],"predecessor-version":[{"id":2290,"href":"https:\/\/pos-graduacao.uepb.edu.br\/ppgo\/wp-json\/wp\/v2\/pages\/24\/revisions\/2290"}],"wp:attachment":[{"href":"https:\/\/pos-graduacao.uepb.edu.br\/ppgo\/wp-json\/wp\/v2\/media?parent=24"}],"curies":[{"name":"wp","href":"https:\/\/api.w.org\/{rel}","templated":true}]}}