{"id":2272,"date":"2024-06-07T14:01:28","date_gmt":"2024-06-07T14:01:28","guid":{"rendered":"https:\/\/pos-graduacao.uepb.edu.br\/ppgo\/?page_id=2272"},"modified":"2024-06-07T15:39:04","modified_gmt":"2024-06-07T15:39:04","slug":"pagina-inicial","status":"publish","type":"page","link":"https:\/\/pos-graduacao.uepb.edu.br\/ppgo\/","title":{"rendered":"P\u00e1gina Inicial"},"content":{"rendered":"<div class=\"wpb-content-wrapper\"><p>[vc_row][vc_column][vc_text_separator title=&#8221;Not\u00edcias&#8221; i_icon_fontawesome=&#8221;fas fa-angle-double-right&#8221; i_color=&#8221;custom&#8221; title_align=&#8221;separator_align_left&#8221; add_icon=&#8221;true&#8221; i_custom_color=&#8221;#cc0000&#8243; css=&#8221;.vc_custom_1717768987163{margin-top: 30px !important;}&#8221;]<div class=\"mdl-grid\"><div class=\"mdl-cell--6-col mdl-cell--6-col-tablet mdl-cell--12-col-phone bloco-noticias\"><div class=\"titulo-noticia-widget\"><a href=\"https:\/\/pos-graduacao.uepb.edu.br\/ppgo\/programa-de-pos-graduacao-em-odontologia-lanca-edital-para-credenciamento-de-docentes-permanentes-2\/\"><h3 class=\"titulo-destaque-noticia\">Programa de P\u00f3s-Gradua\u00e7\u00e3o em Odontologia lan\u00e7a Edital para Credenciamento de Docentes Permanentes<\/h3><\/a><\/div><div class=\"titulo-noticia-widget\"><a href=\"https:\/\/pos-graduacao.uepb.edu.br\/ppgo\/selecao-para-professor-visitante-edital-07-2025-resultado-final\/\"><h3 class=\"titulo-destaque-noticia\">Sele\u00e7\u00e3o para Professor Visitante (Edital 07\/2025) \u2013 Resultado final<\/h3><\/a><\/div><div class=\"titulo-noticia-widget\"><a href=\"https:\/\/pos-graduacao.uepb.edu.br\/ppgo\/selecao-de-bolsa-de-pos-doutorado-fapesq-edital-no-01-2026-resultado-final\/\"><h3 class=\"titulo-destaque-noticia\">Sele\u00e7\u00e3o de Bolsa de P\u00f3s-Doutorado FAPESQ (Edital n\u00ba 01\/2026) - Resultado Final<\/h3><\/a><\/div><div class=\"titulo-noticia-widget\"><a href=\"https:\/\/pos-graduacao.uepb.edu.br\/ppgo\/selecao-para-professor-visitante-edital-07-2025-resultado-da-avaliacao-do-plano-individual-de-trabalho\/\"><h3 class=\"titulo-destaque-noticia\">Sele\u00e7\u00e3o para Professor Visitante (Edital 07\/2025) \u2013 Resultado da Avalia\u00e7\u00e3o do Plano Individual de Trabalho<\/h3><\/a><\/div><div class=\"titulo-noticia-widget\"><a href=\"https:\/\/pos-graduacao.uepb.edu.br\/ppgo\/selecao-de-bolsa-de-pos-doutorado-fapesq-edital-no-01-2026-resultado-da-analise-curricular\/\"><h3 class=\"titulo-destaque-noticia\">Sele\u00e7\u00e3o de Bolsa de P\u00f3s-Doutorado FAPESQ (Edital n\u00ba 01\/2026) - Resultado da An\u00e1lise Curricular<\/h3><\/a><\/div><\/div><div class=\"mdl-cell--6-col mdl-cell--6-col-tablet mdl-cell--12-col-phone bloco-noticias\"><div class=\"titulo-noticia-widget\"><a href=\"https:\/\/pos-graduacao.uepb.edu.br\/ppgo\/selecao-de-bolsa-de-pos-doutorado-fapesq-edital-no-01-2026-resultado-da-analise-do-projeto-de-pesquisa\/\"><h3 class=\"titulo-destaque-noticia\">Sele\u00e7\u00e3o de Bolsa de P\u00f3s-Doutorado FAPESQ (Edital n\u00ba 01\/2026) \u2013 Resultado da An\u00e1lise do Projeto de Pesquisa<\/h3><\/a><\/div><div class=\"titulo-noticia-widget\"><a href=\"https:\/\/pos-graduacao.uepb.edu.br\/ppgo\/selecao-para-professor-visitante-edital-07-2025-resultado-da-prova-de-titulos\/\"><h3 class=\"titulo-destaque-noticia\">Sele\u00e7\u00e3o para Professor Visitante (Edital 07\/2025) \u2013 Resultado da Prova de T\u00edtulos<\/h3><\/a><\/div><div class=\"titulo-noticia-widget\"><a href=\"https:\/\/pos-graduacao.uepb.edu.br\/ppgo\/selecao-de-bolsa-de-pos-doutorado-fapesq-edital-no-01-2026-inscricoes-homologadas\/\"><h3 class=\"titulo-destaque-noticia\">Sele\u00e7\u00e3o de Bolsa de P\u00f3s-Doutorado FAPESQ (Edital n\u00ba 01\/2026) - Inscri\u00e7\u00f5es homologadas<\/h3><\/a><\/div><div class=\"titulo-noticia-widget\"><a href=\"https:\/\/pos-graduacao.uepb.edu.br\/ppgo\/selecao-para-professor-visitante-edital-07-2025-inscricoes-homologadas\/\"><h3 class=\"titulo-destaque-noticia\">Sele\u00e7\u00e3o para Professor Visitante (Edital 07\/2025) \u2013 Inscri\u00e7\u00f5es homologadas<\/h3><\/a><\/div><div class=\"titulo-noticia-widget\"><a href=\"https:\/\/pos-graduacao.uepb.edu.br\/ppgo\/edital-de-selecao-para-bolsa-de-pos-doutorado-fapesq-2\/\"><h3 class=\"titulo-destaque-noticia\">Edital de Sele\u00e7\u00e3o para Bolsa de P\u00f3s-Doutorado FAPESQ<\/h3><\/a><\/div><\/div><\/div>[\/vc_column][\/vc_row][vc_row][vc_column][vc_text_separator title=&#8221;Links \u00dateis&#8221; i_icon_fontawesome=&#8221;fas fa-angle-double-right&#8221; i_color=&#8221;custom&#8221; title_align=&#8221;separator_align_left&#8221; add_icon=&#8221;true&#8221; i_custom_color=&#8221;#cc0000&#8243; css=&#8221;.vc_custom_1717774505340{margin-top: 30px !important;}&#8221;][vc_row_inner][vc_column_inner width=&#8221;1\/5&#8243; css=&#8221;.vc_custom_1717774480534{margin-left: 10px !important;}&#8221;][vc_btn title=&#8221;ABENO&#8221; shape=&#8221;square&#8221; color=&#8221;primary&#8221; size=&#8221;lg&#8221; align=&#8221;left&#8221; button_block=&#8221;true&#8221; link=&#8221;url:https%3A%2F%2Fabeno.org.br%2F|target:_blank&#8221; css=&#8221;.vc_custom_1717769738130{margin-bottom: 10px !important;}&#8221;][vc_btn title=&#8221;CAPES&#8221; shape=&#8221;square&#8221; color=&#8221;primary&#8221; size=&#8221;lg&#8221; align=&#8221;left&#8221; button_block=&#8221;true&#8221; link=&#8221;url:http%3A%2F%2Fwww.capes.gov.br%2F|target:_blank&#8221; css=&#8221;.vc_custom_1717769768766{margin-bottom: 10px !important;}&#8221;][\/vc_column_inner][vc_column_inner width=&#8221;1\/5&#8243;][vc_btn title=&#8221;CNPq&#8221; shape=&#8221;square&#8221; color=&#8221;primary&#8221; size=&#8221;lg&#8221; align=&#8221;left&#8221; button_block=&#8221;true&#8221; link=&#8221;url:http%3A%2F%2Fwww.cnpq.br%2F|target:_blank&#8221; css=&#8221;.vc_custom_1717769797007{margin-bottom: 10px !important;}&#8221;][vc_btn title=&#8221;Plataforma Brasil&#8221; shape=&#8221;square&#8221; color=&#8221;primary&#8221; size=&#8221;lg&#8221; align=&#8221;left&#8221; button_block=&#8221;true&#8221; link=&#8221;url:http%3A%2F%2Fplataformabrasil.saude.gov.br%2Flogin.jsf|target:_blank&#8221; css=&#8221;.vc_custom_1717769845845{margin-bottom: 10px !important;}&#8221;][\/vc_column_inner][vc_column_inner width=&#8221;1\/5&#8243;][vc_btn title=&#8221;Plataforma Sucupira&#8221; shape=&#8221;square&#8221; color=&#8221;primary&#8221; size=&#8221;lg&#8221; align=&#8221;left&#8221; button_block=&#8221;true&#8221; link=&#8221;url:https%3A%2F%2Fsucupira.capes.gov.br%2Fsucupira%2Fpublic%2Findex.xhtml|target:_blank&#8221; css=&#8221;.vc_custom_1717769872028{margin-bottom: 10px !important;}&#8221;][vc_btn title=&#8221;PubMed&#8221; shape=&#8221;square&#8221; color=&#8221;primary&#8221; size=&#8221;lg&#8221; align=&#8221;left&#8221; button_block=&#8221;true&#8221; link=&#8221;url:http%3A%2F%2Fwww.ncbi.nlm.nih.gov%2Fpubmed%2F|target:_blank&#8221; css=&#8221;.vc_custom_1717774255219{margin-bottom: 10px !important;}&#8221;][\/vc_column_inner][vc_column_inner width=&#8221;1\/5&#8243;][vc_btn title=&#8221;SBPqO&#8221; shape=&#8221;square&#8221; color=&#8221;primary&#8221; size=&#8221;lg&#8221; align=&#8221;left&#8221; button_block=&#8221;true&#8221; link=&#8221;url:http%3A%2F%2Fwww.sbpqo.org.br%2F|target:_blank&#8221; css=&#8221;.vc_custom_1717774291905{margin-bottom: 10px !important;}&#8221;][vc_btn title=&#8221;SCIELO&#8221; shape=&#8221;square&#8221; color=&#8221;primary&#8221; size=&#8221;lg&#8221; align=&#8221;left&#8221; button_block=&#8221;true&#8221; link=&#8221;url:http%3A%2F%2Fwww.scielo.org%2Fphp%2Findex.php|target:_blank&#8221; css=&#8221;.vc_custom_1717774369364{margin-bottom: 10px !important;}&#8221;][\/vc_column_inner][vc_column_inner width=&#8221;1\/5&#8243;][vc_btn title=&#8221;SCOPUS&#8221; shape=&#8221;square&#8221; color=&#8221;primary&#8221; size=&#8221;lg&#8221; align=&#8221;left&#8221; button_block=&#8221;true&#8221; link=&#8221;url:https%3A%2F%2Fwww.scopus.com%2Fhome.uri|target:_blank&#8221; css=&#8221;.vc_custom_1717774411698{margin-bottom: 10px !important;}&#8221;][vc_btn title=&#8221;SNNPqO&#8221; shape=&#8221;square&#8221; color=&#8221;primary&#8221; size=&#8221;lg&#8221; align=&#8221;left&#8221; button_block=&#8221;true&#8221; link=&#8221;url:http%3A%2F%2Fsnnpqo.com.br%2F|target:_blank&#8221; css=&#8221;.vc_custom_1717774452960{margin-bottom: 10px !important;}&#8221;][\/vc_column_inner][\/vc_row_inner][\/vc_column][\/vc_row][vc_row][vc_column][vc_text_separator title=&#8221;Traduza esta p\u00e1gina&#8221; i_icon_fontawesome=&#8221;fas fa-angle-double-right&#8221; i_color=&#8221;custom&#8221; title_align=&#8221;separator_align_left&#8221; add_icon=&#8221;true&#8221; i_custom_color=&#8221;#cc0000&#8243; css=&#8221;.vc_custom_1717774563252{margin-top: 30px !important;}&#8221;][vc_column_text css=&#8221;.vc_custom_1717774734067{margin-bottom: 30px !important;margin-left: 20px !important;}&#8221;]<div class=\"gtranslate_wrapper\" id=\"gt-wrapper-27410451\"><\/div>[\/vc_column_text][\/vc_column][\/vc_row]<\/p>\n<\/div>","protected":false},"excerpt":{"rendered":"<p>[vc_row][vc_column][vc_text_separator title=&#8221;Not\u00edcias&#8221; i_icon_fontawesome=&#8221;fas fa-angle-double-right&#8221; i_color=&#8221;custom&#8221; title_align=&#8221;separator_align_left&#8221; add_icon=&#8221;true&#8221; i_custom_color=&#8221;#cc0000&#8243; css=&#8221;.vc_custom_1717768987163{margin-top: 30px !important;}&#8221;][\/vc_column][\/vc_row][vc_row][vc_column][vc_text_separator title=&#8221;Links \u00dateis&#8221; i_icon_fontawesome=&#8221;fas fa-angle-double-right&#8221; i_color=&#8221;custom&#8221; title_align=&#8221;separator_align_left&#8221; add_icon=&#8221;true&#8221; i_custom_color=&#8221;#cc0000&#8243; css=&#8221;.vc_custom_1717774505340{margin-top: 30px !important;}&#8221;][vc_row_inner][vc_column_inner width=&#8221;1\/5&#8243; css=&#8221;.vc_custom_1717774480534{margin-left: 10px !important;}&#8221;][vc_btn title=&#8221;ABENO&#8221; shape=&#8221;square&#8221; color=&#8221;primary&#8221; size=&#8221;lg&#8221; align=&#8221;left&#8221; button_block=&#8221;true&#8221; link=&#8221;url:https%3A%2F%2Fabeno.org.br%2F|target:_blank&#8221; css=&#8221;.vc_custom_1717769738130{margin-bottom: 10px !important;}&#8221;][vc_btn title=&#8221;CAPES&#8221; shape=&#8221;square&#8221; color=&#8221;primary&#8221; size=&#8221;lg&#8221; align=&#8221;left&#8221; button_block=&#8221;true&#8221; link=&#8221;url:http%3A%2F%2Fwww.capes.gov.br%2F|target:_blank&#8221; css=&#8221;.vc_custom_1717769768766{margin-bottom: 10px !important;}&#8221;][\/vc_column_inner][vc_column_inner width=&#8221;1\/5&#8243;][vc_btn title=&#8221;CNPq&#8221; shape=&#8221;square&#8221; color=&#8221;primary&#8221; size=&#8221;lg&#8221; align=&#8221;left&#8221; button_block=&#8221;true&#8221; link=&#8221;url:http%3A%2F%2Fwww.cnpq.br%2F|target:_blank&#8221; css=&#8221;.vc_custom_1717769797007{margin-bottom: <a class=\"leiamais\" href=\"https:\/\/pos-graduacao.uepb.edu.br\/ppgo\/\">Leia Mais&#8230;<\/a><\/p>\n","protected":false},"author":5,"featured_media":0,"parent":0,"menu_order":0,"comment_status":"closed","ping_status":"closed","template":"","meta":{"footnotes":""},"class_list":["post-2272","page","type-page","status-publish","hentry"],"_links":{"self":[{"href":"https:\/\/pos-graduacao.uepb.edu.br\/ppgo\/wp-json\/wp\/v2\/pages\/2272","targetHints":{"allow":["GET"]}}],"collection":[{"href":"https:\/\/pos-graduacao.uepb.edu.br\/ppgo\/wp-json\/wp\/v2\/pages"}],"about":[{"href":"https:\/\/pos-graduacao.uepb.edu.br\/ppgo\/wp-json\/wp\/v2\/types\/page"}],"author":[{"embeddable":true,"href":"https:\/\/pos-graduacao.uepb.edu.br\/ppgo\/wp-json\/wp\/v2\/users\/5"}],"replies":[{"embeddable":true,"href":"https:\/\/pos-graduacao.uepb.edu.br\/ppgo\/wp-json\/wp\/v2\/comments?post=2272"}],"version-history":[{"count":15,"href":"https:\/\/pos-graduacao.uepb.edu.br\/ppgo\/wp-json\/wp\/v2\/pages\/2272\/revisions"}],"predecessor-version":[{"id":3091,"href":"https:\/\/pos-graduacao.uepb.edu.br\/ppgo\/wp-json\/wp\/v2\/pages\/2272\/revisions\/3091"}],"wp:attachment":[{"href":"https:\/\/pos-graduacao.uepb.edu.br\/ppgo\/wp-json\/wp\/v2\/media?parent=2272"}],"curies":[{"name":"wp","href":"https:\/\/api.w.org\/{rel}","templated":true}]}}