{"id":186,"date":"2012-12-19T11:16:59","date_gmt":"2012-12-19T11:16:59","guid":{"rendered":"\/ppgo\/?page_id=186"},"modified":"2022-10-06T03:11:22","modified_gmt":"2022-10-06T03:11:22","slug":"grupo-de-pesquisa","status":"publish","type":"page","link":"https:\/\/pos-graduacao.uepb.edu.br\/ppgo\/grupo-de-pesquisa\/","title":{"rendered":"Grupos de Pesquisa"},"content":{"rendered":"<p>Os grupos de pesquisa vinculados ao Programa de P\u00f3s-Gradua\u00e7\u00e3o em Odontologia da UEPB est\u00e3o relacionados abaixo:<\/p>\n<p><strong>1. Epidemiologia, diagn\u00f3stico e tratamento dos problemas de sa\u00fade com repercuss\u00e3o bucal por ciclo de vida<\/strong><\/p>\n<p><strong>2. Diagn\u00f3stico oral<\/strong><\/p>\n<p><strong>3. Cl\u00ednica odontol\u00f3gica<\/strong><\/p>\n<p>Informa\u00e7\u00f5es detalhadas sobre eles podem ser obtidas na p\u00e1gina do <a href=\"https:\/\/lattes.cnpq.br\/web\/dgp\/home\" target=\"_blank\" rel=\"noopener\">Diret\u00f3rio de Grupos de Pesquisa no Brasil<\/a>.<\/p>\n","protected":false},"excerpt":{"rendered":"<p>Os grupos de pesquisa vinculados ao Programa de P\u00f3s-Gradua\u00e7\u00e3o em Odontologia da UEPB est\u00e3o relacionados abaixo: 1. Epidemiologia, diagn\u00f3stico e tratamento dos problemas de sa\u00fade com repercuss\u00e3o bucal por ciclo de vida 2. Diagn\u00f3stico oral 3. Cl\u00ednica odontol\u00f3gica Informa\u00e7\u00f5es detalhadas sobre eles podem ser obtidas na p\u00e1gina do Diret\u00f3rio de Grupos de Pesquisa no Brasil.<\/p>\n","protected":false},"author":58,"featured_media":0,"parent":0,"menu_order":0,"comment_status":"open","ping_status":"open","template":"","meta":{"footnotes":""},"class_list":["post-186","page","type-page","status-publish","hentry"],"_links":{"self":[{"href":"https:\/\/pos-graduacao.uepb.edu.br\/ppgo\/wp-json\/wp\/v2\/pages\/186","targetHints":{"allow":["GET"]}}],"collection":[{"href":"https:\/\/pos-graduacao.uepb.edu.br\/ppgo\/wp-json\/wp\/v2\/pages"}],"about":[{"href":"https:\/\/pos-graduacao.uepb.edu.br\/ppgo\/wp-json\/wp\/v2\/types\/page"}],"author":[{"embeddable":true,"href":"https:\/\/pos-graduacao.uepb.edu.br\/ppgo\/wp-json\/wp\/v2\/users\/58"}],"replies":[{"embeddable":true,"href":"https:\/\/pos-graduacao.uepb.edu.br\/ppgo\/wp-json\/wp\/v2\/comments?post=186"}],"version-history":[{"count":51,"href":"https:\/\/pos-graduacao.uepb.edu.br\/ppgo\/wp-json\/wp\/v2\/pages\/186\/revisions"}],"predecessor-version":[{"id":1633,"href":"https:\/\/pos-graduacao.uepb.edu.br\/ppgo\/wp-json\/wp\/v2\/pages\/186\/revisions\/1633"}],"wp:attachment":[{"href":"https:\/\/pos-graduacao.uepb.edu.br\/ppgo\/wp-json\/wp\/v2\/media?parent=186"}],"curies":[{"name":"wp","href":"https:\/\/api.w.org\/{rel}","templated":true}]}}