{"id":16,"date":"2012-01-18T13:27:14","date_gmt":"2012-01-18T13:27:14","guid":{"rendered":"http:\/\/pos-graduacao.ascom.uepb.edu.br\/ppgo\/?page_id=16"},"modified":"2025-11-26T15:36:54","modified_gmt":"2025-11-26T15:36:54","slug":"corpo-discente","status":"publish","type":"page","link":"https:\/\/pos-graduacao.uepb.edu.br\/ppgo\/corpo-discente\/","title":{"rendered":"Corpo Discente"},"content":{"rendered":"<div class=\"wpb-content-wrapper\"><p>[vc_row gap=&#8221;30&#8243;][vc_column width=&#8221;1\/2&#8243;][vc_text_separator title=&#8221;Mestrado&#8221; title_align=&#8221;separator_align_left&#8221;][vc_column_text css=&#8221;&#8221;]<\/p>\n<ol>\n<li style=\"font-weight: 400\"><a href=\"http:\/\/lattes.cnpq.br\/1682951582091946\" target=\"_blank\" rel=\"noopener\">Adrielli Norvina da Silva<\/a><\/li>\n<li style=\"font-weight: 400\"><a href=\"http:\/\/lattes.cnpq.br\/6295503165965552\" target=\"_blank\" rel=\"noopener\">Alexsandra Delgado Alves<\/a><\/li>\n<li style=\"font-weight: 400\"><a href=\"http:\/\/lattes.cnpq.br\/6587116190330134\" target=\"_blank\" rel=\"noopener\">Anderson Christian Ramos Gon\u00e7alves<\/a><b><\/b><\/li>\n<li style=\"font-weight: 400\"><a href=\"http:\/\/lattes.cnpq.br\/2196341304298107\" target=\"_blank\" rel=\"noopener\">Bianka Maria Costa Oliveira de Sousa<\/a><\/li>\n<li style=\"font-weight: 400\"><a href=\"http:\/\/lattes.cnpq.br\/6994288759032530\" target=\"_blank\" rel=\"noopener\">Dielson Roque da Costa<\/a><\/li>\n<li><a href=\"https:\/\/lattes.cnpq.br\/285665273974202\" target=\"_blank\" rel=\"noopener\">Diogo Henrique Ara\u00fajo Nogueira<\/a><\/li>\n<li><a href=\"http:\/\/lattes.cnpq.br\/8541633013546951\" target=\"_blank\" rel=\"noopener\">Gabrielli Oliveira de Brito<\/a><\/li>\n<li><a href=\"http:\/\/lattes.cnpq.br\/9675898001171987\" target=\"_blank\" rel=\"noopener\">Heitor Tavares de Ara\u00fajo<\/a><\/li>\n<li><a href=\"http:\/\/lattes.cnpq.br\/6792984911694281\" target=\"_blank\" rel=\"noopener\">Jos\u00e9 Lima Silva J\u00fanior<\/a><\/li>\n<li><a href=\"http:\/\/lattes.cnpq.br\/0019100635781706\" target=\"_blank\" rel=\"noopener\">Jos\u00e9 Ov\u00eddio Joaquim de Santana Neto<\/a><\/li>\n<li><a href=\"https:\/\/lattes.cnpq.br\/38350683354639\" target=\"_blank\" rel=\"noopener\">Larissa Almeida Sarmento<\/a><\/li>\n<li><a href=\"http:\/\/lattes.cnpq.br\/0174285700892221\" target=\"_blank\" rel=\"noopener\">Lunara Fernandes Silva OLiveira<\/a><\/li>\n<li><a href=\"http:\/\/lattes.cnpq.br\/8816996053478035\" target=\"_blank\" rel=\"noopener\">Luzia Lara Coura Carvalho Leite<\/a><b><\/b><\/li>\n<li><a href=\"http:\/\/lattes.cnpq.br\/7111315159296995\" target=\"_blank\" rel=\"noopener\">Maria Eduarda Marinho Nunes de Sousa<\/a><\/li>\n<li><a href=\"http:\/\/lattes.cnpq.br\/4027504895103709\" target=\"_blank\" rel=\"noopener\">Maria Lu\u00edsa de Assis Braga<\/a><b><\/b><\/li>\n<li><a href=\"https:\/\/lattes.cnpq.br\/120237004760697\" target=\"_blank\" rel=\"noopener\">Maria Lu\u00edza Vieira Pereira de Medeiros<\/a><\/li>\n<li><a href=\"https:\/\/lattes.cnpq.br\/793690711190707\" target=\"_blank\" rel=\"noopener\">Mateus de Medeiros Diniz<\/a><\/li>\n<li><a href=\"https:\/\/lattes.cnpq.br\/55527229936225\" target=\"_blank\" rel=\"noopener\">N\u00e1dia Tain\u00e1 Diniz da Silva<\/a><\/li>\n<li><a href=\"http:\/\/lattes.cnpq.br\/5233836425155336\" target=\"_blank\" rel=\"noopener\">Rafael Domingos Almeida Durand Gomes<\/a><\/li>\n<li><a href=\"http:\/\/lattes.cnpq.br\/6529020297574307\" target=\"_blank\" rel=\"noopener\">Sabryna Dicksan Silva Meira Lima<\/a><\/li>\n<li><a href=\"http:\/\/lattes.cnpq.br\/2593391846673046\" target=\"_blank\" rel=\"noopener\">Thiago Felipe Formiga Bandeira Pinheiro<\/a><\/li>\n<li><a href=\"http:\/\/lattes.cnpq.br\/1566974757011092\" target=\"_blank\" rel=\"noopener\">Vin\u00edcius Rocha Lima Santos<\/a><\/li>\n<\/ol>\n<p>[\/vc_column_text][\/vc_column][vc_column width=&#8221;1\/2&#8243;][vc_text_separator title=&#8221;Doutorado&#8221; title_align=&#8221;separator_align_left&#8221;][vc_column_text css=&#8221;&#8221;]<\/p>\n<ol>\n<li><a href=\"http:\/\/lattes.cnpq.br\/2139150775149024\" target=\"_blank\" rel=\"noopener\">Alexia Ara\u00fajo Alencar<\/a><\/li>\n<li><a href=\"http:\/\/lattes.cnpq.br\/1721857650539076\" target=\"_blank\" rel=\"noopener\">Alieny Cristina Duarte Ferreira<\/a><\/li>\n<li><a href=\"http:\/\/lattes.cnpq.br\/8674820615217823\" target=\"_blank\" rel=\"noopener\">Amanda Claudino Gomes<\/a><\/li>\n<li><a href=\"http:\/\/lattes.cnpq.br\/7404480967300442\" target=\"_blank\" rel=\"noopener\">Andr\u00e9 Rodrigo Justino da Silva<\/a><\/li>\n<li><a href=\"http:\/\/lattes.cnpq.br\/4605452690300866\" target=\"_blank\" rel=\"noopener\">Annyelle Anast\u00e1cio Cordeiro<\/a><\/li>\n<li><a href=\"http:\/\/lattes.cnpq.br\/3674626500278932\" target=\"_blank\" rel=\"noopener\">Camila Maria Belarmino dos Santos<\/a><\/li>\n<li><a href=\"http:\/\/lattes.cnpq.br\/8049470611062660\" target=\"_blank\" rel=\"noopener\">Christany Rodrigues Ferreira<\/a><\/li>\n<li><a href=\"http:\/\/lattes.cnpq.br\/8566460169424579\" target=\"_blank\" rel=\"noopener\">Danilo Vieira Barbosa<\/a><\/li>\n<li><a href=\"http:\/\/lattes.cnpq.br\/9335165766109148\" target=\"_blank\" rel=\"noopener\">Douglas Pereira de Sousa<\/a><\/li>\n<li><a href=\"http:\/\/lattes.cnpq.br\/1107183572124592\" target=\"_blank\" rel=\"noopener\">Elton Fernandes Barros<\/a><\/li>\n<li><a href=\"http:\/\/lattes.cnpq.br\/8682380665731377\" target=\"_blank\" rel=\"noopener\">Elyssama Alvarenga Ramalho Schneweiss<\/a><\/li>\n<li><a href=\"http:\/\/lattes.cnpq.br\/8948667260895493\" target=\"_blank\" rel=\"noopener\">Fernanda Ara\u00fajo da Silva<\/a><\/li>\n<li><a href=\"http:\/\/lattes.cnpq.br\/1991934601761346\" target=\"_blank\" rel=\"noopener\">Francisca Caren Ferreira Garcia<\/a><\/li>\n<li><a href=\"http:\/\/lattes.cnpq.br\/6754195440460159\" target=\"_blank\" rel=\"noopener\">Gabrielli Bezerra Sales<\/a><\/li>\n<li><a href=\"http:\/\/lattes.cnpq.br\/9022330463627434\" target=\"_blank\" rel=\"noopener\">Isa Jane Galv\u00e3o Pimentel<\/a><\/li>\n<li><a href=\"http:\/\/lattes.cnpq.br\/8651772662013714\" target=\"_blank\" rel=\"noopener\">Jefferson Lucas Mendes<\/a><\/li>\n<li><a href=\"http:\/\/lattes.cnpq.br\/9334840765872422\" target=\"_blank\" rel=\"noopener\">La\u00eds Gonzaga de Farias<\/a><\/li>\n<li><a href=\"http:\/\/lattes.cnpq.br\/5857460479725616\" target=\"_blank\" rel=\"noopener\">Let\u00edcia Targino Campos<\/a><\/li>\n<li><a href=\"http:\/\/lattes.cnpq.br\/6315015900743613\" target=\"_blank\" rel=\"noopener\">Lucas Lopes Maynart<\/a><\/li>\n<li><a href=\"http:\/\/lattes.cnpq.br\/0293256495300301\" target=\"_blank\" rel=\"noopener\">Luciano Vale Faustino da Silva<\/a><\/li>\n<li><a href=\"http:\/\/lattes.cnpq.br\/9823646287689024\" target=\"_blank\" rel=\"noopener\">Lu\u00edza Jord\u00e2nia Serafim de Ara\u00fajo<\/a><\/li>\n<li><a href=\"http:\/\/lattes.cnpq.br\/5947265665099180\" target=\"_blank\" rel=\"noopener\">M\u00e1rcia N\u00f3brega Lopes<\/a><\/li>\n<li style=\"font-weight: 400\"><a href=\"http:\/\/lattes.cnpq.br\/1130342369081618\" target=\"_blank\" rel=\"noopener\">Maria do Socorro da Costa In\u00e1cio<\/a><\/li>\n<li><a href=\"http:\/\/lattes.cnpq.br\/0181715661278869\" target=\"_blank\" rel=\"noopener\">Mariana M\u00e9lani Alexandrino Costa<\/a><\/li>\n<li><a href=\"http:\/\/lattes.cnpq.br\/3417677473536540\" target=\"_blank\" rel=\"noopener\">Marijara Vieira de Sousa Oliveira<\/a><\/li>\n<li><a href=\"http:\/\/lattes.cnpq.br\/4837849463398767\" target=\"_blank\" rel=\"noopener\">Mathias Antonio Costa de Sousa<\/a><\/li>\n<li><a href=\"http:\/\/lattes.cnpq.br\/9288526821170979\" target=\"_blank\" rel=\"noopener\">Mayara Larissa Moura de Souza<\/a><\/li>\n<li><a href=\"http:\/\/lattes.cnpq.br\/2568197214428775\" target=\"_blank\" rel=\"noopener\">Nat\u00e1lia Vit\u00f3ria de Ara\u00fajo Lopes<\/a><\/li>\n<li><a href=\"http:\/\/lattes.cnpq.br\/6110216568484116\" target=\"_blank\" rel=\"noopener\">Rafaela Pequeno Reis Sousa<\/a><\/li>\n<li><a href=\"http:\/\/lattes.cnpq.br\/2468647300001364\" target=\"_blank\" rel=\"noopener\">Rayssa Emelly Alves de Lacerda<\/a><\/li>\n<li><a href=\"http:\/\/lattes.cnpq.br\/9184961739561160\" target=\"_blank\" rel=\"noopener\">Rhuan Isllan dos Santos Gon\u00e7alves<\/a><\/li>\n<li><a href=\"http:\/\/lattes.cnpq.br\/7231970417622690\" target=\"_blank\" rel=\"noopener\">Roberta Henriques de Carvalho<\/a><\/li>\n<li><a href=\"http:\/\/lattes.cnpq.br\/3780083927274365\" target=\"_blank\" rel=\"noopener\">Silvestre Estrela da Silva J\u00fanior<\/a><\/li>\n<li><a href=\"http:\/\/lattes.cnpq.br\/2838464239475180\" target=\"_blank\" rel=\"noopener\">Sofia Hiluey de Aguiar Leite<\/a><\/li>\n<li><a href=\"http:\/\/lattes.cnpq.br\/0677622337848023\" target=\"_blank\" rel=\"noopener\">Talytha Barbosa da Rocha<\/a><\/li>\n<li style=\"font-weight: 400\"><a href=\"http:\/\/lattes.cnpq.br\/2246596908750344\" target=\"_blank\" rel=\"noopener\">Vanessa Alves de Medeiros<\/a><\/li>\n<\/ol>\n<p>[\/vc_column_text][\/vc_column][\/vc_row]<\/p>\n<\/div>","protected":false},"excerpt":{"rendered":"<p>[vc_row gap=&#8221;30&#8243;][vc_column width=&#8221;1\/2&#8243;][vc_text_separator title=&#8221;Mestrado&#8221; title_align=&#8221;separator_align_left&#8221;][vc_column_text css=&#8221;&#8221;] Adrielli Norvina da Silva Alexsandra Delgado Alves Anderson Christian Ramos Gon\u00e7alves Bianka Maria Costa Oliveira de Sousa Dielson Roque da Costa Diogo Henrique Ara\u00fajo Nogueira Gabrielli Oliveira de Brito Heitor Tavares de Ara\u00fajo Jos\u00e9 Lima Silva J\u00fanior Jos\u00e9 Ov\u00eddio Joaquim de Santana Neto Larissa Almeida Sarmento Lunara Fernandes Silva <a class=\"leiamais\" href=\"https:\/\/pos-graduacao.uepb.edu.br\/ppgo\/corpo-discente\/\">Leia Mais&#8230;<\/a><\/p>\n","protected":false},"author":5,"featured_media":0,"parent":0,"menu_order":0,"comment_status":"open","ping_status":"open","template":"","meta":{"footnotes":""},"class_list":["post-16","page","type-page","status-publish","hentry"],"_links":{"self":[{"href":"https:\/\/pos-graduacao.uepb.edu.br\/ppgo\/wp-json\/wp\/v2\/pages\/16","targetHints":{"allow":["GET"]}}],"collection":[{"href":"https:\/\/pos-graduacao.uepb.edu.br\/ppgo\/wp-json\/wp\/v2\/pages"}],"about":[{"href":"https:\/\/pos-graduacao.uepb.edu.br\/ppgo\/wp-json\/wp\/v2\/types\/page"}],"author":[{"embeddable":true,"href":"https:\/\/pos-graduacao.uepb.edu.br\/ppgo\/wp-json\/wp\/v2\/users\/5"}],"replies":[{"embeddable":true,"href":"https:\/\/pos-graduacao.uepb.edu.br\/ppgo\/wp-json\/wp\/v2\/comments?post=16"}],"version-history":[{"count":131,"href":"https:\/\/pos-graduacao.uepb.edu.br\/ppgo\/wp-json\/wp\/v2\/pages\/16\/revisions"}],"predecessor-version":[{"id":3000,"href":"https:\/\/pos-graduacao.uepb.edu.br\/ppgo\/wp-json\/wp\/v2\/pages\/16\/revisions\/3000"}],"wp:attachment":[{"href":"https:\/\/pos-graduacao.uepb.edu.br\/ppgo\/wp-json\/wp\/v2\/media?parent=16"}],"curies":[{"name":"wp","href":"https:\/\/api.w.org\/{rel}","templated":true}]}}