{"id":1542,"date":"2022-10-04T16:45:06","date_gmt":"2022-10-04T16:45:06","guid":{"rendered":"https:\/\/pos-graduacao.uepb.edu.br\/ppgo\/?page_id=1542"},"modified":"2022-10-04T22:44:18","modified_gmt":"2022-10-04T22:44:18","slug":"historico","status":"publish","type":"page","link":"https:\/\/pos-graduacao.uepb.edu.br\/ppgo\/historico\/","title":{"rendered":"Hist\u00f3rico"},"content":{"rendered":"<p>O Programa de P\u00f3s-Gradua\u00e7\u00e3o em Odontologia (PPGO) da Universidade Estadual da Para\u00edba (UEPB), pertencente \u00e0 modalidade acad\u00eamica e com \u00c1rea de Concentra\u00e7\u00e3o em Cl\u00ednica Odontol\u00f3gica, iniciou suas atividades em Agosto de 2009. Contando com um Curso de Mestrado, homologado pelo Conselho Nacional de Educa\u00e7\u00e3o (CNE) em 2012 (Port. MEC 1077, de 31\/08\/2012, DOU 13\/09\/2012, se\u00e7. 1, p.25), as diversas atividades do PPGO estavam organizadas em tr\u00eas linhas de pesquisa: Epidemiologia e Promo\u00e7\u00e3o de Sa\u00fade em Odontologia; Estudo das Altera\u00e7\u00f5es do Sistema Estomatogn\u00e1tico; e Estudo das Terapias Complementares em Odontologia.<\/p>\n<p>No primeiro processo seletivo para o Curso de Mestrado em Odontologia da UEPB, que constou de prova escrita, prova de profici\u00eancia em l\u00edngua inglesa, an\u00e1lise curricular e entrevista, foram aprovados 12 candidatos. A Coordena\u00e7\u00e3o do Curso de Mestrado ficou a cargo do professor Gustavo Pina Godoy e a Coordena\u00e7\u00e3o Adjunta com a professora Edja Maria Melo de Brito Costa. A primeira defesa de disserta\u00e7\u00e3o aconteceu no dia 13 de maio de 2011. At\u00e9 Outubro de 2022, foram titulados 135 Mestres no PPGO.<\/p>\n<p>Parcerias com Programas de P\u00f3s-Gradua\u00e7\u00e3o de excel\u00eancia foram criadas e consolidadas, especialmente no contexto dos Programas de Coopera\u00e7\u00e3o Acad\u00eamica, com destaque para o PROCAD da Coordena\u00e7\u00e3o de Aperfei\u00e7oamento de Pessoal de N\u00edvel Superior (CAPES). O primeiro PROCAD (2010-2013), realizado em parceria com a Universidade Federal de Minas Gerais (UFMG) e a Universidade Federal dos Vales do Jequitinhonha e Mucuri (UFVJM), fortaleceu as linhas de Epidemiologia e Promo\u00e7\u00e3o de Sa\u00fade em Odontologia e Estudo das Altera\u00e7\u00f5es do Sistema Estomatogn\u00e1tico.\u00a0Em sequ\u00eancia (2012-2016), no \u00e2mbito do Programa Casadinho\/PROCAD (CNPq\/CAPES), o PPGO estabeleceu uma importante parceria com a UNICAMP, fortalecendo a linha de pesquisa &#8220;Estudo das Terapias Complementares em Odontologia&#8221;.<\/p>\n<p>Essas parcerias, caracterizadas por intensa mobilidade acad\u00eamica, foram importantes para a qualifica\u00e7\u00e3o do Corpo Docente do Mestrado em Odontologia da UEPB. Al\u00e9m disso, por envolverem a execu\u00e7\u00e3o de projetos metodologicamente mais robustos, contribu\u00edram significativamente para o amadurecimento das pesquisas desenvolvidas no Mestrado. Como resultado desse processo, em dezembro de 2013, a APCN do Curso de Doutorado do PPGO foi aprovada pela CAPES.<\/p>\n<p>O Curso de Doutorado do PPGO, homologado pelo CNE em 2014 (Port. MEC 794, de 11\/09\/2014, DOU 12\/09\/2014, se\u00e7. 1, p. 28), possui \u00c1rea de Concentra\u00e7\u00e3o em Cl\u00ednica Odontol\u00f3gica. Em sua proposta original, o Curso de Doutorado apresentava duas linhas de pesquisa distintas do Mestrado: Diagn\u00f3stico, Distribui\u00e7\u00e3o e Fatores Associados aos Agravos \u00e0 Sa\u00fade; e Desenvolvimento de Produtos e Otimiza\u00e7\u00e3o de Processos Relacionados ao Tratamento de Agravos \u00e0 Sa\u00fade Bucal.<\/p>\n<p>O primeiro processo seletivo do Curso de Doutorado do PPGO se deu em meados de maio de 2014, com\u00a0in\u00edcio do semestre letivo em 18 de agosto do mesmo ano. A aula inaugural foi ministrada pela Profa. Dra. Isabela de Almeida Pordeus, na \u00e9poca Coordenadora da \u00c1rea de Odontologia na CAPES, contando com a presen\u00e7a dos seis novos discentes de Doutorado. A primeira defesa de tese foi realizada no dia 25 de agosto de 2017. At\u00e9 Outubro de 2022, foram titulados 44 Doutores no PPGO.<\/p>\n<p>Ao longo dos anos de funcionamento do Curso de Doutorado houve um amadurecimento importante do Corpo Docente do Programa. Nesse processo, intensas reflex\u00f5es e discuss\u00f5es sobre as atividades desenvolvidas resultaram no entendimento que as linhas de pesquisa do Programa deveriam ser comuns aos cursos de Mestrado e Doutorado. Assim, a partir de 2019, o PPGO passou a contar com as seguintes linhas de pesquisa: Epidemiologia e Promo\u00e7\u00e3o de Sa\u00fade em Odontologia; Estudo das Altera\u00e7\u00f5es do Sistema Estomatogn\u00e1tico; e Estudo dos Processos e Terapias Relacionadas aos Agravos \u00e0 Sa\u00fade Bucal. As diversas atividades desenvolvidas no Programa se organizam sob esses tr\u00eas n\u00facleos tem\u00e1ticos.<\/p>\n","protected":false},"excerpt":{"rendered":"<p>O Programa de P\u00f3s-Gradua\u00e7\u00e3o em Odontologia (PPGO) da Universidade Estadual da Para\u00edba (UEPB), pertencente \u00e0 modalidade acad\u00eamica e com \u00c1rea de Concentra\u00e7\u00e3o em Cl\u00ednica Odontol\u00f3gica, iniciou suas atividades em Agosto de 2009. Contando com um Curso de Mestrado, homologado pelo Conselho Nacional de Educa\u00e7\u00e3o (CNE) em 2012 (Port. MEC 1077, de 31\/08\/2012, DOU 13\/09\/2012, se\u00e7. <a class=\"leiamais\" href=\"https:\/\/pos-graduacao.uepb.edu.br\/ppgo\/historico\/\">Leia Mais&#8230;<\/a><\/p>\n","protected":false},"author":58,"featured_media":0,"parent":0,"menu_order":0,"comment_status":"closed","ping_status":"closed","template":"","meta":{"footnotes":""},"class_list":["post-1542","page","type-page","status-publish","hentry"],"_links":{"self":[{"href":"https:\/\/pos-graduacao.uepb.edu.br\/ppgo\/wp-json\/wp\/v2\/pages\/1542","targetHints":{"allow":["GET"]}}],"collection":[{"href":"https:\/\/pos-graduacao.uepb.edu.br\/ppgo\/wp-json\/wp\/v2\/pages"}],"about":[{"href":"https:\/\/pos-graduacao.uepb.edu.br\/ppgo\/wp-json\/wp\/v2\/types\/page"}],"author":[{"embeddable":true,"href":"https:\/\/pos-graduacao.uepb.edu.br\/ppgo\/wp-json\/wp\/v2\/users\/58"}],"replies":[{"embeddable":true,"href":"https:\/\/pos-graduacao.uepb.edu.br\/ppgo\/wp-json\/wp\/v2\/comments?post=1542"}],"version-history":[{"count":8,"href":"https:\/\/pos-graduacao.uepb.edu.br\/ppgo\/wp-json\/wp\/v2\/pages\/1542\/revisions"}],"predecessor-version":[{"id":1551,"href":"https:\/\/pos-graduacao.uepb.edu.br\/ppgo\/wp-json\/wp\/v2\/pages\/1542\/revisions\/1551"}],"wp:attachment":[{"href":"https:\/\/pos-graduacao.uepb.edu.br\/ppgo\/wp-json\/wp\/v2\/media?parent=1542"}],"curies":[{"name":"wp","href":"https:\/\/api.w.org\/{rel}","templated":true}]}}