{"id":10,"date":"2012-01-18T12:50:57","date_gmt":"2012-01-18T12:50:57","guid":{"rendered":"http:\/\/pos-graduacao.ascom.uepb.edu.br\/ppgo\/?page_id=10"},"modified":"2024-06-07T16:39:50","modified_gmt":"2024-06-07T16:39:50","slug":"linhas-de-pesquisa","status":"publish","type":"page","link":"https:\/\/pos-graduacao.uepb.edu.br\/ppgo\/linhas-de-pesquisa\/","title":{"rendered":"Linhas de Pesquisa"},"content":{"rendered":"<div class=\"wpb-content-wrapper\"><p>[vc_row][vc_column][vc_column_text]<strong>Mestrado e Doutorado<\/strong><\/p>\n<p><strong>1. Epidemiologia e Promo\u00e7\u00e3o de Sa\u00fade em Odontologia<\/strong><br \/>\nEsta linha tem por objetivo pesquisar eventos epidemiol\u00f3gicos, bem como as estrat\u00e9gias de promo\u00e7\u00e3o de sa\u00fade em odontologia com uma perspectiva anal\u00edtica e reflexiva.<\/p>\n<p><strong>2. Estudo das Altera\u00e7\u00f5es do Sistema Estomatogn\u00e1tico<\/strong><br \/>\nEsta linha tem por objetivo pesquisar as diversas altera\u00e7\u00f5es que acometem o complexo buco-maxilo-facial, enfatizando: etiopatogenia, caracter\u00edsticas cl\u00ednicas, radiogr\u00e1ficas e histopatol\u00f3gicas, bem como m\u00e9todos avan\u00e7ados de diagn\u00f3stico.<\/p>\n<p><strong>3. Estudo dos Processos e Terapias Relacionadas aos Agravos \u00e0 Sa\u00fade Bucal<\/strong><br \/>\nEsta linha de pesquisa aborda a fundamenta\u00e7\u00e3o do desenvolvimento e otimiza\u00e7\u00e3o de processos e terapias relacionadas, visando a\u00e7\u00f5es terap\u00eauticas aos agravos \u00e0 sa\u00fade bucal.[\/vc_column_text][\/vc_column][\/vc_row]<\/p>\n<\/div>","protected":false},"excerpt":{"rendered":"<p>[vc_row][vc_column][vc_column_text]Mestrado e Doutorado 1. Epidemiologia e Promo\u00e7\u00e3o de Sa\u00fade em Odontologia Esta linha tem por objetivo pesquisar eventos epidemiol\u00f3gicos, bem como as estrat\u00e9gias de promo\u00e7\u00e3o de sa\u00fade em odontologia com uma perspectiva anal\u00edtica e reflexiva. 2. Estudo das Altera\u00e7\u00f5es do Sistema Estomatogn\u00e1tico Esta linha tem por objetivo pesquisar as diversas altera\u00e7\u00f5es que acometem o complexo <a class=\"leiamais\" href=\"https:\/\/pos-graduacao.uepb.edu.br\/ppgo\/linhas-de-pesquisa\/\">Leia Mais&#8230;<\/a><\/p>\n","protected":false},"author":5,"featured_media":0,"parent":0,"menu_order":0,"comment_status":"open","ping_status":"open","template":"","meta":{"footnotes":""},"class_list":["post-10","page","type-page","status-publish","hentry"],"_links":{"self":[{"href":"https:\/\/pos-graduacao.uepb.edu.br\/ppgo\/wp-json\/wp\/v2\/pages\/10","targetHints":{"allow":["GET"]}}],"collection":[{"href":"https:\/\/pos-graduacao.uepb.edu.br\/ppgo\/wp-json\/wp\/v2\/pages"}],"about":[{"href":"https:\/\/pos-graduacao.uepb.edu.br\/ppgo\/wp-json\/wp\/v2\/types\/page"}],"author":[{"embeddable":true,"href":"https:\/\/pos-graduacao.uepb.edu.br\/ppgo\/wp-json\/wp\/v2\/users\/5"}],"replies":[{"embeddable":true,"href":"https:\/\/pos-graduacao.uepb.edu.br\/ppgo\/wp-json\/wp\/v2\/comments?post=10"}],"version-history":[{"count":16,"href":"https:\/\/pos-graduacao.uepb.edu.br\/ppgo\/wp-json\/wp\/v2\/pages\/10\/revisions"}],"predecessor-version":[{"id":2291,"href":"https:\/\/pos-graduacao.uepb.edu.br\/ppgo\/wp-json\/wp\/v2\/pages\/10\/revisions\/2291"}],"wp:attachment":[{"href":"https:\/\/pos-graduacao.uepb.edu.br\/ppgo\/wp-json\/wp\/v2\/media?parent=10"}],"curies":[{"name":"wp","href":"https:\/\/api.w.org\/{rel}","templated":true}]}}